{"id":7001,"date":"2026-02-17T14:33:00","date_gmt":"2026-02-17T13:33:00","guid":{"rendered":"https:\/\/villawernera.pl\/?page_id=7001"},"modified":"2026-02-17T14:42:32","modified_gmt":"2026-02-17T13:42:32","slug":"communion-in-the-villa-wernera-hotel","status":"publish","type":"page","link":"https:\/\/villawernera.pl\/en\/communion-in-the-villa-wernera-hotel\/","title":{"rendered":"Communion at Hotel Villa Wernera"},"content":{"rendered":"<div data-elementor-type=\"wp-page\" data-elementor-id=\"7001\" class=\"elementor elementor-7001\" data-elementor-post-type=\"page\">\n\t\t\t\t\t\t<header class=\"elementor-section elementor-top-section elementor-element elementor-element-c703495 elementor-section-height-min-height elementor-section-items-bottom elementor-section-boxed elementor-section-height-default\" data-id=\"c703495\" data-element_type=\"section\" data-e-type=\"section\" data-settings=\"{&quot;background_background&quot;:&quot;classic&quot;}\">\n\t\t\t\t\t\t<div class=\"elementor-container elementor-column-gap-default\">\n\t\t\t\t\t<div class=\"elementor-column elementor-col-100 elementor-top-column elementor-element elementor-element-a97749e\" data-id=\"a97749e\" data-element_type=\"column\" data-e-type=\"column\">\n\t\t\t<div class=\"elementor-widget-wrap\">\n\t\t\t\t\t\t\t<\/div>\n\t\t<\/div>\n\t\t\t\t\t<\/div>\n\t\t<\/header>\n\t\t\t\t<header class=\"elementor-section elementor-top-section elementor-element elementor-element-b714814 elementor-section-full_width elementor-section-height-default elementor-section-height-default\" data-id=\"b714814\" data-element_type=\"section\" data-e-type=\"section\" data-settings=\"{&quot;background_background&quot;:&quot;classic&quot;}\">\n\t\t\t\t\t\t<div class=\"elementor-container elementor-column-gap-default\">\n\t\t\t\t\t<div class=\"elementor-column elementor-col-100 elementor-top-column elementor-element elementor-element-e5e382a\" data-id=\"e5e382a\" data-element_type=\"column\" data-e-type=\"column\">\n\t\t\t<div class=\"elementor-widget-wrap elementor-element-populated\">\n\t\t\t\t\t\t<div class=\"elementor-element elementor-element-c1ec72b elementor-widget elementor-widget-heading\" data-id=\"c1ec72b\" data-element_type=\"widget\" data-e-type=\"widget\" data-widget_type=\"heading.default\">\n\t\t\t\t<div class=\"elementor-widget-container\">\n\t\t\t\t\t<h1 class=\"elementor-heading-title elementor-size-default\">Communion at Hotel Villa Wernera<\/h1>\t\t\t\t<\/div>\n\t\t\t\t<\/div>\n\t\t\t\t\t<\/div>\n\t\t<\/div>\n\t\t\t\t\t<\/div>\n\t\t<\/header>\n\t\t\t\t<section class=\"elementor-section elementor-top-section elementor-element elementor-element-a3af5bd elementor-section-content-middle elementor-section-boxed elementor-section-height-default elementor-section-height-default\" data-id=\"a3af5bd\" data-element_type=\"section\" data-e-type=\"section\">\n\t\t\t\t\t\t<div class=\"elementor-container elementor-column-gap-wider\">\n\t\t\t\t\t<div class=\"elementor-column elementor-col-50 elementor-top-column elementor-element elementor-element-28f4f0e wstazka\" data-id=\"28f4f0e\" data-element_type=\"column\" data-e-type=\"column\" data-settings=\"{&quot;background_background&quot;:&quot;classic&quot;}\">\n\t\t\t<div class=\"elementor-widget-wrap elementor-element-populated\">\n\t\t\t\t\t\t<div class=\"elementor-element elementor-element-56a5b64 elementor-widget elementor-widget-text-editor\" data-id=\"56a5b64\" data-element_type=\"widget\" data-e-type=\"widget\" data-widget_type=\"text-editor.default\">\n\t\t\t\t<div class=\"elementor-widget-container\">\n\t\t\t\t\t\t\t\t\t<p>The First Holy Communion is a special day - full of emotion, joy and family gatherings. At Hotel Villa Wernera in Szklarska Poreba, we will create for you an elegant, warm and family atmosphere in which you can fully celebrate this extraordinary ceremony.<\/p><p>We will take care of every detail - from the delicious menu, to the aesthetic arrangement of the tables, to the comfort and freedom of all guests.<\/p><p>We know how important comfort is on the day of the ceremony. A large, free car park will ensure the comfort of all Guests, and the spacious garden around the hotel will allow the children to play freely and give the opportunity to take beautiful souvenir photos. A mini playground will ensure that the youngest guests will not be bored.<\/p>\t\t\t\t\t\t\t\t<\/div>\n\t\t\t\t<\/div>\n\t\t\t\t<div class=\"elementor-element elementor-element-3d7e7a9 elementor-widget elementor-widget-heading\" data-id=\"3d7e7a9\" data-element_type=\"widget\" data-e-type=\"widget\" data-widget_type=\"heading.default\">\n\t\t\t\t<div class=\"elementor-widget-container\">\n\t\t\t\t\t<h3 class=\"elementor-heading-title elementor-size-default\">We provide:<\/h3>\t\t\t\t<\/div>\n\t\t\t\t<\/div>\n\t\t\t\t<div class=\"elementor-element elementor-element-77b8fee elementor-widget elementor-widget-text-editor\" data-id=\"77b8fee\" data-element_type=\"widget\" data-e-type=\"widget\" data-widget_type=\"text-editor.default\">\n\t\t\t\t<div class=\"elementor-widget-container\">\n\t\t\t\t\t\t\t\t\t<ul><li>Elegant, atmospheric hall with professional service<\/li><li>original menu prepared from fresh, high-quality products<\/li><li>individual approach to each family<\/li><li>large, free parking area for all guests<\/li><li>spacious garden around the hotel - ideal for a moment of relaxation and family photos<\/li><li>a mini children's playground - to make the little ones feel special too<\/li><\/ul><p>Thanks to its location in the heart of the Giant Mountains, a party can be combined with a family walk and time spent together in the beautiful mountain scenery.<\/p>\t\t\t\t\t\t\t\t<\/div>\n\t\t\t\t<\/div>\n\t\t\t\t<div class=\"elementor-element elementor-element-7ce75fd elementor-widget elementor-widget-heading\" data-id=\"7ce75fd\" data-element_type=\"widget\" data-e-type=\"widget\" data-widget_type=\"heading.default\">\n\t\t\t\t<div class=\"elementor-widget-container\">\n\t\t\t\t\t<p class=\"elementor-heading-title elementor-size-default\">Suggested options for the communion reception:<\/p>\t\t\t\t<\/div>\n\t\t\t\t<\/div>\n\t\t\t\t<div class=\"elementor-element elementor-element-ab1b48f text elementor-widget elementor-widget-text-editor\" data-id=\"ab1b48f\" data-element_type=\"widget\" data-e-type=\"widget\" data-widget_type=\"text-editor.default\">\n\t\t\t\t<div class=\"elementor-widget-container\">\n\t\t\t\t\t\t\t\t\t<p>We have prepared three menu options, differing in the range of dishes and price - so that you can choose the option best suited to your needs.<\/p><p><strong>Option I<\/strong> - Classic: 180 PLN\/per adult<br \/><a href=\"https:\/\/villawernera.pl\/wp-content\/uploads\/2026\/02\/komunia-standard.pdf\" target=\"_blank\" rel=\"noopener\">View PDF<\/a><\/p><p><strong>Option II<\/strong> - Extended: \u00a3290\/per adult<br \/><a href=\"https:\/\/villawernera.pl\/wp-content\/uploads\/2026\/02\/komunia-rozszerzony.pdf\" target=\"_blank\" rel=\"noopener\">View PDF<\/a><\/p><p><strong>Option III<\/strong> - Premium: PLN 400\/per adult <br \/><a href=\"https:\/\/villawernera.pl\/wp-content\/uploads\/2026\/02\/komunia-premium.pdf\" target=\"_blank\" rel=\"noopener\">View PDF<\/a><\/p>\t\t\t\t\t\t\t\t<\/div>\n\t\t\t\t<\/div>\n\t\t\t\t\t<\/div>\n\t\t<\/div>\n\t\t\t\t<div class=\"elementor-column elementor-col-50 elementor-top-column elementor-element elementor-element-3ff4a81 wstazka\" data-id=\"3ff4a81\" data-element_type=\"column\" data-e-type=\"column\" data-settings=\"{&quot;background_background&quot;:&quot;classic&quot;}\">\n\t\t\t<div class=\"elementor-widget-wrap elementor-element-populated\">\n\t\t\t\t\t\t<div class=\"elementor-element elementor-element-218d902 elementor-widget elementor-widget-heading\" data-id=\"218d902\" data-element_type=\"widget\" data-e-type=\"widget\" data-widget_type=\"heading.default\">\n\t\t\t\t<div class=\"elementor-widget-container\">\n\t\t\t\t\t<h3 class=\"elementor-heading-title elementor-size-default\">In each option we provide:\n<\/h3>\t\t\t\t<\/div>\n\t\t\t\t<\/div>\n\t\t\t\t<div class=\"elementor-element elementor-element-f7ed0c7 elementor-widget elementor-widget-text-editor\" data-id=\"f7ed0c7\" data-element_type=\"widget\" data-e-type=\"widget\" data-widget_type=\"text-editor.default\">\n\t\t\t\t<div class=\"elementor-widget-container\">\n\t\t\t\t\t\t\t\t\t<ul><li>room availability from 12:00 - 20:00<\/li><li>discounts for children:<ul><li>children under 3 years free of charge<\/li><li>children from 3 to 7 years - 50% discount from adult price<\/li><li>Children aged 7 to 12 years - 30 % discount on the adult price.<\/li><\/ul><\/li><\/ul><p>The price also includes a gift from the hotel for the first-child.<\/p><p>For groups of more than 15 full-payers, individual pricing is possible.<\/p>\t\t\t\t\t\t\t\t<\/div>\n\t\t\t\t<\/div>\n\t\t\t\t<div class=\"elementor-element elementor-element-d82d2d5 elementor-widget elementor-widget-heading\" data-id=\"d82d2d5\" data-element_type=\"widget\" data-e-type=\"widget\" data-widget_type=\"heading.default\">\n\t\t\t\t<div class=\"elementor-widget-container\">\n\t\t\t\t\t<h3 class=\"elementor-heading-title elementor-size-default\">Additional opportunities:<\/h3>\t\t\t\t<\/div>\n\t\t\t\t<\/div>\n\t\t\t\t<div class=\"elementor-element elementor-element-8688b74 elementor-widget elementor-widget-text-editor\" data-id=\"8688b74\" data-element_type=\"widget\" data-e-type=\"widget\" data-widget_type=\"text-editor.default\">\n\t\t\t\t<div class=\"elementor-widget-container\">\n\t\t\t\t\t\t\t\t\t<p>We can assist with the organisation on request:<\/p><ul><li>communion cake<\/li><li>table decorations<\/li><li>accommodation for guests from outside the region<\/li><li>individual menu modifications (vegetarian options, children's options)<\/li><\/ul>\t\t\t\t\t\t\t\t<\/div>\n\t\t\t\t<\/div>\n\t\t\t\t<div class=\"elementor-element elementor-element-7126cff elementor-widget elementor-widget-text-editor\" data-id=\"7126cff\" data-element_type=\"widget\" data-e-type=\"widget\" data-widget_type=\"text-editor.default\">\n\t\t\t\t<div class=\"elementor-widget-container\">\n\t\t\t\t\t\t\t\t\t<p>Feel free to contact us!<\/p>\t\t\t\t\t\t\t\t<\/div>\n\t\t\t\t<\/div>\n\t\t\t\t<div class=\"elementor-element elementor-element-8a5fdd9 elementor-widget elementor-widget-text-editor\" data-id=\"8a5fdd9\" data-element_type=\"widget\" data-e-type=\"widget\" data-widget_type=\"text-editor.default\">\n\t\t\t\t<div class=\"elementor-widget-container\">\n\t\t\t\t\t\t\t\t\t<p>We will be happy to prepare a personalised quote and answer all your questions. The number of communion dates is limited - we encourage you to book in advance.<\/p>\t\t\t\t\t\t\t\t<\/div>\n\t\t\t\t<\/div>\n\t\t\t\t<div class=\"elementor-element elementor-element-48eff33 elementor-widget elementor-widget-text-editor\" data-id=\"48eff33\" data-element_type=\"widget\" data-e-type=\"widget\" data-widget_type=\"text-editor.default\">\n\t\t\t\t<div class=\"elementor-widget-container\">\n\t\t\t\t\t\t\t\t\t<p>Contact:tel. <a style=\"text-decoration: underline;\" href=\"tel:0048757677239\">75 76 77 239<\/a> or email: <a style=\"text-decoration: underline;\" href=\"\/en\/kontakt@villawernera.pl\/\">kontakt@villawernera.pl<\/a><\/p>\t\t\t\t\t\t\t\t<\/div>\n\t\t\t\t<\/div>\n\t\t\t\t<div class=\"elementor-element elementor-element-a3d13d8 elementor-widget elementor-widget-heading\" data-id=\"a3d13d8\" data-element_type=\"widget\" data-e-type=\"widget\" data-widget_type=\"heading.default\">\n\t\t\t\t<div class=\"elementor-widget-container\">\n\t\t\t\t\t<h3 class=\"elementor-heading-title elementor-size-default\">Werner's Villa - a unique place for special moments.<\/h3>\t\t\t\t<\/div>\n\t\t\t\t<\/div>\n\t\t\t\t\t<\/div>\n\t\t<\/div>\n\t\t\t\t\t<\/div>\n\t\t<\/section>\n\t\t\t\t<\/div>","protected":false},"excerpt":{"rendered":"<p>Pierwsza Komunia \u015awi\u0119ta to wyj\u0105tkowy dzie\u0144 \u2013 pe\u0142en wzrusze\u0144, rado\u015bci i rodzinnych spotka\u0144. W Hotelu Villa Wernera w Szklarskiej Por\u0119bie stworzymy dla Pa\u0144stwa eleganck\u0105, ciep\u0142\u0105 i rodzinn\u0105 atmosfer\u0119, w kt\u00f3rej b\u0119d\u0105 mogli Pa\u0144stwo w pe\u0142ni celebrowa\u0107 t\u0119 niezwyk\u0142\u0105 uroczysto\u015b\u0107. Zadbamy o ka\u017cdy detal \u2013 od wy\u015bmienitego menu, przez estetyczn\u0105 aran\u017cacj\u0119 sto\u0142\u00f3w, a\u017c po komfort i [&hellip;]<\/p>\n","protected":false},"author":1,"featured_media":0,"parent":0,"menu_order":0,"comment_status":"closed","ping_status":"closed","template":"","meta":{"footnotes":""},"class_list":["post-7001","page","type-page","status-publish","hentry"],"_links":{"self":[{"href":"https:\/\/villawernera.pl\/en\/wp-json\/wp\/v2\/pages\/7001","targetHints":{"allow":["GET"]}}],"collection":[{"href":"https:\/\/villawernera.pl\/en\/wp-json\/wp\/v2\/pages"}],"about":[{"href":"https:\/\/villawernera.pl\/en\/wp-json\/wp\/v2\/types\/page"}],"author":[{"embeddable":true,"href":"https:\/\/villawernera.pl\/en\/wp-json\/wp\/v2\/users\/1"}],"replies":[{"embeddable":true,"href":"https:\/\/villawernera.pl\/en\/wp-json\/wp\/v2\/comments?post=7001"}],"version-history":[{"count":7,"href":"https:\/\/villawernera.pl\/en\/wp-json\/wp\/v2\/pages\/7001\/revisions"}],"predecessor-version":[{"id":7013,"href":"https:\/\/villawernera.pl\/en\/wp-json\/wp\/v2\/pages\/7001\/revisions\/7013"}],"wp:attachment":[{"href":"https:\/\/villawernera.pl\/en\/wp-json\/wp\/v2\/media?parent=7001"}],"curies":[{"name":"wp","href":"https:\/\/api.w.org\/{rel}","templated":true}]}}