{"id":5735,"date":"2024-09-25T10:53:51","date_gmt":"2024-09-25T08:53:51","guid":{"rendered":"https:\/\/villawernera.pl\/?page_id=5735"},"modified":"2024-09-25T10:54:48","modified_gmt":"2024-09-25T08:54:48","slug":"powitanie-zimy","status":"publish","type":"page","link":"https:\/\/villawernera.pl\/en\/powitanie-zimy\/","title":{"rendered":"Powitanie zimy"},"content":{"rendered":"<div data-elementor-type=\"wp-page\" data-elementor-id=\"5735\" class=\"elementor elementor-5735\" data-elementor-post-type=\"page\">\n\t\t\t\t\t\t<header class=\"elementor-section elementor-top-section elementor-element elementor-element-bd753dc elementor-section-height-min-height elementor-section-items-bottom elementor-section-boxed elementor-section-height-default\" data-id=\"bd753dc\" data-element_type=\"section\" data-e-type=\"section\" data-settings=\"{&quot;background_background&quot;:&quot;classic&quot;}\">\n\t\t\t\t\t\t<div class=\"elementor-container elementor-column-gap-default\">\n\t\t\t\t\t<div class=\"elementor-column elementor-col-100 elementor-top-column elementor-element elementor-element-b7b242f\" data-id=\"b7b242f\" data-element_type=\"column\" data-e-type=\"column\">\n\t\t\t<div class=\"elementor-widget-wrap\">\n\t\t\t\t\t\t\t<\/div>\n\t\t<\/div>\n\t\t\t\t\t<\/div>\n\t\t<\/header>\n\t\t\t\t<header class=\"elementor-section elementor-top-section elementor-element elementor-element-5d3ad2c elementor-section-full_width elementor-section-height-default elementor-section-height-default\" data-id=\"5d3ad2c\" data-element_type=\"section\" data-e-type=\"section\" data-settings=\"{&quot;background_background&quot;:&quot;classic&quot;}\">\n\t\t\t\t\t\t<div class=\"elementor-container elementor-column-gap-default\">\n\t\t\t\t\t<div class=\"elementor-column elementor-col-100 elementor-top-column elementor-element elementor-element-6c82ef7\" data-id=\"6c82ef7\" data-element_type=\"column\" data-e-type=\"column\">\n\t\t\t<div class=\"elementor-widget-wrap elementor-element-populated\">\n\t\t\t\t\t\t<div class=\"elementor-element elementor-element-2aae7c3 elementor-widget elementor-widget-heading\" data-id=\"2aae7c3\" data-element_type=\"widget\" data-e-type=\"widget\" data-widget_type=\"heading.default\">\n\t\t\t\t<div class=\"elementor-widget-container\">\n\t\t\t\t\t<h1 class=\"elementor-heading-title elementor-size-default\">Powitanie zimy<\/h1>\t\t\t\t<\/div>\n\t\t\t\t<\/div>\n\t\t\t\t<div class=\"elementor-element elementor-element-232dfec animated-slow elementor-invisible elementor-widget elementor-widget-html\" data-id=\"232dfec\" data-element_type=\"widget\" data-e-type=\"widget\" data-settings=\"{&quot;_animation&quot;:&quot;fadeIn&quot;}\" data-widget_type=\"html.default\">\n\t\t\t\t<div class=\"elementor-widget-container\">\n\t\t\t\t\t<style>.elementor-element-232dfec{display:none !important}<\/style>\t\t\t\t<\/div>\n\t\t\t\t<\/div>\n\t\t\t\t<div class=\"elementor-element elementor-element-b68b637 animated-slow elementor-invisible elementor-widget elementor-widget-html\" data-id=\"b68b637\" data-element_type=\"widget\" data-e-type=\"widget\" data-settings=\"{&quot;_animation&quot;:&quot;fadeIn&quot;}\" data-widget_type=\"html.default\">\n\t\t\t\t<div class=\"elementor-widget-container\">\n\t\t\t\t\t<form action=\"https:\/\/panel.hotres.pl\/v4_step1\" target=\"_blank\" class=\"hotresChooser\" id=\"hotresChooser\" method=\"get\"><input type=\"hidden\" name=\"oid\" id=\"hotresOid\" value=\"1832\" \/><input type=\"hidden\" name=\"lang\" id=\"hotresLang\" value=\"\" \/> <input type=\"hidden\" name=\"arrival\" id=\"hotresArrival\" \/><input type=\"hidden\" name=\"departure\" id=\"hotresDeparture\" \/><div class=\"hotresRangeChooser\" id=\"hotresRangeChooser\">    <div id=\"hotresArrivalWrap\"><\/div>    <div id=\"hotresDepartureWrap\"><\/div><\/div><div class=\"hotresAdultsChooser\" id=\"hotresAdultsChooser\"><select name=\"adults\" id=\"hotresAdultsSelect\"><\/select><\/div><div class=\"hotresSubmit\"><button id=\"hotresButtonChooser\"><\/button><\/div><\/form>\r\n\r\n\r\n<script>window.addEventListener('load', (event) => { new hotresChooser({'maxAdults':10,\"lang\":\"en\"});});<\/script>\t\t\t\t<\/div>\n\t\t\t\t<\/div>\n\t\t\t\t<div class=\"elementor-element elementor-element-b7b9424 animated-slow elementor-invisible elementor-widget elementor-widget-html\" data-id=\"b7b9424\" data-element_type=\"widget\" data-e-type=\"widget\" data-settings=\"{&quot;_animation&quot;:&quot;fadeIn&quot;}\" data-widget_type=\"html.default\">\n\t\t\t\t<div class=\"elementor-widget-container\">\n\t\t\t\t\t<style>.elementor-element-b7b9424{display:none !important}<\/style>\t\t\t\t<\/div>\n\t\t\t\t<\/div>\n\t\t\t\t\t<\/div>\n\t\t<\/div>\n\t\t\t\t\t<\/div>\n\t\t<\/header>\n\t\t\t\t<section class=\"elementor-section elementor-top-section elementor-element elementor-element-e9539e8 elementor-section-content-middle elementor-section-boxed elementor-section-height-default elementor-section-height-default\" data-id=\"e9539e8\" data-element_type=\"section\" data-e-type=\"section\">\n\t\t\t\t\t\t<div class=\"elementor-container elementor-column-gap-wider\">\n\t\t\t\t\t<div class=\"elementor-column elementor-col-50 elementor-top-column elementor-element elementor-element-263eb1a wstazka\" data-id=\"263eb1a\" data-element_type=\"column\" data-e-type=\"column\" data-settings=\"{&quot;background_background&quot;:&quot;classic&quot;}\">\n\t\t\t<div class=\"elementor-widget-wrap elementor-element-populated\">\n\t\t\t\t\t\t<div class=\"elementor-element elementor-element-4c03a50 elementor-widget elementor-widget-heading\" data-id=\"4c03a50\" data-element_type=\"widget\" data-e-type=\"widget\" data-widget_type=\"heading.default\">\n\t\t\t\t<div class=\"elementor-widget-container\">\n\t\t\t\t\t<p class=\"elementor-heading-title elementor-size-default\">Oferta Powitanie zimy  -  3 noclegi obowi\u0105zuje od dnia 2 grudnia do dnia 22 grudnia 2024r.\n\n<\/p>\t\t\t\t<\/div>\n\t\t\t\t<\/div>\n\t\t\t\t<div class=\"elementor-element elementor-element-56681c7 elementor-widget elementor-widget-text-editor\" data-id=\"56681c7\" data-element_type=\"widget\" data-e-type=\"widget\" data-widget_type=\"text-editor.default\">\n\t\t\t\t<div class=\"elementor-widget-container\">\n\t\t\t\t\t\t\t\t\t<p>Included in the price of your stay:<\/p><ul><li>\u015aniadania i obiadokolacje<\/li><li>Unlimited access to the swimming pool with ozonised water and whirlpools<\/li><li>Basen czynny codziennie od godz. 8.00 do 22.00<\/li><li>Nielimitowany wst\u0119p do strefy spa: sauna sucha i parowa, jacuzzi<\/li><li>Strefa Spa czynna codziennie od godz. 16.00 do 22.00<\/li><li>Nielimitowany wst\u0119p do salki fitness czynnej codziennie od godz. 8.00 do 22.00<\/li><li>W sezonie letnim wst\u0119p na zewn\u0119trzne boisko wielofunkcyjne (koszyk\u00f3wka, tenis ziemny).<\/li><li>St\u00f3\u0142 do ping ponga, pi\u0142karzyki.<\/li><li>K\u0105cik zabaw dla dzieci.<\/li><li>Parking<\/li><\/ul>\t\t\t\t\t\t\t\t<\/div>\n\t\t\t\t<\/div>\n\t\t\t\t\t<\/div>\n\t\t<\/div>\n\t\t\t\t<div class=\"elementor-column elementor-col-50 elementor-top-column elementor-element elementor-element-1517f01 wstazka\" data-id=\"1517f01\" data-element_type=\"column\" data-e-type=\"column\" data-settings=\"{&quot;background_background&quot;:&quot;classic&quot;}\">\n\t\t\t<div class=\"elementor-widget-wrap elementor-element-populated\">\n\t\t\t\t\t\t<div class=\"elementor-element elementor-element-fed3fd7 elementor-widget elementor-widget-heading\" data-id=\"fed3fd7\" data-element_type=\"widget\" data-e-type=\"widget\" data-widget_type=\"heading.default\">\n\t\t\t\t<div class=\"elementor-widget-container\">\n\t\t\t\t\t<h3 class=\"elementor-heading-title elementor-size-default\">Informacje:<\/h3>\t\t\t\t<\/div>\n\t\t\t\t<\/div>\n\t\t\t\t<div class=\"elementor-element elementor-element-16dfddf elementor-widget elementor-widget-text-editor\" data-id=\"16dfddf\" data-element_type=\"widget\" data-e-type=\"widget\" data-widget_type=\"text-editor.default\">\n\t\t\t\t<div class=\"elementor-widget-container\">\n\t\t\t\t\t\t\t\t\t<p>Dodatkowe rabaty:<\/p><ul><li>Dzieci do 3 lat \u015bpi\u0105ce z rodzicami \u2013 pobyt bezp\u0142atny<\/li><li>Dzieci od 3 do 8 lat 50 % rabatu<\/li><li>Dzieci od 9 do 15 lat 40% rabatu.<\/li><\/ul><p>W celu skalkulowania oferty uwzgl\u0119dniaj\u0105cej rabaty dla dzieci prosimy o skontaktowanie si\u0119 z recepcj\u0105 tel. <a href=\"tel:0757677239\" rel=\"nofollow noreferrer noopener\">075 76 77 239<\/a>; <a href=\"mailto:kontakt@villawernera.pl\" rel=\"nofollow noreferrer noopener\">kontakt@villawernera.pl<\/a><\/p>\t\t\t\t\t\t\t\t<\/div>\n\t\t\t\t<\/div>\n\t\t\t\t<div class=\"elementor-element elementor-element-da5e9a6 elementor-widget elementor-widget-heading\" data-id=\"da5e9a6\" data-element_type=\"widget\" data-e-type=\"widget\" data-widget_type=\"heading.default\">\n\t\t\t\t<div class=\"elementor-widget-container\">\n\t\t\t\t\t<h3 class=\"elementor-heading-title elementor-size-default\">Uwaga:<\/h3>\t\t\t\t<\/div>\n\t\t\t\t<\/div>\n\t\t\t\t<div class=\"elementor-element elementor-element-5e15232 elementor-widget elementor-widget-text-editor\" data-id=\"5e15232\" data-element_type=\"widget\" data-e-type=\"widget\" data-widget_type=\"text-editor.default\">\n\t\t\t\t<div class=\"elementor-widget-container\">\n\t\t\t\t\t\t\t\t\t<p><a style=\"font-family: var( --e-global-typography-text-font-family ), Sans-serif; font-size: var( --e-global-typography-text-font-size ); font-weight: var( --e-global-typography-text-font-weight ); letter-spacing: var( --e-global-typography-text-letter-spacing );\">Przy rezerwacji pobieramy 20% zadatku.\u00a0<\/a><\/p><p><a>Odwo\u0142anie do 2 dni przed terminem rezerwacji &#8211; anulowanie pobytu bezp\u0142atnie. Zwracamy wp\u0142acony zadatek w ca\u0142o\u015bci.<\/a><\/p><p><a>Przy anulowaniu rezerwacji poni\u017cej 2 dni zadatek nie b\u0119dzie zwr\u00f3cony. Mo\u017cliwa jest zmiana terminu rezerwacji.<\/a><\/p>\t\t\t\t\t\t\t\t<\/div>\n\t\t\t\t<\/div>\n\t\t\t\t\t<\/div>\n\t\t<\/div>\n\t\t\t\t\t<\/div>\n\t\t<\/section>\n\t\t\t\t<\/div>","protected":false},"excerpt":{"rendered":"<p>Powitanie zimy Oferta Powitanie zimy &#8211; 3 noclegi obowi\u0105zuje od dnia 2 grudnia do dnia 22 grudnia 2024r. W cenie pobytu: \u015aniadania i obiadokolacje Nielimitowany wst\u0119p na basen z ozonowan\u0105 wod\u0105 i hydromasa\u017cami Basen czynny codziennie od godz. 8.00 do 22.00 Nielimitowany wst\u0119p do strefy spa: sauna sucha i parowa, jacuzzi Strefa Spa czynna codziennie [&hellip;]<\/p>\n","protected":false},"author":1,"featured_media":0,"parent":0,"menu_order":0,"comment_status":"closed","ping_status":"closed","template":"","meta":{"footnotes":""},"class_list":["post-5735","page","type-page","status-publish","hentry"],"_links":{"self":[{"href":"https:\/\/villawernera.pl\/en\/wp-json\/wp\/v2\/pages\/5735","targetHints":{"allow":["GET"]}}],"collection":[{"href":"https:\/\/villawernera.pl\/en\/wp-json\/wp\/v2\/pages"}],"about":[{"href":"https:\/\/villawernera.pl\/en\/wp-json\/wp\/v2\/types\/page"}],"author":[{"embeddable":true,"href":"https:\/\/villawernera.pl\/en\/wp-json\/wp\/v2\/users\/1"}],"replies":[{"embeddable":true,"href":"https:\/\/villawernera.pl\/en\/wp-json\/wp\/v2\/comments?post=5735"}],"version-history":[{"count":4,"href":"https:\/\/villawernera.pl\/en\/wp-json\/wp\/v2\/pages\/5735\/revisions"}],"predecessor-version":[{"id":5740,"href":"https:\/\/villawernera.pl\/en\/wp-json\/wp\/v2\/pages\/5735\/revisions\/5740"}],"wp:attachment":[{"href":"https:\/\/villawernera.pl\/en\/wp-json\/wp\/v2\/media?parent=5735"}],"curies":[{"name":"wp","href":"https:\/\/api.w.org\/{rel}","templated":true}]}}