{"id":5563,"date":"2024-07-16T11:19:01","date_gmt":"2024-07-16T09:19:01","guid":{"rendered":"https:\/\/villawernera.pl\/?page_id=5563"},"modified":"2024-07-16T11:31:14","modified_gmt":"2024-07-16T09:31:14","slug":"what-should-be-in-a-comfortable-hotel-room","status":"publish","type":"page","link":"https:\/\/villawernera.pl\/en\/what-should-be-in-a-comfortable-hotel-room\/","title":{"rendered":"What should be in a comfortable hotel room?"},"content":{"rendered":"<div data-elementor-type=\"wp-page\" data-elementor-id=\"5563\" class=\"elementor elementor-5563\" data-elementor-post-type=\"page\">\n\t\t\t\t\t\t<header class=\"elementor-section elementor-top-section elementor-element elementor-element-6ff17b9 elementor-section-height-min-height elementor-section-items-bottom elementor-section-boxed elementor-section-height-default\" data-id=\"6ff17b9\" data-element_type=\"section\" data-e-type=\"section\" data-settings=\"{&quot;background_background&quot;:&quot;classic&quot;}\">\n\t\t\t\t\t\t<div class=\"elementor-container elementor-column-gap-narrow\">\n\t\t\t\t\t<div class=\"elementor-column elementor-col-100 elementor-top-column elementor-element elementor-element-719074b\" data-id=\"719074b\" data-element_type=\"column\" data-e-type=\"column\">\n\t\t\t<div class=\"elementor-widget-wrap\">\n\t\t\t\t\t\t\t<\/div>\n\t\t<\/div>\n\t\t\t\t\t<\/div>\n\t\t<\/header>\n\t\t\t\t<header class=\"elementor-section elementor-top-section elementor-element elementor-element-c754365 elementor-section-full_width elementor-section-height-default elementor-section-height-default\" data-id=\"c754365\" data-element_type=\"section\" data-e-type=\"section\" data-settings=\"{&quot;background_background&quot;:&quot;classic&quot;}\">\n\t\t\t\t\t\t<div class=\"elementor-container elementor-column-gap-default\">\n\t\t\t\t\t<div class=\"elementor-column elementor-col-100 elementor-top-column elementor-element elementor-element-a7cf67f\" data-id=\"a7cf67f\" data-element_type=\"column\" data-e-type=\"column\">\n\t\t\t<div class=\"elementor-widget-wrap elementor-element-populated\">\n\t\t\t\t\t\t<div class=\"elementor-element elementor-element-faeaf73 elementor-widget elementor-widget-heading\" data-id=\"faeaf73\" data-element_type=\"widget\" data-e-type=\"widget\" data-widget_type=\"heading.default\">\n\t\t\t\t<div class=\"elementor-widget-container\">\n\t\t\t\t\t<h1 class=\"elementor-heading-title elementor-size-default\">What should be in a comfortable hotel room?<\/h1>\t\t\t\t<\/div>\n\t\t\t\t<\/div>\n\t\t\t\t\t<\/div>\n\t\t<\/div>\n\t\t\t\t\t<\/div>\n\t\t<\/header>\n\t\t\t\t<section class=\"elementor-section elementor-top-section elementor-element elementor-element-c082d7e elementor-section-boxed elementor-section-height-default elementor-section-height-default\" data-id=\"c082d7e\" data-element_type=\"section\" data-e-type=\"section\">\n\t\t\t\t\t\t<div class=\"elementor-container elementor-column-gap-default\">\n\t\t\t\t\t<div class=\"elementor-column elementor-col-50 elementor-top-column elementor-element elementor-element-786150e wstazka\" data-id=\"786150e\" data-element_type=\"column\" data-e-type=\"column\" data-settings=\"{&quot;background_background&quot;:&quot;classic&quot;}\">\n\t\t\t<div class=\"elementor-widget-wrap elementor-element-populated\">\n\t\t\t\t\t\t<div class=\"elementor-element elementor-element-2934112 elementor-widget elementor-widget-text-editor\" data-id=\"2934112\" data-element_type=\"widget\" data-e-type=\"widget\" data-widget_type=\"text-editor.default\">\n\t\t\t\t<div class=\"elementor-widget-container\">\n\t\t\t\t\t\t\t\t\tWhen booking a hotel, especially if you are planning a longer stay, it is worth paying attention to the room facilities. A comfortable room should not only provide comfort, but also meet specific standards. Here is a list of things that should be included in the ideal hotel room:\t\t\t\t\t\t\t\t<\/div>\n\t\t\t\t<\/div>\n\t\t\t\t<div class=\"elementor-element elementor-element-ef700b0 elementor-widget elementor-widget-image\" data-id=\"ef700b0\" data-element_type=\"widget\" data-e-type=\"widget\" data-widget_type=\"image.default\">\n\t\t\t\t<div class=\"elementor-widget-container\">\n\t\t\t\t\t\t\t\t\t\t\t\t\t\t\t\t<a href=\"https:\/\/villawernera.pl\/wp-content\/uploads\/2024\/07\/pokoj.jpg\" data-elementor-open-lightbox=\"yes\" data-e-action-hash=\"#elementor-action%3Aaction%3Dlightbox%26settings%3DeyJpZCI6NTU2OCwidXJsIjoiaHR0cHM6XC9cL3ZpbGxhd2VybmVyYS5wbFwvd3AtY29udGVudFwvdXBsb2Fkc1wvMjAyNFwvMDdcL3Bva29qLmpwZyJ9\">\n\t\t\t\t\t\t\t<img fetchpriority=\"high\" decoding=\"async\" width=\"640\" height=\"360\" src=\"https:\/\/villawernera.pl\/wp-content\/uploads\/2024\/07\/pokoj.jpg\" class=\"attachment-large size-large wp-image-5568\" alt=\"room\" srcset=\"https:\/\/villawernera.pl\/wp-content\/uploads\/2024\/07\/pokoj.jpg 1024w, https:\/\/villawernera.pl\/wp-content\/uploads\/2024\/07\/pokoj-300x169.jpg 300w, https:\/\/villawernera.pl\/wp-content\/uploads\/2024\/07\/pokoj-768x432.jpg 768w, https:\/\/villawernera.pl\/wp-content\/uploads\/2024\/07\/pokoj-18x10.jpg 18w\" sizes=\"(max-width: 640px) 100vw, 640px\" \/>\t\t\t\t\t\t\t\t<\/a>\n\t\t\t\t\t\t\t\t\t\t\t\t\t\t\t<\/div>\n\t\t\t\t<\/div>\n\t\t\t\t<div class=\"elementor-element elementor-element-6c53bbd elementor-widget elementor-widget-text-editor\" data-id=\"6c53bbd\" data-element_type=\"widget\" data-e-type=\"widget\" data-widget_type=\"text-editor.default\">\n\t\t\t\t<div class=\"elementor-widget-container\">\n\t\t\t\t\t\t\t\t\t<p><strong class=\"accent-strong\">1. room area<\/strong><\/p><p>Before booking, check <strong>area of the room<\/strong>. A comfortable stay requires adequate space, especially if you are travelling with your family or planning a longer stay. Make sure the room is not too cramped.<\/p>\t\t\t\t\t\t\t\t<\/div>\n\t\t\t\t<\/div>\n\t\t\t\t<div class=\"elementor-element elementor-element-47f9b90 elementor-widget elementor-widget-text-editor\" data-id=\"47f9b90\" data-element_type=\"widget\" data-e-type=\"widget\" data-widget_type=\"text-editor.default\">\n\t\t\t\t<div class=\"elementor-widget-container\">\n\t\t\t\t\t\t\t\t\t<p><strong class=\"accent-strong\">2. comfortable beds<\/strong><\/p><p>The basis for a successful holiday is <strong>comfortable beds<\/strong>. A good quality mattress and the right pillows will ensure a restful night's sleep, which is crucial after an eventful day.<\/p><p>An important aspect is <strong>type of bed<\/strong>. Do you prefer a double bed, a single bed or perhaps two separate beds? Make sure the room offers the right bed arrangement to meet your needs.<\/p>\t\t\t\t\t\t\t\t<\/div>\n\t\t\t\t<\/div>\n\t\t\t\t<div class=\"elementor-element elementor-element-6ace068 elementor-widget elementor-widget-image\" data-id=\"6ace068\" data-element_type=\"widget\" data-e-type=\"widget\" data-widget_type=\"image.default\">\n\t\t\t\t<div class=\"elementor-widget-container\">\n\t\t\t\t\t\t\t\t\t\t\t\t\t\t\t\t<a href=\"https:\/\/villawernera.pl\/wp-content\/uploads\/2024\/07\/lazienka.jpg\" data-elementor-open-lightbox=\"yes\" data-e-action-hash=\"#elementor-action%3Aaction%3Dlightbox%26settings%3DeyJpZCI6NTU2OSwidXJsIjoiaHR0cHM6XC9cL3ZpbGxhd2VybmVyYS5wbFwvd3AtY29udGVudFwvdXBsb2Fkc1wvMjAyNFwvMDdcL2xhemllbmthLmpwZyJ9\">\n\t\t\t\t\t\t\t<img decoding=\"async\" width=\"640\" height=\"480\" src=\"https:\/\/villawernera.pl\/wp-content\/uploads\/2024\/07\/lazienka.jpg\" class=\"attachment-large size-large wp-image-5569\" alt=\"bathroom\" srcset=\"https:\/\/villawernera.pl\/wp-content\/uploads\/2024\/07\/lazienka.jpg 1024w, https:\/\/villawernera.pl\/wp-content\/uploads\/2024\/07\/lazienka-300x225.jpg 300w, https:\/\/villawernera.pl\/wp-content\/uploads\/2024\/07\/lazienka-768x576.jpg 768w, https:\/\/villawernera.pl\/wp-content\/uploads\/2024\/07\/lazienka-16x12.jpg 16w\" sizes=\"(max-width: 640px) 100vw, 640px\" \/>\t\t\t\t\t\t\t\t<\/a>\n\t\t\t\t\t\t\t\t\t\t\t\t\t\t\t<\/div>\n\t\t\t\t<\/div>\n\t\t\t\t<div class=\"elementor-element elementor-element-be58e16 elementor-widget elementor-widget-text-editor\" data-id=\"be58e16\" data-element_type=\"widget\" data-e-type=\"widget\" data-widget_type=\"text-editor.default\">\n\t\t\t\t<div class=\"elementor-widget-container\">\n\t\t\t\t\t\t\t\t\t<p><strong class=\"accent-strong\">3. bathroom with bath or shower<\/strong><\/p><p>The room should have a private <strong>bathroom<\/strong> with a choice between <strong>bath or shower<\/strong>. Whatever their preference, both solutions should be available so that guests can choose what suits them best.<\/p>\t\t\t\t\t\t\t\t<\/div>\n\t\t\t\t<\/div>\n\t\t\t\t<div class=\"elementor-element elementor-element-eafd752 elementor-widget elementor-widget-text-editor\" data-id=\"eafd752\" data-element_type=\"widget\" data-e-type=\"widget\" data-widget_type=\"text-editor.default\">\n\t\t\t\t<div class=\"elementor-widget-container\">\n\t\t\t\t\t\t\t\t\t<p><strong class=\"accent-strong\">4 Balcony<\/strong><\/p><p>Room with <strong>balcony<\/strong> is an added bonus to enjoy the fresh air and views. Check whether the room you choose has a balcony, especially if you want a place to relax outdoors. Being able to, enjoy the views or spend an evening on the balcony with a book is a valuable amenity.<\/p>\t\t\t\t\t\t\t\t<\/div>\n\t\t\t\t<\/div>\n\t\t\t\t<div class=\"elementor-element elementor-element-ae7b626 elementor-widget elementor-widget-text-editor\" data-id=\"ae7b626\" data-element_type=\"widget\" data-e-type=\"widget\" data-widget_type=\"text-editor.default\">\n\t\t\t\t<div class=\"elementor-widget-container\">\n\t\t\t\t\t\t\t\t\t<p><strong class=\"accent-strong\">5. television with satellite channels<\/strong><\/p><p>For many guests, especially after a long day, an important element is the <strong>TV with satellite channels<\/strong>. Access to a variety of programmes ensures entertainment and relaxation at any time.<\/p>\t\t\t\t\t\t\t\t<\/div>\n\t\t\t\t<\/div>\n\t\t\t\t<div class=\"elementor-element elementor-element-cd1c3ba elementor-widget elementor-widget-image\" data-id=\"cd1c3ba\" data-element_type=\"widget\" data-e-type=\"widget\" data-widget_type=\"image.default\">\n\t\t\t\t<div class=\"elementor-widget-container\">\n\t\t\t\t\t\t\t\t\t\t\t\t\t\t\t\t<a href=\"https:\/\/villawernera.pl\/wp-content\/uploads\/2024\/07\/reczniki.jpg\" data-elementor-open-lightbox=\"yes\" data-e-action-hash=\"#elementor-action%3Aaction%3Dlightbox%26settings%3DeyJpZCI6NTU3MCwidXJsIjoiaHR0cHM6XC9cL3ZpbGxhd2VybmVyYS5wbFwvd3AtY29udGVudFwvdXBsb2Fkc1wvMjAyNFwvMDdcL3JlY3puaWtpLmpwZyJ9\">\n\t\t\t\t\t\t\t<img decoding=\"async\" width=\"640\" height=\"800\" src=\"https:\/\/villawernera.pl\/wp-content\/uploads\/2024\/07\/reczniki.jpg\" class=\"attachment-large size-large wp-image-5570\" alt=\"\" srcset=\"https:\/\/villawernera.pl\/wp-content\/uploads\/2024\/07\/reczniki.jpg 768w, https:\/\/villawernera.pl\/wp-content\/uploads\/2024\/07\/reczniki-240x300.jpg 240w, https:\/\/villawernera.pl\/wp-content\/uploads\/2024\/07\/reczniki-10x12.jpg 10w\" sizes=\"(max-width: 640px) 100vw, 640px\" \/>\t\t\t\t\t\t\t\t<\/a>\n\t\t\t\t\t\t\t\t\t\t\t\t\t\t\t<\/div>\n\t\t\t\t<\/div>\n\t\t\t\t<div class=\"elementor-element elementor-element-8ee79c6 elementor-widget elementor-widget-text-editor\" data-id=\"8ee79c6\" data-element_type=\"widget\" data-e-type=\"widget\" data-widget_type=\"text-editor.default\">\n\t\t\t\t<div class=\"elementor-widget-container\">\n\t\t\t\t\t\t\t\t\t<p><strong class=\"accent-strong\">6. towels<\/strong><\/p><p>The hotel should provide <strong>towels<\/strong> for each guest. It is good if they are changed daily or on request, which raises the standard of hygiene and comfort.<\/p>\t\t\t\t\t\t\t\t<\/div>\n\t\t\t\t<\/div>\n\t\t\t\t\t<\/div>\n\t\t<\/div>\n\t\t\t\t<div class=\"elementor-column elementor-col-50 elementor-top-column elementor-element elementor-element-2255ca1 wstazka\" data-id=\"2255ca1\" data-element_type=\"column\" data-e-type=\"column\" data-settings=\"{&quot;background_background&quot;:&quot;classic&quot;}\">\n\t\t\t<div class=\"elementor-widget-wrap elementor-element-populated\">\n\t\t\t\t\t\t<div class=\"elementor-element elementor-element-ee559ea elementor-widget elementor-widget-text-editor\" data-id=\"ee559ea\" data-element_type=\"widget\" data-e-type=\"widget\" data-widget_type=\"text-editor.default\">\n\t\t\t\t<div class=\"elementor-widget-container\">\n\t\t\t\t\t\t\t\t\t<p><strong class=\"accent-strong\">7. hair dryer<\/strong><\/p><p>Every bathroom should have a <strong>hair dryer<\/strong>. It's a small but important amenity that I'm sure many visitors, especially women, will appreciate.<\/p>\t\t\t\t\t\t\t\t<\/div>\n\t\t\t\t<\/div>\n\t\t\t\t<div class=\"elementor-element elementor-element-890fea8 elementor-widget elementor-widget-text-editor\" data-id=\"890fea8\" data-element_type=\"widget\" data-e-type=\"widget\" data-widget_type=\"text-editor.default\">\n\t\t\t\t<div class=\"elementor-widget-container\">\n\t\t\t\t\t\t\t\t\t<p><strong class=\"accent-strong\">8 Silence<\/strong><\/p><p>The room should be situated in such a way as to provide <strong>silence<\/strong>. Good sound insulation and a location away from noisy areas guarantee a peaceful holiday.<\/p>\t\t\t\t\t\t\t\t<\/div>\n\t\t\t\t<\/div>\n\t\t\t\t<div class=\"elementor-element elementor-element-0278ef7 elementor-widget elementor-widget-text-editor\" data-id=\"0278ef7\" data-element_type=\"widget\" data-e-type=\"widget\" data-widget_type=\"text-editor.default\">\n\t\t\t\t<div class=\"elementor-widget-container\">\n\t\t\t\t\t\t\t\t\t<p><strong class=\"accent-strong\">9. distance from places important to you<\/strong><\/p><p>Check out <strong>distance<\/strong> from the places you plan to visit. If you want quick access to the main attractions, choose a hotel close to the centre. If you prefer peace and quiet, you can opt for a property located on the outskirts.<\/p>\t\t\t\t\t\t\t\t<\/div>\n\t\t\t\t<\/div>\n\t\t\t\t<div class=\"elementor-element elementor-element-81d4ea4 elementor-widget elementor-widget-text-editor\" data-id=\"81d4ea4\" data-element_type=\"widget\" data-e-type=\"widget\" data-widget_type=\"text-editor.default\">\n\t\t\t\t<div class=\"elementor-widget-container\">\n\t\t\t\t\t\t\t\t\t<p><strong class=\"accent-strong\">10. parking<\/strong><\/p><p>If you are travelling by car, make sure the hotel offers a <strong>car park<\/strong>. Ideally, it should be free of charge and located within the hotel grounds, ensuring the safety of your vehicle and the convenience of your journey.<\/p>\t\t\t\t\t\t\t\t<\/div>\n\t\t\t\t<\/div>\n\t\t\t\t<div class=\"elementor-element elementor-element-c697993 elementor-widget elementor-widget-text-editor\" data-id=\"c697993\" data-element_type=\"widget\" data-e-type=\"widget\" data-widget_type=\"text-editor.default\">\n\t\t\t\t<div class=\"elementor-widget-container\">\n\t\t\t\t\t\t\t\t\t<p><strong class=\"accent-strong\">11. Relaxation area in the hotel<\/strong><\/p><p>Relaxing after a day full of sightseeing is key. Check that the hotel has <strong>relaxation area<\/strong>, where you can relax. This could be a lounge with comfortable sofas, a garden or a library.<\/p>\t\t\t\t\t\t\t\t<\/div>\n\t\t\t\t<\/div>\n\t\t\t\t<div class=\"elementor-element elementor-element-f41cc66 elementor-widget elementor-widget-text-editor\" data-id=\"f41cc66\" data-element_type=\"widget\" data-e-type=\"widget\" data-widget_type=\"text-editor.default\">\n\t\t\t\t<div class=\"elementor-widget-container\">\n\t\t\t\t\t\t\t\t\t<p><strong class=\"accent-strong\">12. swimming pool<\/strong><\/p><p>If you like to swim or just enjoy time by the water, choose a hotel with a <strong>swimming pool<\/strong>. Find out whether it is an indoor or outdoor pool and what its opening hours are.<\/p>\t\t\t\t\t\t\t\t<\/div>\n\t\t\t\t<\/div>\n\t\t\t\t<div class=\"elementor-element elementor-element-6542a82 elementor-widget elementor-widget-text-editor\" data-id=\"6542a82\" data-element_type=\"widget\" data-e-type=\"widget\" data-widget_type=\"text-editor.default\">\n\t\t\t\t<div class=\"elementor-widget-container\">\n\t\t\t\t\t\t\t\t\t<p><strong class=\"accent-strong\">13. Spa<\/strong><\/p><p>For many visitors, a key amenity is <strong>spas<\/strong>. Check if the hotel offers spa services such as massages, facials, saunas or hot tubs. This is a great way to relax and regenerate.<\/p><p>In summary, when booking a hotel, it is worth carefully checking a few key aspects to make your stay as comfortable as possible.<\/p><p>The size of the room, the balcony, the type of bed, the distance from the centre, the car park, the hotel's relaxation area, the swimming pool and the spa are all elements that can significantly affect the quality of your stay. Analysing these issues will allow you to choose a hotel that fully meets your needs and ensures a successful holiday.<\/p>\t\t\t\t\t\t\t\t<\/div>\n\t\t\t\t<\/div>\n\t\t\t\t\t<\/div>\n\t\t<\/div>\n\t\t\t\t\t<\/div>\n\t\t<\/section>\n\t\t\t\t<\/div>","protected":false},"excerpt":{"rendered":"<p>Podczas rezerwacji hotelu, szczeg\u00f3lnie je\u015bli planujesz d\u0142u\u017cszy pobyt, warto zwr\u00f3ci\u0107 uwag\u0119 na wyposa\u017cenie pokoju. Komfortowy pok\u00f3j powinien zapewni\u0107 nie tylko wygod\u0119, ale r\u00f3wnie\u017c spe\u0142nia\u0107 konkretne standardy. Oto lista rzeczy, kt\u00f3re powinny znale\u017a\u0107 si\u0119 w idealnym pokoju hotelowym: 1. Powierzchnia pokoju Przed rezerwacj\u0105 sprawd\u017a powierzchni\u0119 pokoju. Komfortowy pobyt wymaga odpowiedniej przestrzeni, szczeg\u00f3lnie je\u015bli podr\u00f3\u017cujesz z rodzin\u0105 [&hellip;]<\/p>\n","protected":false},"author":1,"featured_media":0,"parent":0,"menu_order":0,"comment_status":"closed","ping_status":"closed","template":"","meta":{"footnotes":""},"class_list":["post-5563","page","type-page","status-publish","hentry"],"_links":{"self":[{"href":"https:\/\/villawernera.pl\/en\/wp-json\/wp\/v2\/pages\/5563","targetHints":{"allow":["GET"]}}],"collection":[{"href":"https:\/\/villawernera.pl\/en\/wp-json\/wp\/v2\/pages"}],"about":[{"href":"https:\/\/villawernera.pl\/en\/wp-json\/wp\/v2\/types\/page"}],"author":[{"embeddable":true,"href":"https:\/\/villawernera.pl\/en\/wp-json\/wp\/v2\/users\/1"}],"replies":[{"embeddable":true,"href":"https:\/\/villawernera.pl\/en\/wp-json\/wp\/v2\/comments?post=5563"}],"version-history":[{"count":6,"href":"https:\/\/villawernera.pl\/en\/wp-json\/wp\/v2\/pages\/5563\/revisions"}],"predecessor-version":[{"id":5580,"href":"https:\/\/villawernera.pl\/en\/wp-json\/wp\/v2\/pages\/5563\/revisions\/5580"}],"wp:attachment":[{"href":"https:\/\/villawernera.pl\/en\/wp-json\/wp\/v2\/media?parent=5563"}],"curies":[{"name":"wp","href":"https:\/\/api.w.org\/{rel}","templated":true}]}}