{"id":5208,"date":"2023-11-11T15:04:12","date_gmt":"2023-11-11T14:04:12","guid":{"rendered":"https:\/\/villawernera.pl\/?page_id=5208"},"modified":"2023-11-11T15:08:15","modified_gmt":"2023-11-11T14:08:15","slug":"independence-day-in-karkonosze","status":"publish","type":"page","link":"https:\/\/villawernera.pl\/en\/szklarska-poreba\/independence-day-in-karkonosze\/","title":{"rendered":"Independence Day in the Giant Mountains"},"content":{"rendered":"<div data-elementor-type=\"wp-page\" data-elementor-id=\"5208\" class=\"elementor elementor-5208\" data-elementor-post-type=\"page\">\n\t\t\t\t\t\t<header class=\"elementor-section elementor-top-section elementor-element elementor-element-38b5c52 elementor-section-height-min-height elementor-section-items-bottom elementor-section-boxed elementor-section-height-default\" data-id=\"38b5c52\" data-element_type=\"section\" data-e-type=\"section\" data-settings=\"{&quot;background_background&quot;:&quot;classic&quot;}\">\n\t\t\t\t\t\t<div class=\"elementor-container elementor-column-gap-narrow\">\n\t\t\t\t\t<div class=\"elementor-column elementor-col-100 elementor-top-column elementor-element elementor-element-3324408\" data-id=\"3324408\" data-element_type=\"column\" data-e-type=\"column\">\n\t\t\t<div class=\"elementor-widget-wrap\">\n\t\t\t\t\t\t\t<\/div>\n\t\t<\/div>\n\t\t\t\t\t<\/div>\n\t\t<\/header>\n\t\t\t\t<header class=\"elementor-section elementor-top-section elementor-element elementor-element-a0c04cc elementor-section-full_width elementor-section-height-default elementor-section-height-default\" data-id=\"a0c04cc\" data-element_type=\"section\" data-e-type=\"section\" data-settings=\"{&quot;background_background&quot;:&quot;classic&quot;}\">\n\t\t\t\t\t\t<div class=\"elementor-container elementor-column-gap-default\">\n\t\t\t\t\t<div class=\"elementor-column elementor-col-100 elementor-top-column elementor-element elementor-element-0904deb\" data-id=\"0904deb\" data-element_type=\"column\" data-e-type=\"column\">\n\t\t\t<div class=\"elementor-widget-wrap elementor-element-populated\">\n\t\t\t\t\t\t<div class=\"elementor-element elementor-element-6bbd6f8 elementor-widget elementor-widget-heading\" data-id=\"6bbd6f8\" data-element_type=\"widget\" data-e-type=\"widget\" data-widget_type=\"heading.default\">\n\t\t\t\t<div class=\"elementor-widget-container\">\n\t\t\t\t\t<h1 class=\"elementor-heading-title elementor-size-default\">Independence Day in the Giant Mountains<\/h1>\t\t\t\t<\/div>\n\t\t\t\t<\/div>\n\t\t\t\t\t<\/div>\n\t\t<\/div>\n\t\t\t\t\t<\/div>\n\t\t<\/header>\n\t\t\t\t<section class=\"elementor-section elementor-top-section elementor-element elementor-element-431f6dc elementor-section-boxed elementor-section-height-default elementor-section-height-default\" data-id=\"431f6dc\" data-element_type=\"section\" data-e-type=\"section\">\n\t\t\t\t\t\t<div class=\"elementor-container elementor-column-gap-default\">\n\t\t\t\t\t<div class=\"elementor-column elementor-col-50 elementor-top-column elementor-element elementor-element-d696594 wstazka\" data-id=\"d696594\" data-element_type=\"column\" data-e-type=\"column\" data-settings=\"{&quot;background_background&quot;:&quot;classic&quot;}\">\n\t\t\t<div class=\"elementor-widget-wrap elementor-element-populated\">\n\t\t\t\t\t\t<div class=\"elementor-element elementor-element-cda4aab elementor-widget elementor-widget-text-editor\" data-id=\"cda4aab\" data-element_type=\"widget\" data-e-type=\"widget\" data-widget_type=\"text-editor.default\">\n\t\t\t\t<div class=\"elementor-widget-container\">\n\t\t\t\t\t\t\t\t\t<p>The weather in the mountains in November can surprise you positively!<br \/>Against the odds, it can be sunny, cloudless and warm - like November 2020, for example: 20 degrees warm, beautiful sunshine and cloudless skies.<\/p><p>November in the Krkono\u0161e Mountains also means frequent inversions - it is warmer on the peaks than in the lowlands and the mists drifting below the mountains make you feel as if you are in heaven in the mountains.<br \/>I would like to invite you to reminisce about a November mountain hike along the Karkonosze trail to Sn\u011b\u017eka from the Wang Temple in Karpacz. The morning of 11 November 2020 greeted us with a slight chill, cloudless sky and rising sun.<\/p><p>We set off from the Wang Temple in Karpacz, a unique architectural structure located in the Polish Karkonosze Mountains.<\/p>\t\t\t\t\t\t\t\t<\/div>\n\t\t\t\t<\/div>\n\t\t\t\t\t<\/div>\n\t\t<\/div>\n\t\t\t\t<div class=\"elementor-column elementor-col-50 elementor-top-column elementor-element elementor-element-0bced71 wstazka\" data-id=\"0bced71\" data-element_type=\"column\" data-e-type=\"column\" data-settings=\"{&quot;background_background&quot;:&quot;classic&quot;}\">\n\t\t\t<div class=\"elementor-widget-wrap elementor-element-populated\">\n\t\t\t\t\t\t<div class=\"elementor-element elementor-element-392e876 elementor-widget elementor-widget-text-editor\" data-id=\"392e876\" data-element_type=\"widget\" data-e-type=\"widget\" data-widget_type=\"text-editor.default\">\n\t\t\t\t<div class=\"elementor-widget-container\">\n\t\t\t\t\t\t\t\t\t<p>The wooden church, built in the Swedish Baroque style, was moved here from Vang in Norway in 1842.<br \/>Wang is one of the region's most important sights and also a popular starting point for mountain hikes, including Sn\u011b\u017eka, the highest peak in the Krkono\u0161e Mountains.<\/p><p>From the Temple we set off along the green trail towards the Sunflower rock formation.<\/p><p>Sunflower is one of the many granite rock formations in the Krkono\u0161e Mountains. It is located above\u00a0<strong>Great Pond<\/strong>, on the red hiking trail.<\/p><p>The Sunflower rises to 1,423 metres above sea level, and the rocks themselves are 12 metres high. The rocks are visible from Karpacz G\u00f3rny,\u00a0<strong>Borowic<\/strong>\u00a0and Przesieka. The German name for these rocks is: Mittagstein, meaning South (or South) Stone.<\/p><p>The term comes from the fact that it is precisely at midday that the sun is over the rocks when looking from the side of the aforementioned villages.<br \/>The sunflower is also called the Devil's Stone because its appearance resembles a carved human or devilish figure.<\/p>\t\t\t\t\t\t\t\t<\/div>\n\t\t\t\t<\/div>\n\t\t\t\t\t<\/div>\n\t\t<\/div>\n\t\t\t\t\t<\/div>\n\t\t<\/section>\n\t\t\t\t<section class=\"elementor-section elementor-top-section elementor-element elementor-element-46f4763 elementor-section-boxed elementor-section-height-default elementor-section-height-default\" data-id=\"46f4763\" data-element_type=\"section\" data-e-type=\"section\">\n\t\t\t\t\t\t<div class=\"elementor-container elementor-column-gap-default\">\n\t\t\t\t\t<div class=\"elementor-column elementor-col-100 elementor-top-column elementor-element elementor-element-37d6b02\" data-id=\"37d6b02\" data-element_type=\"column\" data-e-type=\"column\">\n\t\t\t<div class=\"elementor-widget-wrap elementor-element-populated\">\n\t\t\t\t\t\t<div class=\"elementor-element elementor-element-4ab5407 elementor-widget elementor-widget-gallery\" data-id=\"4ab5407\" data-element_type=\"widget\" data-e-type=\"widget\" data-settings=\"{&quot;columns&quot;:3,&quot;lazyload&quot;:&quot;yes&quot;,&quot;gallery_layout&quot;:&quot;grid&quot;,&quot;columns_tablet&quot;:2,&quot;columns_mobile&quot;:1,&quot;gap&quot;:{&quot;unit&quot;:&quot;px&quot;,&quot;size&quot;:10,&quot;sizes&quot;:[]},&quot;gap_laptop&quot;:{&quot;unit&quot;:&quot;px&quot;,&quot;size&quot;:10,&quot;sizes&quot;:[]},&quot;gap_tablet&quot;:{&quot;unit&quot;:&quot;px&quot;,&quot;size&quot;:10,&quot;sizes&quot;:[]},&quot;gap_mobile&quot;:{&quot;unit&quot;:&quot;px&quot;,&quot;size&quot;:10,&quot;sizes&quot;:[]},&quot;link_to&quot;:&quot;file&quot;,&quot;aspect_ratio&quot;:&quot;3:2&quot;,&quot;overlay_background&quot;:&quot;yes&quot;,&quot;content_hover_animation&quot;:&quot;fade-in&quot;}\" data-widget_type=\"gallery.default\">\n\t\t\t\t<div class=\"elementor-widget-container\">\n\t\t\t\t\t\t\t<div class=\"elementor-gallery__container\">\n\t\t\t\t\t\t\t<a class=\"e-gallery-item elementor-gallery-item elementor-animated-content\" href=\"https:\/\/villawernera.pl\/wp-content\/uploads\/2023\/11\/listopad-0001.jpg\" data-elementor-open-lightbox=\"yes\" data-elementor-lightbox-slideshow=\"4ab5407\" data-e-action-hash=\"#elementor-action%3Aaction%3Dlightbox%26settings%3DeyJpZCI6NTIxMCwidXJsIjoiaHR0cHM6XC9cL3ZpbGxhd2VybmVyYS5wbFwvd3AtY29udGVudFwvdXBsb2Fkc1wvMjAyM1wvMTFcL2xpc3RvcGFkLTAwMDEuanBnIiwic2xpZGVzaG93IjoiNGFiNTQwNyJ9\">\n\t\t\t\t\t<div class=\"e-gallery-image elementor-gallery-item__image\" data-thumbnail=\"https:\/\/villawernera.pl\/wp-content\/uploads\/2023\/11\/listopad-0001.jpg\" data-width=\"640\" data-height=\"853\" aria-label=\"\" role=\"img\" ><\/div>\n\t\t\t\t\t\t\t\t\t\t\t<div class=\"elementor-gallery-item__overlay\"><\/div>\n\t\t\t\t\t\t\t\t\t\t\t\t\t\t<\/a>\n\t\t\t\t\t\t\t<a class=\"e-gallery-item elementor-gallery-item elementor-animated-content\" href=\"https:\/\/villawernera.pl\/wp-content\/uploads\/2023\/11\/listopad-0002.jpg\" data-elementor-open-lightbox=\"yes\" data-elementor-lightbox-slideshow=\"4ab5407\" data-e-action-hash=\"#elementor-action%3Aaction%3Dlightbox%26settings%3DeyJpZCI6NTIxMSwidXJsIjoiaHR0cHM6XC9cL3ZpbGxhd2VybmVyYS5wbFwvd3AtY29udGVudFwvdXBsb2Fkc1wvMjAyM1wvMTFcL2xpc3RvcGFkLTAwMDIuanBnIiwic2xpZGVzaG93IjoiNGFiNTQwNyJ9\">\n\t\t\t\t\t<div class=\"e-gallery-image elementor-gallery-item__image\" data-thumbnail=\"https:\/\/villawernera.pl\/wp-content\/uploads\/2023\/11\/listopad-0002.jpg\" data-width=\"640\" data-height=\"853\" aria-label=\"\" role=\"img\" ><\/div>\n\t\t\t\t\t\t\t\t\t\t\t<div class=\"elementor-gallery-item__overlay\"><\/div>\n\t\t\t\t\t\t\t\t\t\t\t\t\t\t<\/a>\n\t\t\t\t\t\t\t<a class=\"e-gallery-item elementor-gallery-item elementor-animated-content\" href=\"https:\/\/villawernera.pl\/wp-content\/uploads\/2023\/11\/listopad-0003.jpg\" data-elementor-open-lightbox=\"yes\" data-elementor-lightbox-slideshow=\"4ab5407\" data-e-action-hash=\"#elementor-action%3Aaction%3Dlightbox%26settings%3DeyJpZCI6NTIxMiwidXJsIjoiaHR0cHM6XC9cL3ZpbGxhd2VybmVyYS5wbFwvd3AtY29udGVudFwvdXBsb2Fkc1wvMjAyM1wvMTFcL2xpc3RvcGFkLTAwMDMuanBnIiwic2xpZGVzaG93IjoiNGFiNTQwNyJ9\">\n\t\t\t\t\t<div class=\"e-gallery-image elementor-gallery-item__image\" data-thumbnail=\"https:\/\/villawernera.pl\/wp-content\/uploads\/2023\/11\/listopad-0003.jpg\" data-width=\"640\" data-height=\"853\" aria-label=\"\" role=\"img\" ><\/div>\n\t\t\t\t\t\t\t\t\t\t\t<div class=\"elementor-gallery-item__overlay\"><\/div>\n\t\t\t\t\t\t\t\t\t\t\t\t\t\t<\/a>\n\t\t\t\t\t\t\t<a class=\"e-gallery-item elementor-gallery-item elementor-animated-content\" href=\"https:\/\/villawernera.pl\/wp-content\/uploads\/2023\/11\/listopad-0004.jpg\" data-elementor-open-lightbox=\"yes\" data-elementor-lightbox-slideshow=\"4ab5407\" data-e-action-hash=\"#elementor-action%3Aaction%3Dlightbox%26settings%3DeyJpZCI6NTIxMywidXJsIjoiaHR0cHM6XC9cL3ZpbGxhd2VybmVyYS5wbFwvd3AtY29udGVudFwvdXBsb2Fkc1wvMjAyM1wvMTFcL2xpc3RvcGFkLTAwMDQuanBnIiwic2xpZGVzaG93IjoiNGFiNTQwNyJ9\">\n\t\t\t\t\t<div class=\"e-gallery-image elementor-gallery-item__image\" data-thumbnail=\"https:\/\/villawernera.pl\/wp-content\/uploads\/2023\/11\/listopad-0004-768x576.jpg\" data-width=\"640\" data-height=\"480\" aria-label=\"\" role=\"img\" ><\/div>\n\t\t\t\t\t\t\t\t\t\t\t<div class=\"elementor-gallery-item__overlay\"><\/div>\n\t\t\t\t\t\t\t\t\t\t\t\t\t\t<\/a>\n\t\t\t\t\t\t\t<a class=\"e-gallery-item elementor-gallery-item elementor-animated-content\" href=\"https:\/\/villawernera.pl\/wp-content\/uploads\/2023\/11\/listopad-0005.jpg\" data-elementor-open-lightbox=\"yes\" data-elementor-lightbox-slideshow=\"4ab5407\" data-e-action-hash=\"#elementor-action%3Aaction%3Dlightbox%26settings%3DeyJpZCI6NTIxNCwidXJsIjoiaHR0cHM6XC9cL3ZpbGxhd2VybmVyYS5wbFwvd3AtY29udGVudFwvdXBsb2Fkc1wvMjAyM1wvMTFcL2xpc3RvcGFkLTAwMDUuanBnIiwic2xpZGVzaG93IjoiNGFiNTQwNyJ9\">\n\t\t\t\t\t<div class=\"e-gallery-image elementor-gallery-item__image\" data-thumbnail=\"https:\/\/villawernera.pl\/wp-content\/uploads\/2023\/11\/listopad-0005.jpg\" data-width=\"640\" data-height=\"853\" aria-label=\"\" role=\"img\" ><\/div>\n\t\t\t\t\t\t\t\t\t\t\t<div class=\"elementor-gallery-item__overlay\"><\/div>\n\t\t\t\t\t\t\t\t\t\t\t\t\t\t<\/a>\n\t\t\t\t\t\t\t<a class=\"e-gallery-item elementor-gallery-item elementor-animated-content\" href=\"https:\/\/villawernera.pl\/wp-content\/uploads\/2023\/11\/listopad-0006.jpg\" data-elementor-open-lightbox=\"yes\" data-elementor-lightbox-slideshow=\"4ab5407\" data-e-action-hash=\"#elementor-action%3Aaction%3Dlightbox%26settings%3DeyJpZCI6NTIxNSwidXJsIjoiaHR0cHM6XC9cL3ZpbGxhd2VybmVyYS5wbFwvd3AtY29udGVudFwvdXBsb2Fkc1wvMjAyM1wvMTFcL2xpc3RvcGFkLTAwMDYuanBnIiwic2xpZGVzaG93IjoiNGFiNTQwNyJ9\">\n\t\t\t\t\t<div class=\"e-gallery-image elementor-gallery-item__image\" data-thumbnail=\"https:\/\/villawernera.pl\/wp-content\/uploads\/2023\/11\/listopad-0006.jpg\" data-width=\"640\" data-height=\"853\" aria-label=\"\" role=\"img\" ><\/div>\n\t\t\t\t\t\t\t\t\t\t\t<div class=\"elementor-gallery-item__overlay\"><\/div>\n\t\t\t\t\t\t\t\t\t\t\t\t\t\t<\/a>\n\t\t\t\t\t\t\t<a class=\"e-gallery-item elementor-gallery-item elementor-animated-content\" href=\"https:\/\/villawernera.pl\/wp-content\/uploads\/2023\/11\/listopad-0007.jpg\" data-elementor-open-lightbox=\"yes\" data-elementor-lightbox-slideshow=\"4ab5407\" data-e-action-hash=\"#elementor-action%3Aaction%3Dlightbox%26settings%3DeyJpZCI6NTIxNiwidXJsIjoiaHR0cHM6XC9cL3ZpbGxhd2VybmVyYS5wbFwvd3AtY29udGVudFwvdXBsb2Fkc1wvMjAyM1wvMTFcL2xpc3RvcGFkLTAwMDcuanBnIiwic2xpZGVzaG93IjoiNGFiNTQwNyJ9\">\n\t\t\t\t\t<div class=\"e-gallery-image elementor-gallery-item__image\" data-thumbnail=\"https:\/\/villawernera.pl\/wp-content\/uploads\/2023\/11\/listopad-0007.jpg\" data-width=\"640\" data-height=\"853\" aria-label=\"\" role=\"img\" ><\/div>\n\t\t\t\t\t\t\t\t\t\t\t<div class=\"elementor-gallery-item__overlay\"><\/div>\n\t\t\t\t\t\t\t\t\t\t\t\t\t\t<\/a>\n\t\t\t\t\t<\/div>\n\t\t\t\t\t<\/div>\n\t\t\t\t<\/div>\n\t\t\t\t\t<\/div>\n\t\t<\/div>\n\t\t\t\t\t<\/div>\n\t\t<\/section>\n\t\t\t\t<\/div>","protected":false},"excerpt":{"rendered":"<p>Pogoda w g\u00f3rach w listopadzie potrafi zaskoczy\u0107 pozytywnie!Wbrew pozorom mo\u017ce by\u0107 s\u0142onecznie, bezchmurnie i ciep\u0142o \u2013 tak jak na przyk\u0142ad w listopadzie 2020 roku: 20 stopni ciep\u0142a, pi\u0119kne s\u0142o\u0144ce i bezchmurne niebo. Listopad w Karkonoszach to r\u00f3wnie\u017c cz\u0119ste zjawiska inwersji \u2013 na szczytach jest cieplej ni\u017c na nizinach a mg\u0142y \u015bciel\u0105ce si\u0119 poni\u017cej g\u00f3r sprawiaj\u0105, [&hellip;]<\/p>\n","protected":false},"author":1,"featured_media":0,"parent":31,"menu_order":0,"comment_status":"closed","ping_status":"closed","template":"","meta":{"footnotes":""},"class_list":["post-5208","page","type-page","status-publish","hentry"],"_links":{"self":[{"href":"https:\/\/villawernera.pl\/en\/wp-json\/wp\/v2\/pages\/5208","targetHints":{"allow":["GET"]}}],"collection":[{"href":"https:\/\/villawernera.pl\/en\/wp-json\/wp\/v2\/pages"}],"about":[{"href":"https:\/\/villawernera.pl\/en\/wp-json\/wp\/v2\/types\/page"}],"author":[{"embeddable":true,"href":"https:\/\/villawernera.pl\/en\/wp-json\/wp\/v2\/users\/1"}],"replies":[{"embeddable":true,"href":"https:\/\/villawernera.pl\/en\/wp-json\/wp\/v2\/comments?post=5208"}],"version-history":[{"count":16,"href":"https:\/\/villawernera.pl\/en\/wp-json\/wp\/v2\/pages\/5208\/revisions"}],"predecessor-version":[{"id":5240,"href":"https:\/\/villawernera.pl\/en\/wp-json\/wp\/v2\/pages\/5208\/revisions\/5240"}],"up":[{"embeddable":true,"href":"https:\/\/villawernera.pl\/en\/wp-json\/wp\/v2\/pages\/31"}],"wp:attachment":[{"href":"https:\/\/villawernera.pl\/en\/wp-json\/wp\/v2\/media?parent=5208"}],"curies":[{"name":"wp","href":"https:\/\/api.w.org\/{rel}","templated":true}]}}