{"id":5154,"date":"2023-09-26T15:43:51","date_gmt":"2023-09-26T13:43:51","guid":{"rendered":"https:\/\/villawernera.pl\/?page_id=5154"},"modified":"2023-09-26T15:47:01","modified_gmt":"2023-09-26T13:47:01","slug":"lubie-poniedzialki","status":"publish","type":"page","link":"https:\/\/villawernera.pl\/en\/lubie-poniedzialki\/","title":{"rendered":"I like Mondays"},"content":{"rendered":"<div data-elementor-type=\"wp-page\" data-elementor-id=\"5154\" class=\"elementor elementor-5154\" data-elementor-post-type=\"page\">\n\t\t\t\t\t\t<header class=\"elementor-section elementor-top-section elementor-element elementor-element-3aa94fa elementor-section-height-min-height elementor-section-items-bottom elementor-section-boxed elementor-section-height-default\" data-id=\"3aa94fa\" data-element_type=\"section\" data-e-type=\"section\" data-settings=\"{&quot;background_background&quot;:&quot;classic&quot;}\">\n\t\t\t\t\t\t<div class=\"elementor-container elementor-column-gap-default\">\n\t\t\t\t\t<div class=\"elementor-column elementor-col-100 elementor-top-column elementor-element elementor-element-ffc3ddf\" data-id=\"ffc3ddf\" data-element_type=\"column\" data-e-type=\"column\">\n\t\t\t<div class=\"elementor-widget-wrap\">\n\t\t\t\t\t\t\t<\/div>\n\t\t<\/div>\n\t\t\t\t\t<\/div>\n\t\t<\/header>\n\t\t\t\t<header class=\"elementor-section elementor-top-section elementor-element elementor-element-96feb38 elementor-section-full_width elementor-section-height-default elementor-section-height-default\" data-id=\"96feb38\" data-element_type=\"section\" data-e-type=\"section\" data-settings=\"{&quot;background_background&quot;:&quot;classic&quot;}\">\n\t\t\t\t\t\t<div class=\"elementor-container elementor-column-gap-default\">\n\t\t\t\t\t<div class=\"elementor-column elementor-col-100 elementor-top-column elementor-element elementor-element-ca87f1e\" data-id=\"ca87f1e\" data-element_type=\"column\" data-e-type=\"column\">\n\t\t\t<div class=\"elementor-widget-wrap elementor-element-populated\">\n\t\t\t\t\t\t<div class=\"elementor-element elementor-element-a59c53f elementor-widget elementor-widget-heading\" data-id=\"a59c53f\" data-element_type=\"widget\" data-e-type=\"widget\" data-widget_type=\"heading.default\">\n\t\t\t\t<div class=\"elementor-widget-container\">\n\t\t\t\t\t<h1 class=\"elementor-heading-title elementor-size-default\">I like Mondays<\/h1>\t\t\t\t<\/div>\n\t\t\t\t<\/div>\n\t\t\t\t\t<\/div>\n\t\t<\/div>\n\t\t\t\t\t<\/div>\n\t\t<\/header>\n\t\t\t\t<section class=\"elementor-section elementor-top-section elementor-element elementor-element-08c9b1d elementor-section-content-middle elementor-section-boxed elementor-section-height-default elementor-section-height-default\" data-id=\"08c9b1d\" data-element_type=\"section\" data-e-type=\"section\">\n\t\t\t\t\t\t<div class=\"elementor-container elementor-column-gap-wider\">\n\t\t\t\t\t<div class=\"elementor-column elementor-col-50 elementor-top-column elementor-element elementor-element-856f259 wstazka\" data-id=\"856f259\" data-element_type=\"column\" data-e-type=\"column\" data-settings=\"{&quot;background_background&quot;:&quot;classic&quot;}\">\n\t\t\t<div class=\"elementor-widget-wrap elementor-element-populated\">\n\t\t\t\t\t\t<div class=\"elementor-element elementor-element-9ce97a2 elementor-widget elementor-widget-heading\" data-id=\"9ce97a2\" data-element_type=\"widget\" data-e-type=\"widget\" data-widget_type=\"heading.default\">\n\t\t\t\t<div class=\"elementor-widget-container\">\n\t\t\t\t\t<p class=\"elementor-heading-title elementor-size-default\">Come on Sunday or extend your weekend and Monday will pass painlessly<\/p>\t\t\t\t<\/div>\n\t\t\t\t<\/div>\n\t\t\t\t<div class=\"elementor-element elementor-element-d9463f8 elementor-widget elementor-widget-text-editor\" data-id=\"d9463f8\" data-element_type=\"widget\" data-e-type=\"widget\" data-widget_type=\"text-editor.default\">\n\t\t\t\t<div class=\"elementor-widget-container\">\n\t\t\t\t\t\t\t\t\t<p>LUBI\u0118 PONIEDZIA\u0141KI to oferta specjalna wa\u017cna dla noclegu ze \u015bniadaniem z niedzieli na poniedzia\u0142ek.<\/p>\t\t\t\t\t\t\t\t<\/div>\n\t\t\t\t<\/div>\n\t\t\t\t<div class=\"elementor-element elementor-element-6644b44 elementor-widget elementor-widget-heading\" data-id=\"6644b44\" data-element_type=\"widget\" data-e-type=\"widget\" data-widget_type=\"heading.default\">\n\t\t\t\t<div class=\"elementor-widget-container\">\n\t\t\t\t\t<p class=\"elementor-heading-title elementor-size-default\">Overnight accommodation from Sunday to Monday is:<\/p>\t\t\t\t<\/div>\n\t\t\t\t<\/div>\n\t\t\t\t<div class=\"elementor-element elementor-element-eeaf2aa elementor-widget elementor-widget-text-editor\" data-id=\"eeaf2aa\" data-element_type=\"widget\" data-e-type=\"widget\" data-widget_type=\"text-editor.default\">\n\t\t\t\t<div class=\"elementor-widget-container\">\n\t\t\t\t\t\t\t\t\t<ul><li>single room - 180 PLN\/night<\/li><li>double room - 280 PLN\/night<\/li><li>triple room - 450 PLN\/night<\/li><\/ul>\t\t\t\t\t\t\t\t<\/div>\n\t\t\t\t<\/div>\n\t\t\t\t<div class=\"elementor-element elementor-element-9de0b34 elementor-widget elementor-widget-heading\" data-id=\"9de0b34\" data-element_type=\"widget\" data-e-type=\"widget\" data-widget_type=\"heading.default\">\n\t\t\t\t<div class=\"elementor-widget-container\">\n\t\t\t\t\t<h3 class=\"elementor-heading-title elementor-size-default\">Price includes:<\/h3>\t\t\t\t<\/div>\n\t\t\t\t<\/div>\n\t\t\t\t<div class=\"elementor-element elementor-element-272abed elementor-widget elementor-widget-text-editor\" data-id=\"272abed\" data-element_type=\"widget\" data-e-type=\"widget\" data-widget_type=\"text-editor.default\">\n\t\t\t\t<div class=\"elementor-widget-container\">\n\t\t\t\t\t\t\t\t\t<ul><li>accommodation in comfortable rooms<\/li><li>buffet breakfast; wide choice of products; served in the hotel restaurant, during the week from 8:00 to 10:00 a.m.<\/li><li>unlimited access to the SPA &amp; Wellness area - swimming pool, jacuzzi, sauna, fitness room<\/li><li>ping-pong table<\/li><li>outdoor tennis court<\/li><li>unlimited high-speed Wi - Fi access<\/li><li>monitored parking<\/li><li>storage of bicycles or skis<\/li><\/ul>\t\t\t\t\t\t\t\t<\/div>\n\t\t\t\t<\/div>\n\t\t\t\t\t<\/div>\n\t\t<\/div>\n\t\t\t\t<div class=\"elementor-column elementor-col-50 elementor-top-column elementor-element elementor-element-d28d78b wstazka\" data-id=\"d28d78b\" data-element_type=\"column\" data-e-type=\"column\" data-settings=\"{&quot;background_background&quot;:&quot;classic&quot;}\">\n\t\t\t<div class=\"elementor-widget-wrap elementor-element-populated\">\n\t\t\t\t\t\t<div class=\"elementor-element elementor-element-36e8151 elementor-widget elementor-widget-text-editor\" data-id=\"36e8151\" data-element_type=\"widget\" data-e-type=\"widget\" data-widget_type=\"text-editor.default\">\n\t\t\t\t<div class=\"elementor-widget-container\">\n\t\t\t\t\t\t\t\t\t<p><strong>Additionally payable at the hotel (cash or card):<\/strong><\/p><ul><li>Tourist tax - 2.80 PLN per day\/person<\/li><li>treatments in the massage parlour<\/li><li>A'la Carte restaurant<\/li><li>cafe<\/li><\/ul><p>Offer valid from 1 October 2023 to 22 December 2023.<\/p><p><strong>Additional information:<\/strong><\/p><ul><li>start of check-in at 15:00, end of check-out at 11:00<\/li><li>pets accepted, additional fee from 30 to 80 PLN\/night<\/li><li>children under 3 sleeping in a bed with their parents sleep free of charge<\/li><\/ul>\t\t\t\t\t\t\t\t<\/div>\n\t\t\t\t<\/div>\n\t\t\t\t\t<\/div>\n\t\t<\/div>\n\t\t\t\t\t<\/div>\n\t\t<\/section>\n\t\t\t\t<\/div>","protected":false},"excerpt":{"rendered":"<p>Lubi\u0119 poniedzia\u0142ki Przyjed\u017a w niedziel\u0119 lub przed\u0142u\u017c sobie weekend a poniedzia\u0142ek minie bezbole\u015bnie LUBI\u0118 PONIEDZIA\u0141KI to oferta specjalna wa\u017cna dla noclegu ze \u015bniadaniem z niedzieli na poniedzia\u0142ek. Nocleg z niedzieli na poniedzia\u0142ek wynosi: pok\u00f3j jednoosobowy &#8211; 180 PLN\/noc pok\u00f3j dwuosobowy &#8211; 280 PLN\/noc pok\u00f3j trzyosobowy &#8211; 450 PLN\/noc Cena zawiera: nocleg w komfortowych pokojach \u015bniadanie [&hellip;]<\/p>\n","protected":false},"author":1,"featured_media":0,"parent":0,"menu_order":0,"comment_status":"closed","ping_status":"closed","template":"","meta":{"footnotes":""},"class_list":["post-5154","page","type-page","status-publish","hentry"],"_links":{"self":[{"href":"https:\/\/villawernera.pl\/en\/wp-json\/wp\/v2\/pages\/5154","targetHints":{"allow":["GET"]}}],"collection":[{"href":"https:\/\/villawernera.pl\/en\/wp-json\/wp\/v2\/pages"}],"about":[{"href":"https:\/\/villawernera.pl\/en\/wp-json\/wp\/v2\/types\/page"}],"author":[{"embeddable":true,"href":"https:\/\/villawernera.pl\/en\/wp-json\/wp\/v2\/users\/1"}],"replies":[{"embeddable":true,"href":"https:\/\/villawernera.pl\/en\/wp-json\/wp\/v2\/comments?post=5154"}],"version-history":[{"count":4,"href":"https:\/\/villawernera.pl\/en\/wp-json\/wp\/v2\/pages\/5154\/revisions"}],"predecessor-version":[{"id":5159,"href":"https:\/\/villawernera.pl\/en\/wp-json\/wp\/v2\/pages\/5154\/revisions\/5159"}],"wp:attachment":[{"href":"https:\/\/villawernera.pl\/en\/wp-json\/wp\/v2\/media?parent=5154"}],"curies":[{"name":"wp","href":"https:\/\/api.w.org\/{rel}","templated":true}]}}