{"id":4985,"date":"2023-09-16T15:58:57","date_gmt":"2023-09-16T13:58:57","guid":{"rendered":"https:\/\/villawernera.pl\/?page_id=4985"},"modified":"2023-09-16T16:01:10","modified_gmt":"2023-09-16T14:01:10","slug":"snow-rates-from-szklarska-poreba-and-back","status":"publish","type":"page","link":"https:\/\/villawernera.pl\/en\/szklarska-poreba\/snow-rates-from-szklarska-poreba-and-back\/","title":{"rendered":"Snowy Stakes from Szklarska Por\u0119ba and back"},"content":{"rendered":"<div data-elementor-type=\"wp-page\" data-elementor-id=\"4985\" class=\"elementor elementor-4985\" data-elementor-post-type=\"page\">\n\t\t\t\t\t\t<header class=\"elementor-section elementor-top-section elementor-element elementor-element-f21552f elementor-section-height-min-height elementor-section-items-bottom elementor-section-boxed elementor-section-height-default\" data-id=\"f21552f\" data-element_type=\"section\" data-e-type=\"section\" data-settings=\"{&quot;background_background&quot;:&quot;classic&quot;}\">\n\t\t\t\t\t\t<div class=\"elementor-container elementor-column-gap-narrow\">\n\t\t\t\t\t<div class=\"elementor-column elementor-col-100 elementor-top-column elementor-element elementor-element-d7e6b71\" data-id=\"d7e6b71\" data-element_type=\"column\" data-e-type=\"column\">\n\t\t\t<div class=\"elementor-widget-wrap\">\n\t\t\t\t\t\t\t<\/div>\n\t\t<\/div>\n\t\t\t\t\t<\/div>\n\t\t<\/header>\n\t\t\t\t<header class=\"elementor-section elementor-top-section elementor-element elementor-element-de239c1 elementor-section-full_width elementor-section-height-default elementor-section-height-default\" data-id=\"de239c1\" data-element_type=\"section\" data-e-type=\"section\" data-settings=\"{&quot;background_background&quot;:&quot;classic&quot;}\">\n\t\t\t\t\t\t<div class=\"elementor-container elementor-column-gap-default\">\n\t\t\t\t\t<div class=\"elementor-column elementor-col-100 elementor-top-column elementor-element elementor-element-76f110d\" data-id=\"76f110d\" data-element_type=\"column\" data-e-type=\"column\">\n\t\t\t<div class=\"elementor-widget-wrap elementor-element-populated\">\n\t\t\t\t\t\t<div class=\"elementor-element elementor-element-24c43b1 elementor-widget elementor-widget-heading\" data-id=\"24c43b1\" data-element_type=\"widget\" data-e-type=\"widget\" data-widget_type=\"heading.default\">\n\t\t\t\t<div class=\"elementor-widget-container\">\n\t\t\t\t\t<h1 class=\"elementor-heading-title elementor-size-default\">Snowy Stakes from Szklarska Por\u0119ba and back<\/h1>\t\t\t\t<\/div>\n\t\t\t\t<\/div>\n\t\t\t\t\t<\/div>\n\t\t<\/div>\n\t\t\t\t\t<\/div>\n\t\t<\/header>\n\t\t\t\t<section class=\"elementor-section elementor-top-section elementor-element elementor-element-fdea732 elementor-section-boxed elementor-section-height-default elementor-section-height-default\" data-id=\"fdea732\" data-element_type=\"section\" data-e-type=\"section\">\n\t\t\t\t\t\t<div class=\"elementor-container elementor-column-gap-default\">\n\t\t\t\t\t<div class=\"elementor-column elementor-col-50 elementor-top-column elementor-element elementor-element-22677cc wstazka\" data-id=\"22677cc\" data-element_type=\"column\" data-e-type=\"column\" data-settings=\"{&quot;background_background&quot;:&quot;classic&quot;}\">\n\t\t\t<div class=\"elementor-widget-wrap elementor-element-populated\">\n\t\t\t\t\t\t<div class=\"elementor-element elementor-element-c00dd83 elementor-widget elementor-widget-text-editor\" data-id=\"c00dd83\" data-element_type=\"widget\" data-e-type=\"widget\" data-widget_type=\"text-editor.default\">\n\t\t\t\t<div class=\"elementor-widget-container\">\n\t\t\t\t\t\t\t\t\t<p>\u015anie\u017cne Stawki (Snowy Stakes) from Szklarska Por\u0119ba and back is a 5 - 6 hour hiking trip. We set off from Szklarska Por\u0119ba along the yellow trail (from Kili\u0144skiego Street) and head to the Shelter Pod \u0141abskim Szczytem.<\/p><p>From there, take the trail to the Snowy Cirques and cross the Snowy Ponds. This is a very picturesque place with a high mountain landscape.<\/p><p>From Stawki, we head towards \u015anie\u017cne Kot\u0142y and from there, we walk along the summit towards Szrenica and descend passing the shelter on Hala Szrenicka and the Kamie\u0144czyk Waterfall.<\/p>\t\t\t\t\t\t\t\t<\/div>\n\t\t\t\t<\/div>\n\t\t\t\t\t<\/div>\n\t\t<\/div>\n\t\t\t\t<div class=\"elementor-column elementor-col-50 elementor-top-column elementor-element elementor-element-353975a\" data-id=\"353975a\" data-element_type=\"column\" data-e-type=\"column\">\n\t\t\t<div class=\"elementor-widget-wrap\">\n\t\t\t\t\t\t\t<\/div>\n\t\t<\/div>\n\t\t\t\t\t<\/div>\n\t\t<\/section>\n\t\t\t\t<section class=\"elementor-section elementor-top-section elementor-element elementor-element-3741adb elementor-section-boxed elementor-section-height-default elementor-section-height-default\" data-id=\"3741adb\" data-element_type=\"section\" data-e-type=\"section\">\n\t\t\t\t\t\t<div class=\"elementor-container elementor-column-gap-default\">\n\t\t\t\t\t<div class=\"elementor-column elementor-col-100 elementor-top-column elementor-element elementor-element-8c4984c\" data-id=\"8c4984c\" data-element_type=\"column\" data-e-type=\"column\">\n\t\t\t<div class=\"elementor-widget-wrap elementor-element-populated\">\n\t\t\t\t\t\t<div class=\"elementor-element elementor-element-1226015 elementor-widget elementor-widget-gallery\" data-id=\"1226015\" data-element_type=\"widget\" data-e-type=\"widget\" data-settings=\"{&quot;columns&quot;:3,&quot;lazyload&quot;:&quot;yes&quot;,&quot;gallery_layout&quot;:&quot;grid&quot;,&quot;columns_tablet&quot;:2,&quot;columns_mobile&quot;:1,&quot;gap&quot;:{&quot;unit&quot;:&quot;px&quot;,&quot;size&quot;:10,&quot;sizes&quot;:[]},&quot;gap_laptop&quot;:{&quot;unit&quot;:&quot;px&quot;,&quot;size&quot;:10,&quot;sizes&quot;:[]},&quot;gap_tablet&quot;:{&quot;unit&quot;:&quot;px&quot;,&quot;size&quot;:10,&quot;sizes&quot;:[]},&quot;gap_mobile&quot;:{&quot;unit&quot;:&quot;px&quot;,&quot;size&quot;:10,&quot;sizes&quot;:[]},&quot;link_to&quot;:&quot;file&quot;,&quot;aspect_ratio&quot;:&quot;3:2&quot;,&quot;overlay_background&quot;:&quot;yes&quot;,&quot;content_hover_animation&quot;:&quot;fade-in&quot;}\" data-widget_type=\"gallery.default\">\n\t\t\t\t<div class=\"elementor-widget-container\">\n\t\t\t\t\t\t\t<div class=\"elementor-gallery__container\">\n\t\t\t\t\t\t\t<a class=\"e-gallery-item elementor-gallery-item elementor-animated-content\" href=\"https:\/\/villawernera.pl\/wp-content\/uploads\/2023\/09\/sniezne-stawki-0003.jpg\" data-elementor-open-lightbox=\"yes\" data-elementor-lightbox-slideshow=\"1226015\" data-e-action-hash=\"#elementor-action%3Aaction%3Dlightbox%26settings%3DeyJpZCI6NDk5MiwidXJsIjoiaHR0cHM6XC9cL3ZpbGxhd2VybmVyYS5wbFwvd3AtY29udGVudFwvdXBsb2Fkc1wvMjAyM1wvMDlcL3NuaWV6bmUtc3Rhd2tpLTAwMDMuanBnIiwic2xpZGVzaG93IjoiMTIyNjAxNSJ9\">\n\t\t\t\t\t<div class=\"e-gallery-image elementor-gallery-item__image\" data-thumbnail=\"https:\/\/villawernera.pl\/wp-content\/uploads\/2023\/09\/sniezne-stawki-0003-768x576.jpg\" data-width=\"640\" data-height=\"480\" aria-label=\"\" role=\"img\" ><\/div>\n\t\t\t\t\t\t\t\t\t\t\t<div class=\"elementor-gallery-item__overlay\"><\/div>\n\t\t\t\t\t\t\t\t\t\t\t\t\t\t<\/a>\n\t\t\t\t\t\t\t<a class=\"e-gallery-item elementor-gallery-item elementor-animated-content\" href=\"https:\/\/villawernera.pl\/wp-content\/uploads\/2023\/09\/sniezne-stawki-0004.jpg\" data-elementor-open-lightbox=\"yes\" data-elementor-lightbox-slideshow=\"1226015\" data-e-action-hash=\"#elementor-action%3Aaction%3Dlightbox%26settings%3DeyJpZCI6NDk5MSwidXJsIjoiaHR0cHM6XC9cL3ZpbGxhd2VybmVyYS5wbFwvd3AtY29udGVudFwvdXBsb2Fkc1wvMjAyM1wvMDlcL3NuaWV6bmUtc3Rhd2tpLTAwMDQuanBnIiwic2xpZGVzaG93IjoiMTIyNjAxNSJ9\">\n\t\t\t\t\t<div class=\"e-gallery-image elementor-gallery-item__image\" data-thumbnail=\"https:\/\/villawernera.pl\/wp-content\/uploads\/2023\/09\/sniezne-stawki-0004-768x576.jpg\" data-width=\"640\" data-height=\"480\" aria-label=\"\" role=\"img\" ><\/div>\n\t\t\t\t\t\t\t\t\t\t\t<div class=\"elementor-gallery-item__overlay\"><\/div>\n\t\t\t\t\t\t\t\t\t\t\t\t\t\t<\/a>\n\t\t\t\t\t\t\t<a class=\"e-gallery-item elementor-gallery-item elementor-animated-content\" href=\"https:\/\/villawernera.pl\/wp-content\/uploads\/2023\/09\/sniezne-stawki-0001.jpg\" data-elementor-open-lightbox=\"yes\" data-elementor-lightbox-slideshow=\"1226015\" data-e-action-hash=\"#elementor-action%3Aaction%3Dlightbox%26settings%3DeyJpZCI6NDk4OSwidXJsIjoiaHR0cHM6XC9cL3ZpbGxhd2VybmVyYS5wbFwvd3AtY29udGVudFwvdXBsb2Fkc1wvMjAyM1wvMDlcL3NuaWV6bmUtc3Rhd2tpLTAwMDEuanBnIiwic2xpZGVzaG93IjoiMTIyNjAxNSJ9\">\n\t\t\t\t\t<div class=\"e-gallery-image elementor-gallery-item__image\" data-thumbnail=\"https:\/\/villawernera.pl\/wp-content\/uploads\/2023\/09\/sniezne-stawki-0001.jpg\" data-width=\"640\" data-height=\"853\" aria-label=\"\" role=\"img\" ><\/div>\n\t\t\t\t\t\t\t\t\t\t\t<div class=\"elementor-gallery-item__overlay\"><\/div>\n\t\t\t\t\t\t\t\t\t\t\t\t\t\t<\/a>\n\t\t\t\t\t\t\t<a class=\"e-gallery-item elementor-gallery-item elementor-animated-content\" href=\"https:\/\/villawernera.pl\/wp-content\/uploads\/2023\/09\/sniezne-stawki-0002.jpg\" data-elementor-open-lightbox=\"yes\" data-elementor-lightbox-slideshow=\"1226015\" data-e-action-hash=\"#elementor-action%3Aaction%3Dlightbox%26settings%3DeyJpZCI6NDk4OCwidXJsIjoiaHR0cHM6XC9cL3ZpbGxhd2VybmVyYS5wbFwvd3AtY29udGVudFwvdXBsb2Fkc1wvMjAyM1wvMDlcL3NuaWV6bmUtc3Rhd2tpLTAwMDIuanBnIiwic2xpZGVzaG93IjoiMTIyNjAxNSJ9\">\n\t\t\t\t\t<div class=\"e-gallery-image elementor-gallery-item__image\" data-thumbnail=\"https:\/\/villawernera.pl\/wp-content\/uploads\/2023\/09\/sniezne-stawki-0002.jpg\" data-width=\"640\" data-height=\"853\" aria-label=\"\" role=\"img\" ><\/div>\n\t\t\t\t\t\t\t\t\t\t\t<div class=\"elementor-gallery-item__overlay\"><\/div>\n\t\t\t\t\t\t\t\t\t\t\t\t\t\t<\/a>\n\t\t\t\t\t<\/div>\n\t\t\t\t\t<\/div>\n\t\t\t\t<\/div>\n\t\t\t\t\t<\/div>\n\t\t<\/div>\n\t\t\t\t\t<\/div>\n\t\t<\/section>\n\t\t\t\t<\/div>","protected":false},"excerpt":{"rendered":"<p>\u015anie\u017cne Stawki ze Szklarskiej Por\u0119by i z powrotem \u015anie\u017cne Stawki ze Szklarskiej Por\u0119by i spowrotem to 5 &#8211; 6 godzinna wycieczka piesza. Wyruszamy ze Szklarskiej Por\u0119by \u017c\u00f3\u0142tym szlakiem (z ul. Kili\u0144skiego) i kierujemy si\u0119 do Schroniska Pod \u0141abskim Szczytem. Stamt\u0105d szlakiem na \u015anie\u017cne Kot\u0142y przechodzimy przez \u015anie\u017cne Stawki. To bardzo malownicze miejsce z wysokog\u00f3rskim krajobrazem. [&hellip;]<\/p>\n","protected":false},"author":1,"featured_media":0,"parent":31,"menu_order":0,"comment_status":"closed","ping_status":"closed","template":"","meta":{"footnotes":""},"class_list":["post-4985","page","type-page","status-publish","hentry"],"_links":{"self":[{"href":"https:\/\/villawernera.pl\/en\/wp-json\/wp\/v2\/pages\/4985","targetHints":{"allow":["GET"]}}],"collection":[{"href":"https:\/\/villawernera.pl\/en\/wp-json\/wp\/v2\/pages"}],"about":[{"href":"https:\/\/villawernera.pl\/en\/wp-json\/wp\/v2\/types\/page"}],"author":[{"embeddable":true,"href":"https:\/\/villawernera.pl\/en\/wp-json\/wp\/v2\/users\/1"}],"replies":[{"embeddable":true,"href":"https:\/\/villawernera.pl\/en\/wp-json\/wp\/v2\/comments?post=4985"}],"version-history":[{"count":9,"href":"https:\/\/villawernera.pl\/en\/wp-json\/wp\/v2\/pages\/4985\/revisions"}],"predecessor-version":[{"id":5002,"href":"https:\/\/villawernera.pl\/en\/wp-json\/wp\/v2\/pages\/4985\/revisions\/5002"}],"up":[{"embeddable":true,"href":"https:\/\/villawernera.pl\/en\/wp-json\/wp\/v2\/pages\/31"}],"wp:attachment":[{"href":"https:\/\/villawernera.pl\/en\/wp-json\/wp\/v2\/media?parent=4985"}],"curies":[{"name":"wp","href":"https:\/\/api.w.org\/{rel}","templated":true}]}}