{"id":418,"date":"2016-10-09T23:27:14","date_gmt":"2016-10-09T21:27:14","guid":{"rendered":"http:\/\/www.villawernera.pl\/?page_id=418"},"modified":"2023-09-14T06:42:03","modified_gmt":"2023-09-14T04:42:03","slug":"information","status":"publish","type":"page","link":"https:\/\/villawernera.pl\/en\/information\/","title":{"rendered":"Information"},"content":{"rendered":"<div data-elementor-type=\"wp-post\" data-elementor-id=\"418\" class=\"elementor elementor-418\" data-elementor-post-type=\"page\">\n\t\t\t\t\t\t<header class=\"elementor-section elementor-top-section elementor-element elementor-element-a19df2f elementor-section-full_width elementor-section-height-default elementor-section-height-default\" data-id=\"a19df2f\" data-element_type=\"section\" data-e-type=\"section\" data-settings=\"{&quot;background_background&quot;:&quot;classic&quot;}\">\n\t\t\t\t\t\t<div class=\"elementor-container elementor-column-gap-default\">\n\t\t\t\t\t<div class=\"elementor-column elementor-col-100 elementor-top-column elementor-element elementor-element-7bf6bf4\" data-id=\"7bf6bf4\" data-element_type=\"column\" data-e-type=\"column\">\n\t\t\t<div class=\"elementor-widget-wrap elementor-element-populated\">\n\t\t\t\t\t\t<div class=\"elementor-element elementor-element-3b0805c elementor-widget elementor-widget-heading\" data-id=\"3b0805c\" data-element_type=\"widget\" data-e-type=\"widget\" data-widget_type=\"heading.default\">\n\t\t\t\t<div class=\"elementor-widget-container\">\n\t\t\t\t\t<h1 class=\"elementor-heading-title elementor-size-default\">Information<\/h1>\t\t\t\t<\/div>\n\t\t\t\t<\/div>\n\t\t\t\t\t<\/div>\n\t\t<\/div>\n\t\t\t\t\t<\/div>\n\t\t<\/header>\n\t\t\t\t<section class=\"elementor-section elementor-top-section elementor-element elementor-element-2c3c05d5 elementor-section-boxed elementor-section-height-default elementor-section-height-default\" data-id=\"2c3c05d5\" data-element_type=\"section\" data-e-type=\"section\">\n\t\t\t\t\t\t<div class=\"elementor-container elementor-column-gap-default\">\n\t\t\t\t\t<div class=\"elementor-column elementor-col-100 elementor-top-column elementor-element elementor-element-788ded45\" data-id=\"788ded45\" data-element_type=\"column\" data-e-type=\"column\">\n\t\t\t<div class=\"elementor-widget-wrap elementor-element-populated\">\n\t\t\t\t\t\t<div class=\"elementor-element elementor-element-16ea27c4 elementor-widget elementor-widget-text-editor\" data-id=\"16ea27c4\" data-element_type=\"widget\" data-e-type=\"widget\" data-widget_type=\"text-editor.default\">\n\t\t\t\t<div class=\"elementor-widget-container\">\n\t\t\t\t\t\t\t\t\t<p style=\"text-align: justify;\">The company received funding as part of the project entitled \u201eExtension with redevelopment of the hotel building \u201eVilla Wernera\u201d in Szklarska Poreba, implemented by the company \u201eHotel Wernera\u201d Sp. z o.o. \u201d<\/p>\n<p style=\"text-align: justify;\">Projects co-financed by the European Union from the European Regional Development Fund and the state budget under the Regional Operational Programme for the Lower Silesian Voivodship for 2007-2013<\/p>\n<p style=\"text-align: justify;\"><img fetchpriority=\"high\" decoding=\"async\" class=\"aligncenter wp-image-419 size-large\" src=\"https:\/\/villawernera.pl\/wp-content\/uploads\/2016\/10\/listwa_ikon-1024x209.jpeg\" alt=\"regional programme\" width=\"640\" height=\"131\" srcset=\"https:\/\/villawernera.pl\/wp-content\/uploads\/2016\/10\/listwa_ikon.jpeg 1024w, https:\/\/villawernera.pl\/wp-content\/uploads\/2016\/10\/listwa_ikon-300x61.jpeg 300w, https:\/\/villawernera.pl\/wp-content\/uploads\/2016\/10\/listwa_ikon-768x157.jpeg 768w\" sizes=\"(max-width: 640px) 100vw, 640px\" \/><\/p>\n<p style=\"text-align: justify;\">NOTICE OF OFFER SELECTION - Szklarska Poreba 18.03.2015 \u201eExtension with conversion of the hotel building \u201eVilla Wernera\u201d in Szklarska Poreba, implemented by the company \u201eHotel Wernera\u201d Sp. z o.o. \u201dCo-financed by the European Regional Development Fund under:Priority 1: \u201eIncreasing the competitiveness of Lower Silesian enterprises \u201dMeasure 1.1 \u201eInvestments for enterprises \u201dScheme 1.1.D1: \u201dInvestment subsidies for SMEs increasing the tourist attractiveness of the region \u201dSub-scheme 1.1.D1.a: \u201eInvestment projects to enhance the tourist attractiveness of the region (excluding projects to create EURO 2012 accommodation centres) \u201dRegional Operational Programme for the Lower Silesian Voivodship for 2007-2013<\/p>\n<p style=\"text-align: left;\"><a href=\"https:\/\/villawernera.pl\/wp-content\/uploads\/pliki\/20150318-zaw-wyb-ofer.pdf\" target=\"_blank\" rel=\"noopener noreferrer\">NOTICE OF CONTRACTOR SELECTION<\/a><\/p>\n<p style=\"text-align: justify;\">\u00a0\u00a0NOTICE OF CONTRACT - Szklarska Poreba 10.03.2015 \u201eExtension with reconstruction of the hotel building \u201eVilla Wernera\u201d in Szklarska Poreba, implemented by the company \u201eHotel Wernera\u201d Sp. z o.o. \u201dCo-financed by the European Regional Development Fund under:Priority 1: \u201eIncreasing the competitiveness of Lower Silesian enterprises \u201dMeasure 1.1 \u201eInvestments for enterprises \u201dScheme 1.1.D1: \u201dInvestment subsidies for SMEs increasing the tourist attractiveness of the region \u201dSub-scheme 1.1.D1.a: \u201eInvestment projects increasing the tourist attractiveness of the region (excluding projects for the creation of EURO 2012 accommodation centres) \u201dRegional Operational Programme for the Lower Silesian Voivodship for the years 2007 - 2013In relation to numerous telephone enquiries, we would like to inform you that the subject matter of the order in the price part of the offer in the form of a table was incorrectly specified in the NOTICE OF PROCUREMENT dated 06.03.2015.Therefore, we attach the corrected attachment.<\/p>\n<p style=\"text-align: left;\"><a href=\"https:\/\/villawernera.pl\/wp-content\/uploads\/pliki\/20150310-ogloszenie-o-zam.pdf\" target=\"_blank\" rel=\"noopener noreferrer\">CONTRACT INFORMATION<\/a><\/p>\n<p style=\"text-align: justify;\">NOTICE OF CONTRACT - Szklarska Poreba 06.03.2015 \u201eExtension with reconstruction of the hotel building \u201eVilla Wernera\u201d in Szklarska Poreba, implemented by the company \u201eHotel Wernera\u201d Sp. z o.o. \u201dCo-financed by the European Regional Development Fund under:Priority 1: \u201eIncreasing the competitiveness of Lower Silesian enterprises \u201dMeasure 1.1 \u201eInvestments for enterprises \u201dScheme 1.1.D1: \u201dInvestment subsidies for SMEs increasing the tourist attractiveness of the region \u201dSub-scheme 1.1.D1.a: \u201eInvestment projects to enhance the tourist attractiveness of the region (excluding projects to create EURO 2012 accommodation centres) \u201dRegional Operational Programme for the Lower Silesian Voivodship for 2007-2013<\/p>\n<p style=\"text-align: left;\"><a href=\"https:\/\/villawernera.pl\/wp-content\/uploads\/pliki\/20150306-ogloszenie-o-zam.pdf\" target=\"_blank\" rel=\"noopener noreferrer\">CONTRACT NOTICE<\/a><\/p>\n<p style=\"text-align: justify;\">NOTICE OF OFFER SELECTION - Szklarska Poreba 14.02.2014 \u201eExtension with conversion of the hotel building \u201eVilla Wernera\u201d in Szklarska Poreba, implemented by the company \u201eHotel Wernera\u201d Sp. z o.o. \u201dCo-financed by the European Regional Development Fund under:Priority 1: \u201eIncreasing the competitiveness of Lower Silesian enterprises \u201dMeasure 1.1 \u201eInvestments for enterprises \u201dScheme 1.1.D1: \u201dInvestment subsidies for SMEs increasing the tourist attractiveness of the region \u201dSub-scheme 1.1.D1.a: \u201eInvestment projects to enhance the tourist attractiveness of the region (excluding projects to create EURO 2012 accommodation centres) \u201dRegional Operational Programme for the Lower Silesian Voivodship for 2007-2013<\/p>\n<p style=\"text-align: left;\"><a href=\"https:\/\/villawernera.pl\/wp-content\/uploads\/pliki\/20140214-zaw-wyb-ofer.pdf\" target=\"_blank\" rel=\"noopener noreferrer\">NOTICE OF CONTRACTOR SELECTION<\/a><\/p>\n<p style=\"text-align: justify;\">NOTICE OF CONTRACT - Szklarska Poreba 10.01.2014 \u201eExtension with reconstruction of the hotel building \u201eVilla Wernera\u201d in Szklarska Poreba, implemented by the company \u201eHotel Wernera\u201d Sp. z o.o. \u201dCo-financed by the European Regional Development Fund under:Priority 1: \u201eIncreasing the competitiveness of Lower Silesian enterprises \u201dMeasure 1.1 \u201eInvestments for enterprises \u201dScheme 1.1.D1: \u201dInvestment subsidies for SMEs increasing the tourist attractiveness of the region \u201dSub-scheme 1.1.D1.a: \u201eInvestment projects to enhance the tourist attractiveness of the region (excluding projects to create EURO 2012 accommodation centres) \u201dRegional Operational Programme for the Lower Silesian Voivodship for 2007-2013<\/p>\n<p style=\"text-align: left;\"><a href=\"https:\/\/villawernera.pl\/wp-content\/uploads\/pliki\/20140110-ogloszenie-o-zam.pdf\" target=\"_blank\" rel=\"noopener noreferrer\">CONTRACT NOTICE<\/a><\/p>\n<p style=\"text-align: left;\"><a href=\"https:\/\/villawernera.pl\/wp-content\/uploads\/pliki\/20140110-instrukcja-dla-wyk.pdf\" target=\"_blank\" rel=\"noopener noreferrer\">INSTRUCTIONS FOR CONTRACTORS<\/a><\/p>\n<p style=\"text-align: left;\">Annex 1 <a href=\"https:\/\/villawernera.pl\/wp-content\/uploads\/pliki\/20140110-zalacznik-nr-1.pdf\" target=\"_blank\" rel=\"noopener noreferrer\">Model Tender Form<\/a><\/p>\n<p style=\"text-align: left;\">Annex 2 <a href=\"https:\/\/villawernera.pl\/wp-content\/uploads\/pliki\/20140110-zalacznik-nr-2.pdf\" target=\"_blank\" rel=\"noopener noreferrer\">Model declaration of the Economic Operator on the fulfilment of the conditions for participation in the procedure<\/a><\/p>\n<p style=\"text-align: left;\">Annex 3 <a href=\"https:\/\/villawernera.pl\/wp-content\/uploads\/pliki\/20140110-zalacznik-nr-3.pdf\" target=\"_blank\" rel=\"noopener noreferrer\">Model list of works carried out<\/a><\/p>\n<p style=\"text-align: left;\">Annex 4 <a href=\"https:\/\/villawernera.pl\/wp-content\/uploads\/pliki\/20140110-zalacznik-nr-4.pdf\" target=\"_blank\" rel=\"noopener noreferrer\">List of prices for the entire task<\/a><\/p>\n<p style=\"text-align: left;\">Annex 5 <a href=\"https:\/\/villawernera.pl\/wp-content\/uploads\/pliki\/20140110-zalacznik-nr-5.pdf\" target=\"_blank\" rel=\"noopener noreferrer\">List of persons who will perform the contract<\/a>\u00a0\/ <a href=\"https:\/\/villawernera.pl\/wp-content\/uploads\/pliki\/20140110-zalacznik-nr-5a.pdf\" target=\"_blank\" rel=\"noopener noreferrer\">Model - construction contract<\/a><\/p>\n<p style=\"text-align: left;\">Annex 6 <a href=\"https:\/\/villawernera.pl\/wp-content\/uploads\/pliki\/20140110-zalacznik-nr-6.pdf\" target=\"_blank\" rel=\"noopener noreferrer\">Simplified cost estimate<\/a> \/ <a href=\"https:\/\/villawernera.pl\/wp-content\/uploads\/pliki\/20140111-zalacznik-nr-6-uzup.pdf\" target=\"_blank\" rel=\"noopener noreferrer\">Supplementary<\/a><\/p>\t\t\t\t\t\t\t\t<\/div>\n\t\t\t\t<\/div>\n\t\t\t\t\t<\/div>\n\t\t<\/div>\n\t\t\t\t\t<\/div>\n\t\t<\/section>\n\t\t\t\t<\/div>","protected":false},"excerpt":{"rendered":"<p>Firma uzyska\u0142a dofinansowanie w ramach realizacji projektu pn. \u201eRozbudowa z przebudow\u0105 budynku hotelowego \u201eVilla Wernera\u201d w Szklarskiej Por\u0119bie, realizowana przez firm\u0119 &#8222;Hotel Wernera&#8221; Sp. z o.o. \u201d Projekty wsp\u00f3\u0142finansowane przez Uni\u0119 Europejsk\u0105 ze \u015brodk\u00f3w Europejskiego Funduszu Rozwoju Regionalnego oraz z bud\u017cetu pa\u0144stwa w ramach Regionalnego Programu Operacyjnego dla Wojew\u00f3dztwa Dolno\u015bl\u0105skiego na lata 2007-2013 OG\u0141OSZENIE O [&hellip;]<\/p>\n","protected":false},"author":1,"featured_media":0,"parent":0,"menu_order":0,"comment_status":"closed","ping_status":"closed","template":"","meta":{"footnotes":""},"class_list":["post-418","page","type-page","status-publish","hentry"],"_links":{"self":[{"href":"https:\/\/villawernera.pl\/en\/wp-json\/wp\/v2\/pages\/418","targetHints":{"allow":["GET"]}}],"collection":[{"href":"https:\/\/villawernera.pl\/en\/wp-json\/wp\/v2\/pages"}],"about":[{"href":"https:\/\/villawernera.pl\/en\/wp-json\/wp\/v2\/types\/page"}],"author":[{"embeddable":true,"href":"https:\/\/villawernera.pl\/en\/wp-json\/wp\/v2\/users\/1"}],"replies":[{"embeddable":true,"href":"https:\/\/villawernera.pl\/en\/wp-json\/wp\/v2\/comments?post=418"}],"version-history":[{"count":18,"href":"https:\/\/villawernera.pl\/en\/wp-json\/wp\/v2\/pages\/418\/revisions"}],"predecessor-version":[{"id":4591,"href":"https:\/\/villawernera.pl\/en\/wp-json\/wp\/v2\/pages\/418\/revisions\/4591"}],"wp:attachment":[{"href":"https:\/\/villawernera.pl\/en\/wp-json\/wp\/v2\/media?parent=418"}],"curies":[{"name":"wp","href":"https:\/\/api.w.org\/{rel}","templated":true}]}}