{"id":3179,"date":"2020-01-25T12:44:28","date_gmt":"2020-01-25T11:44:28","guid":{"rendered":"https:\/\/www.villawernera.pl\/?page_id=3179"},"modified":"2026-02-10T07:47:51","modified_gmt":"2026-02-10T06:47:51","slug":"easter","status":"publish","type":"page","link":"https:\/\/villawernera.pl\/en\/easter\/","title":{"rendered":"Wielkanoc"},"content":{"rendered":"<div data-elementor-type=\"wp-page\" data-elementor-id=\"3179\" class=\"elementor elementor-3179\" data-elementor-post-type=\"page\">\n\t\t\t\t\t\t<header class=\"elementor-section elementor-top-section elementor-element elementor-element-7560410 elementor-section-height-min-height elementor-section-items-bottom elementor-section-boxed elementor-section-height-default\" data-id=\"7560410\" data-element_type=\"section\" data-e-type=\"section\" data-settings=\"{&quot;background_background&quot;:&quot;classic&quot;}\">\n\t\t\t\t\t\t<div class=\"elementor-container elementor-column-gap-default\">\n\t\t\t\t\t<div class=\"elementor-column elementor-col-100 elementor-top-column elementor-element elementor-element-2d5f143\" data-id=\"2d5f143\" data-element_type=\"column\" data-e-type=\"column\">\n\t\t\t<div class=\"elementor-widget-wrap\">\n\t\t\t\t\t\t\t<\/div>\n\t\t<\/div>\n\t\t\t\t\t<\/div>\n\t\t<\/header>\n\t\t\t\t<header class=\"elementor-section elementor-top-section elementor-element elementor-element-74514e4 elementor-section-full_width elementor-section-height-default elementor-section-height-default\" data-id=\"74514e4\" data-element_type=\"section\" data-e-type=\"section\" data-settings=\"{&quot;background_background&quot;:&quot;classic&quot;}\">\n\t\t\t\t\t\t<div class=\"elementor-container elementor-column-gap-default\">\n\t\t\t\t\t<div class=\"elementor-column elementor-col-100 elementor-top-column elementor-element elementor-element-b27e3cb\" data-id=\"b27e3cb\" data-element_type=\"column\" data-e-type=\"column\">\n\t\t\t<div class=\"elementor-widget-wrap elementor-element-populated\">\n\t\t\t\t\t\t<div class=\"elementor-element elementor-element-0e5d059 elementor-widget elementor-widget-heading\" data-id=\"0e5d059\" data-element_type=\"widget\" data-e-type=\"widget\" data-widget_type=\"heading.default\">\n\t\t\t\t<div class=\"elementor-widget-container\">\n\t\t\t\t\t<h1 class=\"elementor-heading-title elementor-size-default\">Easter in Szklarska Poreba 2026<\/h1>\t\t\t\t<\/div>\n\t\t\t\t<\/div>\n\t\t\t\t<div class=\"elementor-element elementor-element-6503e66 animated-slow elementor-invisible elementor-widget elementor-widget-html\" data-id=\"6503e66\" data-element_type=\"widget\" data-e-type=\"widget\" data-settings=\"{&quot;_animation&quot;:&quot;fadeIn&quot;}\" data-widget_type=\"html.default\">\n\t\t\t\t<div class=\"elementor-widget-container\">\n\t\t\t\t\t<style>.elementor-element-6503e66{display:none !important}<\/style>\t\t\t\t<\/div>\n\t\t\t\t<\/div>\n\t\t\t\t<div class=\"elementor-element elementor-element-aa377c8 animated-slow elementor-invisible elementor-widget elementor-widget-html\" data-id=\"aa377c8\" data-element_type=\"widget\" data-e-type=\"widget\" data-settings=\"{&quot;_animation&quot;:&quot;fadeIn&quot;}\" data-widget_type=\"html.default\">\n\t\t\t\t<div class=\"elementor-widget-container\">\n\t\t\t\t\t<form action=\"https:\/\/panel.hotres.pl\/v4_step1\" target=\"_blank\" class=\"hotresChooser\" id=\"hotresChooser\" method=\"get\"><input type=\"hidden\" name=\"oid\" id=\"hotresOid\" value=\"1832\" \/><input type=\"hidden\" name=\"lang\" id=\"hotresLang\" value=\"\" \/> <input type=\"hidden\" name=\"arrival\" id=\"hotresArrival\" \/><input type=\"hidden\" name=\"departure\" id=\"hotresDeparture\" \/><div class=\"hotresRangeChooser\" id=\"hotresRangeChooser\">    <div id=\"hotresArrivalWrap\"><\/div>    <div id=\"hotresDepartureWrap\"><\/div><\/div><div class=\"hotresAdultsChooser\" id=\"hotresAdultsChooser\"><select name=\"adults\" id=\"hotresAdultsSelect\"><\/select><\/div><div class=\"hotresSubmit\"><button id=\"hotresButtonChooser\"><\/button><\/div><\/form>\r\n\r\n\r\n<script>window.addEventListener('load', (event) => { new hotresChooser({'maxAdults':10,\"lang\":\"en\"});});<\/script>\t\t\t\t<\/div>\n\t\t\t\t<\/div>\n\t\t\t\t<div class=\"elementor-element elementor-element-ab648a2 animated-slow elementor-invisible elementor-widget elementor-widget-html\" data-id=\"ab648a2\" data-element_type=\"widget\" data-e-type=\"widget\" data-settings=\"{&quot;_animation&quot;:&quot;fadeIn&quot;}\" data-widget_type=\"html.default\">\n\t\t\t\t<div class=\"elementor-widget-container\">\n\t\t\t\t\t<style>.elementor-element-ab648a2{display:none !important}<\/style>\t\t\t\t<\/div>\n\t\t\t\t<\/div>\n\t\t\t\t<div class=\"elementor-element elementor-element-3a37a09 elementor-hidden-mobile animated-slow elementor-invisible elementor-widget elementor-widget-html\" data-id=\"3a37a09\" data-element_type=\"widget\" data-e-type=\"widget\" data-settings=\"{&quot;_animation&quot;:&quot;fadeIn&quot;}\" data-widget_type=\"html.default\">\n\t\t\t\t<div class=\"elementor-widget-container\">\n\t\t\t\t\t<style>.elementor-element-3a37a09{display:none !important}<\/style>\t\t\t\t<\/div>\n\t\t\t\t<\/div>\n\t\t\t\t\t<\/div>\n\t\t<\/div>\n\t\t\t\t\t<\/div>\n\t\t<\/header>\n\t\t\t\t<section class=\"elementor-section elementor-top-section elementor-element elementor-element-f4bdc9f elementor-section-content-middle elementor-section-boxed elementor-section-height-default elementor-section-height-default\" data-id=\"f4bdc9f\" data-element_type=\"section\" data-e-type=\"section\">\n\t\t\t\t\t\t<div class=\"elementor-container elementor-column-gap-wider\">\n\t\t\t\t\t<div class=\"elementor-column elementor-col-50 elementor-top-column elementor-element elementor-element-d43ee24 wstazka\" data-id=\"d43ee24\" data-element_type=\"column\" data-e-type=\"column\" data-settings=\"{&quot;background_background&quot;:&quot;classic&quot;}\">\n\t\t\t<div class=\"elementor-widget-wrap elementor-element-populated\">\n\t\t\t\t\t\t<div class=\"elementor-element elementor-element-a3dd0d0 elementor-widget elementor-widget-heading\" data-id=\"a3dd0d0\" data-element_type=\"widget\" data-e-type=\"widget\" data-widget_type=\"heading.default\">\n\t\t\t\t<div class=\"elementor-widget-container\">\n\t\t\t\t\t<p class=\"elementor-heading-title elementor-size-default\">3.04 - 6.04.2026 or 4.04 - 7.04.2026 (minimum 3 nights)\n\n<\/p>\t\t\t\t<\/div>\n\t\t\t\t<\/div>\n\t\t\t\t<div class=\"elementor-element elementor-element-168be0d elementor-widget elementor-widget-text-editor\" data-id=\"168be0d\" data-element_type=\"widget\" data-e-type=\"widget\" data-widget_type=\"text-editor.default\">\n\t\t\t\t<div class=\"elementor-widget-container\">\n\t\t\t\t\t\t\t\t\t<p>Package of 3 nights in a STANDARD room:<\/p><ul><li>PERSON IN A SEPARATE ROOM: PLN 1,599<\/li><li>PERSON IN A 2\/3\/4-PERSON ROOM: PLN 1,399<\/li><li>Surcharge for room with balcony: 100 z\u0142\/night<\/li><\/ul><p>Children:\u00a0<\/p><ul><li>0 - 3 years: FREE sleeping with parents\/add-on bed 100 z\u0142 per night<\/li><li>3 - 7 years: \u00a3649<\/li><li>7 - 12 years: \u00a3799<\/li><\/ul><p><strong>Included in the price of your stay:<\/strong><\/p><ul><li>3 overnight stays in comfortably furnished rooms<\/li><li>3 buffet breakfasts including 2 Christmas breakfasts<\/li><li>3 buffet lunches<\/li><li>2 buffets with cake and coffee<\/li><li>1 campfire with sausage roasting and mulled wine<\/li><\/ul>\t\t\t\t\t\t\t\t<\/div>\n\t\t\t\t<\/div>\n\t\t\t\t<div class=\"elementor-element elementor-element-d93b813 elementor-widget elementor-widget-heading\" data-id=\"d93b813\" data-element_type=\"widget\" data-e-type=\"widget\" data-widget_type=\"heading.default\">\n\t\t\t\t<div class=\"elementor-widget-container\">\n\t\t\t\t\t<p class=\"elementor-heading-title elementor-size-default\">Also included:<\/p>\t\t\t\t<\/div>\n\t\t\t\t<\/div>\n\t\t\t\t<div class=\"elementor-element elementor-element-60c3d7b elementor-widget elementor-widget-text-editor\" data-id=\"60c3d7b\" data-element_type=\"widget\" data-e-type=\"widget\" data-widget_type=\"text-editor.default\">\n\t\t\t\t<div class=\"elementor-widget-container\">\n\t\t\t\t\t\t\t\t\t<ul><li>Parking<\/li><li>Swimming pool with heated water (8:00 - 22:00)<\/li><li>Jacuzzi (8:00 - 22:00)<\/li><li>Finnish sauna and steam sauna (15:00 - 22:00)<\/li><li>Fitness room<\/li><li>Ping - pong table, table football<\/li><li>Play area and board games for the youngest guests<\/li><\/ul>\t\t\t\t\t\t\t\t<\/div>\n\t\t\t\t<\/div>\n\t\t\t\t<div class=\"elementor-element elementor-element-2b60068 elementor-widget elementor-widget-heading\" data-id=\"2b60068\" data-element_type=\"widget\" data-e-type=\"widget\" data-widget_type=\"heading.default\">\n\t\t\t\t<div class=\"elementor-widget-container\">\n\t\t\t\t\t<p class=\"elementor-heading-title elementor-size-default\">Additionally payable<\/p>\t\t\t\t<\/div>\n\t\t\t\t<\/div>\n\t\t\t\t<div class=\"elementor-element elementor-element-f2f94ca elementor-widget elementor-widget-text-editor\" data-id=\"f2f94ca\" data-element_type=\"widget\" data-e-type=\"widget\" data-widget_type=\"text-editor.default\">\n\t\t\t\t<div class=\"elementor-widget-container\">\n\t\t\t\t\t\t\t\t\t<ul><li>Bathrobe (on request): \u00a325\/stay\/person<\/li><li>Local tax: 3.40 PLN\/person<\/li><li>Pets (dogs, cats) - depending on size 35 z\u0142 - 80 z\u0142\/night<\/li><li>Massages<\/li><\/ul>\t\t\t\t\t\t\t\t<\/div>\n\t\t\t\t<\/div>\n\t\t\t\t\t<\/div>\n\t\t<\/div>\n\t\t\t\t<div class=\"elementor-column elementor-col-50 elementor-top-column elementor-element elementor-element-2c583d0 wstazka\" data-id=\"2c583d0\" data-element_type=\"column\" data-e-type=\"column\" data-settings=\"{&quot;background_background&quot;:&quot;classic&quot;}\">\n\t\t\t<div class=\"elementor-widget-wrap elementor-element-populated\">\n\t\t\t\t\t\t<div class=\"elementor-element elementor-element-7a348d4 elementor-widget elementor-widget-heading\" data-id=\"7a348d4\" data-element_type=\"widget\" data-e-type=\"widget\" data-widget_type=\"heading.default\">\n\t\t\t\t<div class=\"elementor-widget-container\">\n\t\t\t\t\t<p class=\"elementor-heading-title elementor-size-default\">Christmas residency plan:<\/p>\t\t\t\t<\/div>\n\t\t\t\t<\/div>\n\t\t\t\t<div class=\"elementor-element elementor-element-0e44214 elementor-widget elementor-widget-text-editor\" data-id=\"0e44214\" data-element_type=\"widget\" data-e-type=\"widget\" data-widget_type=\"text-editor.default\">\n\t\t\t\t<div class=\"elementor-widget-container\">\n\t\t\t\t\t\t\t\t\t<p><strong>3.04 FRIDAY<\/strong><\/p><ul><li>17.00 - 19.30 dinner buffet<\/li><\/ul><p><strong>4.04. SATURDAY<\/strong><\/p><ul><li>8.00 - 10.00 breakfast<\/li><li>13:00 - 15:00 Coffee buffet with cakes<\/li><li>15:00 - 19:00 dinner buffet<\/li><\/ul><p><strong>5.04 EASTER SUNDAY<\/strong><\/p><ul><li>8.00 - 11.00 A.M. FESTIVE EASTER BREAKFAST<\/li><li>13.00 - 15.00 coffee buffet with cakes<\/li><li>16.00 - 19.00 dinner buffet<\/li><li>19:00 bonfire with mulled wine and sausages<\/li><\/ul><p><strong>6.04 EASTER MONDAY<\/strong><\/p><ul><li>8.00 - 11.00 A.M. FESTIVE BREAKFAST<\/li><li>8:00 - 12:00 check-out<\/li><li>13.00 - 15.00 coffee buffet with cakes<\/li><li>16.00 - 19.00 dinner buffet<\/li><\/ul><p><strong>7.04 TUESDAY<\/strong><\/p><ul><li>8.00 - 10.00 breakfast<\/li><li>8:00 - 11:00 check-out<\/li><\/ul>\t\t\t\t\t\t\t\t<\/div>\n\t\t\t\t<\/div>\n\t\t\t\t\t<\/div>\n\t\t<\/div>\n\t\t\t\t\t<\/div>\n\t\t<\/section>\n\t\t\t\t<\/div>","protected":false},"excerpt":{"rendered":"<p>Wielkanoc w Szklarskiej Por\u0119bie 2026 3.04 \u2013 6.04.2026 lub&nbsp; 4.04 \u2013 7.04.2026 (minimum 3 noclegi) Pakiet 3 nocleg\u00f3w w pokoju typu STANDARD: OSOBA DOROS\u0141A W POKOJU 1-os.: 1 599 z\u0142 OSOBA DOROS\u0141A W POKOJU 2\/3\/4-os.: 1 399 z\u0142 Dop\u0142ata do pokoju z balkonem: 100 z\u0142\/noc Dzieci:\u00a0 0 \u2013 3 lat: BEZP\u0141ATNIE \u015bpi\u0105ce z rodzicami\/z dostawk\u0105 [&hellip;]<\/p>\n","protected":false},"author":1,"featured_media":0,"parent":0,"menu_order":0,"comment_status":"closed","ping_status":"closed","template":"","meta":{"footnotes":""},"class_list":["post-3179","page","type-page","status-publish","hentry"],"_links":{"self":[{"href":"https:\/\/villawernera.pl\/en\/wp-json\/wp\/v2\/pages\/3179","targetHints":{"allow":["GET"]}}],"collection":[{"href":"https:\/\/villawernera.pl\/en\/wp-json\/wp\/v2\/pages"}],"about":[{"href":"https:\/\/villawernera.pl\/en\/wp-json\/wp\/v2\/types\/page"}],"author":[{"embeddable":true,"href":"https:\/\/villawernera.pl\/en\/wp-json\/wp\/v2\/users\/1"}],"replies":[{"embeddable":true,"href":"https:\/\/villawernera.pl\/en\/wp-json\/wp\/v2\/comments?post=3179"}],"version-history":[{"count":48,"href":"https:\/\/villawernera.pl\/en\/wp-json\/wp\/v2\/pages\/3179\/revisions"}],"predecessor-version":[{"id":6969,"href":"https:\/\/villawernera.pl\/en\/wp-json\/wp\/v2\/pages\/3179\/revisions\/6969"}],"wp:attachment":[{"href":"https:\/\/villawernera.pl\/en\/wp-json\/wp\/v2\/media?parent=3179"}],"curies":[{"name":"wp","href":"https:\/\/api.w.org\/{rel}","templated":true}]}}