{"id":3063,"date":"2019-12-04T13:25:42","date_gmt":"2019-12-04T12:25:42","guid":{"rendered":"https:\/\/www.villawernera.pl\/?page_id=3063"},"modified":"2025-12-24T07:58:10","modified_gmt":"2025-12-24T06:58:10","slug":"sylwester","status":"publish","type":"page","link":"https:\/\/villawernera.pl\/en\/sylwester\/","title":{"rendered":"Magiczny sylwester w G\u00f3rach"},"content":{"rendered":"<div data-elementor-type=\"wp-page\" data-elementor-id=\"3063\" class=\"elementor elementor-3063\" data-elementor-post-type=\"page\">\n\t\t\t\t\t\t<header class=\"elementor-section elementor-top-section elementor-element elementor-element-3d81ab5 elementor-section-height-min-height elementor-section-items-bottom elementor-section-boxed elementor-section-height-default\" data-id=\"3d81ab5\" data-element_type=\"section\" data-e-type=\"section\" data-settings=\"{&quot;background_background&quot;:&quot;classic&quot;}\">\n\t\t\t\t\t\t<div class=\"elementor-container elementor-column-gap-default\">\n\t\t\t\t\t<div class=\"elementor-column elementor-col-100 elementor-top-column elementor-element elementor-element-c512dd3\" data-id=\"c512dd3\" data-element_type=\"column\" data-e-type=\"column\">\n\t\t\t<div class=\"elementor-widget-wrap\">\n\t\t\t\t\t\t\t<\/div>\n\t\t<\/div>\n\t\t\t\t\t<\/div>\n\t\t<\/header>\n\t\t\t\t<header class=\"elementor-section elementor-top-section elementor-element elementor-element-db1bf22 elementor-section-full_width elementor-section-height-default elementor-section-height-default\" data-id=\"db1bf22\" data-element_type=\"section\" data-e-type=\"section\" data-settings=\"{&quot;background_background&quot;:&quot;classic&quot;}\">\n\t\t\t\t\t\t<div class=\"elementor-container elementor-column-gap-default\">\n\t\t\t\t\t<div class=\"elementor-column elementor-col-100 elementor-top-column elementor-element elementor-element-4d0f093\" data-id=\"4d0f093\" data-element_type=\"column\" data-e-type=\"column\">\n\t\t\t<div class=\"elementor-widget-wrap elementor-element-populated\">\n\t\t\t\t\t\t<div class=\"elementor-element elementor-element-b9bc085 elementor-widget elementor-widget-heading\" data-id=\"b9bc085\" data-element_type=\"widget\" data-e-type=\"widget\" data-widget_type=\"heading.default\">\n\t\t\t\t<div class=\"elementor-widget-container\">\n\t\t\t\t\t<h1 class=\"elementor-heading-title elementor-size-default\">Magical New Year's Eve in Szklarska Poreba<\/h1>\t\t\t\t<\/div>\n\t\t\t\t<\/div>\n\t\t\t\t<div class=\"elementor-element elementor-element-42fd75e animated-slow elementor-invisible elementor-widget elementor-widget-html\" data-id=\"42fd75e\" data-element_type=\"widget\" data-e-type=\"widget\" data-settings=\"{&quot;_animation&quot;:&quot;fadeIn&quot;}\" data-widget_type=\"html.default\">\n\t\t\t\t<div class=\"elementor-widget-container\">\n\t\t\t\t\t<style>.elementor-element-42fd75e{display:none !important}<\/style>\t\t\t\t<\/div>\n\t\t\t\t<\/div>\n\t\t\t\t<div class=\"elementor-element elementor-element-0eff56e animated-slow elementor-invisible elementor-widget elementor-widget-html\" data-id=\"0eff56e\" data-element_type=\"widget\" data-e-type=\"widget\" data-settings=\"{&quot;_animation&quot;:&quot;fadeIn&quot;}\" data-widget_type=\"html.default\">\n\t\t\t\t<div class=\"elementor-widget-container\">\n\t\t\t\t\t<form action=\"https:\/\/panel.hotres.pl\/v4_step1\" target=\"_blank\" class=\"hotresChooser\" id=\"hotresChooser\" method=\"get\"><input type=\"hidden\" name=\"oid\" id=\"hotresOid\" value=\"1832\" \/><input type=\"hidden\" name=\"lang\" id=\"hotresLang\" value=\"\" \/> <input type=\"hidden\" name=\"arrival\" id=\"hotresArrival\" \/><input type=\"hidden\" name=\"departure\" id=\"hotresDeparture\" \/><div class=\"hotresRangeChooser\" id=\"hotresRangeChooser\">    <div id=\"hotresArrivalWrap\"><\/div>    <div id=\"hotresDepartureWrap\"><\/div><\/div><div class=\"hotresAdultsChooser\" id=\"hotresAdultsChooser\"><select name=\"adults\" id=\"hotresAdultsSelect\"><\/select><\/div><div class=\"hotresSubmit\"><button id=\"hotresButtonChooser\"><\/button><\/div><\/form>\r\n\r\n\r\n<script>window.addEventListener('load', (event) => { new hotresChooser({'maxAdults':10,\"lang\":\"en\"});});<\/script>\t\t\t\t<\/div>\n\t\t\t\t<\/div>\n\t\t\t\t<div class=\"elementor-element elementor-element-3e1a7c3 animated-slow elementor-invisible elementor-widget elementor-widget-html\" data-id=\"3e1a7c3\" data-element_type=\"widget\" data-e-type=\"widget\" data-settings=\"{&quot;_animation&quot;:&quot;fadeIn&quot;}\" data-widget_type=\"html.default\">\n\t\t\t\t<div class=\"elementor-widget-container\">\n\t\t\t\t\t<style>.elementor-element-3e1a7c3{display:none !important}<\/style>\t\t\t\t<\/div>\n\t\t\t\t<\/div>\n\t\t\t\t\t<\/div>\n\t\t<\/div>\n\t\t\t\t\t<\/div>\n\t\t<\/header>\n\t\t\t\t<section class=\"elementor-section elementor-top-section elementor-element elementor-element-12c76c9 elementor-section-content-middle elementor-section-boxed elementor-section-height-default elementor-section-height-default\" data-id=\"12c76c9\" data-element_type=\"section\" data-e-type=\"section\">\n\t\t\t\t\t\t<div class=\"elementor-container elementor-column-gap-wider\">\n\t\t\t\t\t<div class=\"elementor-column elementor-col-50 elementor-top-column elementor-element elementor-element-ec23f23 wstazka\" data-id=\"ec23f23\" data-element_type=\"column\" data-e-type=\"column\" data-settings=\"{&quot;background_background&quot;:&quot;classic&quot;}\">\n\t\t\t<div class=\"elementor-widget-wrap elementor-element-populated\">\n\t\t\t\t\t\t<div class=\"elementor-element elementor-element-955248d elementor-widget elementor-widget-heading\" data-id=\"955248d\" data-element_type=\"widget\" data-e-type=\"widget\" data-widget_type=\"heading.default\">\n\t\t\t\t<div class=\"elementor-widget-container\">\n\t\t\t\t\t<p class=\"elementor-heading-title elementor-size-default\">30.12.2025 \u2013 01.01.2026 - 2 noclegi z wy\u017cywieniem i balem sylwestrowym (wtorek \u2013 czwartek) - ju\u017c od 490 z\u0142\/os\/doba<\/p>\t\t\t\t<\/div>\n\t\t\t\t<\/div>\n\t\t\t\t<div class=\"elementor-element elementor-element-41dc1c7 elementor-widget elementor-widget-text-editor\" data-id=\"41dc1c7\" data-element_type=\"widget\" data-e-type=\"widget\" data-widget_type=\"text-editor.default\">\n\t\t\t\t<div class=\"elementor-widget-container\">\n\t\t\t\t\t\t\t\t\t<p><strong>Pobyt sylwestrowy obejmuje:<\/strong><\/p><ul><li>2 nights with buffet breakfast<\/li><li>(30.12.2025) 1 obiadokolacja w formie bufetu<\/li><li>(31.12.2025) 1 lekki bufet obiadowy 14:00 \u2013 17:00<\/li><li>zabawa sylwestrowa z DJ\u00a0 w godz. 20.00 &#8211; 3.00\u00a0 \/ posi\u0142ki zimne i<br \/>ciep\u0142e + napoje + butelka alkoholu na par\u0119\u00a0 (w\u00f3dka, wino, prosecco<br \/>LUB 8 PIW)<\/li><li>wst\u0119p do strefy Wellness \/ basen z wod\u0105 ozonowan\u0105,<br \/>hydromasa\u017cami , jacuzzi, sauna fi\u0144ska, \u0142a\u017ania<\/li><li>car park<\/li><\/ul><p><strong>Oferta tylko dla os\u00f3b doros\u0142ych<\/strong><\/p><p>W dniach od 30 grudnia 2025r. do 1 stycznia 2026 zwierz\u0119ta nie s\u0105 akceptowane.<\/p><p>Dla os\u00f3b z zewn\u0105trz mo\u017cliwo\u015b\u0107 wykupienia tylko balu sylwestrowego w cenie 400 z\u0142.\/os. Maks. 10 miejsc!<\/p><p><strong>Cena dodatkowej doby przed i po ofercie sylwestrowej (opcja dodatkowa)<\/strong><\/p><ul><li>Pok\u00f3j jednoosobowy: 390 z\u0142\/doba ze \u015bniadaniem<\/li><li>Pok\u00f3j dwuosobowy standard: 720 z\u0142\/doba ze \u015bniadaniem<\/li><li>Pok\u00f3j 3 osobowy standard: 1020 z\u0142\/doba ze \u015bniadaniem<\/li><li>Pok\u00f3j 4 osobowy: 1280 z\u0142\/doba ze \u015bniadaniem<\/li><li>Dop\u0142ata do pokoju z balkonem: 60 z\u0142\/doba<\/li><li>Dop\u0142ata do obiadokolacji (opcja) 50 z\u0142\/os\/dzie\u0144<\/li><\/ul><p>\u00a0<\/p>\t\t\t\t\t\t\t\t<\/div>\n\t\t\t\t<\/div>\n\t\t\t\t\t<\/div>\n\t\t<\/div>\n\t\t\t\t<div class=\"elementor-column elementor-col-50 elementor-top-column elementor-element elementor-element-3150c14 wstazka\" data-id=\"3150c14\" data-element_type=\"column\" data-e-type=\"column\" data-settings=\"{&quot;background_background&quot;:&quot;classic&quot;}\">\n\t\t\t<div class=\"elementor-widget-wrap elementor-element-populated\">\n\t\t\t\t\t\t<div class=\"elementor-element elementor-element-a3e97fd elementor-widget elementor-widget-text-editor\" data-id=\"a3e97fd\" data-element_type=\"widget\" data-e-type=\"widget\" data-widget_type=\"text-editor.default\">\n\t\t\t\t<div class=\"elementor-widget-container\">\n\t\t\t\t\t\t\t\t\t<p>To book an offer, please contact the Reception directly tel. <a style=\"text-decoration: underline;\" href=\"tel:0048757677239\">75 76 77 239<\/a> or email: <a style=\"text-decoration: underline;\" href=\"\/en\/kontakt@villawernera.pl\/\">kontakt@villawernera.pl<\/a><\/p>\t\t\t\t\t\t\t\t<\/div>\n\t\t\t\t<\/div>\n\t\t\t\t<div class=\"elementor-element elementor-element-d76ef4d elementor-widget elementor-widget-text-editor\" data-id=\"d76ef4d\" data-element_type=\"widget\" data-e-type=\"widget\" data-widget_type=\"text-editor.default\">\n\t\t\t\t<div class=\"elementor-widget-container\">\n\t\t\t\t\t\t\t\t\t<p><strong>UWAGA!<\/strong><\/p><p>Przy rezerwacji pobieramy 20% zaliczki. Odwo\u0142anie do 14 dni przed terminem rezerwacji \u2013 anulowanie pobytu bezp\u0142atnie. Zwracamy wp\u0142acon\u0105 zaliczk\u0119 w ca\u0142o\u015bci. Przy anulowaniu rezerwacji poni\u017cej 14 dni przed terminem pobieramy 100% op\u0142aty za pierwsz\u0105 dob\u0119 rezerwacji<\/p>\t\t\t\t\t\t\t\t<\/div>\n\t\t\t\t<\/div>\n\t\t\t\t\t<\/div>\n\t\t<\/div>\n\t\t\t\t\t<\/div>\n\t\t<\/section>\n\t\t\t\t<\/div>","protected":false},"excerpt":{"rendered":"<p>Magiczny sylwester w Szklarskiej Por\u0119bie 30.12.2025 \u2013 01.01.2026 &#8211; 2 noclegi z wy\u017cywieniem i balem sylwestrowym (wtorek \u2013 czwartek) &#8211; ju\u017c od 490 z\u0142\/os\/doba Pobyt sylwestrowy obejmuje: 2 noclegi ze \u015bniadaniem w formie bufetu (30.12.2025) 1 obiadokolacja w formie bufetu (31.12.2025) 1 lekki bufet obiadowy 14:00 \u2013 17:00 zabawa sylwestrowa z DJ\u00a0 w godz. 20.00 [&hellip;]<\/p>\n","protected":false},"author":1,"featured_media":0,"parent":0,"menu_order":0,"comment_status":"closed","ping_status":"closed","template":"","meta":{"footnotes":""},"class_list":["post-3063","page","type-page","status-publish","hentry"],"_links":{"self":[{"href":"https:\/\/villawernera.pl\/en\/wp-json\/wp\/v2\/pages\/3063","targetHints":{"allow":["GET"]}}],"collection":[{"href":"https:\/\/villawernera.pl\/en\/wp-json\/wp\/v2\/pages"}],"about":[{"href":"https:\/\/villawernera.pl\/en\/wp-json\/wp\/v2\/types\/page"}],"author":[{"embeddable":true,"href":"https:\/\/villawernera.pl\/en\/wp-json\/wp\/v2\/users\/1"}],"replies":[{"embeddable":true,"href":"https:\/\/villawernera.pl\/en\/wp-json\/wp\/v2\/comments?post=3063"}],"version-history":[{"count":67,"href":"https:\/\/villawernera.pl\/en\/wp-json\/wp\/v2\/pages\/3063\/revisions"}],"predecessor-version":[{"id":6828,"href":"https:\/\/villawernera.pl\/en\/wp-json\/wp\/v2\/pages\/3063\/revisions\/6828"}],"wp:attachment":[{"href":"https:\/\/villawernera.pl\/en\/wp-json\/wp\/v2\/media?parent=3063"}],"curies":[{"name":"wp","href":"https:\/\/api.w.org\/{rel}","templated":true}]}}