{"id":1355,"date":"2018-05-25T16:08:48","date_gmt":"2018-05-25T14:08:48","guid":{"rendered":"https:\/\/www.villawernera.pl\/?page_id=1355"},"modified":"2023-09-14T06:42:12","modified_gmt":"2023-09-14T04:42:12","slug":"privacy-policy","status":"publish","type":"page","link":"https:\/\/villawernera.pl\/en\/privacy-policy\/","title":{"rendered":"Privacy policy"},"content":{"rendered":"<div data-elementor-type=\"wp-post\" data-elementor-id=\"1355\" class=\"elementor elementor-1355\" data-elementor-post-type=\"page\">\n\t\t\t\t\t\t<header class=\"elementor-section elementor-top-section elementor-element elementor-element-4d33d57 elementor-section-full_width elementor-section-height-default elementor-section-height-default\" data-id=\"4d33d57\" data-element_type=\"section\" data-e-type=\"section\" data-settings=\"{&quot;background_background&quot;:&quot;classic&quot;}\">\n\t\t\t\t\t\t<div class=\"elementor-container elementor-column-gap-default\">\n\t\t\t\t\t<div class=\"elementor-column elementor-col-100 elementor-top-column elementor-element elementor-element-ec3a4e0\" data-id=\"ec3a4e0\" data-element_type=\"column\" data-e-type=\"column\">\n\t\t\t<div class=\"elementor-widget-wrap elementor-element-populated\">\n\t\t\t\t\t\t<div class=\"elementor-element elementor-element-84393c4 elementor-widget elementor-widget-heading\" data-id=\"84393c4\" data-element_type=\"widget\" data-e-type=\"widget\" data-widget_type=\"heading.default\">\n\t\t\t\t<div class=\"elementor-widget-container\">\n\t\t\t\t\t<h1 class=\"elementor-heading-title elementor-size-default\">Privacy policy<\/h1>\t\t\t\t<\/div>\n\t\t\t\t<\/div>\n\t\t\t\t\t<\/div>\n\t\t<\/div>\n\t\t\t\t\t<\/div>\n\t\t<\/header>\n\t\t\t\t<section class=\"elementor-section elementor-top-section elementor-element elementor-element-19c4141e elementor-section-boxed elementor-section-height-default elementor-section-height-default\" data-id=\"19c4141e\" data-element_type=\"section\" data-e-type=\"section\">\n\t\t\t\t\t\t<div class=\"elementor-container elementor-column-gap-default\">\n\t\t\t\t\t<div class=\"elementor-column elementor-col-100 elementor-top-column elementor-element elementor-element-54e7117a\" data-id=\"54e7117a\" data-element_type=\"column\" data-e-type=\"column\">\n\t\t\t<div class=\"elementor-widget-wrap elementor-element-populated\">\n\t\t\t\t\t\t<div class=\"elementor-element elementor-element-4b0ef824 elementor-widget elementor-widget-text-editor\" data-id=\"4b0ef824\" data-element_type=\"widget\" data-e-type=\"widget\" data-widget_type=\"text-editor.default\">\n\t\t\t\t<div class=\"elementor-widget-container\">\n\t\t\t\t\t\t\t\t\t<h3>\u00a7.1 General provisions<\/h3><p style=\"text-align: left;\">The data administrator is HOTEL WERNERA Sp. z o.o. 9 Armii Krajowej Street, 58-580 Szklarska Por\u0119ba. Data protection is carried out in accordance with the requirements of generally applicable laws, and data storage takes place on secured servers.<\/p><p style=\"text-align: left;\">For the interpretation of terms, the glossary of Terms and Conditions shall apply. For the purpose of a better perception of the Privacy Policy, the term \u201eUser\u201d is replaced by \u201eyou\u201d, \u201eAdministrator\u201d by \u201eus\u201d. The term \u201eRODO\u201d means Regulation (EU) 2016\/679 of the European Parliament and of the Council of 27 April 2016 on the protection of natural persons with regard to the processing of personal data and on the free movement of such data and repealing Directive 95\/46\/EC.<\/p><p style=\"text-align: left;\">We respect the right to privacy and take care of data security. For this purpose, we use, among other things, a secure communication encryption protocol (SSL).<\/p><p style=\"text-align: left;\">Personal data provided on forms:<\/p><ul><li style=\"text-align: left;\">https:\/\/villawernera.pl\/kontakt\/<\/li><li style=\"text-align: left;\">https:\/\/villawernera.pl\/de\/kontakt\/<\/li><li style=\"text-align: left;\">https:\/\/villawernera.pl\/en\/contact\/<\/li><li style=\"text-align: left;\">Booking form<\/li><\/ul><p>are treated as confidential and are not visible to unauthorised persons.<\/p><h3>\u00a72 Data controller<\/h3><p>Personal data is processed:<\/p><ul><li>in accordance with data protection legislation,<\/li><li>in accordance with the implemented Privacy Policy,<\/li><li>to the extent and for the purpose necessary for the establishment, formation of the content of the Agreement, modification or termination thereof and the proper performance of the Services provided by electronic means,<\/li><li>to the extent and for the purpose necessary for the fulfilment of legitimate interests (legitimate purposes) and the processing does not prejudice the rights and freedoms of the data subject:<\/li><\/ul><p style=\"text-align: left;\">Every data subject (if we are the data controller) has the right of access, rectification, erasure or restriction of processing, the right to object, the right to lodge a complaint with a supervisory authority.<\/p><p style=\"text-align: left;\">Contact with the person supervising the processing of personal data in the Service Provider's organisation is possible by e-mail at: kontakt@villawernera.pl<\/p><p style=\"text-align: left;\">The deletion of personal data may take place as a result of the withdrawal of consent or the lodging of a legally permissible objection to the processing of personal data.<\/p><p style=\"text-align: left;\">The Service Provider shall not make personal data available to entities other than those authorised by the relevant legislation.<\/p><p style=\"text-align: left;\">We have implemented data encryption and have access control in place to minimise the impact of any data security breach.<\/p><p style=\"text-align: left;\">Personal data is processed only by persons authorised by us or by processors with whom we work closely.<\/p><h3 style=\"text-align: left;\">\u00a73 Cookies<\/h3><p style=\"text-align: left;\">The website https:\/\/villawernera.pl uses cookies. These are small text files sent by the web server and stored by the browser's computer software. When the browser reconnects to the website, the website recognises the type of device from which the user is connecting. The parameters only allow the server that created them to read the information they contain. Cookies therefore facilitate the use of previously visited sites.<\/p><p style=\"text-align: left;\">The information collected relates to the IP address, type of browser used, language, type of operating system, internet service provider, time and date information, location and information sent to the website via the contact form.<\/p><p style=\"text-align: left;\">The data we collect is used to monitor and see how users use our website in order to improve the site by providing a more efficient and seamless navigation experience. We monitor user information using the Google Analytics tool, which records user behaviour on the site.<\/p><p style=\"text-align: left;\">Cookies identify the user so that the content of the site they are using is tailored to their needs. By remembering your preferences, it makes it possible to tailor targeted advertising to you. We use cookies to guarantee the highest standard of comfort on our website, and the data collected is only used internally to optimise operations.<\/p><p style=\"text-align: left;\">19 We use the following cookies on our website:<\/p><ol><li style=\"text-align: left;\">\u201enecessary\u201d cookies to enable the use of services available on the website, e.g. authentication cookies used for services that require authentication on the website;<\/li><li style=\"text-align: left;\">cookies used for security purposes, e.g. used to detect misuse of authentication on the website;<\/li><li style=\"text-align: left;\">\u201eperformance\u201d cookies, enabling the collection of information about the use of the website's pages;<\/li><\/ol><p>The user has the option to disable or restore the collection of cookies at any time by changing the settings in their web browser. Instructions on how to manage cookies are available at<\/p><p>http:\/\/www.allaboutcookies.org\/manage-cookies<\/p><p>Additional personal data, such as the e-mail address, is only collected where the user has expressly consented to this by completing the form. We retain and use the above data only for the purposes necessary to perform the respective function.<\/p>\t\t\t\t\t\t\t\t<\/div>\n\t\t\t\t<\/div>\n\t\t\t\t\t<\/div>\n\t\t<\/div>\n\t\t\t\t\t<\/div>\n\t\t<\/section>\n\t\t\t\t<\/div>","protected":false},"excerpt":{"rendered":"<p>\u00a7.1 Postanowienia Og\u00f3lne Administratorem danych jest HOTEL WERNERA Sp. z o.o. ul. Armii Krajowej 9, 58-580 Szklarska Por\u0119ba. Ochrona danych odbywa si\u0119 zgodnie z wymogami powszechnie obowi\u0105zuj\u0105cych przepis\u00f3w prawa, a ich przechowywanie ma miejsce na zabezpieczonych serwerach. Dla interpretacji termin\u00f3w stosuje si\u0119 s\u0142owniczek Regulaminu. Na potrzeby lepszego odbioru Polityki Prywatno\u015bci termin \u201eU\u017cytkownik\u201d zast\u0105piony zosta\u0142 okre\u015bleniem [&hellip;]<\/p>\n","protected":false},"author":1,"featured_media":0,"parent":0,"menu_order":0,"comment_status":"closed","ping_status":"closed","template":"","meta":{"footnotes":""},"class_list":["post-1355","page","type-page","status-publish","hentry"],"_links":{"self":[{"href":"https:\/\/villawernera.pl\/en\/wp-json\/wp\/v2\/pages\/1355","targetHints":{"allow":["GET"]}}],"collection":[{"href":"https:\/\/villawernera.pl\/en\/wp-json\/wp\/v2\/pages"}],"about":[{"href":"https:\/\/villawernera.pl\/en\/wp-json\/wp\/v2\/types\/page"}],"author":[{"embeddable":true,"href":"https:\/\/villawernera.pl\/en\/wp-json\/wp\/v2\/users\/1"}],"replies":[{"embeddable":true,"href":"https:\/\/villawernera.pl\/en\/wp-json\/wp\/v2\/comments?post=1355"}],"version-history":[{"count":12,"href":"https:\/\/villawernera.pl\/en\/wp-json\/wp\/v2\/pages\/1355\/revisions"}],"predecessor-version":[{"id":4597,"href":"https:\/\/villawernera.pl\/en\/wp-json\/wp\/v2\/pages\/1355\/revisions\/4597"}],"wp:attachment":[{"href":"https:\/\/villawernera.pl\/en\/wp-json\/wp\/v2\/media?parent=1355"}],"curies":[{"name":"wp","href":"https:\/\/api.w.org\/{rel}","templated":true}]}}