{"id":7001,"date":"2026-02-17T14:33:00","date_gmt":"2026-02-17T13:33:00","guid":{"rendered":"https:\/\/villawernera.pl\/?page_id=7001"},"modified":"2026-02-17T14:42:32","modified_gmt":"2026-02-17T13:42:32","slug":"kommunion-in-der-villa-wernera-hotel","status":"publish","type":"page","link":"https:\/\/villawernera.pl\/de\/kommunion-in-der-villa-wernera-hotel\/","title":{"rendered":"Kommunion im Hotel Villa Wernera"},"content":{"rendered":"<div data-elementor-type=\"wp-page\" data-elementor-id=\"7001\" class=\"elementor elementor-7001\" data-elementor-post-type=\"page\">\n\t\t\t\t\t\t<header class=\"elementor-section elementor-top-section elementor-element elementor-element-c703495 elementor-section-height-min-height elementor-section-items-bottom elementor-section-boxed elementor-section-height-default\" data-id=\"c703495\" data-element_type=\"section\" data-e-type=\"section\" data-settings=\"{&quot;background_background&quot;:&quot;classic&quot;}\">\n\t\t\t\t\t\t<div class=\"elementor-container elementor-column-gap-default\">\n\t\t\t\t\t<div class=\"elementor-column elementor-col-100 elementor-top-column elementor-element elementor-element-a97749e\" data-id=\"a97749e\" data-element_type=\"column\" data-e-type=\"column\">\n\t\t\t<div class=\"elementor-widget-wrap\">\n\t\t\t\t\t\t\t<\/div>\n\t\t<\/div>\n\t\t\t\t\t<\/div>\n\t\t<\/header>\n\t\t\t\t<header class=\"elementor-section elementor-top-section elementor-element elementor-element-b714814 elementor-section-full_width elementor-section-height-default elementor-section-height-default\" data-id=\"b714814\" data-element_type=\"section\" data-e-type=\"section\" data-settings=\"{&quot;background_background&quot;:&quot;classic&quot;}\">\n\t\t\t\t\t\t<div class=\"elementor-container elementor-column-gap-default\">\n\t\t\t\t\t<div class=\"elementor-column elementor-col-100 elementor-top-column elementor-element elementor-element-e5e382a\" data-id=\"e5e382a\" data-element_type=\"column\" data-e-type=\"column\">\n\t\t\t<div class=\"elementor-widget-wrap elementor-element-populated\">\n\t\t\t\t\t\t<div class=\"elementor-element elementor-element-c1ec72b elementor-widget elementor-widget-heading\" data-id=\"c1ec72b\" data-element_type=\"widget\" data-e-type=\"widget\" data-widget_type=\"heading.default\">\n\t\t\t\t<div class=\"elementor-widget-container\">\n\t\t\t\t\t<h1 class=\"elementor-heading-title elementor-size-default\">Kommunion im Hotel Villa Wernera<\/h1>\t\t\t\t<\/div>\n\t\t\t\t<\/div>\n\t\t\t\t\t<\/div>\n\t\t<\/div>\n\t\t\t\t\t<\/div>\n\t\t<\/header>\n\t\t\t\t<section class=\"elementor-section elementor-top-section elementor-element elementor-element-a3af5bd elementor-section-content-middle elementor-section-boxed elementor-section-height-default elementor-section-height-default\" data-id=\"a3af5bd\" data-element_type=\"section\" data-e-type=\"section\">\n\t\t\t\t\t\t<div class=\"elementor-container elementor-column-gap-wider\">\n\t\t\t\t\t<div class=\"elementor-column elementor-col-50 elementor-top-column elementor-element elementor-element-28f4f0e wstazka\" data-id=\"28f4f0e\" data-element_type=\"column\" data-e-type=\"column\" data-settings=\"{&quot;background_background&quot;:&quot;classic&quot;}\">\n\t\t\t<div class=\"elementor-widget-wrap elementor-element-populated\">\n\t\t\t\t\t\t<div class=\"elementor-element elementor-element-56a5b64 elementor-widget elementor-widget-text-editor\" data-id=\"56a5b64\" data-element_type=\"widget\" data-e-type=\"widget\" data-widget_type=\"text-editor.default\">\n\t\t\t\t<div class=\"elementor-widget-container\">\n\t\t\t\t\t\t\t\t\t<p>Die erste heilige Kommunion ist ein besonderer Tag - voller Emotionen, Freude und Familienzusammenk\u00fcnfte. Im Hotel Villa Wernera in Szklarska Poreba schaffen wir f\u00fcr Sie eine elegante, warme und famili\u00e4re Atmosph\u00e4re, in der Sie diese au\u00dfergew\u00f6hnliche Zeremonie voll und ganz feiern k\u00f6nnen.<\/p><p>Wir k\u00fcmmern uns um jedes Detail - vom k\u00f6stlichen Men\u00fc \u00fcber die \u00e4sthetische Anordnung der Tische bis hin zum Komfort und der Freiheit aller G\u00e4ste.<\/p><p>Wir wissen, wie wichtig Komfort am Tag der Feierlichkeiten ist. Ein gro\u00dfer, kostenloser Parkplatz sorgt f\u00fcr den Komfort aller G\u00e4ste, und der weitl\u00e4ufige Garten rund um das Hotel bietet den Kindern die M\u00f6glichkeit, frei zu spielen und sch\u00f6ne Erinnerungsfotos zu machen. Ein Minispielplatz sorgt daf\u00fcr, dass sich die kleinsten G\u00e4ste nicht langweilen.<\/p>\t\t\t\t\t\t\t\t<\/div>\n\t\t\t\t<\/div>\n\t\t\t\t<div class=\"elementor-element elementor-element-3d7e7a9 elementor-widget elementor-widget-heading\" data-id=\"3d7e7a9\" data-element_type=\"widget\" data-e-type=\"widget\" data-widget_type=\"heading.default\">\n\t\t\t\t<div class=\"elementor-widget-container\">\n\t\t\t\t\t<h3 class=\"elementor-heading-title elementor-size-default\">Wir bieten:<\/h3>\t\t\t\t<\/div>\n\t\t\t\t<\/div>\n\t\t\t\t<div class=\"elementor-element elementor-element-77b8fee elementor-widget elementor-widget-text-editor\" data-id=\"77b8fee\" data-element_type=\"widget\" data-e-type=\"widget\" data-widget_type=\"text-editor.default\">\n\t\t\t\t<div class=\"elementor-widget-container\">\n\t\t\t\t\t\t\t\t\t<ul><li>Eleganter, stimmungsvoller Saal mit professionellem Service<\/li><li>originelles Men\u00fc aus frischen, hochwertigen Produkten<\/li><li>individueller Ansatz f\u00fcr jede Familie<\/li><li>gro\u00dfer, kostenloser Parkplatz f\u00fcr alle G\u00e4ste<\/li><li>gro\u00dfz\u00fcgiger Garten rund um das Hotel - ideal f\u00fcr einen Moment der Entspannung und Familienfotos<\/li><li>ein Mini-Kinderspielplatz - damit sich auch die Kleinen besonders wohl f\u00fchlen<\/li><\/ul><p>Dank seiner Lage im Herzen des Riesengebirges l\u00e4sst sich ein Fest mit einer Familienwanderung und einem gemeinsamen Aufenthalt in der sch\u00f6nen Berglandschaft verbinden.<\/p>\t\t\t\t\t\t\t\t<\/div>\n\t\t\t\t<\/div>\n\t\t\t\t<div class=\"elementor-element elementor-element-7ce75fd elementor-widget elementor-widget-heading\" data-id=\"7ce75fd\" data-element_type=\"widget\" data-e-type=\"widget\" data-widget_type=\"heading.default\">\n\t\t\t\t<div class=\"elementor-widget-container\">\n\t\t\t\t\t<p class=\"elementor-heading-title elementor-size-default\">Vorgeschlagene Optionen f\u00fcr den Kommunionempfang:<\/p>\t\t\t\t<\/div>\n\t\t\t\t<\/div>\n\t\t\t\t<div class=\"elementor-element elementor-element-ab1b48f text elementor-widget elementor-widget-text-editor\" data-id=\"ab1b48f\" data-element_type=\"widget\" data-e-type=\"widget\" data-widget_type=\"text-editor.default\">\n\t\t\t\t<div class=\"elementor-widget-container\">\n\t\t\t\t\t\t\t\t\t<p>Wir haben drei Men\u00fcoptionen vorbereitet, die sich in der Auswahl der Gerichte und im Preis unterscheiden, so dass Sie die Option w\u00e4hlen k\u00f6nnen, die am besten zu Ihren Bed\u00fcrfnissen passt.<\/p><p><strong>Option I<\/strong> - Klassisch: 180 PLN\/Erwachsener<br \/><a href=\"https:\/\/villawernera.pl\/wp-content\/uploads\/2026\/02\/komunia-standard.pdf\" target=\"_blank\" rel=\"noopener\">PDF anzeigen<\/a><\/p><p><strong>Option II<\/strong> - Erweitert: \u00a3290\/Erwachsener<br \/><a href=\"https:\/\/villawernera.pl\/wp-content\/uploads\/2026\/02\/komunia-rozszerzony.pdf\" target=\"_blank\" rel=\"noopener\">PDF anzeigen<\/a><\/p><p><strong>Option III<\/strong> - Pr\u00e4mie: 400 PLN\/Erwachsener <br \/><a href=\"https:\/\/villawernera.pl\/wp-content\/uploads\/2026\/02\/komunia-premium.pdf\" target=\"_blank\" rel=\"noopener\">PDF anzeigen<\/a><\/p>\t\t\t\t\t\t\t\t<\/div>\n\t\t\t\t<\/div>\n\t\t\t\t\t<\/div>\n\t\t<\/div>\n\t\t\t\t<div class=\"elementor-column elementor-col-50 elementor-top-column elementor-element elementor-element-3ff4a81 wstazka\" data-id=\"3ff4a81\" data-element_type=\"column\" data-e-type=\"column\" data-settings=\"{&quot;background_background&quot;:&quot;classic&quot;}\">\n\t\t\t<div class=\"elementor-widget-wrap elementor-element-populated\">\n\t\t\t\t\t\t<div class=\"elementor-element elementor-element-218d902 elementor-widget elementor-widget-heading\" data-id=\"218d902\" data-element_type=\"widget\" data-e-type=\"widget\" data-widget_type=\"heading.default\">\n\t\t\t\t<div class=\"elementor-widget-container\">\n\t\t\t\t\t<h3 class=\"elementor-heading-title elementor-size-default\">Bei jeder Option bieten wir:\n<\/h3>\t\t\t\t<\/div>\n\t\t\t\t<\/div>\n\t\t\t\t<div class=\"elementor-element elementor-element-f7ed0c7 elementor-widget elementor-widget-text-editor\" data-id=\"f7ed0c7\" data-element_type=\"widget\" data-e-type=\"widget\" data-widget_type=\"text-editor.default\">\n\t\t\t\t<div class=\"elementor-widget-container\">\n\t\t\t\t\t\t\t\t\t<ul><li>Zimmerverf\u00fcgbarkeit von 12:00 - 20:00<\/li><li>Erm\u00e4\u00dfigungen f\u00fcr Kinder:<ul><li>Kinder unter 3 Jahren sind kostenlos<\/li><li>Kinder von 3 bis 7 Jahren - 50% Rabatt auf den Erwachsenenpreis<\/li><li>Kinder von 7 bis 12 Jahren - 30 % Rabatt auf den Erwachsenenpreis.<\/li><\/ul><\/li><\/ul><p>Im Preis enthalten ist auch ein Geschenk des Hotels f\u00fcr das erste Kind.<\/p><p>F\u00fcr Gruppen von mehr als 15 Vollzahlern ist eine individuelle Preisgestaltung m\u00f6glich.<\/p>\t\t\t\t\t\t\t\t<\/div>\n\t\t\t\t<\/div>\n\t\t\t\t<div class=\"elementor-element elementor-element-d82d2d5 elementor-widget elementor-widget-heading\" data-id=\"d82d2d5\" data-element_type=\"widget\" data-e-type=\"widget\" data-widget_type=\"heading.default\">\n\t\t\t\t<div class=\"elementor-widget-container\">\n\t\t\t\t\t<h3 class=\"elementor-heading-title elementor-size-default\">Zus\u00e4tzliche M\u00f6glichkeiten:<\/h3>\t\t\t\t<\/div>\n\t\t\t\t<\/div>\n\t\t\t\t<div class=\"elementor-element elementor-element-8688b74 elementor-widget elementor-widget-text-editor\" data-id=\"8688b74\" data-element_type=\"widget\" data-e-type=\"widget\" data-widget_type=\"text-editor.default\">\n\t\t\t\t<div class=\"elementor-widget-container\">\n\t\t\t\t\t\t\t\t\t<p>Auf Anfrage k\u00f6nnen wir bei der Organisation behilflich sein:<\/p><ul><li>Kommunionkuchen<\/li><li>Tischdekorationen<\/li><li>Unterkunft f\u00fcr G\u00e4ste von au\u00dferhalb der Region<\/li><li>individuelle Men\u00fc\u00e4nderungen (vegetarische Optionen, Kinderoptionen)<\/li><\/ul>\t\t\t\t\t\t\t\t<\/div>\n\t\t\t\t<\/div>\n\t\t\t\t<div class=\"elementor-element elementor-element-7126cff elementor-widget elementor-widget-text-editor\" data-id=\"7126cff\" data-element_type=\"widget\" data-e-type=\"widget\" data-widget_type=\"text-editor.default\">\n\t\t\t\t<div class=\"elementor-widget-container\">\n\t\t\t\t\t\t\t\t\t<p>Nehmen Sie Kontakt mit uns auf!<\/p>\t\t\t\t\t\t\t\t<\/div>\n\t\t\t\t<\/div>\n\t\t\t\t<div class=\"elementor-element elementor-element-8a5fdd9 elementor-widget elementor-widget-text-editor\" data-id=\"8a5fdd9\" data-element_type=\"widget\" data-e-type=\"widget\" data-widget_type=\"text-editor.default\">\n\t\t\t\t<div class=\"elementor-widget-container\">\n\t\t\t\t\t\t\t\t\t<p>Wir erstellen Ihnen gerne ein individuelles Angebot und beantworten alle Ihre Fragen. Die Anzahl der Kommuniontermine ist begrenzt - wir empfehlen Ihnen, im Voraus zu buchen.<\/p>\t\t\t\t\t\t\t\t<\/div>\n\t\t\t\t<\/div>\n\t\t\t\t<div class=\"elementor-element elementor-element-48eff33 elementor-widget elementor-widget-text-editor\" data-id=\"48eff33\" data-element_type=\"widget\" data-e-type=\"widget\" data-widget_type=\"text-editor.default\">\n\t\t\t\t<div class=\"elementor-widget-container\">\n\t\t\t\t\t\t\t\t\t<p>Kontakt:tel. <a style=\"text-decoration: underline;\" href=\"tel:0048757677239\">75 76 77 239<\/a> oder per E-Mail: <a style=\"text-decoration: underline;\" href=\"\/de\/kontakt@villawernera.pl\/\">kontakt@villawernera.pl<\/a><\/p>\t\t\t\t\t\t\t\t<\/div>\n\t\t\t\t<\/div>\n\t\t\t\t<div class=\"elementor-element elementor-element-a3d13d8 elementor-widget elementor-widget-heading\" data-id=\"a3d13d8\" data-element_type=\"widget\" data-e-type=\"widget\" data-widget_type=\"heading.default\">\n\t\t\t\t<div class=\"elementor-widget-container\">\n\t\t\t\t\t<h3 class=\"elementor-heading-title elementor-size-default\">Werner's Villa - ein einzigartiger Ort f\u00fcr besondere Momente.<\/h3>\t\t\t\t<\/div>\n\t\t\t\t<\/div>\n\t\t\t\t\t<\/div>\n\t\t<\/div>\n\t\t\t\t\t<\/div>\n\t\t<\/section>\n\t\t\t\t<\/div>","protected":false},"excerpt":{"rendered":"<p>Pierwsza Komunia \u015awi\u0119ta to wyj\u0105tkowy dzie\u0144 \u2013 pe\u0142en wzrusze\u0144, rado\u015bci i rodzinnych spotka\u0144. W Hotelu Villa Wernera w Szklarskiej Por\u0119bie stworzymy dla Pa\u0144stwa eleganck\u0105, ciep\u0142\u0105 i rodzinn\u0105 atmosfer\u0119, w kt\u00f3rej b\u0119d\u0105 mogli Pa\u0144stwo w pe\u0142ni celebrowa\u0107 t\u0119 niezwyk\u0142\u0105 uroczysto\u015b\u0107. Zadbamy o ka\u017cdy detal \u2013 od wy\u015bmienitego menu, przez estetyczn\u0105 aran\u017cacj\u0119 sto\u0142\u00f3w, a\u017c po komfort i [&hellip;]<\/p>\n","protected":false},"author":1,"featured_media":0,"parent":0,"menu_order":0,"comment_status":"closed","ping_status":"closed","template":"","meta":{"footnotes":""},"class_list":["post-7001","page","type-page","status-publish","hentry"],"_links":{"self":[{"href":"https:\/\/villawernera.pl\/de\/wp-json\/wp\/v2\/pages\/7001","targetHints":{"allow":["GET"]}}],"collection":[{"href":"https:\/\/villawernera.pl\/de\/wp-json\/wp\/v2\/pages"}],"about":[{"href":"https:\/\/villawernera.pl\/de\/wp-json\/wp\/v2\/types\/page"}],"author":[{"embeddable":true,"href":"https:\/\/villawernera.pl\/de\/wp-json\/wp\/v2\/users\/1"}],"replies":[{"embeddable":true,"href":"https:\/\/villawernera.pl\/de\/wp-json\/wp\/v2\/comments?post=7001"}],"version-history":[{"count":7,"href":"https:\/\/villawernera.pl\/de\/wp-json\/wp\/v2\/pages\/7001\/revisions"}],"predecessor-version":[{"id":7013,"href":"https:\/\/villawernera.pl\/de\/wp-json\/wp\/v2\/pages\/7001\/revisions\/7013"}],"wp:attachment":[{"href":"https:\/\/villawernera.pl\/de\/wp-json\/wp\/v2\/media?parent=7001"}],"curies":[{"name":"wp","href":"https:\/\/api.w.org\/{rel}","templated":true}]}}