{"id":5868,"date":"2024-11-17T18:48:56","date_gmt":"2024-11-17T17:48:56","guid":{"rendered":"https:\/\/villawernera.pl\/?page_id=5868"},"modified":"2026-03-06T08:06:43","modified_gmt":"2026-03-06T07:06:43","slug":"aufenthalte-fur-gruppen","status":"publish","type":"page","link":"https:\/\/villawernera.pl\/de\/aufenthalte-fur-gruppen\/","title":{"rendered":"Gruppenaufenthalte"},"content":{"rendered":"<div data-elementor-type=\"wp-page\" data-elementor-id=\"5868\" class=\"elementor elementor-5868\" data-elementor-post-type=\"page\">\n\t\t\t\t\t\t<header class=\"elementor-section elementor-top-section elementor-element elementor-element-1e46fd0 elementor-section-height-min-height elementor-section-items-bottom elementor-section-boxed elementor-section-height-default\" data-id=\"1e46fd0\" data-element_type=\"section\" data-e-type=\"section\" data-settings=\"{&quot;background_background&quot;:&quot;classic&quot;}\">\n\t\t\t\t\t\t<div class=\"elementor-container elementor-column-gap-default\">\n\t\t\t\t\t<div class=\"elementor-column elementor-col-100 elementor-top-column elementor-element elementor-element-6d358df\" data-id=\"6d358df\" data-element_type=\"column\" data-e-type=\"column\">\n\t\t\t<div class=\"elementor-widget-wrap\">\n\t\t\t\t\t\t\t<\/div>\n\t\t<\/div>\n\t\t\t\t\t<\/div>\n\t\t<\/header>\n\t\t\t\t<header class=\"elementor-section elementor-top-section elementor-element elementor-element-10de5c2 elementor-section-full_width elementor-section-height-default elementor-section-height-default\" data-id=\"10de5c2\" data-element_type=\"section\" data-e-type=\"section\" data-settings=\"{&quot;background_background&quot;:&quot;classic&quot;}\">\n\t\t\t\t\t\t<div class=\"elementor-container elementor-column-gap-default\">\n\t\t\t\t\t<div class=\"elementor-column elementor-col-100 elementor-top-column elementor-element elementor-element-c597dd7\" data-id=\"c597dd7\" data-element_type=\"column\" data-e-type=\"column\">\n\t\t\t<div class=\"elementor-widget-wrap elementor-element-populated\">\n\t\t\t\t\t\t<div class=\"elementor-element elementor-element-4fac4f3 elementor-widget elementor-widget-heading\" data-id=\"4fac4f3\" data-element_type=\"widget\" data-e-type=\"widget\" data-widget_type=\"heading.default\">\n\t\t\t\t<div class=\"elementor-widget-container\">\n\t\t\t\t\t<h1 class=\"elementor-heading-title elementor-size-default\">Gruppenaufenthalte<\/h1>\t\t\t\t<\/div>\n\t\t\t\t<\/div>\n\t\t\t\t\t<\/div>\n\t\t<\/div>\n\t\t\t\t\t<\/div>\n\t\t<\/header>\n\t\t\t\t<section class=\"elementor-section elementor-top-section elementor-element elementor-element-a32df9c elementor-section-content-middle elementor-section-boxed elementor-section-height-default elementor-section-height-default\" data-id=\"a32df9c\" data-element_type=\"section\" data-e-type=\"section\">\n\t\t\t\t\t\t<div class=\"elementor-container elementor-column-gap-wider\">\n\t\t\t\t\t<div class=\"elementor-column elementor-col-50 elementor-top-column elementor-element elementor-element-be9ab62 wstazka\" data-id=\"be9ab62\" data-element_type=\"column\" data-e-type=\"column\" data-settings=\"{&quot;background_background&quot;:&quot;classic&quot;}\">\n\t\t\t<div class=\"elementor-widget-wrap elementor-element-populated\">\n\t\t\t\t\t\t<div class=\"elementor-element elementor-element-8712dd3 elementor-widget elementor-widget-text-editor\" data-id=\"8712dd3\" data-element_type=\"widget\" data-e-type=\"widget\" data-widget_type=\"text-editor.default\">\n\t\t\t\t<div class=\"elementor-widget-container\">\n\t\t\t\t\t\t\t\t\t<p><strong>Genie\u00dfen Sie Trainings- und Integrationsaufenthalte im Hotel Villa Wernera in Szklarska Poreba!<\/strong><\/p><p><span style=\"color: var( --e-global-color-secondary ); font-family: var( --e-global-typography-text-font-family ), Sans-serif; font-size: var( --e-global-typography-text-font-size ); font-weight: var( --e-global-typography-text-font-weight ); letter-spacing: var( --e-global-typography-text-letter-spacing ); background-color: var( --e-global-color-16091bb1 );\">Suchen Sie nach dem perfekten Ort f\u00fcr Schulungen oder Integration f\u00fcr Ihre Gruppe?\u00a0<\/span><span style=\"color: var( --e-global-color-secondary ); font-family: var( --e-global-typography-text-font-family ), Sans-serif; font-size: var( --e-global-typography-text-font-size ); font-weight: var( --e-global-typography-text-font-weight ); letter-spacing: var( --e-global-typography-text-letter-spacing ); background-color: var( --e-global-color-16091bb1 );\">Das Hotel Villa Wernera ist ein einzigartiges, intimes Hotel in Szklarska Poreba, das den Komfort von\u00a0<\/span><span style=\"color: var( --e-global-color-secondary ); font-family: var( --e-global-typography-text-font-family ), Sans-serif; font-size: var( --e-global-typography-text-font-size ); font-weight: var( --e-global-typography-text-font-weight ); letter-spacing: var( --e-global-typography-text-letter-spacing ); background-color: var( --e-global-color-16091bb1 );\">Aufenthalt in Einrichtungen, die ein Umfeld f\u00fcr Ausbildung und Teamintegration schaffen.<\/span><\/p>\t\t\t\t\t\t\t\t<\/div>\n\t\t\t\t<\/div>\n\t\t\t\t<div class=\"elementor-element elementor-element-d1ea6fd elementor-widget elementor-widget-heading\" data-id=\"d1ea6fd\" data-element_type=\"widget\" data-e-type=\"widget\" data-widget_type=\"heading.default\">\n\t\t\t\t<div class=\"elementor-widget-container\">\n\t\t\t\t\t<h3 class=\"elementor-heading-title elementor-size-default\">Wir bieten:<\/h3>\t\t\t\t<\/div>\n\t\t\t\t<\/div>\n\t\t\t\t<div class=\"elementor-element elementor-element-ca193b3 elementor-widget elementor-widget-text-editor\" data-id=\"ca193b3\" data-element_type=\"widget\" data-e-type=\"widget\" data-widget_type=\"text-editor.default\">\n\t\t\t\t<div class=\"elementor-widget-container\">\n\t\t\t\t\t\t\t\t\t<ul><li><strong>zwei Konferenzr\u00e4ume<\/strong> - mit audiovisuellen Einrichtungen f\u00fcr Schulungen und Pr\u00e4sentationen ausgestattet;<\/li><li><strong>Entspannungsbereich<\/strong> - Schwimmbad und Wellnessbereich;<\/li><li><strong>gro\u00dfer Garten<\/strong> - der ideale Ort, um sich zu entspannen und gemeinsame Momente am Lagerfeuer zu genie\u00dfen;<\/li><li><strong>Grillh\u00fctte mit Feuerstelle<\/strong> - inklusive;<\/li><li><strong>stimmungsvolles Restaurant und Coctailbar<\/strong> - mit einer Speisekarte, aus der jeder Gast etwas Leckeres ausw\u00e4hlen kann.<\/li><\/ul>\t\t\t\t\t\t\t\t<\/div>\n\t\t\t\t<\/div>\n\t\t\t\t\t<\/div>\n\t\t<\/div>\n\t\t\t\t<div class=\"elementor-column elementor-col-50 elementor-top-column elementor-element elementor-element-27780c7 wstazka\" data-id=\"27780c7\" data-element_type=\"column\" data-e-type=\"column\" data-settings=\"{&quot;background_background&quot;:&quot;classic&quot;}\">\n\t\t\t<div class=\"elementor-widget-wrap elementor-element-populated\">\n\t\t\t\t\t\t<div class=\"elementor-element elementor-element-04e709d elementor-widget elementor-widget-text-editor\" data-id=\"04e709d\" data-element_type=\"widget\" data-e-type=\"widget\" data-widget_type=\"text-editor.default\">\n\t\t\t\t<div class=\"elementor-widget-container\">\n\t\t\t\t\t\t\t\t\t<p>Unsere komfortablen Zimmer (1-, 2-, 3- und 4-Bett-Zimmer) bieten jedem Teilnehmer eine bequeme Unterkunft. Wir bieten auch ausreichend kostenlose Parkpl\u00e4tze unter dem Hotel.<\/p><p>Wir legen die Preise je nach Anzahl der G\u00e4ste und des gew\u00e4hlten Men\u00fcs individuell fest, so dass wir das Angebot auf die Bed\u00fcrfnisse der jeweiligen Gruppe abstimmen k\u00f6nnen.<\/p><p>Buchen Sie noch heute und sichern Sie sich die Entwicklung und Integration Ihres Teams im Hotel Villa Wernera!<\/p>\t\t\t\t\t\t\t\t<\/div>\n\t\t\t\t<\/div>\n\t\t\t\t<div class=\"elementor-element elementor-element-a10c310 elementor-widget elementor-widget-text-editor\" data-id=\"a10c310\" data-element_type=\"widget\" data-e-type=\"widget\" data-widget_type=\"text-editor.default\">\n\t\t\t\t<div class=\"elementor-widget-container\">\n\t\t\t\t\t\t\t\t\t<p>Um ein Angebot zu buchen, wenden Sie sich bitte direkt an die Rezeption. <a style=\"text-decoration: underline;\" href=\"tel:0048757677239\">75 76 77 239<\/a> oder per E-Mail: <a style=\"text-decoration: underline;\" href=\"\/de\/kontakt@villawernera.pl\/\">kontakt@villawernera.pl<\/a><\/p>\t\t\t\t\t\t\t\t<\/div>\n\t\t\t\t<\/div>\n\t\t\t\t<div class=\"elementor-element elementor-element-8ef2c85 elementor-align-left elementor-hidden-phone elementor-widget elementor-widget-button\" data-id=\"8ef2c85\" data-element_type=\"widget\" data-e-type=\"widget\" data-widget_type=\"button.default\">\n\t\t\t\t<div class=\"elementor-widget-container\">\n\t\t\t\t\t\t\t\t\t<div class=\"elementor-button-wrapper\">\n\t\t\t\t\t<a class=\"elementor-button elementor-button-link elementor-size-md\" href=\"https:\/\/villawernera.pl\/wp-content\/uploads\/2026\/03\/Zasady-anulacji-i-zmian-w-rezerwacjach-grupowych.pdf\" target=\"_blank\" rel=\"nofollow\">\n\t\t\t\t\t\t<span class=\"elementor-button-content-wrapper\">\n\t\t\t\t\t\t<span class=\"elementor-button-icon\">\n\t\t\t\t<svg xmlns=\"http:\/\/www.w3.org\/2000\/svg\" fill=\"none\" viewbox=\"0 0 24 24\" stroke-width=\"1.5\" stroke=\"#000\" class=\"w-6 h-6\"><path stroke-linecap=\"round\" stroke-linejoin=\"round\" d=\"M4.5 12h15m0 0l-6.75-6.75M19.5 12l-6.75 6.75\"><\/path><\/svg>\t\t\t<\/span>\n\t\t\t\t\t\t\t\t\t<span class=\"elementor-button-text\">Regeln f\u00fcr Gruppenbuchungen<\/span>\n\t\t\t\t\t<\/span>\n\t\t\t\t\t<\/a>\n\t\t\t\t<\/div>\n\t\t\t\t\t\t\t\t<\/div>\n\t\t\t\t<\/div>\n\t\t\t\t\t<\/div>\n\t\t<\/div>\n\t\t\t\t\t<\/div>\n\t\t<\/section>\n\t\t\t\t<\/div>","protected":false},"excerpt":{"rendered":"<p>Pobyty dla grup Zapraszamy na pobyty szkoleniowe i integracyjne w Hotelu Villa Wernera w Szklarskiej Por\u0119bie! Szukasz idealnego miejsca na szkolenie lub integracj\u0119 dla swojej grupy?\u00a0Hotel Villa Wernera to wyj\u0105tkowy, kameralny hotel w Szklarskiej Por\u0119bie kt\u00f3ry \u0142\u0105czy komfort\u00a0pobytu z udogodnieniami stwarzaj\u0105cymi warunki do szkole\u0144 i integracji zespo\u0142\u00f3w. Oferujemy: dwie sale konferencyjne \u2013 wyposa\u017cone w sprz\u0119t [&hellip;]<\/p>\n","protected":false},"author":1,"featured_media":0,"parent":0,"menu_order":0,"comment_status":"closed","ping_status":"closed","template":"","meta":{"footnotes":""},"class_list":["post-5868","page","type-page","status-publish","hentry"],"_links":{"self":[{"href":"https:\/\/villawernera.pl\/de\/wp-json\/wp\/v2\/pages\/5868","targetHints":{"allow":["GET"]}}],"collection":[{"href":"https:\/\/villawernera.pl\/de\/wp-json\/wp\/v2\/pages"}],"about":[{"href":"https:\/\/villawernera.pl\/de\/wp-json\/wp\/v2\/types\/page"}],"author":[{"embeddable":true,"href":"https:\/\/villawernera.pl\/de\/wp-json\/wp\/v2\/users\/1"}],"replies":[{"embeddable":true,"href":"https:\/\/villawernera.pl\/de\/wp-json\/wp\/v2\/comments?post=5868"}],"version-history":[{"count":10,"href":"https:\/\/villawernera.pl\/de\/wp-json\/wp\/v2\/pages\/5868\/revisions"}],"predecessor-version":[{"id":7097,"href":"https:\/\/villawernera.pl\/de\/wp-json\/wp\/v2\/pages\/5868\/revisions\/7097"}],"wp:attachment":[{"href":"https:\/\/villawernera.pl\/de\/wp-json\/wp\/v2\/media?parent=5868"}],"curies":[{"name":"wp","href":"https:\/\/api.w.org\/{rel}","templated":true}]}}