{"id":5859,"date":"2024-11-17T18:38:55","date_gmt":"2024-11-17T17:38:55","guid":{"rendered":"https:\/\/villawernera.pl\/?page_id=5859"},"modified":"2024-11-17T18:51:10","modified_gmt":"2024-11-17T17:51:10","slug":"teambildende-lagerfeuer","status":"publish","type":"page","link":"https:\/\/villawernera.pl\/de\/teambildende-lagerfeuer\/","title":{"rendered":"Integration von Lagerfeuern"},"content":{"rendered":"<div data-elementor-type=\"wp-page\" data-elementor-id=\"5859\" class=\"elementor elementor-5859\" data-elementor-post-type=\"page\">\n\t\t\t\t\t\t<header class=\"elementor-section elementor-top-section elementor-element elementor-element-17cfaf1 elementor-section-height-min-height elementor-section-items-bottom elementor-section-boxed elementor-section-height-default\" data-id=\"17cfaf1\" data-element_type=\"section\" data-e-type=\"section\" data-settings=\"{&quot;background_background&quot;:&quot;classic&quot;}\">\n\t\t\t\t\t\t<div class=\"elementor-container elementor-column-gap-default\">\n\t\t\t\t\t<div class=\"elementor-column elementor-col-100 elementor-top-column elementor-element elementor-element-b2de9bf\" data-id=\"b2de9bf\" data-element_type=\"column\" data-e-type=\"column\">\n\t\t\t<div class=\"elementor-widget-wrap\">\n\t\t\t\t\t\t\t<\/div>\n\t\t<\/div>\n\t\t\t\t\t<\/div>\n\t\t<\/header>\n\t\t\t\t<header class=\"elementor-section elementor-top-section elementor-element elementor-element-282cff8 elementor-section-full_width elementor-section-height-default elementor-section-height-default\" data-id=\"282cff8\" data-element_type=\"section\" data-e-type=\"section\" data-settings=\"{&quot;background_background&quot;:&quot;classic&quot;}\">\n\t\t\t\t\t\t<div class=\"elementor-container elementor-column-gap-default\">\n\t\t\t\t\t<div class=\"elementor-column elementor-col-100 elementor-top-column elementor-element elementor-element-16304f2\" data-id=\"16304f2\" data-element_type=\"column\" data-e-type=\"column\">\n\t\t\t<div class=\"elementor-widget-wrap elementor-element-populated\">\n\t\t\t\t\t\t<div class=\"elementor-element elementor-element-1387985 elementor-widget elementor-widget-heading\" data-id=\"1387985\" data-element_type=\"widget\" data-e-type=\"widget\" data-widget_type=\"heading.default\">\n\t\t\t\t<div class=\"elementor-widget-container\">\n\t\t\t\t\t<h1 class=\"elementor-heading-title elementor-size-default\">Integration von Lagerfeuern<\/h1>\t\t\t\t<\/div>\n\t\t\t\t<\/div>\n\t\t\t\t\t<\/div>\n\t\t<\/div>\n\t\t\t\t\t<\/div>\n\t\t<\/header>\n\t\t\t\t<section class=\"elementor-section elementor-top-section elementor-element elementor-element-b0666e7 elementor-section-content-middle elementor-section-boxed elementor-section-height-default elementor-section-height-default\" data-id=\"b0666e7\" data-element_type=\"section\" data-e-type=\"section\">\n\t\t\t\t\t\t<div class=\"elementor-container elementor-column-gap-wider\">\n\t\t\t\t\t<div class=\"elementor-column elementor-col-50 elementor-top-column elementor-element elementor-element-77811d4 wstazka\" data-id=\"77811d4\" data-element_type=\"column\" data-e-type=\"column\" data-settings=\"{&quot;background_background&quot;:&quot;classic&quot;}\">\n\t\t\t<div class=\"elementor-widget-wrap elementor-element-populated\">\n\t\t\t\t\t\t<div class=\"elementor-element elementor-element-ab979a1 elementor-widget elementor-widget-text-editor\" data-id=\"ab979a1\" data-element_type=\"widget\" data-e-type=\"widget\" data-widget_type=\"text-editor.default\">\n\t\t\t\t<div class=\"elementor-widget-container\">\n\t\t\t\t\t\t\t\t\t<p>Wir m\u00f6chten Familien und Gruppen von Freunden\/Mitarbeitern zu einem einzigartigen Teambuilding-Lagerfeuer im malerischen Garten des Werner's Villa Hotels in Szklarska Poreba einladen!<\/p><p>Dies ist die ideale Gelegenheit, dem Alltag zu entfliehen und einen unvergesslichen Abend im Gebirgsklima zu verbringen, bei gegrillten K\u00f6stlichkeiten und der W\u00e4rme eines Lagerfeuers.<\/p>\t\t\t\t\t\t\t\t<\/div>\n\t\t\t\t<\/div>\n\t\t\t\t<div class=\"elementor-element elementor-element-dc2ed0f elementor-widget elementor-widget-heading\" data-id=\"dc2ed0f\" data-element_type=\"widget\" data-e-type=\"widget\" data-widget_type=\"heading.default\">\n\t\t\t\t<div class=\"elementor-widget-container\">\n\t\t\t\t\t<h3 class=\"elementor-heading-title elementor-size-default\">Das Programm des Abends:<\/h3>\t\t\t\t<\/div>\n\t\t\t\t<\/div>\n\t\t\t\t<div class=\"elementor-element elementor-element-0b435ec elementor-widget elementor-widget-text-editor\" data-id=\"0b435ec\" data-element_type=\"widget\" data-e-type=\"widget\" data-widget_type=\"text-editor.default\">\n\t\t\t\t<div class=\"elementor-widget-container\">\n\t\t\t\t\t\t\t\t\t<ul><li><strong>Grillbuffet Abendessen<\/strong> - W\u00e4hlen Sie ein Men\u00fc ganz nach Ihrem Geschmack! W\u00e4hlen Sie aus saftigen Fleischsorten, Gem\u00fcse, Salaten und Beilagen, die perfekt zu Ihren Grillspezialit\u00e4ten passen.<\/li><li><strong>ein Lagerfeuer mit W\u00fcrstchen in unserem Hotelgarten<\/strong> - aromatisch, frisch und ideal f\u00fcr k\u00fchlere Abende;<\/li><li><strong>Erfrischungsgetr\u00e4nke, Gl\u00fchwein und Bier<\/strong> - etwas Warmes zum Aufw\u00e4rmen und ein Gourmet-Bier.<\/li><li><strong>Schlemmen in der Grilllaube mit Feuerstelle<\/strong> - Wir laden Sie in die beheizte Gartenlaube ein, wo Sie sich in angenehmer Atmosph\u00e4re weiter austauschen und unterhalten k\u00f6nnen.<\/li><\/ul>\t\t\t\t\t\t\t\t<\/div>\n\t\t\t\t<\/div>\n\t\t\t\t\t<\/div>\n\t\t<\/div>\n\t\t\t\t<div class=\"elementor-column elementor-col-50 elementor-top-column elementor-element elementor-element-1306a8d wstazka\" data-id=\"1306a8d\" data-element_type=\"column\" data-e-type=\"column\" data-settings=\"{&quot;background_background&quot;:&quot;classic&quot;}\">\n\t\t\t<div class=\"elementor-widget-wrap elementor-element-populated\">\n\t\t\t\t\t\t<div class=\"elementor-element elementor-element-9d81d12 elementor-widget elementor-widget-text-editor\" data-id=\"9d81d12\" data-element_type=\"widget\" data-e-type=\"widget\" data-widget_type=\"text-editor.default\">\n\t\t\t\t<div class=\"elementor-widget-container\">\n\t\t\t\t\t\t\t\t\t<p>Ein Treffen am Lagerfeuer ist die perfekte Gelegenheit, um Kollegen, Freunde oder die Familie besser kennenzulernen und dabei leckeres Essen und Zeit miteinander zu genie\u00dfen.\u00a0<span style=\"color: var( --e-global-color-secondary ); font-family: var( --e-global-typography-text-font-family ), Sans-serif; font-size: var( --e-global-typography-text-font-size ); font-weight: var( --e-global-typography-text-font-weight ); letter-spacing: var( --e-global-typography-text-letter-spacing ); background-color: var( --e-global-color-16091bb1 );\">Wir freuen uns auf Ihren Besuch!\u00a0<\/span><\/p><p><strong>Buchen Sie noch heute Ihr Date und erleben Sie einen besonderen Abend im Herzen des Riesengebirges!<\/strong><\/p>\t\t\t\t\t\t\t\t<\/div>\n\t\t\t\t<\/div>\n\t\t\t\t<div class=\"elementor-element elementor-element-26f2de7 elementor-widget elementor-widget-text-editor\" data-id=\"26f2de7\" data-element_type=\"widget\" data-e-type=\"widget\" data-widget_type=\"text-editor.default\">\n\t\t\t\t<div class=\"elementor-widget-container\">\n\t\t\t\t\t\t\t\t\t<p>Um ein Angebot zu buchen, wenden Sie sich bitte direkt an die Rezeption. <a style=\"text-decoration: underline;\" href=\"tel:0048757677239\">75 76 77 239<\/a> oder per E-Mail: <a style=\"text-decoration: underline;\" href=\"\/de\/kontakt@villawernera.pl\/\">kontakt@villawernera.pl<\/a><\/p>\t\t\t\t\t\t\t\t<\/div>\n\t\t\t\t<\/div>\n\t\t\t\t\t<\/div>\n\t\t<\/div>\n\t\t\t\t\t<\/div>\n\t\t<\/section>\n\t\t\t\t<\/div>","protected":false},"excerpt":{"rendered":"<p>Ogniska Integracyjne Serdecznie zapraszamy rodziny i grupy przyjaci\u00f3\u0142\/pracownik\u00f3w na wyj\u0105tkowe ognisko integracyjne w malowniczym ogrodzie hotelu Villa Wernera w Szklarskiej Por\u0119bie! To idealna okazja, aby oderwa\u0107 si\u0119 od codziennych obowi\u0105zk\u00f3w i sp\u0119dzi\u0107 niezapomniany wiecz\u00f3r w g\u00f3rskim klimacie, ciesz\u0105c si\u0119 smakiem grillowanych przysmak\u00f3w i ciep\u0142em ogniska. W programie wieczoru: kolacja grillowa w formie bufetu \u2013 dobierzcie [&hellip;]<\/p>\n","protected":false},"author":1,"featured_media":0,"parent":0,"menu_order":0,"comment_status":"closed","ping_status":"closed","template":"","meta":{"footnotes":""},"class_list":["post-5859","page","type-page","status-publish","hentry"],"_links":{"self":[{"href":"https:\/\/villawernera.pl\/de\/wp-json\/wp\/v2\/pages\/5859","targetHints":{"allow":["GET"]}}],"collection":[{"href":"https:\/\/villawernera.pl\/de\/wp-json\/wp\/v2\/pages"}],"about":[{"href":"https:\/\/villawernera.pl\/de\/wp-json\/wp\/v2\/types\/page"}],"author":[{"embeddable":true,"href":"https:\/\/villawernera.pl\/de\/wp-json\/wp\/v2\/users\/1"}],"replies":[{"embeddable":true,"href":"https:\/\/villawernera.pl\/de\/wp-json\/wp\/v2\/comments?post=5859"}],"version-history":[{"count":10,"href":"https:\/\/villawernera.pl\/de\/wp-json\/wp\/v2\/pages\/5859\/revisions"}],"predecessor-version":[{"id":5873,"href":"https:\/\/villawernera.pl\/de\/wp-json\/wp\/v2\/pages\/5859\/revisions\/5873"}],"wp:attachment":[{"href":"https:\/\/villawernera.pl\/de\/wp-json\/wp\/v2\/media?parent=5859"}],"curies":[{"name":"wp","href":"https:\/\/api.w.org\/{rel}","templated":true}]}}