{"id":5722,"date":"2024-09-25T10:44:04","date_gmt":"2024-09-25T08:44:04","guid":{"rendered":"https:\/\/villawernera.pl\/?page_id=5722"},"modified":"2025-08-25T10:27:22","modified_gmt":"2025-08-25T08:27:22","slug":"listopadowe-wyciszenie","status":"publish","type":"page","link":"https:\/\/villawernera.pl\/de\/listopadowe-wyciszenie\/","title":{"rendered":"Listopadowe wyciszenie"},"content":{"rendered":"<div data-elementor-type=\"wp-page\" data-elementor-id=\"5722\" class=\"elementor elementor-5722\" data-elementor-post-type=\"page\">\n\t\t\t\t\t\t<header class=\"elementor-section elementor-top-section elementor-element elementor-element-d852b39 elementor-section-height-min-height elementor-section-items-bottom elementor-section-boxed elementor-section-height-default\" data-id=\"d852b39\" data-element_type=\"section\" data-e-type=\"section\" data-settings=\"{&quot;background_background&quot;:&quot;classic&quot;}\">\n\t\t\t\t\t\t<div class=\"elementor-container elementor-column-gap-default\">\n\t\t\t\t\t<div class=\"elementor-column elementor-col-100 elementor-top-column elementor-element elementor-element-6958799\" data-id=\"6958799\" data-element_type=\"column\" data-e-type=\"column\">\n\t\t\t<div class=\"elementor-widget-wrap\">\n\t\t\t\t\t\t\t<\/div>\n\t\t<\/div>\n\t\t\t\t\t<\/div>\n\t\t<\/header>\n\t\t\t\t<header class=\"elementor-section elementor-top-section elementor-element elementor-element-6c61535 elementor-section-full_width elementor-section-height-default elementor-section-height-default\" data-id=\"6c61535\" data-element_type=\"section\" data-e-type=\"section\" data-settings=\"{&quot;background_background&quot;:&quot;classic&quot;}\">\n\t\t\t\t\t\t<div class=\"elementor-container elementor-column-gap-default\">\n\t\t\t\t\t<div class=\"elementor-column elementor-col-100 elementor-top-column elementor-element elementor-element-070c8b8\" data-id=\"070c8b8\" data-element_type=\"column\" data-e-type=\"column\">\n\t\t\t<div class=\"elementor-widget-wrap elementor-element-populated\">\n\t\t\t\t\t\t<div class=\"elementor-element elementor-element-499c564 elementor-widget elementor-widget-heading\" data-id=\"499c564\" data-element_type=\"widget\" data-e-type=\"widget\" data-widget_type=\"heading.default\">\n\t\t\t\t<div class=\"elementor-widget-container\">\n\t\t\t\t\t<h1 class=\"elementor-heading-title elementor-size-default\">Listopadowe wyciszenie<\/h1>\t\t\t\t<\/div>\n\t\t\t\t<\/div>\n\t\t\t\t<div class=\"elementor-element elementor-element-b7b54ff animated-slow elementor-invisible elementor-widget elementor-widget-html\" data-id=\"b7b54ff\" data-element_type=\"widget\" data-e-type=\"widget\" data-settings=\"{&quot;_animation&quot;:&quot;fadeIn&quot;}\" data-widget_type=\"html.default\">\n\t\t\t\t<div class=\"elementor-widget-container\">\n\t\t\t\t\t<style>.elementor-element-b7b54ff{display:none !important}<\/style>\t\t\t\t<\/div>\n\t\t\t\t<\/div>\n\t\t\t\t<div class=\"elementor-element elementor-element-b838e28 animated-slow elementor-invisible elementor-widget elementor-widget-html\" data-id=\"b838e28\" data-element_type=\"widget\" data-e-type=\"widget\" data-settings=\"{&quot;_animation&quot;:&quot;fadeIn&quot;}\" data-widget_type=\"html.default\">\n\t\t\t\t<div class=\"elementor-widget-container\">\n\t\t\t\t\t<style>.elementor-element-b838e28{display:none !important}<\/style>\t\t\t\t<\/div>\n\t\t\t\t<\/div>\n\t\t\t\t<div class=\"elementor-element elementor-element-0cae220 animated-slow elementor-invisible elementor-widget elementor-widget-html\" data-id=\"0cae220\" data-element_type=\"widget\" data-e-type=\"widget\" data-settings=\"{&quot;_animation&quot;:&quot;fadeIn&quot;}\" data-widget_type=\"html.default\">\n\t\t\t\t<div class=\"elementor-widget-container\">\n\t\t\t\t\t<form action=\"https:\/\/panel.hotres.pl\/v4_step1\" target=\"_blank\" class=\"hotresChooser\" id=\"hotresChooser\" method=\"get\"><input type=\"hidden\" name=\"oid\" id=\"hotresOid\" value=\"1832\" \/><input type=\"hidden\" name=\"lang\" id=\"hotresLang\" value=\"\" \/> <input type=\"hidden\" name=\"arrival\" id=\"hotresArrival\" \/><input type=\"hidden\" name=\"departure\" id=\"hotresDeparture\" \/><div class=\"hotresRangeChooser\" id=\"hotresRangeChooser\">    <div id=\"hotresArrivalWrap\"><\/div>    <div id=\"hotresDepartureWrap\"><\/div><\/div><div class=\"hotresAdultsChooser\" id=\"hotresAdultsChooser\"><select name=\"adults\" id=\"hotresAdultsSelect\"><\/select><\/div><div class=\"hotresSubmit\"><button id=\"hotresButtonChooser\"><\/button><\/div><\/form>\r\n\r\n\r\n<script>window.addEventListener('load', (event) => { new hotresChooser({'maxAdults':10,\"lang\":\"de\"});});<\/script>\t\t\t\t<\/div>\n\t\t\t\t<\/div>\n\t\t\t\t\t<\/div>\n\t\t<\/div>\n\t\t\t\t\t<\/div>\n\t\t<\/header>\n\t\t\t\t<section class=\"elementor-section elementor-top-section elementor-element elementor-element-e4c1b5d elementor-section-content-middle elementor-section-boxed elementor-section-height-default elementor-section-height-default\" data-id=\"e4c1b5d\" data-element_type=\"section\" data-e-type=\"section\">\n\t\t\t\t\t\t<div class=\"elementor-container elementor-column-gap-wider\">\n\t\t\t\t\t<div class=\"elementor-column elementor-col-100 elementor-top-column elementor-element elementor-element-aa4f593 wstazka\" data-id=\"aa4f593\" data-element_type=\"column\" data-e-type=\"column\" data-settings=\"{&quot;background_background&quot;:&quot;classic&quot;}\">\n\t\t\t<div class=\"elementor-widget-wrap elementor-element-populated\">\n\t\t\t\t\t\t<div class=\"elementor-element elementor-element-8513839 elementor-tabs-alignment-stretch text elementor-tabs-view-horizontal elementor-widget elementor-widget-tabs\" data-id=\"8513839\" data-element_type=\"widget\" data-e-type=\"widget\" data-widget_type=\"tabs.default\">\n\t\t\t\t<div class=\"elementor-widget-container\">\n\t\t\t\t\t\t\t<div class=\"elementor-tabs\">\n\t\t\t<div class=\"elementor-tabs-wrapper\" role=\"tablist\" >\n\t\t\t\t\t\t\t\t\t<div id=\"elementor-tab-title-1391\" class=\"elementor-tab-title elementor-tab-desktop-title\" aria-selected=\"true\" data-tab=\"1\" role=\"tab\" tabindex=\"0\" aria-controls=\"elementor-tab-content-1391\" aria-expanded=\"false\">Mit Fr\u00fchst\u00fcck<\/div>\n\t\t\t\t\t\t\t\t\t<div id=\"elementor-tab-title-1392\" class=\"elementor-tab-title elementor-tab-desktop-title\" aria-selected=\"false\" data-tab=\"2\" role=\"tab\" tabindex=\"-1\" aria-controls=\"elementor-tab-content-1392\" aria-expanded=\"false\">Mit Fr\u00fchst\u00fcck und Abendessen<\/div>\n\t\t\t\t\t\t\t<\/div>\n\t\t\t<div class=\"elementor-tabs-content-wrapper\" role=\"tablist\" aria-orientation=\"vertical\">\n\t\t\t\t\t\t\t\t\t<div class=\"elementor-tab-title elementor-tab-mobile-title\" aria-selected=\"true\" data-tab=\"1\" role=\"tab\" tabindex=\"0\" aria-controls=\"elementor-tab-content-1391\" aria-expanded=\"false\">Mit Fr\u00fchst\u00fcck<\/div>\n\t\t\t\t\t<div id=\"elementor-tab-content-1391\" class=\"elementor-tab-content elementor-clearfix\" data-tab=\"1\" role=\"tabpanel\" aria-labelledby=\"elementor-tab-title-1391\" tabindex=\"0\" hidden=\"false\"><p>Od 2 do 27 listopada\u00a0<span style=\"font-size: 1rem;\">(bez terminu 1 \u2013 2 listopada; 7 \u2013 16 listopada i 28 \u2013 30 listopada)<\/span><\/p><p><strong>Der Preis f\u00fcr Ihren Aufenthalt beinhaltet:<\/strong><\/p><ul><li>Unterkunft in komfortablen Zimmern mit Bad<\/li><li>Fr\u00fchst\u00fccksbuffet, (im HB-Angebot auch Abendessen)<\/li><li>unbegrenzter Zugang zum Schwimmbad mit ozonisiertem Wasser und Whirlpools<\/li><li>Jacuzzi<\/li><li>Finnische Sauna und Feuchtsauna<\/li><li>Parkplatz<\/li><li>Multifunktionsfeld im Freien (Basketball, Tennis)<\/li><li>Fitnessraum\/Fitnessraum ,<\/li><li>Tischtennis, Tischfu\u00dfball,<\/li><li>Spielbereich f\u00fcr Kinder<\/li><li>ein B\u00fccherregal mit einer Vielzahl von Lekt\u00fcren;<\/li><li>Wi-Fi auf dem Hotelgel\u00e4nde<\/li><\/ul><p><strong>Erm\u00e4\u00dfigungen f\u00fcr Kinder:<\/strong><\/p><ul><li>Kinder bis zu 4 Jahren, die bei den Eltern schlafen - kostenlos \/ mit Zusatzbett 100 z\u0142 \/ Nacht<\/li><li>Kinder von 4 bis 11 Jahren - 50% des Erwachsenenpreises<\/li><li>Kinder von 11 bis 15 Jahren - 60% Erwachsenenpreis<\/li><\/ul><p><strong>Zus\u00e4tzlich zu zahlen<\/strong><\/p><ul><li>Kurtaxe 3,30 PLN\/Person\/Tag<\/li><li>Massagen - gem\u00e4\u00df der Preisliste<\/li><li>Bademantel PLN 25,00\/Person (auf Anfrage)<\/li><li>Haustiergeb\u00fchr (Hunde\/K\u00e4tzchen) je nach Gr\u00f6\u00dfe: 35 - 80 z\u0142.\/Nacht<\/li><\/ul><p><strong>Das Angebot ist nicht erstattungsf\u00e4hig. Im Falle einer Stornierung der Anreise wird die Anzahlung nicht zur\u00fcckerstattet.<\/strong><\/p><\/div>\n\t\t\t\t\t\t\t\t\t<div class=\"elementor-tab-title elementor-tab-mobile-title\" aria-selected=\"false\" data-tab=\"2\" role=\"tab\" tabindex=\"-1\" aria-controls=\"elementor-tab-content-1392\" aria-expanded=\"false\">Mit Fr\u00fchst\u00fcck und Abendessen<\/div>\n\t\t\t\t\t<div id=\"elementor-tab-content-1392\" class=\"elementor-tab-content elementor-clearfix\" data-tab=\"2\" role=\"tabpanel\" aria-labelledby=\"elementor-tab-title-1392\" tabindex=\"0\" hidden=\"hidden\"><p>Od 2 do 27 listopada\u00a0<span style=\"font-size: 1rem;\">(bez terminu 1 \u2013 2 listopada; 7 \u2013 16 listopada i 28 \u2013 30 listopada)<\/span><\/p><p><strong>Der Preis f\u00fcr Ihren Aufenthalt beinhaltet:<\/strong><\/p><ul><li>Unterkunft in komfortablen Zimmern mit Bad<\/li><li>Fr\u00fchst\u00fccksbuffet, (im HB-Angebot auch Abendessen)<\/li><li>unbegrenzter Zugang zum Schwimmbad mit ozonisiertem Wasser und Whirlpools<\/li><li>Jacuzzi<\/li><li>Finnische Sauna und Feuchtsauna<\/li><li>Parkplatz<\/li><li>Multifunktionsfeld im Freien (Basketball, Tennis)<\/li><li>Fitnessraum\/Fitnessraum ,<\/li><li>Tischtennis, Tischfu\u00dfball,<\/li><li>Spielbereich f\u00fcr Kinder<\/li><li>ein B\u00fccherregal mit einer Vielzahl von Lekt\u00fcren;<\/li><li>Wi-Fi auf dem Hotelgel\u00e4nde<\/li><\/ul><p><strong>Erm\u00e4\u00dfigungen f\u00fcr Kinder:<\/strong><\/p><ul><li>Kinder bis zu 4 Jahren, die bei den Eltern schlafen - kostenlos \/ mit Zusatzbett 100 z\u0142 \/ Nacht<\/li><li>Kinder von 4 bis 11 Jahren - 50% des Erwachsenenpreises<\/li><li>Kinder von 11 bis 15 Jahren - 60% Erwachsenenpreis<\/li><\/ul><p><strong>Zus\u00e4tzlich zu zahlen<\/strong><\/p><ul><li>Kurtaxe 3,30 PLN\/Person\/Tag<\/li><li>Massagen - gem\u00e4\u00df der Preisliste<\/li><li>Bademantel PLN 25,00\/Person (auf Anfrage)<\/li><li>Haustiergeb\u00fchr (Hunde\/K\u00e4tzchen) je nach Gr\u00f6\u00dfe: 35 - 80 z\u0142.\/Nacht<\/li><\/ul><p><strong>Das Angebot ist nicht erstattungsf\u00e4hig. Im Falle einer Stornierung der Anreise wird die Anzahlung nicht zur\u00fcckerstattet.<\/strong><\/p><\/div>\n\t\t\t\t\t\t\t<\/div>\n\t\t<\/div>\n\t\t\t\t\t\t<\/div>\n\t\t\t\t<\/div>\n\t\t\t\t\t<\/div>\n\t\t<\/div>\n\t\t\t\t\t<\/div>\n\t\t<\/section>\n\t\t\t\t<\/div>","protected":false},"excerpt":{"rendered":"<p>Listopadowe wyciszenie Ze \u015bniadaniami Ze \u015bniadaniami i obiadokolacjami Ze \u015bniadaniami Od 2 do 27 listopada\u00a0(bez terminu 1 \u2013 2 listopada; 7 \u2013 16 listopada i 28 \u2013 30 listopada) W cenie pobytu oferujemy Pa\u0144stwu: noclegi w komfortowych pokojach z \u0142azienkami \u015bniadania w formie bufetu, (w ofercie HB r\u00f3wnie\u017c obiadokolacje) nielimitowany wst\u0119p na basen z wod\u0105 [&hellip;]<\/p>\n","protected":false},"author":1,"featured_media":0,"parent":0,"menu_order":0,"comment_status":"closed","ping_status":"closed","template":"","meta":{"footnotes":""},"class_list":["post-5722","page","type-page","status-publish","hentry"],"_links":{"self":[{"href":"https:\/\/villawernera.pl\/de\/wp-json\/wp\/v2\/pages\/5722","targetHints":{"allow":["GET"]}}],"collection":[{"href":"https:\/\/villawernera.pl\/de\/wp-json\/wp\/v2\/pages"}],"about":[{"href":"https:\/\/villawernera.pl\/de\/wp-json\/wp\/v2\/types\/page"}],"author":[{"embeddable":true,"href":"https:\/\/villawernera.pl\/de\/wp-json\/wp\/v2\/users\/1"}],"replies":[{"embeddable":true,"href":"https:\/\/villawernera.pl\/de\/wp-json\/wp\/v2\/comments?post=5722"}],"version-history":[{"count":7,"href":"https:\/\/villawernera.pl\/de\/wp-json\/wp\/v2\/pages\/5722\/revisions"}],"predecessor-version":[{"id":6232,"href":"https:\/\/villawernera.pl\/de\/wp-json\/wp\/v2\/pages\/5722\/revisions\/6232"}],"wp:attachment":[{"href":"https:\/\/villawernera.pl\/de\/wp-json\/wp\/v2\/media?parent=5722"}],"curies":[{"name":"wp","href":"https:\/\/api.w.org\/{rel}","templated":true}]}}