{"id":5563,"date":"2024-07-16T11:19:01","date_gmt":"2024-07-16T09:19:01","guid":{"rendered":"https:\/\/villawernera.pl\/?page_id=5563"},"modified":"2024-07-16T11:31:14","modified_gmt":"2024-07-16T09:31:14","slug":"was-in-einem-komfortablen-hotelzimmer-sein-sollte","status":"publish","type":"page","link":"https:\/\/villawernera.pl\/de\/was-in-einem-komfortablen-hotelzimmer-sein-sollte\/","title":{"rendered":"Was sollte in einem komfortablen Hotelzimmer vorhanden sein?"},"content":{"rendered":"<div data-elementor-type=\"wp-page\" data-elementor-id=\"5563\" class=\"elementor elementor-5563\" data-elementor-post-type=\"page\">\n\t\t\t\t\t\t<header class=\"elementor-section elementor-top-section elementor-element elementor-element-6ff17b9 elementor-section-height-min-height elementor-section-items-bottom elementor-section-boxed elementor-section-height-default\" data-id=\"6ff17b9\" data-element_type=\"section\" data-e-type=\"section\" data-settings=\"{&quot;background_background&quot;:&quot;classic&quot;}\">\n\t\t\t\t\t\t<div class=\"elementor-container elementor-column-gap-narrow\">\n\t\t\t\t\t<div class=\"elementor-column elementor-col-100 elementor-top-column elementor-element elementor-element-719074b\" data-id=\"719074b\" data-element_type=\"column\" data-e-type=\"column\">\n\t\t\t<div class=\"elementor-widget-wrap\">\n\t\t\t\t\t\t\t<\/div>\n\t\t<\/div>\n\t\t\t\t\t<\/div>\n\t\t<\/header>\n\t\t\t\t<header class=\"elementor-section elementor-top-section elementor-element elementor-element-c754365 elementor-section-full_width elementor-section-height-default elementor-section-height-default\" data-id=\"c754365\" data-element_type=\"section\" data-e-type=\"section\" data-settings=\"{&quot;background_background&quot;:&quot;classic&quot;}\">\n\t\t\t\t\t\t<div class=\"elementor-container elementor-column-gap-default\">\n\t\t\t\t\t<div class=\"elementor-column elementor-col-100 elementor-top-column elementor-element elementor-element-a7cf67f\" data-id=\"a7cf67f\" data-element_type=\"column\" data-e-type=\"column\">\n\t\t\t<div class=\"elementor-widget-wrap elementor-element-populated\">\n\t\t\t\t\t\t<div class=\"elementor-element elementor-element-faeaf73 elementor-widget elementor-widget-heading\" data-id=\"faeaf73\" data-element_type=\"widget\" data-e-type=\"widget\" data-widget_type=\"heading.default\">\n\t\t\t\t<div class=\"elementor-widget-container\">\n\t\t\t\t\t<h1 class=\"elementor-heading-title elementor-size-default\">Was sollte in einem komfortablen Hotelzimmer vorhanden sein?<\/h1>\t\t\t\t<\/div>\n\t\t\t\t<\/div>\n\t\t\t\t\t<\/div>\n\t\t<\/div>\n\t\t\t\t\t<\/div>\n\t\t<\/header>\n\t\t\t\t<section class=\"elementor-section elementor-top-section elementor-element elementor-element-c082d7e elementor-section-boxed elementor-section-height-default elementor-section-height-default\" data-id=\"c082d7e\" data-element_type=\"section\" data-e-type=\"section\">\n\t\t\t\t\t\t<div class=\"elementor-container elementor-column-gap-default\">\n\t\t\t\t\t<div class=\"elementor-column elementor-col-50 elementor-top-column elementor-element elementor-element-786150e wstazka\" data-id=\"786150e\" data-element_type=\"column\" data-e-type=\"column\" data-settings=\"{&quot;background_background&quot;:&quot;classic&quot;}\">\n\t\t\t<div class=\"elementor-widget-wrap elementor-element-populated\">\n\t\t\t\t\t\t<div class=\"elementor-element elementor-element-2934112 elementor-widget elementor-widget-text-editor\" data-id=\"2934112\" data-element_type=\"widget\" data-e-type=\"widget\" data-widget_type=\"text-editor.default\">\n\t\t\t\t<div class=\"elementor-widget-container\">\n\t\t\t\t\t\t\t\t\tBei der Buchung eines Hotels, vor allem wenn Sie einen l\u00e4ngeren Aufenthalt planen, lohnt es sich, auf die Zimmerausstattung zu achten. Ein komfortables Zimmer sollte nicht nur Bequemlichkeit bieten, sondern auch bestimmte Standards erf\u00fcllen. Hier ist eine Liste von Dingen, die in einem idealen Hotelzimmer enthalten sein sollten:\t\t\t\t\t\t\t\t<\/div>\n\t\t\t\t<\/div>\n\t\t\t\t<div class=\"elementor-element elementor-element-ef700b0 elementor-widget elementor-widget-image\" data-id=\"ef700b0\" data-element_type=\"widget\" data-e-type=\"widget\" data-widget_type=\"image.default\">\n\t\t\t\t<div class=\"elementor-widget-container\">\n\t\t\t\t\t\t\t\t\t\t\t\t\t\t\t\t<a href=\"https:\/\/villawernera.pl\/wp-content\/uploads\/2024\/07\/pokoj.jpg\" data-elementor-open-lightbox=\"yes\" data-e-action-hash=\"#elementor-action%3Aaction%3Dlightbox%26settings%3DeyJpZCI6NTU2OCwidXJsIjoiaHR0cHM6XC9cL3ZpbGxhd2VybmVyYS5wbFwvd3AtY29udGVudFwvdXBsb2Fkc1wvMjAyNFwvMDdcL3Bva29qLmpwZyJ9\">\n\t\t\t\t\t\t\t<img fetchpriority=\"high\" decoding=\"async\" width=\"640\" height=\"360\" src=\"https:\/\/villawernera.pl\/wp-content\/uploads\/2024\/07\/pokoj.jpg\" class=\"attachment-large size-large wp-image-5568\" alt=\"Zimmer\" srcset=\"https:\/\/villawernera.pl\/wp-content\/uploads\/2024\/07\/pokoj.jpg 1024w, https:\/\/villawernera.pl\/wp-content\/uploads\/2024\/07\/pokoj-300x169.jpg 300w, https:\/\/villawernera.pl\/wp-content\/uploads\/2024\/07\/pokoj-768x432.jpg 768w, https:\/\/villawernera.pl\/wp-content\/uploads\/2024\/07\/pokoj-18x10.jpg 18w\" sizes=\"(max-width: 640px) 100vw, 640px\" \/>\t\t\t\t\t\t\t\t<\/a>\n\t\t\t\t\t\t\t\t\t\t\t\t\t\t\t<\/div>\n\t\t\t\t<\/div>\n\t\t\t\t<div class=\"elementor-element elementor-element-6c53bbd elementor-widget elementor-widget-text-editor\" data-id=\"6c53bbd\" data-element_type=\"widget\" data-e-type=\"widget\" data-widget_type=\"text-editor.default\">\n\t\t\t\t<div class=\"elementor-widget-container\">\n\t\t\t\t\t\t\t\t\t<p><strong class=\"accent-strong\">1. Raumfl\u00e4che<\/strong><\/p><p>Vor der Buchung pr\u00fcfen Sie bitte <strong>Bereich des Raumes<\/strong>. Ein komfortabler Aufenthalt erfordert ausreichend Platz, insbesondere wenn Sie mit Ihrer Familie reisen oder einen l\u00e4ngeren Aufenthalt planen. Achten Sie darauf, dass das Zimmer nicht zu eng ist.<\/p>\t\t\t\t\t\t\t\t<\/div>\n\t\t\t\t<\/div>\n\t\t\t\t<div class=\"elementor-element elementor-element-47f9b90 elementor-widget elementor-widget-text-editor\" data-id=\"47f9b90\" data-element_type=\"widget\" data-e-type=\"widget\" data-widget_type=\"text-editor.default\">\n\t\t\t\t<div class=\"elementor-widget-container\">\n\t\t\t\t\t\t\t\t\t<p><strong class=\"accent-strong\">2. bequeme Betten<\/strong><\/p><p>Die Grundlage f\u00fcr einen gelungenen Urlaub ist <strong>bequeme Betten<\/strong>. Eine qualitativ hochwertige Matratze und die richtigen Kissen sorgen f\u00fcr einen erholsamen Schlaf, der nach einem ereignisreichen Tag unerl\u00e4sslich ist.<\/p><p>Ein wichtiger Aspekt ist <strong>Art des Bettes<\/strong>. Bevorzugen Sie ein Doppelbett, ein Einzelbett oder vielleicht zwei getrennte Betten? Vergewissern Sie sich, dass das Zimmer die richtige Bettenanordnung f\u00fcr Ihre Bed\u00fcrfnisse bietet.<\/p>\t\t\t\t\t\t\t\t<\/div>\n\t\t\t\t<\/div>\n\t\t\t\t<div class=\"elementor-element elementor-element-6ace068 elementor-widget elementor-widget-image\" data-id=\"6ace068\" data-element_type=\"widget\" data-e-type=\"widget\" data-widget_type=\"image.default\">\n\t\t\t\t<div class=\"elementor-widget-container\">\n\t\t\t\t\t\t\t\t\t\t\t\t\t\t\t\t<a href=\"https:\/\/villawernera.pl\/wp-content\/uploads\/2024\/07\/lazienka.jpg\" data-elementor-open-lightbox=\"yes\" data-e-action-hash=\"#elementor-action%3Aaction%3Dlightbox%26settings%3DeyJpZCI6NTU2OSwidXJsIjoiaHR0cHM6XC9cL3ZpbGxhd2VybmVyYS5wbFwvd3AtY29udGVudFwvdXBsb2Fkc1wvMjAyNFwvMDdcL2xhemllbmthLmpwZyJ9\">\n\t\t\t\t\t\t\t<img decoding=\"async\" width=\"640\" height=\"480\" src=\"https:\/\/villawernera.pl\/wp-content\/uploads\/2024\/07\/lazienka.jpg\" class=\"attachment-large size-large wp-image-5569\" alt=\"Badezimmer\" srcset=\"https:\/\/villawernera.pl\/wp-content\/uploads\/2024\/07\/lazienka.jpg 1024w, https:\/\/villawernera.pl\/wp-content\/uploads\/2024\/07\/lazienka-300x225.jpg 300w, https:\/\/villawernera.pl\/wp-content\/uploads\/2024\/07\/lazienka-768x576.jpg 768w, https:\/\/villawernera.pl\/wp-content\/uploads\/2024\/07\/lazienka-16x12.jpg 16w\" sizes=\"(max-width: 640px) 100vw, 640px\" \/>\t\t\t\t\t\t\t\t<\/a>\n\t\t\t\t\t\t\t\t\t\t\t\t\t\t\t<\/div>\n\t\t\t\t<\/div>\n\t\t\t\t<div class=\"elementor-element elementor-element-be58e16 elementor-widget elementor-widget-text-editor\" data-id=\"be58e16\" data-element_type=\"widget\" data-e-type=\"widget\" data-widget_type=\"text-editor.default\">\n\t\t\t\t<div class=\"elementor-widget-container\">\n\t\t\t\t\t\t\t\t\t<p><strong class=\"accent-strong\">3. Badezimmer mit Badewanne oder Dusche<\/strong><\/p><p>Das Zimmer sollte \u00fcber einen eigenen <strong>Badezimmer<\/strong> mit einer Auswahl zwischen <strong>Bad oder Dusche<\/strong>. Unabh\u00e4ngig davon, was sie bevorzugen, sollten beide L\u00f6sungen verf\u00fcgbar sein, damit die G\u00e4ste w\u00e4hlen k\u00f6nnen, was ihnen am besten gef\u00e4llt.<\/p>\t\t\t\t\t\t\t\t<\/div>\n\t\t\t\t<\/div>\n\t\t\t\t<div class=\"elementor-element elementor-element-eafd752 elementor-widget elementor-widget-text-editor\" data-id=\"eafd752\" data-element_type=\"widget\" data-e-type=\"widget\" data-widget_type=\"text-editor.default\">\n\t\t\t\t<div class=\"elementor-widget-container\">\n\t\t\t\t\t\t\t\t\t<p><strong class=\"accent-strong\">4 Balkon<\/strong><\/p><p>Zimmer mit <strong>Balkon<\/strong> ist ein zus\u00e4tzlicher Bonus, um die frische Luft und die Aussicht zu genie\u00dfen. Pr\u00fcfen Sie, ob das von Ihnen gew\u00e4hlte Zimmer \u00fcber einen Balkon verf\u00fcgt, insbesondere wenn Sie sich im Freien entspannen m\u00f6chten. Die Aussicht zu genie\u00dfen oder den Abend mit einem Buch auf dem Balkon zu verbringen, ist eine wertvolle Annehmlichkeit.<\/p>\t\t\t\t\t\t\t\t<\/div>\n\t\t\t\t<\/div>\n\t\t\t\t<div class=\"elementor-element elementor-element-ae7b626 elementor-widget elementor-widget-text-editor\" data-id=\"ae7b626\" data-element_type=\"widget\" data-e-type=\"widget\" data-widget_type=\"text-editor.default\">\n\t\t\t\t<div class=\"elementor-widget-container\">\n\t\t\t\t\t\t\t\t\t<p><strong class=\"accent-strong\">5. Fernseher mit Satellitenkan\u00e4len<\/strong><\/p><p>F\u00fcr viele G\u00e4ste, besonders nach einem langen Tag, ist ein wichtiges Element die <strong>TV mit Satellitenkan\u00e4len<\/strong>. Der Zugang zu einer Vielzahl von Programmen sorgt f\u00fcr Unterhaltung und Entspannung zu jeder Zeit.<\/p>\t\t\t\t\t\t\t\t<\/div>\n\t\t\t\t<\/div>\n\t\t\t\t<div class=\"elementor-element elementor-element-cd1c3ba elementor-widget elementor-widget-image\" data-id=\"cd1c3ba\" data-element_type=\"widget\" data-e-type=\"widget\" data-widget_type=\"image.default\">\n\t\t\t\t<div class=\"elementor-widget-container\">\n\t\t\t\t\t\t\t\t\t\t\t\t\t\t\t\t<a href=\"https:\/\/villawernera.pl\/wp-content\/uploads\/2024\/07\/reczniki.jpg\" data-elementor-open-lightbox=\"yes\" data-e-action-hash=\"#elementor-action%3Aaction%3Dlightbox%26settings%3DeyJpZCI6NTU3MCwidXJsIjoiaHR0cHM6XC9cL3ZpbGxhd2VybmVyYS5wbFwvd3AtY29udGVudFwvdXBsb2Fkc1wvMjAyNFwvMDdcL3JlY3puaWtpLmpwZyJ9\">\n\t\t\t\t\t\t\t<img decoding=\"async\" width=\"640\" height=\"800\" src=\"https:\/\/villawernera.pl\/wp-content\/uploads\/2024\/07\/reczniki.jpg\" class=\"attachment-large size-large wp-image-5570\" alt=\"\" srcset=\"https:\/\/villawernera.pl\/wp-content\/uploads\/2024\/07\/reczniki.jpg 768w, https:\/\/villawernera.pl\/wp-content\/uploads\/2024\/07\/reczniki-240x300.jpg 240w, https:\/\/villawernera.pl\/wp-content\/uploads\/2024\/07\/reczniki-10x12.jpg 10w\" sizes=\"(max-width: 640px) 100vw, 640px\" \/>\t\t\t\t\t\t\t\t<\/a>\n\t\t\t\t\t\t\t\t\t\t\t\t\t\t\t<\/div>\n\t\t\t\t<\/div>\n\t\t\t\t<div class=\"elementor-element elementor-element-8ee79c6 elementor-widget elementor-widget-text-editor\" data-id=\"8ee79c6\" data-element_type=\"widget\" data-e-type=\"widget\" data-widget_type=\"text-editor.default\">\n\t\t\t\t<div class=\"elementor-widget-container\">\n\t\t\t\t\t\t\t\t\t<p><strong class=\"accent-strong\">6. handt\u00fccher<\/strong><\/p><p>Das Hotel sollte Folgendes bieten <strong>Handt\u00fccher<\/strong> f\u00fcr jeden Gast. Es ist gut, wenn sie t\u00e4glich oder auf Anfrage gewechselt werden, was den Standard der Hygiene und des Komforts steigert.<\/p>\t\t\t\t\t\t\t\t<\/div>\n\t\t\t\t<\/div>\n\t\t\t\t\t<\/div>\n\t\t<\/div>\n\t\t\t\t<div class=\"elementor-column elementor-col-50 elementor-top-column elementor-element elementor-element-2255ca1 wstazka\" data-id=\"2255ca1\" data-element_type=\"column\" data-e-type=\"column\" data-settings=\"{&quot;background_background&quot;:&quot;classic&quot;}\">\n\t\t\t<div class=\"elementor-widget-wrap elementor-element-populated\">\n\t\t\t\t\t\t<div class=\"elementor-element elementor-element-ee559ea elementor-widget elementor-widget-text-editor\" data-id=\"ee559ea\" data-element_type=\"widget\" data-e-type=\"widget\" data-widget_type=\"text-editor.default\">\n\t\t\t\t<div class=\"elementor-widget-container\">\n\t\t\t\t\t\t\t\t\t<p><strong class=\"accent-strong\">7. Haartrockner<\/strong><\/p><p>Jedes Badezimmer sollte \u00fcber eine <strong>Haartrockner<\/strong>. Das ist eine kleine, aber wichtige Annehmlichkeit, die sicher viele Besucher, vor allem Frauen, sch\u00e4tzen werden.<\/p>\t\t\t\t\t\t\t\t<\/div>\n\t\t\t\t<\/div>\n\t\t\t\t<div class=\"elementor-element elementor-element-890fea8 elementor-widget elementor-widget-text-editor\" data-id=\"890fea8\" data-element_type=\"widget\" data-e-type=\"widget\" data-widget_type=\"text-editor.default\">\n\t\t\t\t<div class=\"elementor-widget-container\">\n\t\t\t\t\t\t\t\t\t<p><strong class=\"accent-strong\">8 Schweigen<\/strong><\/p><p>Der Raum sollte so gelegen sein, dass er <strong>Schweigen<\/strong>. Die gute Schallisolierung und die Lage abseits lauter Gebiete garantieren einen ruhigen Urlaub.<\/p>\t\t\t\t\t\t\t\t<\/div>\n\t\t\t\t<\/div>\n\t\t\t\t<div class=\"elementor-element elementor-element-0278ef7 elementor-widget elementor-widget-text-editor\" data-id=\"0278ef7\" data-element_type=\"widget\" data-e-type=\"widget\" data-widget_type=\"text-editor.default\">\n\t\t\t\t<div class=\"elementor-widget-container\">\n\t\t\t\t\t\t\t\t\t<p><strong class=\"accent-strong\">9. Entfernung von f\u00fcr Sie wichtigen Orten<\/strong><\/p><p>Auschecken <strong>Entfernung<\/strong> von den Orten, die Sie besuchen m\u00f6chten. Wenn Sie die wichtigsten Sehensw\u00fcrdigkeiten schnell erreichen wollen, w\u00e4hlen Sie ein Hotel in der N\u00e4he des Zentrums. Wenn Sie Ruhe und Frieden bevorzugen, k\u00f6nnen Sie sich f\u00fcr ein Hotel am Stadtrand entscheiden.<\/p>\t\t\t\t\t\t\t\t<\/div>\n\t\t\t\t<\/div>\n\t\t\t\t<div class=\"elementor-element elementor-element-81d4ea4 elementor-widget elementor-widget-text-editor\" data-id=\"81d4ea4\" data-element_type=\"widget\" data-e-type=\"widget\" data-widget_type=\"text-editor.default\">\n\t\t\t\t<div class=\"elementor-widget-container\">\n\t\t\t\t\t\t\t\t\t<p><strong class=\"accent-strong\">10. Parken<\/strong><\/p><p>Wenn Sie mit dem Auto anreisen, vergewissern Sie sich, dass das Hotel \u00fcber einen <strong>Parkplatz<\/strong>. Idealerweise sollte er kostenlos sein und sich auf dem Hotelgel\u00e4nde befinden, um die Sicherheit Ihres Fahrzeugs und den Komfort Ihrer Reise zu gew\u00e4hrleisten.<\/p>\t\t\t\t\t\t\t\t<\/div>\n\t\t\t\t<\/div>\n\t\t\t\t<div class=\"elementor-element elementor-element-c697993 elementor-widget elementor-widget-text-editor\" data-id=\"c697993\" data-element_type=\"widget\" data-e-type=\"widget\" data-widget_type=\"text-editor.default\">\n\t\t\t\t<div class=\"elementor-widget-container\">\n\t\t\t\t\t\t\t\t\t<p><strong class=\"accent-strong\">11. der Entspannungsbereich im Hotel<\/strong><\/p><p>Nach einem Tag voller Sightseeing ist Entspannung angesagt. Pr\u00fcfen Sie, ob das Hotel \u00fcber <strong>Entspannungsbereich<\/strong>, wo Sie sich entspannen k\u00f6nnen. Das kann ein Wohnzimmer mit bequemen Sofas, ein Garten oder eine Bibliothek sein.<\/p>\t\t\t\t\t\t\t\t<\/div>\n\t\t\t\t<\/div>\n\t\t\t\t<div class=\"elementor-element elementor-element-f41cc66 elementor-widget elementor-widget-text-editor\" data-id=\"f41cc66\" data-element_type=\"widget\" data-e-type=\"widget\" data-widget_type=\"text-editor.default\">\n\t\t\t\t<div class=\"elementor-widget-container\">\n\t\t\t\t\t\t\t\t\t<p><strong class=\"accent-strong\">12. Schwimmbad<\/strong><\/p><p>Wenn Sie gerne schwimmen oder einfach nur die Zeit am Wasser genie\u00dfen, w\u00e4hlen Sie ein Hotel mit einem <strong>Schwimmbad<\/strong>. Finden Sie heraus, ob es sich um ein Hallenbad oder ein Freibad handelt und wie die \u00d6ffnungszeiten sind.<\/p>\t\t\t\t\t\t\t\t<\/div>\n\t\t\t\t<\/div>\n\t\t\t\t<div class=\"elementor-element elementor-element-6542a82 elementor-widget elementor-widget-text-editor\" data-id=\"6542a82\" data-element_type=\"widget\" data-e-type=\"widget\" data-widget_type=\"text-editor.default\">\n\t\t\t\t<div class=\"elementor-widget-container\">\n\t\t\t\t\t\t\t\t\t<p><strong class=\"accent-strong\">13. Heilbad<\/strong><\/p><p>F\u00fcr viele Besucher ist eine der wichtigsten Annehmlichkeiten <strong>Heilb\u00e4der<\/strong>. Pr\u00fcfen Sie, ob das Hotel Wellnessangebote wie Massagen, Gesichtsbehandlungen, Saunen oder Whirlpools anbietet. Dies ist eine gro\u00dfartige M\u00f6glichkeit, sich zu entspannen und zu regenerieren.<\/p><p>Zusammenfassend l\u00e4sst sich sagen, dass es sich lohnt, bei der Buchung eines Hotels einige wichtige Aspekte sorgf\u00e4ltig zu pr\u00fcfen, um Ihren Aufenthalt so angenehm wie m\u00f6glich zu gestalten.<\/p><p>Die Gr\u00f6\u00dfe des Zimmers, der Balkon, die Art des Bettes, die Entfernung zum Zentrum, der Parkplatz, der Entspannungsbereich des Hotels, das Schwimmbad und der Wellnessbereich sind alles Elemente, die die Qualit\u00e4t Ihres Aufenthalts erheblich beeinflussen k\u00f6nnen. Die Analyse dieser Aspekte erm\u00f6glicht es Ihnen, ein Hotel zu w\u00e4hlen, das Ihren Bed\u00fcrfnissen voll und ganz entspricht und Ihnen einen gelungenen Urlaub garantiert.<\/p>\t\t\t\t\t\t\t\t<\/div>\n\t\t\t\t<\/div>\n\t\t\t\t\t<\/div>\n\t\t<\/div>\n\t\t\t\t\t<\/div>\n\t\t<\/section>\n\t\t\t\t<\/div>","protected":false},"excerpt":{"rendered":"<p>Podczas rezerwacji hotelu, szczeg\u00f3lnie je\u015bli planujesz d\u0142u\u017cszy pobyt, warto zwr\u00f3ci\u0107 uwag\u0119 na wyposa\u017cenie pokoju. Komfortowy pok\u00f3j powinien zapewni\u0107 nie tylko wygod\u0119, ale r\u00f3wnie\u017c spe\u0142nia\u0107 konkretne standardy. Oto lista rzeczy, kt\u00f3re powinny znale\u017a\u0107 si\u0119 w idealnym pokoju hotelowym: 1. Powierzchnia pokoju Przed rezerwacj\u0105 sprawd\u017a powierzchni\u0119 pokoju. Komfortowy pobyt wymaga odpowiedniej przestrzeni, szczeg\u00f3lnie je\u015bli podr\u00f3\u017cujesz z rodzin\u0105 [&hellip;]<\/p>\n","protected":false},"author":1,"featured_media":0,"parent":0,"menu_order":0,"comment_status":"closed","ping_status":"closed","template":"","meta":{"footnotes":""},"class_list":["post-5563","page","type-page","status-publish","hentry"],"_links":{"self":[{"href":"https:\/\/villawernera.pl\/de\/wp-json\/wp\/v2\/pages\/5563","targetHints":{"allow":["GET"]}}],"collection":[{"href":"https:\/\/villawernera.pl\/de\/wp-json\/wp\/v2\/pages"}],"about":[{"href":"https:\/\/villawernera.pl\/de\/wp-json\/wp\/v2\/types\/page"}],"author":[{"embeddable":true,"href":"https:\/\/villawernera.pl\/de\/wp-json\/wp\/v2\/users\/1"}],"replies":[{"embeddable":true,"href":"https:\/\/villawernera.pl\/de\/wp-json\/wp\/v2\/comments?post=5563"}],"version-history":[{"count":6,"href":"https:\/\/villawernera.pl\/de\/wp-json\/wp\/v2\/pages\/5563\/revisions"}],"predecessor-version":[{"id":5580,"href":"https:\/\/villawernera.pl\/de\/wp-json\/wp\/v2\/pages\/5563\/revisions\/5580"}],"wp:attachment":[{"href":"https:\/\/villawernera.pl\/de\/wp-json\/wp\/v2\/media?parent=5563"}],"curies":[{"name":"wp","href":"https:\/\/api.w.org\/{rel}","templated":true}]}}