{"id":5538,"date":"2024-07-16T10:54:05","date_gmt":"2024-07-16T08:54:05","guid":{"rendered":"https:\/\/villawernera.pl\/?page_id=5538"},"modified":"2024-07-16T11:15:07","modified_gmt":"2024-07-16T09:15:07","slug":"wie-sie-das-perfekte-hotel-fur-ihren-urlaub-auswahlen","status":"publish","type":"page","link":"https:\/\/villawernera.pl\/de\/wie-sie-das-perfekte-hotel-fur-ihren-urlaub-auswahlen\/","title":{"rendered":"Wie w\u00e4hlen Sie das perfekte Hotel f\u00fcr Ihren Urlaub?"},"content":{"rendered":"<div data-elementor-type=\"wp-page\" data-elementor-id=\"5538\" class=\"elementor elementor-5538\" data-elementor-post-type=\"page\">\n\t\t\t\t\t\t<header class=\"elementor-section elementor-top-section elementor-element elementor-element-1dbe4a2 elementor-section-height-min-height elementor-section-items-bottom elementor-section-boxed elementor-section-height-default\" data-id=\"1dbe4a2\" data-element_type=\"section\" data-e-type=\"section\" data-settings=\"{&quot;background_background&quot;:&quot;classic&quot;}\">\n\t\t\t\t\t\t<div class=\"elementor-container elementor-column-gap-narrow\">\n\t\t\t\t\t<div class=\"elementor-column elementor-col-100 elementor-top-column elementor-element elementor-element-f47440d\" data-id=\"f47440d\" data-element_type=\"column\" data-e-type=\"column\">\n\t\t\t<div class=\"elementor-widget-wrap\">\n\t\t\t\t\t\t\t<\/div>\n\t\t<\/div>\n\t\t\t\t\t<\/div>\n\t\t<\/header>\n\t\t\t\t<header class=\"elementor-section elementor-top-section elementor-element elementor-element-6491859 elementor-section-full_width elementor-section-height-default elementor-section-height-default\" data-id=\"6491859\" data-element_type=\"section\" data-e-type=\"section\" data-settings=\"{&quot;background_background&quot;:&quot;classic&quot;}\">\n\t\t\t\t\t\t<div class=\"elementor-container elementor-column-gap-default\">\n\t\t\t\t\t<div class=\"elementor-column elementor-col-100 elementor-top-column elementor-element elementor-element-86d0937\" data-id=\"86d0937\" data-element_type=\"column\" data-e-type=\"column\">\n\t\t\t<div class=\"elementor-widget-wrap elementor-element-populated\">\n\t\t\t\t\t\t<div class=\"elementor-element elementor-element-4131974 elementor-widget elementor-widget-heading\" data-id=\"4131974\" data-element_type=\"widget\" data-e-type=\"widget\" data-widget_type=\"heading.default\">\n\t\t\t\t<div class=\"elementor-widget-container\">\n\t\t\t\t\t<h1 class=\"elementor-heading-title elementor-size-default\">Wie w\u00e4hlen Sie das perfekte Hotel f\u00fcr Ihren Urlaub?<\/h1>\t\t\t\t<\/div>\n\t\t\t\t<\/div>\n\t\t\t\t\t<\/div>\n\t\t<\/div>\n\t\t\t\t\t<\/div>\n\t\t<\/header>\n\t\t\t\t<section class=\"elementor-section elementor-top-section elementor-element elementor-element-28ea2fb elementor-section-boxed elementor-section-height-default elementor-section-height-default\" data-id=\"28ea2fb\" data-element_type=\"section\" data-e-type=\"section\">\n\t\t\t\t\t\t<div class=\"elementor-container elementor-column-gap-default\">\n\t\t\t\t\t<div class=\"elementor-column elementor-col-50 elementor-top-column elementor-element elementor-element-670079f wstazka\" data-id=\"670079f\" data-element_type=\"column\" data-e-type=\"column\" data-settings=\"{&quot;background_background&quot;:&quot;classic&quot;}\">\n\t\t\t<div class=\"elementor-widget-wrap elementor-element-populated\">\n\t\t\t\t\t\t<div class=\"elementor-element elementor-element-29d24cc elementor-widget elementor-widget-text-editor\" data-id=\"29d24cc\" data-element_type=\"widget\" data-e-type=\"widget\" data-widget_type=\"text-editor.default\">\n\t\t\t\t<div class=\"elementor-widget-container\">\n\t\t\t\t\t\t\t\t\t<p>Die Wahl des richtigen Hotels ist entscheidend f\u00fcr den Komfort und die Zufriedenheit Ihres Urlaubs.<\/p><p>Um den perfekten Ort zu finden, der alle unsere Erwartungen erf\u00fcllt, lohnt es sich, auf einige wichtige Aspekte zu achten.<\/p><p>Hier finden Sie einen Leitfaden f\u00fcr die Buchung eines Hotels, insbesondere f\u00fcr Hotels in Szklarska Poreba.<\/p>\t\t\t\t\t\t\t\t<\/div>\n\t\t\t\t<\/div>\n\t\t\t\t<div class=\"elementor-element elementor-element-157ccf3 elementor-widget elementor-widget-heading\" data-id=\"157ccf3\" data-element_type=\"widget\" data-e-type=\"widget\" data-widget_type=\"heading.default\">\n\t\t\t\t<div class=\"elementor-widget-container\">\n\t\t\t\t\t<h2 class=\"elementor-heading-title elementor-size-default\">Was ist vor der Buchung zu pr\u00fcfen?<\/h2>\t\t\t\t<\/div>\n\t\t\t\t<\/div>\n\t\t\t\t<div class=\"elementor-element elementor-element-6c63de6 elementor-widget elementor-widget-text-editor\" data-id=\"6c63de6\" data-element_type=\"widget\" data-e-type=\"widget\" data-widget_type=\"text-editor.default\">\n\t\t\t\t<div class=\"elementor-widget-container\">\n\t\t\t\t\t\t\t\t\t<p><strong class=\"accent-strong\">1. der Standort und die Umgebung<\/strong><\/p><p>Szklarska Poreba ist eine charmante Stadt im Herzen des Riesengebirges, ideal f\u00fcr Bergwanderer. Es ist wichtig, dass das Hotel <strong>in der N\u00e4he von Wanderwegen<\/strong>, Sie erm\u00f6glichen einen schnellen Zugang zu den sch\u00f6nsten Strecken, ohne dass man lange Wege zur\u00fccklegen muss.<\/p>\t\t\t\t\t\t\t\t<\/div>\n\t\t\t\t<\/div>\n\t\t\t\t<div class=\"elementor-element elementor-element-1efa531 elementor-widget elementor-widget-text-editor\" data-id=\"1efa531\" data-element_type=\"widget\" data-e-type=\"widget\" data-widget_type=\"text-editor.default\">\n\t\t\t\t<div class=\"elementor-widget-container\">\n\t\t\t\t\t\t\t\t\t<p><strong class=\"accent-strong\">Kostenloses Parken<\/strong><\/p><p>Wenn Sie mit dem Auto unterwegs sind, ist ein \u00e4u\u00dferst wichtiger Komfort <strong>kostenloses Parken<\/strong>. Vergewissern Sie sich, dass Ihr Hotel dies anbietet. So sparen Sie zus\u00e4tzliche Parkkosten und k\u00f6nnen Ihr Fahrzeug sicher abstellen.<\/p>\t\t\t\t\t\t\t\t<\/div>\n\t\t\t\t<\/div>\n\t\t\t\t<div class=\"elementor-element elementor-element-9ddac7a elementor-widget elementor-widget-image\" data-id=\"9ddac7a\" data-element_type=\"widget\" data-e-type=\"widget\" data-widget_type=\"image.default\">\n\t\t\t\t<div class=\"elementor-widget-container\">\n\t\t\t\t\t\t\t\t\t\t\t\t\t\t\t\t<a href=\"https:\/\/villawernera.pl\/wp-content\/uploads\/2024\/07\/basen-w-hotelu.jpg\" data-elementor-open-lightbox=\"yes\" data-e-action-hash=\"#elementor-action%3Aaction%3Dlightbox%26settings%3DeyJpZCI6NTU1NSwidXJsIjoiaHR0cHM6XC9cL3ZpbGxhd2VybmVyYS5wbFwvd3AtY29udGVudFwvdXBsb2Fkc1wvMjAyNFwvMDdcL2Jhc2VuLXctaG90ZWx1LmpwZyJ9\">\n\t\t\t\t\t\t\t<img fetchpriority=\"high\" decoding=\"async\" width=\"640\" height=\"480\" src=\"https:\/\/villawernera.pl\/wp-content\/uploads\/2024\/07\/basen-w-hotelu.jpg\" class=\"attachment-large size-large wp-image-5555\" alt=\"Hotelschwimmbad\" srcset=\"https:\/\/villawernera.pl\/wp-content\/uploads\/2024\/07\/basen-w-hotelu.jpg 1024w, https:\/\/villawernera.pl\/wp-content\/uploads\/2024\/07\/basen-w-hotelu-300x225.jpg 300w, https:\/\/villawernera.pl\/wp-content\/uploads\/2024\/07\/basen-w-hotelu-768x576.jpg 768w, https:\/\/villawernera.pl\/wp-content\/uploads\/2024\/07\/basen-w-hotelu-16x12.jpg 16w\" sizes=\"(max-width: 640px) 100vw, 640px\" \/>\t\t\t\t\t\t\t\t<\/a>\n\t\t\t\t\t\t\t\t\t\t\t\t\t\t\t<\/div>\n\t\t\t\t<\/div>\n\t\t\t\t<div class=\"elementor-element elementor-element-c68f3e4 elementor-widget elementor-widget-text-editor\" data-id=\"c68f3e4\" data-element_type=\"widget\" data-e-type=\"widget\" data-widget_type=\"text-editor.default\">\n\t\t\t\t<div class=\"elementor-widget-container\">\n\t\t\t\t\t\t\t\t\t<p><strong class=\"accent-strong\">3. Schwimmbad und Spa<\/strong><\/p><p>Wenn Sie von Entspannung und Regeneration tr\u00e4umen, w\u00e4hlen Sie das <strong>Hotel mit Schwimmbad<\/strong> und <strong>Hotel mit Spa<\/strong>. Der Pool ist eine gro\u00dfartige M\u00f6glichkeit, sich nach einem Wandertag abzuk\u00fchlen, w\u00e4hrend das Spa f\u00fcr Entspannung und einen Moment der Ruhe sorgt.<\/p>\t\t\t\t\t\t\t\t<\/div>\n\t\t\t\t<\/div>\n\t\t\t\t\t<\/div>\n\t\t<\/div>\n\t\t\t\t<div class=\"elementor-column elementor-col-50 elementor-top-column elementor-element elementor-element-6967a84 wstazka\" data-id=\"6967a84\" data-element_type=\"column\" data-e-type=\"column\" data-settings=\"{&quot;background_background&quot;:&quot;classic&quot;}\">\n\t\t\t<div class=\"elementor-widget-wrap elementor-element-populated\">\n\t\t\t\t\t\t<div class=\"elementor-element elementor-element-c44cd20 elementor-widget elementor-widget-image\" data-id=\"c44cd20\" data-element_type=\"widget\" data-e-type=\"widget\" data-widget_type=\"image.default\">\n\t\t\t\t<div class=\"elementor-widget-container\">\n\t\t\t\t\t\t\t\t\t\t\t\t\t\t\t\t<a href=\"https:\/\/villawernera.pl\/wp-content\/uploads\/2024\/07\/bar-w-hotelu.jpg\" data-elementor-open-lightbox=\"yes\" data-e-action-hash=\"#elementor-action%3Aaction%3Dlightbox%26settings%3DeyJpZCI6NTU1NiwidXJsIjoiaHR0cHM6XC9cL3ZpbGxhd2VybmVyYS5wbFwvd3AtY29udGVudFwvdXBsb2Fkc1wvMjAyNFwvMDdcL2Jhci13LWhvdGVsdS5qcGcifQ%3D%3D\">\n\t\t\t\t\t\t\t<img decoding=\"async\" width=\"640\" height=\"480\" src=\"https:\/\/villawernera.pl\/wp-content\/uploads\/2024\/07\/bar-w-hotelu.jpg\" class=\"attachment-large size-large wp-image-5556\" alt=\"\" srcset=\"https:\/\/villawernera.pl\/wp-content\/uploads\/2024\/07\/bar-w-hotelu.jpg 1024w, https:\/\/villawernera.pl\/wp-content\/uploads\/2024\/07\/bar-w-hotelu-300x225.jpg 300w, https:\/\/villawernera.pl\/wp-content\/uploads\/2024\/07\/bar-w-hotelu-768x576.jpg 768w, https:\/\/villawernera.pl\/wp-content\/uploads\/2024\/07\/bar-w-hotelu-16x12.jpg 16w\" sizes=\"(max-width: 640px) 100vw, 640px\" \/>\t\t\t\t\t\t\t\t<\/a>\n\t\t\t\t\t\t\t\t\t\t\t\t\t\t\t<\/div>\n\t\t\t\t<\/div>\n\t\t\t\t<div class=\"elementor-element elementor-element-0dcad8f elementor-widget elementor-widget-text-editor\" data-id=\"0dcad8f\" data-element_type=\"widget\" data-e-type=\"widget\" data-widget_type=\"text-editor.default\">\n\t\t\t\t<div class=\"elementor-widget-container\">\n\t\t\t\t\t\t\t\t\t<p><strong class=\"accent-strong\">4. Catering auf h\u00f6chstem Niveau<\/strong><\/p><p>Im Urlaub wollen wir uns nicht nur entspannen, sondern auch gut essen. Pr\u00fcfen Sie, ob das Hotel \u00fcber <strong>Restaurant<\/strong> mit einer Vielzahl von Gerichten, darunter <strong>leckeres Fr\u00fchst\u00fcck<\/strong>, die Sie mit Energie f\u00fcr den ganzen Tag versorgen werden. Die Bar des Hotels ist ein zus\u00e4tzlicher Bonus, wo Sie erfrischende Getr\u00e4nke genie\u00dfen und einen angenehmen Abend verbringen k\u00f6nnen.<\/p>\t\t\t\t\t\t\t\t<\/div>\n\t\t\t\t<\/div>\n\t\t\t\t<div class=\"elementor-element elementor-element-6bac465 elementor-widget elementor-widget-text-editor\" data-id=\"6bac465\" data-element_type=\"widget\" data-e-type=\"widget\" data-widget_type=\"text-editor.default\">\n\t\t\t\t<div class=\"elementor-widget-container\">\n\t\t\t\t\t\t\t\t\t<p><strong class=\"accent-strong\">5. ruhige Nachbarschaft<\/strong><\/p><p>Um wirklich zu entspannen, w\u00e4hlen Sie ein Hotel in einer <strong>ruhige Lage<\/strong>. Abseits vom Trubel der Stadt, inmitten der Natur, k\u00f6nnen Sie sich vollkommen entspannen und neue Energie tanken.<\/p>\t\t\t\t\t\t\t\t<\/div>\n\t\t\t\t<\/div>\n\t\t\t\t<div class=\"elementor-element elementor-element-c53a7c6 elementor-widget elementor-widget-image\" data-id=\"c53a7c6\" data-element_type=\"widget\" data-e-type=\"widget\" data-widget_type=\"image.default\">\n\t\t\t\t<div class=\"elementor-widget-container\">\n\t\t\t\t\t\t\t\t\t\t\t\t\t\t\t\t<a href=\"https:\/\/villawernera.pl\/wp-content\/uploads\/2024\/07\/ogrod-1.jpg\" data-elementor-open-lightbox=\"yes\" data-e-action-hash=\"#elementor-action%3Aaction%3Dlightbox%26settings%3DeyJpZCI6NTU0MSwidXJsIjoiaHR0cHM6XC9cL3ZpbGxhd2VybmVyYS5wbFwvd3AtY29udGVudFwvdXBsb2Fkc1wvMjAyNFwvMDdcL29ncm9kLTEuanBnIn0%3D\">\n\t\t\t\t\t\t\t<img decoding=\"async\" src=\"https:\/\/villawernera.pl\/wp-content\/uploads\/elementor\/thumbs\/ogrod-1-qr6rz40n22lqya3m92gsnf1sekv1p3rlmitd3dfp28.jpg\" title=\"\" alt=\"Garten\" loading=\"lazy\" \/>\t\t\t\t\t\t\t\t<\/a>\n\t\t\t\t\t\t\t\t\t\t\t\t\t\t\t<\/div>\n\t\t\t\t<\/div>\n\t\t\t\t<div class=\"elementor-element elementor-element-c7e74c0 elementor-widget elementor-widget-text-editor\" data-id=\"c7e74c0\" data-element_type=\"widget\" data-e-type=\"widget\" data-widget_type=\"text-editor.default\">\n\t\t\t\t<div class=\"elementor-widget-container\">\n\t\t\t\t\t\t\t\t\t<p><strong class=\"accent-strong\">6. zus\u00e4tzliche Attraktionen und Einrichtungen<\/strong><\/p><p>Ein gro\u00dfes Plus ist <strong>gro\u00dfer Garten<\/strong>, wo Sie spazieren gehen, ein Buch lesen oder ein Picknick machen k\u00f6nnen. Kinder werden den Spielplatz im Freien sicher zu sch\u00e4tzen wissen.<\/p><p>Zusammenfassend l\u00e4sst sich sagen, dass durch die Wahl von <strong>Hotel in Szklarska Por\u0119ba<\/strong>, Es lohnt sich, auf einige wichtige Aspekte hinzuweisen, die Ihren Aufenthalt unvergesslich machen werden.<br \/>Kostenlose Parkpl\u00e4tze, ein Hotel mit Pool und Spa, ein Restaurant, eine Cocktailbar, ein gro\u00dfer Garten, ein leckeres Fr\u00fchst\u00fcck, eine ruhige Umgebung und die N\u00e4he zu Wanderwegen sind alles Elemente, die Komfort, Entspannung und einen perfekten Urlaub garantieren.<\/p><p>Wenn Sie ein Hotel buchen, sollten Sie diese Tipps beachten, damit Ihr Urlaub genau so wird, wie Sie es sich ertr\u00e4umt haben.<\/p>\t\t\t\t\t\t\t\t<\/div>\n\t\t\t\t<\/div>\n\t\t\t\t\t<\/div>\n\t\t<\/div>\n\t\t\t\t\t<\/div>\n\t\t<\/section>\n\t\t\t\t<\/div>","protected":false},"excerpt":{"rendered":"<p>Wyb\u00f3r odpowiedniego hotelu jest kluczowy dla komfortu i satysfakcji z wakacji. Aby znale\u017a\u0107 idealne miejsce, kt\u00f3re spe\u0142ni wszystkie nasze oczekiwania, warto zwr\u00f3ci\u0107 uwag\u0119 na kilka istotnych aspekt\u00f3w. Oto przewodnik, na co zwr\u00f3ci\u0107 uwag\u0119 przy rezerwacji hotelu, z szczeg\u00f3lnym uwzgl\u0119dnieniem hoteli w Szklarskiej Por\u0119bie. Co sprawdzi\u0107 przed rezerwacj\u0105? 1. Lokalizacja i otoczenie Szklarska Por\u0119ba to urokliwa [&hellip;]<\/p>\n","protected":false},"author":1,"featured_media":0,"parent":0,"menu_order":0,"comment_status":"closed","ping_status":"closed","template":"","meta":{"footnotes":""},"class_list":["post-5538","page","type-page","status-publish","hentry"],"_links":{"self":[{"href":"https:\/\/villawernera.pl\/de\/wp-json\/wp\/v2\/pages\/5538","targetHints":{"allow":["GET"]}}],"collection":[{"href":"https:\/\/villawernera.pl\/de\/wp-json\/wp\/v2\/pages"}],"about":[{"href":"https:\/\/villawernera.pl\/de\/wp-json\/wp\/v2\/types\/page"}],"author":[{"embeddable":true,"href":"https:\/\/villawernera.pl\/de\/wp-json\/wp\/v2\/users\/1"}],"replies":[{"embeddable":true,"href":"https:\/\/villawernera.pl\/de\/wp-json\/wp\/v2\/comments?post=5538"}],"version-history":[{"count":15,"href":"https:\/\/villawernera.pl\/de\/wp-json\/wp\/v2\/pages\/5538\/revisions"}],"predecessor-version":[{"id":5567,"href":"https:\/\/villawernera.pl\/de\/wp-json\/wp\/v2\/pages\/5538\/revisions\/5567"}],"wp:attachment":[{"href":"https:\/\/villawernera.pl\/de\/wp-json\/wp\/v2\/media?parent=5538"}],"curies":[{"name":"wp","href":"https:\/\/api.w.org\/{rel}","templated":true}]}}