{"id":5208,"date":"2023-11-11T15:04:12","date_gmt":"2023-11-11T14:04:12","guid":{"rendered":"https:\/\/villawernera.pl\/?page_id=5208"},"modified":"2023-11-11T15:08:15","modified_gmt":"2023-11-11T14:08:15","slug":"unabhangigkeitstag-im-karkonosze","status":"publish","type":"page","link":"https:\/\/villawernera.pl\/de\/szklarska-poreba\/unabhangigkeitstag-im-karkonosze\/","title":{"rendered":"Unabh\u00e4ngigkeitstag im Riesengebirge"},"content":{"rendered":"<div data-elementor-type=\"wp-page\" data-elementor-id=\"5208\" class=\"elementor elementor-5208\" data-elementor-post-type=\"page\">\n\t\t\t\t\t\t<header class=\"elementor-section elementor-top-section elementor-element elementor-element-38b5c52 elementor-section-height-min-height elementor-section-items-bottom elementor-section-boxed elementor-section-height-default\" data-id=\"38b5c52\" data-element_type=\"section\" data-e-type=\"section\" data-settings=\"{&quot;background_background&quot;:&quot;classic&quot;}\">\n\t\t\t\t\t\t<div class=\"elementor-container elementor-column-gap-narrow\">\n\t\t\t\t\t<div class=\"elementor-column elementor-col-100 elementor-top-column elementor-element elementor-element-3324408\" data-id=\"3324408\" data-element_type=\"column\" data-e-type=\"column\">\n\t\t\t<div class=\"elementor-widget-wrap\">\n\t\t\t\t\t\t\t<\/div>\n\t\t<\/div>\n\t\t\t\t\t<\/div>\n\t\t<\/header>\n\t\t\t\t<header class=\"elementor-section elementor-top-section elementor-element elementor-element-a0c04cc elementor-section-full_width elementor-section-height-default elementor-section-height-default\" data-id=\"a0c04cc\" data-element_type=\"section\" data-e-type=\"section\" data-settings=\"{&quot;background_background&quot;:&quot;classic&quot;}\">\n\t\t\t\t\t\t<div class=\"elementor-container elementor-column-gap-default\">\n\t\t\t\t\t<div class=\"elementor-column elementor-col-100 elementor-top-column elementor-element elementor-element-0904deb\" data-id=\"0904deb\" data-element_type=\"column\" data-e-type=\"column\">\n\t\t\t<div class=\"elementor-widget-wrap elementor-element-populated\">\n\t\t\t\t\t\t<div class=\"elementor-element elementor-element-6bbd6f8 elementor-widget elementor-widget-heading\" data-id=\"6bbd6f8\" data-element_type=\"widget\" data-e-type=\"widget\" data-widget_type=\"heading.default\">\n\t\t\t\t<div class=\"elementor-widget-container\">\n\t\t\t\t\t<h1 class=\"elementor-heading-title elementor-size-default\">Unabh\u00e4ngigkeitstag im Riesengebirge<\/h1>\t\t\t\t<\/div>\n\t\t\t\t<\/div>\n\t\t\t\t\t<\/div>\n\t\t<\/div>\n\t\t\t\t\t<\/div>\n\t\t<\/header>\n\t\t\t\t<section class=\"elementor-section elementor-top-section elementor-element elementor-element-431f6dc elementor-section-boxed elementor-section-height-default elementor-section-height-default\" data-id=\"431f6dc\" data-element_type=\"section\" data-e-type=\"section\">\n\t\t\t\t\t\t<div class=\"elementor-container elementor-column-gap-default\">\n\t\t\t\t\t<div class=\"elementor-column elementor-col-50 elementor-top-column elementor-element elementor-element-d696594 wstazka\" data-id=\"d696594\" data-element_type=\"column\" data-e-type=\"column\" data-settings=\"{&quot;background_background&quot;:&quot;classic&quot;}\">\n\t\t\t<div class=\"elementor-widget-wrap elementor-element-populated\">\n\t\t\t\t\t\t<div class=\"elementor-element elementor-element-cda4aab elementor-widget elementor-widget-text-editor\" data-id=\"cda4aab\" data-element_type=\"widget\" data-e-type=\"widget\" data-widget_type=\"text-editor.default\">\n\t\t\t\t<div class=\"elementor-widget-container\">\n\t\t\t\t\t\t\t\t\t<p>Das Wetter in den Bergen kann Sie im November positiv \u00fcberraschen!<br \/>Wider Erwarten kann es sonnig, wolkenlos und warm sein - wie zum Beispiel im November 2020: 20 Grad warm, strahlender Sonnenschein und wolkenloser Himmel.<\/p><p>Der November im Riesengebirge bedeutet auch h\u00e4ufige Inversionswetterlagen - auf den Gipfeln ist es w\u00e4rmer als im Flachland, und die Nebelschwaden, die unter den Bergen schweben, sorgen daf\u00fcr, dass man sich in den Bergen wie im Himmel f\u00fchlt.<br \/>Ich m\u00f6chte Sie einladen, sich an eine November-Bergwanderung auf dem Riesengebirgspfad vom Wang-Tempel in Karpacz nach Sn\u011b\u017eka zu erinnern. Der Morgen des 11. November 2020 begr\u00fc\u00dfte uns mit leichter K\u00e4lte, wolkenlosem Himmel und aufgehender Sonne.<\/p><p>Unser Ausgangspunkt ist der Wang-Tempel in Karpacz, ein einzigartiges architektonisches Bauwerk im polnischen Riesengebirge (Karkonosze).<\/p>\t\t\t\t\t\t\t\t<\/div>\n\t\t\t\t<\/div>\n\t\t\t\t\t<\/div>\n\t\t<\/div>\n\t\t\t\t<div class=\"elementor-column elementor-col-50 elementor-top-column elementor-element elementor-element-0bced71 wstazka\" data-id=\"0bced71\" data-element_type=\"column\" data-e-type=\"column\" data-settings=\"{&quot;background_background&quot;:&quot;classic&quot;}\">\n\t\t\t<div class=\"elementor-widget-wrap elementor-element-populated\">\n\t\t\t\t\t\t<div class=\"elementor-element elementor-element-392e876 elementor-widget elementor-widget-text-editor\" data-id=\"392e876\" data-element_type=\"widget\" data-e-type=\"widget\" data-widget_type=\"text-editor.default\">\n\t\t\t\t<div class=\"elementor-widget-container\">\n\t\t\t\t\t\t\t\t\t<p>Die im schwedischen Barockstil erbaute Holzkirche wurde 1842 aus Vang in Norwegen hierher verlegt.<br \/>Wang ist eine der wichtigsten Sehensw\u00fcrdigkeiten der Region und ein beliebter Ausgangspunkt f\u00fcr Bergwanderungen, unter anderem zum Sn\u011b\u017eka, dem h\u00f6chsten Gipfel des Riesengebirges.<\/p><p>Vom Tempel aus gehen wir auf dem gr\u00fcnen Weg in Richtung der Sunflower-Felsformation.<\/p><p>Die Sonnenblume ist eine der vielen Granitfelsen im Riesengebirge (Krkono\u0161e). Sie befindet sich oberhalb\u00a0<strong>Gro\u00dfer Teich<\/strong>, auf dem roten Wanderweg.<\/p><p>Die Sonnenblume erhebt sich 1.423 Meter \u00fcber dem Meeresspiegel, und die Felsen selbst sind 12 Meter hoch. Die Felsen sind von Karpacz G\u00f3rny aus sichtbar,\u00a0<strong>Borowic<\/strong>\u00a0und Przesieka. Der deutsche Name f\u00fcr diese Felsen ist: Mittagstein, was so viel wie S\u00fcdstein bedeutet.<\/p><p>Der Begriff r\u00fchrt daher, dass die Sonne genau zur Mittagszeit \u00fcber den Felsen steht, wenn man von der Seite der genannten D\u00f6rfer auf sie blickt.<br \/>Die Sonnenblume wird auch Teufelsstein genannt, weil ihr Aussehen an eine geschnitzte menschliche oder teuflische Figur erinnert.<\/p>\t\t\t\t\t\t\t\t<\/div>\n\t\t\t\t<\/div>\n\t\t\t\t\t<\/div>\n\t\t<\/div>\n\t\t\t\t\t<\/div>\n\t\t<\/section>\n\t\t\t\t<section class=\"elementor-section elementor-top-section elementor-element elementor-element-46f4763 elementor-section-boxed elementor-section-height-default elementor-section-height-default\" data-id=\"46f4763\" data-element_type=\"section\" data-e-type=\"section\">\n\t\t\t\t\t\t<div class=\"elementor-container elementor-column-gap-default\">\n\t\t\t\t\t<div class=\"elementor-column elementor-col-100 elementor-top-column elementor-element elementor-element-37d6b02\" data-id=\"37d6b02\" data-element_type=\"column\" data-e-type=\"column\">\n\t\t\t<div class=\"elementor-widget-wrap elementor-element-populated\">\n\t\t\t\t\t\t<div class=\"elementor-element elementor-element-4ab5407 elementor-widget elementor-widget-gallery\" data-id=\"4ab5407\" data-element_type=\"widget\" data-e-type=\"widget\" data-settings=\"{&quot;columns&quot;:3,&quot;lazyload&quot;:&quot;yes&quot;,&quot;gallery_layout&quot;:&quot;grid&quot;,&quot;columns_tablet&quot;:2,&quot;columns_mobile&quot;:1,&quot;gap&quot;:{&quot;unit&quot;:&quot;px&quot;,&quot;size&quot;:10,&quot;sizes&quot;:[]},&quot;gap_laptop&quot;:{&quot;unit&quot;:&quot;px&quot;,&quot;size&quot;:10,&quot;sizes&quot;:[]},&quot;gap_tablet&quot;:{&quot;unit&quot;:&quot;px&quot;,&quot;size&quot;:10,&quot;sizes&quot;:[]},&quot;gap_mobile&quot;:{&quot;unit&quot;:&quot;px&quot;,&quot;size&quot;:10,&quot;sizes&quot;:[]},&quot;link_to&quot;:&quot;file&quot;,&quot;aspect_ratio&quot;:&quot;3:2&quot;,&quot;overlay_background&quot;:&quot;yes&quot;,&quot;content_hover_animation&quot;:&quot;fade-in&quot;}\" data-widget_type=\"gallery.default\">\n\t\t\t\t<div class=\"elementor-widget-container\">\n\t\t\t\t\t\t\t<div class=\"elementor-gallery__container\">\n\t\t\t\t\t\t\t<a class=\"e-gallery-item elementor-gallery-item elementor-animated-content\" href=\"https:\/\/villawernera.pl\/wp-content\/uploads\/2023\/11\/listopad-0001.jpg\" data-elementor-open-lightbox=\"yes\" data-elementor-lightbox-slideshow=\"4ab5407\" data-e-action-hash=\"#elementor-action%3Aaction%3Dlightbox%26settings%3DeyJpZCI6NTIxMCwidXJsIjoiaHR0cHM6XC9cL3ZpbGxhd2VybmVyYS5wbFwvd3AtY29udGVudFwvdXBsb2Fkc1wvMjAyM1wvMTFcL2xpc3RvcGFkLTAwMDEuanBnIiwic2xpZGVzaG93IjoiNGFiNTQwNyJ9\">\n\t\t\t\t\t<div class=\"e-gallery-image elementor-gallery-item__image\" data-thumbnail=\"https:\/\/villawernera.pl\/wp-content\/uploads\/2023\/11\/listopad-0001.jpg\" data-width=\"640\" data-height=\"853\" aria-label=\"\" role=\"img\" ><\/div>\n\t\t\t\t\t\t\t\t\t\t\t<div class=\"elementor-gallery-item__overlay\"><\/div>\n\t\t\t\t\t\t\t\t\t\t\t\t\t\t<\/a>\n\t\t\t\t\t\t\t<a class=\"e-gallery-item elementor-gallery-item elementor-animated-content\" href=\"https:\/\/villawernera.pl\/wp-content\/uploads\/2023\/11\/listopad-0002.jpg\" data-elementor-open-lightbox=\"yes\" data-elementor-lightbox-slideshow=\"4ab5407\" data-e-action-hash=\"#elementor-action%3Aaction%3Dlightbox%26settings%3DeyJpZCI6NTIxMSwidXJsIjoiaHR0cHM6XC9cL3ZpbGxhd2VybmVyYS5wbFwvd3AtY29udGVudFwvdXBsb2Fkc1wvMjAyM1wvMTFcL2xpc3RvcGFkLTAwMDIuanBnIiwic2xpZGVzaG93IjoiNGFiNTQwNyJ9\">\n\t\t\t\t\t<div class=\"e-gallery-image elementor-gallery-item__image\" data-thumbnail=\"https:\/\/villawernera.pl\/wp-content\/uploads\/2023\/11\/listopad-0002.jpg\" data-width=\"640\" data-height=\"853\" aria-label=\"\" role=\"img\" ><\/div>\n\t\t\t\t\t\t\t\t\t\t\t<div class=\"elementor-gallery-item__overlay\"><\/div>\n\t\t\t\t\t\t\t\t\t\t\t\t\t\t<\/a>\n\t\t\t\t\t\t\t<a class=\"e-gallery-item elementor-gallery-item elementor-animated-content\" href=\"https:\/\/villawernera.pl\/wp-content\/uploads\/2023\/11\/listopad-0003.jpg\" data-elementor-open-lightbox=\"yes\" data-elementor-lightbox-slideshow=\"4ab5407\" data-e-action-hash=\"#elementor-action%3Aaction%3Dlightbox%26settings%3DeyJpZCI6NTIxMiwidXJsIjoiaHR0cHM6XC9cL3ZpbGxhd2VybmVyYS5wbFwvd3AtY29udGVudFwvdXBsb2Fkc1wvMjAyM1wvMTFcL2xpc3RvcGFkLTAwMDMuanBnIiwic2xpZGVzaG93IjoiNGFiNTQwNyJ9\">\n\t\t\t\t\t<div class=\"e-gallery-image elementor-gallery-item__image\" data-thumbnail=\"https:\/\/villawernera.pl\/wp-content\/uploads\/2023\/11\/listopad-0003.jpg\" data-width=\"640\" data-height=\"853\" aria-label=\"\" role=\"img\" ><\/div>\n\t\t\t\t\t\t\t\t\t\t\t<div class=\"elementor-gallery-item__overlay\"><\/div>\n\t\t\t\t\t\t\t\t\t\t\t\t\t\t<\/a>\n\t\t\t\t\t\t\t<a class=\"e-gallery-item elementor-gallery-item elementor-animated-content\" href=\"https:\/\/villawernera.pl\/wp-content\/uploads\/2023\/11\/listopad-0004.jpg\" data-elementor-open-lightbox=\"yes\" data-elementor-lightbox-slideshow=\"4ab5407\" data-e-action-hash=\"#elementor-action%3Aaction%3Dlightbox%26settings%3DeyJpZCI6NTIxMywidXJsIjoiaHR0cHM6XC9cL3ZpbGxhd2VybmVyYS5wbFwvd3AtY29udGVudFwvdXBsb2Fkc1wvMjAyM1wvMTFcL2xpc3RvcGFkLTAwMDQuanBnIiwic2xpZGVzaG93IjoiNGFiNTQwNyJ9\">\n\t\t\t\t\t<div class=\"e-gallery-image elementor-gallery-item__image\" data-thumbnail=\"https:\/\/villawernera.pl\/wp-content\/uploads\/2023\/11\/listopad-0004-768x576.jpg\" data-width=\"640\" data-height=\"480\" aria-label=\"\" role=\"img\" ><\/div>\n\t\t\t\t\t\t\t\t\t\t\t<div class=\"elementor-gallery-item__overlay\"><\/div>\n\t\t\t\t\t\t\t\t\t\t\t\t\t\t<\/a>\n\t\t\t\t\t\t\t<a class=\"e-gallery-item elementor-gallery-item elementor-animated-content\" href=\"https:\/\/villawernera.pl\/wp-content\/uploads\/2023\/11\/listopad-0005.jpg\" data-elementor-open-lightbox=\"yes\" data-elementor-lightbox-slideshow=\"4ab5407\" data-e-action-hash=\"#elementor-action%3Aaction%3Dlightbox%26settings%3DeyJpZCI6NTIxNCwidXJsIjoiaHR0cHM6XC9cL3ZpbGxhd2VybmVyYS5wbFwvd3AtY29udGVudFwvdXBsb2Fkc1wvMjAyM1wvMTFcL2xpc3RvcGFkLTAwMDUuanBnIiwic2xpZGVzaG93IjoiNGFiNTQwNyJ9\">\n\t\t\t\t\t<div class=\"e-gallery-image elementor-gallery-item__image\" data-thumbnail=\"https:\/\/villawernera.pl\/wp-content\/uploads\/2023\/11\/listopad-0005.jpg\" data-width=\"640\" data-height=\"853\" aria-label=\"\" role=\"img\" ><\/div>\n\t\t\t\t\t\t\t\t\t\t\t<div class=\"elementor-gallery-item__overlay\"><\/div>\n\t\t\t\t\t\t\t\t\t\t\t\t\t\t<\/a>\n\t\t\t\t\t\t\t<a class=\"e-gallery-item elementor-gallery-item elementor-animated-content\" href=\"https:\/\/villawernera.pl\/wp-content\/uploads\/2023\/11\/listopad-0006.jpg\" data-elementor-open-lightbox=\"yes\" data-elementor-lightbox-slideshow=\"4ab5407\" data-e-action-hash=\"#elementor-action%3Aaction%3Dlightbox%26settings%3DeyJpZCI6NTIxNSwidXJsIjoiaHR0cHM6XC9cL3ZpbGxhd2VybmVyYS5wbFwvd3AtY29udGVudFwvdXBsb2Fkc1wvMjAyM1wvMTFcL2xpc3RvcGFkLTAwMDYuanBnIiwic2xpZGVzaG93IjoiNGFiNTQwNyJ9\">\n\t\t\t\t\t<div class=\"e-gallery-image elementor-gallery-item__image\" data-thumbnail=\"https:\/\/villawernera.pl\/wp-content\/uploads\/2023\/11\/listopad-0006.jpg\" data-width=\"640\" data-height=\"853\" aria-label=\"\" role=\"img\" ><\/div>\n\t\t\t\t\t\t\t\t\t\t\t<div class=\"elementor-gallery-item__overlay\"><\/div>\n\t\t\t\t\t\t\t\t\t\t\t\t\t\t<\/a>\n\t\t\t\t\t\t\t<a class=\"e-gallery-item elementor-gallery-item elementor-animated-content\" href=\"https:\/\/villawernera.pl\/wp-content\/uploads\/2023\/11\/listopad-0007.jpg\" data-elementor-open-lightbox=\"yes\" data-elementor-lightbox-slideshow=\"4ab5407\" data-e-action-hash=\"#elementor-action%3Aaction%3Dlightbox%26settings%3DeyJpZCI6NTIxNiwidXJsIjoiaHR0cHM6XC9cL3ZpbGxhd2VybmVyYS5wbFwvd3AtY29udGVudFwvdXBsb2Fkc1wvMjAyM1wvMTFcL2xpc3RvcGFkLTAwMDcuanBnIiwic2xpZGVzaG93IjoiNGFiNTQwNyJ9\">\n\t\t\t\t\t<div class=\"e-gallery-image elementor-gallery-item__image\" data-thumbnail=\"https:\/\/villawernera.pl\/wp-content\/uploads\/2023\/11\/listopad-0007.jpg\" data-width=\"640\" data-height=\"853\" aria-label=\"\" role=\"img\" ><\/div>\n\t\t\t\t\t\t\t\t\t\t\t<div class=\"elementor-gallery-item__overlay\"><\/div>\n\t\t\t\t\t\t\t\t\t\t\t\t\t\t<\/a>\n\t\t\t\t\t<\/div>\n\t\t\t\t\t<\/div>\n\t\t\t\t<\/div>\n\t\t\t\t\t<\/div>\n\t\t<\/div>\n\t\t\t\t\t<\/div>\n\t\t<\/section>\n\t\t\t\t<\/div>","protected":false},"excerpt":{"rendered":"<p>Pogoda w g\u00f3rach w listopadzie potrafi zaskoczy\u0107 pozytywnie!Wbrew pozorom mo\u017ce by\u0107 s\u0142onecznie, bezchmurnie i ciep\u0142o \u2013 tak jak na przyk\u0142ad w listopadzie 2020 roku: 20 stopni ciep\u0142a, pi\u0119kne s\u0142o\u0144ce i bezchmurne niebo. Listopad w Karkonoszach to r\u00f3wnie\u017c cz\u0119ste zjawiska inwersji \u2013 na szczytach jest cieplej ni\u017c na nizinach a mg\u0142y \u015bciel\u0105ce si\u0119 poni\u017cej g\u00f3r sprawiaj\u0105, [&hellip;]<\/p>\n","protected":false},"author":1,"featured_media":0,"parent":31,"menu_order":0,"comment_status":"closed","ping_status":"closed","template":"","meta":{"footnotes":""},"class_list":["post-5208","page","type-page","status-publish","hentry"],"_links":{"self":[{"href":"https:\/\/villawernera.pl\/de\/wp-json\/wp\/v2\/pages\/5208","targetHints":{"allow":["GET"]}}],"collection":[{"href":"https:\/\/villawernera.pl\/de\/wp-json\/wp\/v2\/pages"}],"about":[{"href":"https:\/\/villawernera.pl\/de\/wp-json\/wp\/v2\/types\/page"}],"author":[{"embeddable":true,"href":"https:\/\/villawernera.pl\/de\/wp-json\/wp\/v2\/users\/1"}],"replies":[{"embeddable":true,"href":"https:\/\/villawernera.pl\/de\/wp-json\/wp\/v2\/comments?post=5208"}],"version-history":[{"count":16,"href":"https:\/\/villawernera.pl\/de\/wp-json\/wp\/v2\/pages\/5208\/revisions"}],"predecessor-version":[{"id":5240,"href":"https:\/\/villawernera.pl\/de\/wp-json\/wp\/v2\/pages\/5208\/revisions\/5240"}],"up":[{"embeddable":true,"href":"https:\/\/villawernera.pl\/de\/wp-json\/wp\/v2\/pages\/31"}],"wp:attachment":[{"href":"https:\/\/villawernera.pl\/de\/wp-json\/wp\/v2\/media?parent=5208"}],"curies":[{"name":"wp","href":"https:\/\/api.w.org\/{rel}","templated":true}]}}