{"id":4960,"date":"2023-09-16T15:48:38","date_gmt":"2023-09-16T13:48:38","guid":{"rendered":"https:\/\/villawernera.pl\/?page_id=4960"},"modified":"2023-09-16T15:50:38","modified_gmt":"2023-09-16T13:50:38","slug":"an-heisen-sommerwochenenden-empfehlen-wir-ausfluge-auf-schattigen-pfaden","status":"publish","type":"page","link":"https:\/\/villawernera.pl\/de\/szklarska-poreba\/an-heisen-sommerwochenenden-empfehlen-wir-ausfluge-auf-schattigen-pfaden\/","title":{"rendered":"An hei\u00dfen Sommerwochenenden empfehlen wir Ausfl\u00fcge auf schattigen Pfaden"},"content":{"rendered":"<div data-elementor-type=\"wp-page\" data-elementor-id=\"4960\" class=\"elementor elementor-4960\" data-elementor-post-type=\"page\">\n\t\t\t\t\t\t<header class=\"elementor-section elementor-top-section elementor-element elementor-element-f70c0da elementor-section-height-min-height elementor-section-items-bottom elementor-section-boxed elementor-section-height-default\" data-id=\"f70c0da\" data-element_type=\"section\" data-e-type=\"section\" data-settings=\"{&quot;background_background&quot;:&quot;classic&quot;}\">\n\t\t\t\t\t\t<div class=\"elementor-container elementor-column-gap-narrow\">\n\t\t\t\t\t<div class=\"elementor-column elementor-col-100 elementor-top-column elementor-element elementor-element-a999c6a\" data-id=\"a999c6a\" data-element_type=\"column\" data-e-type=\"column\">\n\t\t\t<div class=\"elementor-widget-wrap\">\n\t\t\t\t\t\t\t<\/div>\n\t\t<\/div>\n\t\t\t\t\t<\/div>\n\t\t<\/header>\n\t\t\t\t<header class=\"elementor-section elementor-top-section elementor-element elementor-element-f207064 elementor-section-full_width elementor-section-height-default elementor-section-height-default\" data-id=\"f207064\" data-element_type=\"section\" data-e-type=\"section\" data-settings=\"{&quot;background_background&quot;:&quot;classic&quot;}\">\n\t\t\t\t\t\t<div class=\"elementor-container elementor-column-gap-default\">\n\t\t\t\t\t<div class=\"elementor-column elementor-col-100 elementor-top-column elementor-element elementor-element-1d5cb51\" data-id=\"1d5cb51\" data-element_type=\"column\" data-e-type=\"column\">\n\t\t\t<div class=\"elementor-widget-wrap elementor-element-populated\">\n\t\t\t\t\t\t<div class=\"elementor-element elementor-element-813f2ad elementor-widget elementor-widget-heading\" data-id=\"813f2ad\" data-element_type=\"widget\" data-e-type=\"widget\" data-widget_type=\"heading.default\">\n\t\t\t\t<div class=\"elementor-widget-container\">\n\t\t\t\t\t<h1 class=\"elementor-heading-title elementor-size-default\">An hei\u00dfen Sommerwochenenden empfehlen wir Ausfl\u00fcge auf schattigen Pfaden<\/h1>\t\t\t\t<\/div>\n\t\t\t\t<\/div>\n\t\t\t\t\t<\/div>\n\t\t<\/div>\n\t\t\t\t\t<\/div>\n\t\t<\/header>\n\t\t\t\t<section class=\"elementor-section elementor-top-section elementor-element elementor-element-ea17c53 elementor-section-boxed elementor-section-height-default elementor-section-height-default\" data-id=\"ea17c53\" data-element_type=\"section\" data-e-type=\"section\">\n\t\t\t\t\t\t<div class=\"elementor-container elementor-column-gap-default\">\n\t\t\t\t\t<div class=\"elementor-column elementor-col-50 elementor-top-column elementor-element elementor-element-9596f71 wstazka\" data-id=\"9596f71\" data-element_type=\"column\" data-e-type=\"column\" data-settings=\"{&quot;background_background&quot;:&quot;classic&quot;}\">\n\t\t\t<div class=\"elementor-widget-wrap elementor-element-populated\">\n\t\t\t\t\t\t<div class=\"elementor-element elementor-element-52d9c85 elementor-widget elementor-widget-text-editor\" data-id=\"52d9c85\" data-element_type=\"widget\" data-e-type=\"widget\" data-widget_type=\"text-editor.default\">\n\t\t\t\t<div class=\"elementor-widget-container\">\n\t\t\t\t\t\t\t\t\t<p>An hei\u00dfen Sommerwochenenden empfehlen wir Wanderungen auf schattigen Wegen.<\/p><p>Gestern sind wir ins Janowickie-Erzgebirge gefahren - eine wundersch\u00f6ne Gegend vor Jelenia G\u00f3ra.<\/p><p>Schattige Pfade, keine Menschen, Ruhe und Frieden.<\/p><p>Anspruchslose Routen. F\u00fcr alle!<\/p><p>Zum Schluss noch ein Besuch in der Brauerei Miedzianka. Ein sch\u00f6ner Ort mit einer herrlichen Aussicht.<\/p>\t\t\t\t\t\t\t\t<\/div>\n\t\t\t\t<\/div>\n\t\t\t\t\t<\/div>\n\t\t<\/div>\n\t\t\t\t<div class=\"elementor-column elementor-col-50 elementor-top-column elementor-element elementor-element-c7b4da0\" data-id=\"c7b4da0\" data-element_type=\"column\" data-e-type=\"column\">\n\t\t\t<div class=\"elementor-widget-wrap\">\n\t\t\t\t\t\t\t<\/div>\n\t\t<\/div>\n\t\t\t\t\t<\/div>\n\t\t<\/section>\n\t\t\t\t<section class=\"elementor-section elementor-top-section elementor-element elementor-element-3ac3a12 elementor-section-boxed elementor-section-height-default elementor-section-height-default\" data-id=\"3ac3a12\" data-element_type=\"section\" data-e-type=\"section\">\n\t\t\t\t\t\t<div class=\"elementor-container elementor-column-gap-default\">\n\t\t\t\t\t<div class=\"elementor-column elementor-col-100 elementor-top-column elementor-element elementor-element-2720fae\" data-id=\"2720fae\" data-element_type=\"column\" data-e-type=\"column\">\n\t\t\t<div class=\"elementor-widget-wrap elementor-element-populated\">\n\t\t\t\t\t\t<div class=\"elementor-element elementor-element-236c9a7 elementor-widget elementor-widget-gallery\" data-id=\"236c9a7\" data-element_type=\"widget\" data-e-type=\"widget\" data-settings=\"{&quot;columns&quot;:3,&quot;lazyload&quot;:&quot;yes&quot;,&quot;gallery_layout&quot;:&quot;grid&quot;,&quot;columns_tablet&quot;:2,&quot;columns_mobile&quot;:1,&quot;gap&quot;:{&quot;unit&quot;:&quot;px&quot;,&quot;size&quot;:10,&quot;sizes&quot;:[]},&quot;gap_laptop&quot;:{&quot;unit&quot;:&quot;px&quot;,&quot;size&quot;:10,&quot;sizes&quot;:[]},&quot;gap_tablet&quot;:{&quot;unit&quot;:&quot;px&quot;,&quot;size&quot;:10,&quot;sizes&quot;:[]},&quot;gap_mobile&quot;:{&quot;unit&quot;:&quot;px&quot;,&quot;size&quot;:10,&quot;sizes&quot;:[]},&quot;link_to&quot;:&quot;file&quot;,&quot;aspect_ratio&quot;:&quot;3:2&quot;,&quot;overlay_background&quot;:&quot;yes&quot;,&quot;content_hover_animation&quot;:&quot;fade-in&quot;}\" data-widget_type=\"gallery.default\">\n\t\t\t\t<div class=\"elementor-widget-container\">\n\t\t\t\t\t\t\t<div class=\"elementor-gallery__container\">\n\t\t\t\t\t\t\t<a class=\"e-gallery-item elementor-gallery-item elementor-animated-content\" href=\"https:\/\/villawernera.pl\/wp-content\/uploads\/2023\/09\/szlaki-0007.jpg\" data-elementor-open-lightbox=\"yes\" data-elementor-lightbox-slideshow=\"236c9a7\" data-e-action-hash=\"#elementor-action%3Aaction%3Dlightbox%26settings%3DeyJpZCI6NDk2MywidXJsIjoiaHR0cHM6XC9cL3ZpbGxhd2VybmVyYS5wbFwvd3AtY29udGVudFwvdXBsb2Fkc1wvMjAyM1wvMDlcL3N6bGFraS0wMDA3LmpwZyIsInNsaWRlc2hvdyI6IjIzNmM5YTcifQ%3D%3D\">\n\t\t\t\t\t<div class=\"e-gallery-image elementor-gallery-item__image\" data-thumbnail=\"https:\/\/villawernera.pl\/wp-content\/uploads\/2023\/09\/szlaki-0007.jpg\" data-width=\"640\" data-height=\"1428\" aria-label=\"\" role=\"img\" ><\/div>\n\t\t\t\t\t\t\t\t\t\t\t<div class=\"elementor-gallery-item__overlay\"><\/div>\n\t\t\t\t\t\t\t\t\t\t\t\t\t\t<\/a>\n\t\t\t\t\t\t\t<a class=\"e-gallery-item elementor-gallery-item elementor-animated-content\" href=\"https:\/\/villawernera.pl\/wp-content\/uploads\/2023\/09\/szlaki-0001.jpg\" data-elementor-open-lightbox=\"yes\" data-elementor-lightbox-slideshow=\"236c9a7\" data-e-action-hash=\"#elementor-action%3Aaction%3Dlightbox%26settings%3DeyJpZCI6NDk2NCwidXJsIjoiaHR0cHM6XC9cL3ZpbGxhd2VybmVyYS5wbFwvd3AtY29udGVudFwvdXBsb2Fkc1wvMjAyM1wvMDlcL3N6bGFraS0wMDAxLmpwZyIsInNsaWRlc2hvdyI6IjIzNmM5YTcifQ%3D%3D\">\n\t\t\t\t\t<div class=\"e-gallery-image elementor-gallery-item__image\" data-thumbnail=\"https:\/\/villawernera.pl\/wp-content\/uploads\/2023\/09\/szlaki-0001.jpg\" data-width=\"640\" data-height=\"1422\" aria-label=\"\" role=\"img\" ><\/div>\n\t\t\t\t\t\t\t\t\t\t\t<div class=\"elementor-gallery-item__overlay\"><\/div>\n\t\t\t\t\t\t\t\t\t\t\t\t\t\t<\/a>\n\t\t\t\t\t\t\t<a class=\"e-gallery-item elementor-gallery-item elementor-animated-content\" href=\"https:\/\/villawernera.pl\/wp-content\/uploads\/2023\/09\/szlaki-0002.jpg\" data-elementor-open-lightbox=\"yes\" data-elementor-lightbox-slideshow=\"236c9a7\" data-e-action-hash=\"#elementor-action%3Aaction%3Dlightbox%26settings%3DeyJpZCI6NDk2NSwidXJsIjoiaHR0cHM6XC9cL3ZpbGxhd2VybmVyYS5wbFwvd3AtY29udGVudFwvdXBsb2Fkc1wvMjAyM1wvMDlcL3N6bGFraS0wMDAyLmpwZyIsInNsaWRlc2hvdyI6IjIzNmM5YTcifQ%3D%3D\">\n\t\t\t\t\t<div class=\"e-gallery-image elementor-gallery-item__image\" data-thumbnail=\"https:\/\/villawernera.pl\/wp-content\/uploads\/2023\/09\/szlaki-0002.jpg\" data-width=\"640\" data-height=\"1428\" aria-label=\"\" role=\"img\" ><\/div>\n\t\t\t\t\t\t\t\t\t\t\t<div class=\"elementor-gallery-item__overlay\"><\/div>\n\t\t\t\t\t\t\t\t\t\t\t\t\t\t<\/a>\n\t\t\t\t\t\t\t<a class=\"e-gallery-item elementor-gallery-item elementor-animated-content\" href=\"https:\/\/villawernera.pl\/wp-content\/uploads\/2023\/09\/szlaki-0003.jpg\" data-elementor-open-lightbox=\"yes\" data-elementor-lightbox-slideshow=\"236c9a7\" data-e-action-hash=\"#elementor-action%3Aaction%3Dlightbox%26settings%3DeyJpZCI6NDk2NiwidXJsIjoiaHR0cHM6XC9cL3ZpbGxhd2VybmVyYS5wbFwvd3AtY29udGVudFwvdXBsb2Fkc1wvMjAyM1wvMDlcL3N6bGFraS0wMDAzLmpwZyIsInNsaWRlc2hvdyI6IjIzNmM5YTcifQ%3D%3D\">\n\t\t\t\t\t<div class=\"e-gallery-image elementor-gallery-item__image\" data-thumbnail=\"https:\/\/villawernera.pl\/wp-content\/uploads\/2023\/09\/szlaki-0003.jpg\" data-width=\"640\" data-height=\"1422\" aria-label=\"\" role=\"img\" ><\/div>\n\t\t\t\t\t\t\t\t\t\t\t<div class=\"elementor-gallery-item__overlay\"><\/div>\n\t\t\t\t\t\t\t\t\t\t\t\t\t\t<\/a>\n\t\t\t\t\t\t\t<a class=\"e-gallery-item elementor-gallery-item elementor-animated-content\" href=\"https:\/\/villawernera.pl\/wp-content\/uploads\/2023\/09\/szlaki-0004.jpg\" data-elementor-open-lightbox=\"yes\" data-elementor-lightbox-slideshow=\"236c9a7\" data-e-action-hash=\"#elementor-action%3Aaction%3Dlightbox%26settings%3DeyJpZCI6NDk2NywidXJsIjoiaHR0cHM6XC9cL3ZpbGxhd2VybmVyYS5wbFwvd3AtY29udGVudFwvdXBsb2Fkc1wvMjAyM1wvMDlcL3N6bGFraS0wMDA0LmpwZyIsInNsaWRlc2hvdyI6IjIzNmM5YTcifQ%3D%3D\">\n\t\t\t\t\t<div class=\"e-gallery-image elementor-gallery-item__image\" data-thumbnail=\"https:\/\/villawernera.pl\/wp-content\/uploads\/2023\/09\/szlaki-0004.jpg\" data-width=\"640\" data-height=\"1428\" aria-label=\"\" role=\"img\" ><\/div>\n\t\t\t\t\t\t\t\t\t\t\t<div class=\"elementor-gallery-item__overlay\"><\/div>\n\t\t\t\t\t\t\t\t\t\t\t\t\t\t<\/a>\n\t\t\t\t\t\t\t<a class=\"e-gallery-item elementor-gallery-item elementor-animated-content\" href=\"https:\/\/villawernera.pl\/wp-content\/uploads\/2023\/09\/szlaki-0005.jpg\" data-elementor-open-lightbox=\"yes\" data-elementor-lightbox-slideshow=\"236c9a7\" data-e-action-hash=\"#elementor-action%3Aaction%3Dlightbox%26settings%3DeyJpZCI6NDk2OCwidXJsIjoiaHR0cHM6XC9cL3ZpbGxhd2VybmVyYS5wbFwvd3AtY29udGVudFwvdXBsb2Fkc1wvMjAyM1wvMDlcL3N6bGFraS0wMDA1LmpwZyIsInNsaWRlc2hvdyI6IjIzNmM5YTcifQ%3D%3D\">\n\t\t\t\t\t<div class=\"e-gallery-image elementor-gallery-item__image\" data-thumbnail=\"https:\/\/villawernera.pl\/wp-content\/uploads\/2023\/09\/szlaki-0005-768x576.jpg\" data-width=\"640\" data-height=\"480\" aria-label=\"\" role=\"img\" ><\/div>\n\t\t\t\t\t\t\t\t\t\t\t<div class=\"elementor-gallery-item__overlay\"><\/div>\n\t\t\t\t\t\t\t\t\t\t\t\t\t\t<\/a>\n\t\t\t\t\t\t\t<a class=\"e-gallery-item elementor-gallery-item elementor-animated-content\" href=\"https:\/\/villawernera.pl\/wp-content\/uploads\/2023\/09\/szlaki-0006.jpg\" data-elementor-open-lightbox=\"yes\" data-elementor-lightbox-slideshow=\"236c9a7\" data-e-action-hash=\"#elementor-action%3Aaction%3Dlightbox%26settings%3DeyJpZCI6NDk2OSwidXJsIjoiaHR0cHM6XC9cL3ZpbGxhd2VybmVyYS5wbFwvd3AtY29udGVudFwvdXBsb2Fkc1wvMjAyM1wvMDlcL3N6bGFraS0wMDA2LmpwZyIsInNsaWRlc2hvdyI6IjIzNmM5YTcifQ%3D%3D\">\n\t\t\t\t\t<div class=\"e-gallery-image elementor-gallery-item__image\" data-thumbnail=\"https:\/\/villawernera.pl\/wp-content\/uploads\/2023\/09\/szlaki-0006-768x346.jpg\" data-width=\"640\" data-height=\"288\" aria-label=\"\" role=\"img\" ><\/div>\n\t\t\t\t\t\t\t\t\t\t\t<div class=\"elementor-gallery-item__overlay\"><\/div>\n\t\t\t\t\t\t\t\t\t\t\t\t\t\t<\/a>\n\t\t\t\t\t<\/div>\n\t\t\t\t\t<\/div>\n\t\t\t\t<\/div>\n\t\t\t\t\t<\/div>\n\t\t<\/div>\n\t\t\t\t\t<\/div>\n\t\t<\/section>\n\t\t\t\t<\/div>","protected":false},"excerpt":{"rendered":"<p>W upalne wakacyjne weekendy polecamy wycieczki ocienionymi szlakami W upalne wakacyjne weekendy polecamy wycieczki ocienionymi szlakami. Wczoraj wybrali\u015bmy si\u0119 w Rudawy Janowickie &#8211; przepi\u0119kn\u0105 krain\u0119 przed Jeleni\u0105 G\u00f3r\u0105. Cieniste szlaki, zero ludzi, cisza i spok\u00f3j. Trasy niewymagaj\u0105ce. Dla ka\u017cdego! Na koniec wizyta w Browarze Miedzianka. Pi\u0119kne miejsce ze wspania\u0142ym widokiem.<\/p>","protected":false},"author":1,"featured_media":0,"parent":31,"menu_order":0,"comment_status":"closed","ping_status":"closed","template":"","meta":{"footnotes":""},"class_list":["post-4960","page","type-page","status-publish","hentry"],"_links":{"self":[{"href":"https:\/\/villawernera.pl\/de\/wp-json\/wp\/v2\/pages\/4960","targetHints":{"allow":["GET"]}}],"collection":[{"href":"https:\/\/villawernera.pl\/de\/wp-json\/wp\/v2\/pages"}],"about":[{"href":"https:\/\/villawernera.pl\/de\/wp-json\/wp\/v2\/types\/page"}],"author":[{"embeddable":true,"href":"https:\/\/villawernera.pl\/de\/wp-json\/wp\/v2\/users\/1"}],"replies":[{"embeddable":true,"href":"https:\/\/villawernera.pl\/de\/wp-json\/wp\/v2\/comments?post=4960"}],"version-history":[{"count":4,"href":"https:\/\/villawernera.pl\/de\/wp-json\/wp\/v2\/pages\/4960\/revisions"}],"predecessor-version":[{"id":4972,"href":"https:\/\/villawernera.pl\/de\/wp-json\/wp\/v2\/pages\/4960\/revisions\/4972"}],"up":[{"embeddable":true,"href":"https:\/\/villawernera.pl\/de\/wp-json\/wp\/v2\/pages\/31"}],"wp:attachment":[{"href":"https:\/\/villawernera.pl\/de\/wp-json\/wp\/v2\/media?parent=4960"}],"curies":[{"name":"wp","href":"https:\/\/api.w.org\/{rel}","templated":true}]}}