{"id":418,"date":"2016-10-09T23:27:14","date_gmt":"2016-10-09T21:27:14","guid":{"rendered":"http:\/\/www.villawernera.pl\/?page_id=418"},"modified":"2023-09-14T06:42:03","modified_gmt":"2023-09-14T04:42:03","slug":"informationen","status":"publish","type":"page","link":"https:\/\/villawernera.pl\/de\/informationen\/","title":{"rendered":"Informationen"},"content":{"rendered":"<div data-elementor-type=\"wp-post\" data-elementor-id=\"418\" class=\"elementor elementor-418\" data-elementor-post-type=\"page\">\n\t\t\t\t\t\t<header class=\"elementor-section elementor-top-section elementor-element elementor-element-a19df2f elementor-section-full_width elementor-section-height-default elementor-section-height-default\" data-id=\"a19df2f\" data-element_type=\"section\" data-e-type=\"section\" data-settings=\"{&quot;background_background&quot;:&quot;classic&quot;}\">\n\t\t\t\t\t\t<div class=\"elementor-container elementor-column-gap-default\">\n\t\t\t\t\t<div class=\"elementor-column elementor-col-100 elementor-top-column elementor-element elementor-element-7bf6bf4\" data-id=\"7bf6bf4\" data-element_type=\"column\" data-e-type=\"column\">\n\t\t\t<div class=\"elementor-widget-wrap elementor-element-populated\">\n\t\t\t\t\t\t<div class=\"elementor-element elementor-element-3b0805c elementor-widget elementor-widget-heading\" data-id=\"3b0805c\" data-element_type=\"widget\" data-e-type=\"widget\" data-widget_type=\"heading.default\">\n\t\t\t\t<div class=\"elementor-widget-container\">\n\t\t\t\t\t<h1 class=\"elementor-heading-title elementor-size-default\">Informationen<\/h1>\t\t\t\t<\/div>\n\t\t\t\t<\/div>\n\t\t\t\t\t<\/div>\n\t\t<\/div>\n\t\t\t\t\t<\/div>\n\t\t<\/header>\n\t\t\t\t<section class=\"elementor-section elementor-top-section elementor-element elementor-element-2c3c05d5 elementor-section-boxed elementor-section-height-default elementor-section-height-default\" data-id=\"2c3c05d5\" data-element_type=\"section\" data-e-type=\"section\">\n\t\t\t\t\t\t<div class=\"elementor-container elementor-column-gap-default\">\n\t\t\t\t\t<div class=\"elementor-column elementor-col-100 elementor-top-column elementor-element elementor-element-788ded45\" data-id=\"788ded45\" data-element_type=\"column\" data-e-type=\"column\">\n\t\t\t<div class=\"elementor-widget-wrap elementor-element-populated\">\n\t\t\t\t\t\t<div class=\"elementor-element elementor-element-16ea27c4 elementor-widget elementor-widget-text-editor\" data-id=\"16ea27c4\" data-element_type=\"widget\" data-e-type=\"widget\" data-widget_type=\"text-editor.default\">\n\t\t\t\t<div class=\"elementor-widget-container\">\n\t\t\t\t\t\t\t\t\t<p style=\"text-align: justify;\">Das Unternehmen erhielt F\u00f6rdermittel im Rahmen des Projekts \u201eErweiterung mit Sanierung des Hotelgeb\u00e4udes \u201eVilla Wernera\u201d in Szklarska Poreba, realisiert durch die Firma \u201eHotel Wernera\u201d Sp. z o.o. \u201d<\/p>\n<p style=\"text-align: justify;\">Projekte, die von der Europ\u00e4ischen Union aus dem Europ\u00e4ischen Fonds f\u00fcr regionale Entwicklung und aus dem Staatshaushalt im Rahmen des regionalen operationellen Programms f\u00fcr die Woiwodschaft Niederschlesien f\u00fcr den Zeitraum 2007-2013 kofinanziert werden<\/p>\n<p style=\"text-align: justify;\"><img fetchpriority=\"high\" decoding=\"async\" class=\"aligncenter wp-image-419 size-large\" src=\"https:\/\/villawernera.pl\/wp-content\/uploads\/2016\/10\/listwa_ikon-1024x209.jpeg\" alt=\"Regionalprogramm\" width=\"640\" height=\"131\" srcset=\"https:\/\/villawernera.pl\/wp-content\/uploads\/2016\/10\/listwa_ikon.jpeg 1024w, https:\/\/villawernera.pl\/wp-content\/uploads\/2016\/10\/listwa_ikon-300x61.jpeg 300w, https:\/\/villawernera.pl\/wp-content\/uploads\/2016\/10\/listwa_ikon-768x157.jpeg 768w\" sizes=\"(max-width: 640px) 100vw, 640px\" \/><\/p>\n<p style=\"text-align: justify;\">ANGEBOTSAUSWAHL - Szklarska Poreba 18.03.2015 \u201eErweiterung mit Umbau des Hotelgeb\u00e4udes \u201eVilla Wernera\u201d in Szklarska Poreba, realisiert durch die Firma \u201eHotel Wernera\u201d Sp. z o.o. \u201dKofinanziert durch den Europ\u00e4ischen Fonds f\u00fcr regionale Entwicklung unter:Priorit\u00e4t 1: \u201eSteigerung der Wettbewerbsf\u00e4higkeit der niederschlesischen Unternehmen \u201dMa\u00dfnahme 1.1 \u201eInvestitionen f\u00fcr Unternehmen \u201dSchema 1.1.D1: \u201dInvestitionszusch\u00fcsse f\u00fcr KMU zur Steigerung der touristischen Attraktivit\u00e4t der Region \u201dUnterschema 1.1.D1.a: \u201eInvestitionsprojekte zur Steigerung der touristischen Attraktivit\u00e4t der Region (ausgenommen Projekte zur Schaffung von EURO 2012-Unterkunftszentren) \u201dRegionales Operationelles Programm f\u00fcr die Woiwodschaft Niederschlesien f\u00fcr 2007-2013<\/p>\n<p style=\"text-align: left;\"><a href=\"https:\/\/villawernera.pl\/wp-content\/uploads\/pliki\/20150318-zaw-wyb-ofer.pdf\" target=\"_blank\" rel=\"noopener noreferrer\">BEKANNTMACHUNG \u00dcBER DIE AUSWAHL DES AUFTRAGNEHMERS<\/a><\/p>\n<p style=\"text-align: justify;\">\u00a0\u00a0VERTRAGSANZEIGE - Szklarska Poreba 10.03.2015 \u201eErweiterung mit Umbau des Hotelgeb\u00e4udes \u201eVilla Wernera\u201d in Szklarska Poreba, realisiert durch die Firma \u201eHotel Wernera\u201d Sp. z o.o. \u201dKofinanziert durch den Europ\u00e4ischen Fonds f\u00fcr regionale Entwicklung unter: Priorit\u00e4t 1: \u201eSteigerung der Wettbewerbsf\u00e4higkeit der niederschlesischen Unternehmen \u201dMa\u00dfnahme 1.1 \u201eInvestitionen f\u00fcr Unternehmen \u201dSchema 1.1.D1: \u201dInvestitionszusch\u00fcsse f\u00fcr KMU, die die touristische Attraktivit\u00e4t der Region erh\u00f6hen \u201dUnterschema 1.1.D1.a: \u201eInvestitionsprojekte zur Steigerung der touristischen Attraktivit\u00e4t der Region (ausgenommen Projekte zur Schaffung von EURO 2012-Unterkunftszentren) \u201dRegionales Operationelles Programm f\u00fcr die Woiwodschaft Niederschlesien f\u00fcr die Jahre 2007 - 2013In Bezug auf zahlreiche telefonische Anfragen m\u00f6chten wir Sie dar\u00fcber informieren, dass der Auftragsgegenstand im Preisteil des Angebotes in Form einer Tabelle in der AUSSCHREIBUNG vom 06.03.2015 falsch angegeben wurde, weshalb wir die korrigierte Anlage beif\u00fcgen.<\/p>\n<p style=\"text-align: left;\"><a href=\"https:\/\/villawernera.pl\/wp-content\/uploads\/pliki\/20150310-ogloszenie-o-zam.pdf\" target=\"_blank\" rel=\"noopener noreferrer\">VERTRAGSINFORMATIONEN<\/a><\/p>\n<p style=\"text-align: justify;\">VERTRAGSANZEIGE - Szklarska Poreba 06.03.2015 \u201eErweiterung mit Umbau des Hotelgeb\u00e4udes \u201eVilla Wernera\u201d in Szklarska Poreba, realisiert durch die Firma \u201eHotel Wernera\u201d Sp. z o.o. \u201dKofinanziert durch den Europ\u00e4ischen Fonds f\u00fcr regionale Entwicklung unter:Priorit\u00e4t 1: \u201eSteigerung der Wettbewerbsf\u00e4higkeit der niederschlesischen Unternehmen \u201dMa\u00dfnahme 1.1 \u201eInvestitionen f\u00fcr Unternehmen \u201dSchema 1.1.D1: \u201dInvestitionszusch\u00fcsse f\u00fcr KMU zur Steigerung der touristischen Attraktivit\u00e4t der Region \u201dUnterschema 1.1.D1.a: \u201eInvestitionsprojekte zur Steigerung der touristischen Attraktivit\u00e4t der Region (ausgenommen Projekte zur Schaffung von EURO 2012-Unterkunftszentren) \u201dRegionales Operationelles Programm f\u00fcr die Woiwodschaft Niederschlesien f\u00fcr 2007-2013<\/p>\n<p style=\"text-align: left;\"><a href=\"https:\/\/villawernera.pl\/wp-content\/uploads\/pliki\/20150306-ogloszenie-o-zam.pdf\" target=\"_blank\" rel=\"noopener noreferrer\">AUFTRAGSBEKANNTMACHUNG<\/a><\/p>\n<p style=\"text-align: justify;\">ANGEBOTSAUSWAHL - Szklarska Poreba 14.02.2014 \u201eErweiterung mit Umbau des Hotelgeb\u00e4udes \u201eVilla Wernera\u201d in Szklarska Poreba, realisiert durch die Firma \u201eHotel Wernera\u201d Sp. z o.o. \u201dKofinanziert durch den Europ\u00e4ischen Fonds f\u00fcr regionale Entwicklung unter:Priorit\u00e4t 1: \u201eSteigerung der Wettbewerbsf\u00e4higkeit der niederschlesischen Unternehmen \u201dMa\u00dfnahme 1.1 \u201eInvestitionen f\u00fcr Unternehmen \u201dSchema 1.1.D1: \u201dInvestitionszusch\u00fcsse f\u00fcr KMU zur Steigerung der touristischen Attraktivit\u00e4t der Region \u201dUnterschema 1.1.D1.a: \u201eInvestitionsprojekte zur Steigerung der touristischen Attraktivit\u00e4t der Region (ausgenommen Projekte zur Schaffung von EURO 2012-Unterkunftszentren) \u201dRegionales Operationelles Programm f\u00fcr die Woiwodschaft Niederschlesien f\u00fcr 2007-2013<\/p>\n<p style=\"text-align: left;\"><a href=\"https:\/\/villawernera.pl\/wp-content\/uploads\/pliki\/20140214-zaw-wyb-ofer.pdf\" target=\"_blank\" rel=\"noopener noreferrer\">BEKANNTMACHUNG \u00dcBER DIE AUSWAHL DES AUFTRAGNEHMERS<\/a><\/p>\n<p style=\"text-align: justify;\">VERTRAGSANZEIGE - Szklarska Poreba 10.01.2014 \u201eErweiterung mit Umbau des Hotelgeb\u00e4udes \u201eVilla Wernera\u201d in Szklarska Poreba, realisiert durch die Firma \u201eHotel Wernera\u201d Sp. z o.o. \u201dKofinanziert durch den Europ\u00e4ischen Fonds f\u00fcr regionale Entwicklung unter:Priorit\u00e4t 1: \u201eSteigerung der Wettbewerbsf\u00e4higkeit der niederschlesischen Unternehmen \u201dMa\u00dfnahme 1.1 \u201eInvestitionen f\u00fcr Unternehmen \u201dSchema 1.1.D1: \u201dInvestitionszusch\u00fcsse f\u00fcr KMU zur Steigerung der touristischen Attraktivit\u00e4t der Region \u201dUnterschema 1.1.D1.a: \u201eInvestitionsprojekte zur Steigerung der touristischen Attraktivit\u00e4t der Region (ausgenommen Projekte zur Schaffung von EURO 2012-Unterkunftszentren) \u201dRegionales Operationelles Programm f\u00fcr die Woiwodschaft Niederschlesien f\u00fcr 2007-2013<\/p>\n<p style=\"text-align: left;\"><a href=\"https:\/\/villawernera.pl\/wp-content\/uploads\/pliki\/20140110-ogloszenie-o-zam.pdf\" target=\"_blank\" rel=\"noopener noreferrer\">AUFTRAGSBEKANNTMACHUNG<\/a><\/p>\n<p style=\"text-align: left;\"><a href=\"https:\/\/villawernera.pl\/wp-content\/uploads\/pliki\/20140110-instrukcja-dla-wyk.pdf\" target=\"_blank\" rel=\"noopener noreferrer\">ANWEISUNGEN F\u00dcR AUFTRAGNEHMER<\/a><\/p>\n<p style=\"text-align: left;\">Anhang 1 <a href=\"https:\/\/villawernera.pl\/wp-content\/uploads\/pliki\/20140110-zalacznik-nr-1.pdf\" target=\"_blank\" rel=\"noopener noreferrer\">Muster-Ausschreibungsformular<\/a><\/p>\n<p style=\"text-align: left;\">Anhang 2 <a href=\"https:\/\/villawernera.pl\/wp-content\/uploads\/pliki\/20140110-zalacznik-nr-2.pdf\" target=\"_blank\" rel=\"noopener noreferrer\">Mustererkl\u00e4rung des Wirtschaftsteilnehmers \u00fcber die Erf\u00fcllung der Voraussetzungen f\u00fcr die Teilnahme am Verfahren<\/a><\/p>\n<p style=\"text-align: left;\">Anhang 3 <a href=\"https:\/\/villawernera.pl\/wp-content\/uploads\/pliki\/20140110-zalacznik-nr-3.pdf\" target=\"_blank\" rel=\"noopener noreferrer\">Musterliste der durchgef\u00fchrten Arbeiten<\/a><\/p>\n<p style=\"text-align: left;\">Anhang 4 <a href=\"https:\/\/villawernera.pl\/wp-content\/uploads\/pliki\/20140110-zalacznik-nr-4.pdf\" target=\"_blank\" rel=\"noopener noreferrer\">Liste der Preise f\u00fcr den gesamten Auftrag<\/a><\/p>\n<p style=\"text-align: left;\">Anhang 5 <a href=\"https:\/\/villawernera.pl\/wp-content\/uploads\/pliki\/20140110-zalacznik-nr-5.pdf\" target=\"_blank\" rel=\"noopener noreferrer\">Liste der Personen, die den Auftrag ausf\u00fchren werden<\/a>\u00a0\/ <a href=\"https:\/\/villawernera.pl\/wp-content\/uploads\/pliki\/20140110-zalacznik-nr-5a.pdf\" target=\"_blank\" rel=\"noopener noreferrer\">Muster - Bauvertrag<\/a><\/p>\n<p style=\"text-align: left;\">Anhang 6 <a href=\"https:\/\/villawernera.pl\/wp-content\/uploads\/pliki\/20140110-zalacznik-nr-6.pdf\" target=\"_blank\" rel=\"noopener noreferrer\">Vereinfachte Kostensch\u00e4tzung<\/a> \/ <a href=\"https:\/\/villawernera.pl\/wp-content\/uploads\/pliki\/20140111-zalacznik-nr-6-uzup.pdf\" target=\"_blank\" rel=\"noopener noreferrer\">Erg\u00e4nzend<\/a><\/p>\t\t\t\t\t\t\t\t<\/div>\n\t\t\t\t<\/div>\n\t\t\t\t\t<\/div>\n\t\t<\/div>\n\t\t\t\t\t<\/div>\n\t\t<\/section>\n\t\t\t\t<\/div>","protected":false},"excerpt":{"rendered":"<p>Firma uzyska\u0142a dofinansowanie w ramach realizacji projektu pn. \u201eRozbudowa z przebudow\u0105 budynku hotelowego \u201eVilla Wernera\u201d w Szklarskiej Por\u0119bie, realizowana przez firm\u0119 &#8222;Hotel Wernera&#8221; Sp. z o.o. \u201d Projekty wsp\u00f3\u0142finansowane przez Uni\u0119 Europejsk\u0105 ze \u015brodk\u00f3w Europejskiego Funduszu Rozwoju Regionalnego oraz z bud\u017cetu pa\u0144stwa w ramach Regionalnego Programu Operacyjnego dla Wojew\u00f3dztwa Dolno\u015bl\u0105skiego na lata 2007-2013 OG\u0141OSZENIE O [&hellip;]<\/p>\n","protected":false},"author":1,"featured_media":0,"parent":0,"menu_order":0,"comment_status":"closed","ping_status":"closed","template":"","meta":{"footnotes":""},"class_list":["post-418","page","type-page","status-publish","hentry"],"_links":{"self":[{"href":"https:\/\/villawernera.pl\/de\/wp-json\/wp\/v2\/pages\/418","targetHints":{"allow":["GET"]}}],"collection":[{"href":"https:\/\/villawernera.pl\/de\/wp-json\/wp\/v2\/pages"}],"about":[{"href":"https:\/\/villawernera.pl\/de\/wp-json\/wp\/v2\/types\/page"}],"author":[{"embeddable":true,"href":"https:\/\/villawernera.pl\/de\/wp-json\/wp\/v2\/users\/1"}],"replies":[{"embeddable":true,"href":"https:\/\/villawernera.pl\/de\/wp-json\/wp\/v2\/comments?post=418"}],"version-history":[{"count":18,"href":"https:\/\/villawernera.pl\/de\/wp-json\/wp\/v2\/pages\/418\/revisions"}],"predecessor-version":[{"id":4591,"href":"https:\/\/villawernera.pl\/de\/wp-json\/wp\/v2\/pages\/418\/revisions\/4591"}],"wp:attachment":[{"href":"https:\/\/villawernera.pl\/de\/wp-json\/wp\/v2\/media?parent=418"}],"curies":[{"name":"wp","href":"https:\/\/api.w.org\/{rel}","templated":true}]}}