{"id":3005,"date":"2019-10-23T09:08:23","date_gmt":"2019-10-23T07:08:23","guid":{"rendered":"https:\/\/www.villawernera.pl\/?page_id=3005"},"modified":"2026-02-10T07:46:52","modified_gmt":"2026-02-10T06:46:52","slug":"urlaub-in-den-bergen","status":"publish","type":"page","link":"https:\/\/villawernera.pl\/de\/urlaub-in-den-bergen\/","title":{"rendered":"Ferie w g\u00f3rach"},"content":{"rendered":"<div data-elementor-type=\"wp-page\" data-elementor-id=\"3005\" class=\"elementor elementor-3005\" data-elementor-post-type=\"page\">\n\t\t\t\t\t\t<header class=\"elementor-section elementor-top-section elementor-element elementor-element-4392ed0 elementor-section-height-min-height elementor-section-items-bottom elementor-section-boxed elementor-section-height-default\" data-id=\"4392ed0\" data-element_type=\"section\" data-e-type=\"section\" data-settings=\"{&quot;background_background&quot;:&quot;classic&quot;}\">\n\t\t\t\t\t\t<div class=\"elementor-container elementor-column-gap-default\">\n\t\t\t\t\t<div class=\"elementor-column elementor-col-100 elementor-top-column elementor-element elementor-element-2ad268b\" data-id=\"2ad268b\" data-element_type=\"column\" data-e-type=\"column\">\n\t\t\t<div class=\"elementor-widget-wrap\">\n\t\t\t\t\t\t\t<\/div>\n\t\t<\/div>\n\t\t\t\t\t<\/div>\n\t\t<\/header>\n\t\t\t\t<header class=\"elementor-section elementor-top-section elementor-element elementor-element-a60f53b elementor-section-full_width elementor-section-height-default elementor-section-height-default\" data-id=\"a60f53b\" data-element_type=\"section\" data-e-type=\"section\" data-settings=\"{&quot;background_background&quot;:&quot;classic&quot;}\">\n\t\t\t\t\t\t<div class=\"elementor-container elementor-column-gap-default\">\n\t\t\t\t\t<div class=\"elementor-column elementor-col-100 elementor-top-column elementor-element elementor-element-e1fa202\" data-id=\"e1fa202\" data-element_type=\"column\" data-e-type=\"column\">\n\t\t\t<div class=\"elementor-widget-wrap elementor-element-populated\">\n\t\t\t\t\t\t<div class=\"elementor-element elementor-element-99aecfb elementor-widget elementor-widget-heading\" data-id=\"99aecfb\" data-element_type=\"widget\" data-e-type=\"widget\" data-widget_type=\"heading.default\">\n\t\t\t\t<div class=\"elementor-widget-container\">\n\t\t\t\t\t<h1 class=\"elementor-heading-title elementor-size-default\">Winterurlaub in szklarska por\u0119ba<\/h1>\t\t\t\t<\/div>\n\t\t\t\t<\/div>\n\t\t\t\t<div class=\"elementor-element elementor-element-86dd5f1 animated-slow elementor-invisible elementor-widget elementor-widget-html\" data-id=\"86dd5f1\" data-element_type=\"widget\" data-e-type=\"widget\" data-settings=\"{&quot;_animation&quot;:&quot;fadeIn&quot;}\" data-widget_type=\"html.default\">\n\t\t\t\t<div class=\"elementor-widget-container\">\n\t\t\t\t\t<style>.elementor-element-86dd5f1{display:none !important}<\/style>\t\t\t\t<\/div>\n\t\t\t\t<\/div>\n\t\t\t\t<div class=\"elementor-element elementor-element-215ea2c animated-slow elementor-invisible elementor-widget elementor-widget-html\" data-id=\"215ea2c\" data-element_type=\"widget\" data-e-type=\"widget\" data-settings=\"{&quot;_animation&quot;:&quot;fadeIn&quot;}\" data-widget_type=\"html.default\">\n\t\t\t\t<div class=\"elementor-widget-container\">\n\t\t\t\t\t<style>.elementor-element-215ea2c{display:none !important}<\/style>\t\t\t\t<\/div>\n\t\t\t\t<\/div>\n\t\t\t\t<div class=\"elementor-element elementor-element-88caf02 animated-slow elementor-invisible elementor-widget elementor-widget-html\" data-id=\"88caf02\" data-element_type=\"widget\" data-e-type=\"widget\" data-settings=\"{&quot;_animation&quot;:&quot;fadeIn&quot;}\" data-widget_type=\"html.default\">\n\t\t\t\t<div class=\"elementor-widget-container\">\n\t\t\t\t\t<form action=\"https:\/\/panel.hotres.pl\/v4_step1\" target=\"_blank\" class=\"hotresChooser\" id=\"hotresChooser\" method=\"get\"><input type=\"hidden\" name=\"oid\" id=\"hotresOid\" value=\"1832\" \/><input type=\"hidden\" name=\"lang\" id=\"hotresLang\" value=\"\" \/> <input type=\"hidden\" name=\"arrival\" id=\"hotresArrival\" \/><input type=\"hidden\" name=\"departure\" id=\"hotresDeparture\" \/><div class=\"hotresRangeChooser\" id=\"hotresRangeChooser\">    <div id=\"hotresArrivalWrap\"><\/div>    <div id=\"hotresDepartureWrap\"><\/div><\/div><div class=\"hotresAdultsChooser\" id=\"hotresAdultsChooser\"><select name=\"adults\" id=\"hotresAdultsSelect\"><\/select><\/div><div class=\"hotresSubmit\"><button id=\"hotresButtonChooser\"><\/button><\/div><\/form>\r\n\r\n\r\n<script>window.addEventListener('load', (event) => { new hotresChooser({'maxAdults':10,\"lang\":\"de\"});});<\/script>\t\t\t\t<\/div>\n\t\t\t\t<\/div>\n\t\t\t\t<div class=\"elementor-element elementor-element-68abd00 elementor-hidden-mobile animated-slow elementor-invisible elementor-widget elementor-widget-html\" data-id=\"68abd00\" data-element_type=\"widget\" data-e-type=\"widget\" data-settings=\"{&quot;_animation&quot;:&quot;fadeIn&quot;}\" data-widget_type=\"html.default\">\n\t\t\t\t<div class=\"elementor-widget-container\">\n\t\t\t\t\t<style>.elementor-element-68abd00{display:none !important}<\/style>\t\t\t\t<\/div>\n\t\t\t\t<\/div>\n\t\t\t\t\t<\/div>\n\t\t<\/div>\n\t\t\t\t\t<\/div>\n\t\t<\/header>\n\t\t\t\t<section class=\"elementor-section elementor-top-section elementor-element elementor-element-8f04d6a elementor-section-content-middle elementor-section-boxed elementor-section-height-default elementor-section-height-default\" data-id=\"8f04d6a\" data-element_type=\"section\" data-e-type=\"section\">\n\t\t\t\t\t\t<div class=\"elementor-container elementor-column-gap-wider\">\n\t\t\t\t\t<div class=\"elementor-column elementor-col-50 elementor-top-column elementor-element elementor-element-ab57d0c wstazka\" data-id=\"ab57d0c\" data-element_type=\"column\" data-e-type=\"column\" data-settings=\"{&quot;background_background&quot;:&quot;classic&quot;}\">\n\t\t\t<div class=\"elementor-widget-wrap elementor-element-populated\">\n\t\t\t\t\t\t<div class=\"elementor-element elementor-element-c30f23c elementor-widget elementor-widget-heading\" data-id=\"c30f23c\" data-element_type=\"widget\" data-e-type=\"widget\" data-widget_type=\"heading.default\">\n\t\t\t\t<div class=\"elementor-widget-container\">\n\t\t\t\t\t<p class=\"elementor-heading-title elementor-size-default\">In unserem Winterangebot empfehlen wir eine Auswahl an 3-, 4-, 5- und nicht erstattungsf\u00e4higen Tagespauschalen mit Fr\u00fchst\u00fcck (BB) oder Fr\u00fchst\u00fcck und Abendessen (HP).\n<\/p>\t\t\t\t<\/div>\n\t\t\t\t<\/div>\n\t\t\t\t<div class=\"elementor-element elementor-element-55b5cc3 elementor-widget elementor-widget-text-editor\" data-id=\"55b5cc3\" data-element_type=\"widget\" data-e-type=\"widget\" data-widget_type=\"text-editor.default\">\n\t\t\t\t<div class=\"elementor-widget-container\">\n\t\t\t\t\t\t\t\t\t<p>Sie k\u00f6nnen Ihr Paket ausw\u00e4hlen und Ihre Buchung direkt auf der Website vornehmen, indem Sie Ihr Ankunftsdatum und die Anzahl der N\u00e4chte ausw\u00e4hlen.<\/p>\t\t\t\t\t\t\t\t<\/div>\n\t\t\t\t<\/div>\n\t\t\t\t<div class=\"elementor-element elementor-element-1990810 elementor-widget elementor-widget-heading\" data-id=\"1990810\" data-element_type=\"widget\" data-e-type=\"widget\" data-widget_type=\"heading.default\">\n\t\t\t\t<div class=\"elementor-widget-container\">\n\t\t\t\t\t<h3 class=\"elementor-heading-title elementor-size-default\">Im Preis Ihres Aufenthalts inbegriffen:<\/h3>\t\t\t\t<\/div>\n\t\t\t\t<\/div>\n\t\t\t\t<div class=\"elementor-element elementor-element-805a7bd elementor-widget elementor-widget-text-editor\" data-id=\"805a7bd\" data-element_type=\"widget\" data-e-type=\"widget\" data-widget_type=\"text-editor.default\">\n\t\t\t\t<div class=\"elementor-widget-container\">\n\t\t\t\t\t\t\t\t\t<ul><li>Unterkunft<\/li><li>Fr\u00fchst\u00fccksbuffet<\/li><li>unbegrenzter Zugang zum Schwimmbad mit ozonisiertem Wasser und Whirlpools<\/li><li>unbegrenzter Zugang zu Trocken- und Dampfsaunen<\/li><li>Benutzung des Skiaufbewahrungsraums, einschlie\u00dflich Schuhtrockner<\/li><li>Fitnessraum<\/li><li>Tischtennisplatte, Tischfu\u00dfball<\/li><li>Spielbereich f\u00fcr Kinder und Brettspiele<\/li><li>Parkplatz<\/li><\/ul><p><strong>Jeden Samstag in den Ferien ein Lagerfeuer mit W\u00fcrstchen und Tee.\u00a0<\/strong><\/p><p>\u00a0<\/p>\t\t\t\t\t\t\t\t<\/div>\n\t\t\t\t<\/div>\n\t\t\t\t\t<\/div>\n\t\t<\/div>\n\t\t\t\t<div class=\"elementor-column elementor-col-50 elementor-top-column elementor-element elementor-element-03b0588 wstazka\" data-id=\"03b0588\" data-element_type=\"column\" data-e-type=\"column\" data-settings=\"{&quot;background_background&quot;:&quot;classic&quot;}\">\n\t\t\t<div class=\"elementor-widget-wrap elementor-element-populated\">\n\t\t\t\t\t\t<div class=\"elementor-element elementor-element-af2959d elementor-widget elementor-widget-heading\" data-id=\"af2959d\" data-element_type=\"widget\" data-e-type=\"widget\" data-widget_type=\"heading.default\">\n\t\t\t\t<div class=\"elementor-widget-container\">\n\t\t\t\t\t<h3 class=\"elementor-heading-title elementor-size-default\">Preise f\u00fcr Kinder:<\/h3>\t\t\t\t<\/div>\n\t\t\t\t<\/div>\n\t\t\t\t<div class=\"elementor-element elementor-element-fe86bd9 elementor-widget elementor-widget-text-editor\" data-id=\"fe86bd9\" data-element_type=\"widget\" data-e-type=\"widget\" data-widget_type=\"text-editor.default\">\n\t\t\t\t<div class=\"elementor-widget-container\">\n\t\t\t\t\t\t\t\t\t<ul><li>0 - 4 Jahre KOSTENLOS schlafen mit den Eltern oder Kind im Zusatzbett 100 z\u0142\/Nacht<\/li><li>4 - 8 Jahre: 50% Rabatt vom Grundpreis f\u00fcr Erwachsene<\/li><li>8 - 15 Jahre: 30% Rabatt vom Grundpreis f\u00fcr Erwachsene\u00a0\u00a0\u00a0\u00a0\u00a0\u00a0<\/li><\/ul>\t\t\t\t\t\t\t\t<\/div>\n\t\t\t\t<\/div>\n\t\t\t\t<div class=\"elementor-element elementor-element-3052dd6 elementor-widget elementor-widget-heading\" data-id=\"3052dd6\" data-element_type=\"widget\" data-e-type=\"widget\" data-widget_type=\"heading.default\">\n\t\t\t\t<div class=\"elementor-widget-container\">\n\t\t\t\t\t<h3 class=\"elementor-heading-title elementor-size-default\">Zus\u00e4tzlich zu zahlen<\/h3>\t\t\t\t<\/div>\n\t\t\t\t<\/div>\n\t\t\t\t<div class=\"elementor-element elementor-element-ff0a9f9 elementor-widget elementor-widget-text-editor\" data-id=\"ff0a9f9\" data-element_type=\"widget\" data-e-type=\"widget\" data-widget_type=\"text-editor.default\">\n\t\t\t\t<div class=\"elementor-widget-container\">\n\t\t\t\t\t\t\t\t\t<ul><li>Bademantelverleih: 25 z\u0142\/ Aufenthalt\/Person<\/li><li>Tiere (Hunde, Katzen): je nach Gr\u00f6\u00dfe 35 z\u0142 - 80 z\u0142\/Nacht<\/li><li>Kurtaxe: 3,40 PLN\/Person\/Tag - zahlbar in bar<\/li><li>Massagen - zahlbar in bar<\/li><\/ul>\t\t\t\t\t\t\t\t<\/div>\n\t\t\t\t<\/div>\n\t\t\t\t<div class=\"elementor-element elementor-element-ad401a3 elementor-widget elementor-widget-text-editor\" data-id=\"ad401a3\" data-element_type=\"widget\" data-e-type=\"widget\" data-widget_type=\"text-editor.default\">\n\t\t\t\t<div class=\"elementor-widget-container\">\n\t\t\t\t\t\t\t\t\t<p>Das Angebot ist nicht erstattungsf\u00e4hig. Im Falle einer Stornierung wird die Anzahlung nicht zur\u00fcckerstattet.\u00a0 \u00a0<\/p>\t\t\t\t\t\t\t\t<\/div>\n\t\t\t\t<\/div>\n\t\t\t\t<div class=\"elementor-element elementor-element-2c45af0 elementor-widget elementor-widget-text-editor\" data-id=\"2c45af0\" data-element_type=\"widget\" data-e-type=\"widget\" data-widget_type=\"text-editor.default\">\n\t\t\t\t<div class=\"elementor-widget-container\">\n\t\t\t\t\t\t\t\t\tSie sind herzlich eingeladen zu buchen!\t\t\t\t\t\t\t\t<\/div>\n\t\t\t\t<\/div>\n\t\t\t\t<div class=\"elementor-element elementor-element-b3d7372 elementor-widget elementor-widget-text-editor\" data-id=\"b3d7372\" data-element_type=\"widget\" data-e-type=\"widget\" data-widget_type=\"text-editor.default\">\n\t\t\t\t<div class=\"elementor-widget-container\">\n\t\t\t\t\t\t\t\t\t<p>Kontakt:tel. <a style=\"text-decoration: underline;\" href=\"tel:0048757677239\">75 76 77 239<\/a> oder per E-Mail: <a style=\"text-decoration: underline;\" href=\"\/de\/kontakt@villawernera.pl\/\">kontakt@villawernera.pl<\/a><\/p>\t\t\t\t\t\t\t\t<\/div>\n\t\t\t\t<\/div>\n\t\t\t\t\t<\/div>\n\t\t<\/div>\n\t\t\t\t\t<\/div>\n\t\t<\/section>\n\t\t\t\t<\/div>","protected":false},"excerpt":{"rendered":"<p>Ferie zimowe szklarska por\u0119ba W naszej ofercie zimowej polecamy do wyboru 3,4,5 i dniowe bezzwrotne pakiety pobytowe ze \u015bniadaniami (BB) lub \u015bniadaniami i obiadokolacjami (HP). Wyboru pakietu oraz rezerwacji mog\u0105 Pa\u0144stwo dokona\u0107 bezpo\u015brednio na stronie internetowej, wybieraj\u0105c termin przyjazdu i liczb\u0119 nocleg\u00f3w. W cenie pobytu: noclegi \u015bniadania w formie bufetu nielimitowany wst\u0119p na basen z [&hellip;]<\/p>\n","protected":false},"author":1,"featured_media":3011,"parent":0,"menu_order":0,"comment_status":"closed","ping_status":"closed","template":"","meta":{"footnotes":""},"class_list":["post-3005","page","type-page","status-publish","has-post-thumbnail","hentry"],"_links":{"self":[{"href":"https:\/\/villawernera.pl\/de\/wp-json\/wp\/v2\/pages\/3005","targetHints":{"allow":["GET"]}}],"collection":[{"href":"https:\/\/villawernera.pl\/de\/wp-json\/wp\/v2\/pages"}],"about":[{"href":"https:\/\/villawernera.pl\/de\/wp-json\/wp\/v2\/types\/page"}],"author":[{"embeddable":true,"href":"https:\/\/villawernera.pl\/de\/wp-json\/wp\/v2\/users\/1"}],"replies":[{"embeddable":true,"href":"https:\/\/villawernera.pl\/de\/wp-json\/wp\/v2\/comments?post=3005"}],"version-history":[{"count":55,"href":"https:\/\/villawernera.pl\/de\/wp-json\/wp\/v2\/pages\/3005\/revisions"}],"predecessor-version":[{"id":7003,"href":"https:\/\/villawernera.pl\/de\/wp-json\/wp\/v2\/pages\/3005\/revisions\/7003"}],"wp:featuredmedia":[{"embeddable":true,"href":"https:\/\/villawernera.pl\/de\/wp-json\/wp\/v2\/media\/3011"}],"wp:attachment":[{"href":"https:\/\/villawernera.pl\/de\/wp-json\/wp\/v2\/media?parent=3005"}],"curies":[{"name":"wp","href":"https:\/\/api.w.org\/{rel}","templated":true}]}}