{"id":2956,"date":"2019-05-30T12:54:44","date_gmt":"2019-05-30T10:54:44","guid":{"rendered":"https:\/\/www.villawernera.pl\/?page_id=2956"},"modified":"2026-02-20T16:44:36","modified_gmt":"2026-02-20T15:44:36","slug":"langes-wochenende-im-juni","status":"publish","type":"page","link":"https:\/\/villawernera.pl\/de\/langes-wochenende-im-juni\/","title":{"rendered":"Fronleichnam 2026"},"content":{"rendered":"<div data-elementor-type=\"wp-post\" data-elementor-id=\"2956\" class=\"elementor elementor-2956\" data-elementor-post-type=\"page\">\n\t\t\t\t\t\t<header class=\"elementor-section elementor-top-section elementor-element elementor-element-50fa6fe elementor-section-height-min-height elementor-section-items-bottom elementor-section-boxed elementor-section-height-default\" data-id=\"50fa6fe\" data-element_type=\"section\" data-e-type=\"section\" data-settings=\"{&quot;background_background&quot;:&quot;classic&quot;}\">\n\t\t\t\t\t\t<div class=\"elementor-container elementor-column-gap-default\">\n\t\t\t\t\t<div class=\"elementor-column elementor-col-100 elementor-top-column elementor-element elementor-element-1d56fe9\" data-id=\"1d56fe9\" data-element_type=\"column\" data-e-type=\"column\">\n\t\t\t<div class=\"elementor-widget-wrap\">\n\t\t\t\t\t\t\t<\/div>\n\t\t<\/div>\n\t\t\t\t\t<\/div>\n\t\t<\/header>\n\t\t\t\t<header class=\"elementor-section elementor-top-section elementor-element elementor-element-61c28b0 elementor-section-full_width elementor-section-height-default elementor-section-height-default\" data-id=\"61c28b0\" data-element_type=\"section\" data-e-type=\"section\" data-settings=\"{&quot;background_background&quot;:&quot;classic&quot;}\">\n\t\t\t\t\t\t<div class=\"elementor-container elementor-column-gap-default\">\n\t\t\t\t\t<div class=\"elementor-column elementor-col-100 elementor-top-column elementor-element elementor-element-b4cca66\" data-id=\"b4cca66\" data-element_type=\"column\" data-e-type=\"column\">\n\t\t\t<div class=\"elementor-widget-wrap elementor-element-populated\">\n\t\t\t\t\t\t<div class=\"elementor-element elementor-element-0fedf5b elementor-widget elementor-widget-heading\" data-id=\"0fedf5b\" data-element_type=\"widget\" data-e-type=\"widget\" data-widget_type=\"heading.default\">\n\t\t\t\t<div class=\"elementor-widget-container\">\n\t\t\t\t\t<h1 class=\"elementor-heading-title elementor-size-default\">Fronleichnam 2026<\/h1>\t\t\t\t<\/div>\n\t\t\t\t<\/div>\n\t\t\t\t<div class=\"elementor-element elementor-element-cf3a4f1 animated-slow elementor-invisible elementor-widget elementor-widget-html\" data-id=\"cf3a4f1\" data-element_type=\"widget\" data-e-type=\"widget\" data-settings=\"{&quot;_animation&quot;:&quot;fadeIn&quot;}\" data-widget_type=\"html.default\">\n\t\t\t\t<div class=\"elementor-widget-container\">\n\t\t\t\t\t<style>.elementor-element-cf3a4f1{display:none !important}<\/style>\t\t\t\t<\/div>\n\t\t\t\t<\/div>\n\t\t\t\t<div class=\"elementor-element elementor-element-c64d122 animated-slow elementor-invisible elementor-widget elementor-widget-html\" data-id=\"c64d122\" data-element_type=\"widget\" data-e-type=\"widget\" data-settings=\"{&quot;_animation&quot;:&quot;fadeIn&quot;}\" data-widget_type=\"html.default\">\n\t\t\t\t<div class=\"elementor-widget-container\">\n\t\t\t\t\t<style>.elementor-element-c64d122{display:none !important}<\/style>\t\t\t\t<\/div>\n\t\t\t\t<\/div>\n\t\t\t\t<div class=\"elementor-element elementor-element-d108b1a animated-slow elementor-invisible elementor-widget elementor-widget-html\" data-id=\"d108b1a\" data-element_type=\"widget\" data-e-type=\"widget\" data-settings=\"{&quot;_animation&quot;:&quot;fadeIn&quot;}\" data-widget_type=\"html.default\">\n\t\t\t\t<div class=\"elementor-widget-container\">\n\t\t\t\t\t<form action=\"https:\/\/panel.hotres.pl\/v4_step1\" target=\"_blank\" class=\"hotresChooser\" id=\"hotresChooser\" method=\"get\"><input type=\"hidden\" name=\"oid\" id=\"hotresOid\" value=\"1832\" \/><input type=\"hidden\" name=\"lang\" id=\"hotresLang\" value=\"\" \/> <input type=\"hidden\" name=\"arrival\" id=\"hotresArrival\" \/><input type=\"hidden\" name=\"departure\" id=\"hotresDeparture\" \/><div class=\"hotresRangeChooser\" id=\"hotresRangeChooser\">    <div id=\"hotresArrivalWrap\"><\/div>    <div id=\"hotresDepartureWrap\"><\/div><\/div><div class=\"hotresAdultsChooser\" id=\"hotresAdultsChooser\"><select name=\"adults\" id=\"hotresAdultsSelect\"><\/select><\/div><div class=\"hotresSubmit\"><button id=\"hotresButtonChooser\"><\/button><\/div><\/form>\r\n\r\n\r\n<script>window.addEventListener('load', (event) => { new hotresChooser({'maxAdults':10,\"lang\":\"de\"});});<\/script>\t\t\t\t<\/div>\n\t\t\t\t<\/div>\n\t\t\t\t<div class=\"elementor-element elementor-element-9085d72 elementor-hidden-mobile animated-slow elementor-invisible elementor-widget elementor-widget-html\" data-id=\"9085d72\" data-element_type=\"widget\" data-e-type=\"widget\" data-settings=\"{&quot;_animation&quot;:&quot;fadeIn&quot;}\" data-widget_type=\"html.default\">\n\t\t\t\t<div class=\"elementor-widget-container\">\n\t\t\t\t\t<style>.elementor-element-9085d72{display:none !important}<\/style>\t\t\t\t<\/div>\n\t\t\t\t<\/div>\n\t\t\t\t\t<\/div>\n\t\t<\/div>\n\t\t\t\t\t<\/div>\n\t\t<\/header>\n\t\t\t\t<section class=\"elementor-section elementor-top-section elementor-element elementor-element-cb945fa elementor-section-content-middle elementor-section-boxed elementor-section-height-default elementor-section-height-default\" data-id=\"cb945fa\" data-element_type=\"section\" data-e-type=\"section\">\n\t\t\t\t\t\t<div class=\"elementor-container elementor-column-gap-wider\">\n\t\t\t\t\t<div class=\"elementor-column elementor-col-50 elementor-top-column elementor-element elementor-element-9c15244 wstazka\" data-id=\"9c15244\" data-element_type=\"column\" data-e-type=\"column\" data-settings=\"{&quot;background_background&quot;:&quot;classic&quot;}\">\n\t\t\t<div class=\"elementor-widget-wrap elementor-element-populated\">\n\t\t\t\t\t\t<div class=\"elementor-element elementor-element-9a80dd5 elementor-widget elementor-widget-heading\" data-id=\"9a80dd5\" data-element_type=\"widget\" data-e-type=\"widget\" data-widget_type=\"heading.default\">\n\t\t\t\t<div class=\"elementor-widget-container\">\n\t\t\t\t\t<p class=\"elementor-heading-title elementor-size-default\">Datum des Aufenthalts: 3-6 Juni 2026 (mind. 3 N\u00e4chte)<\/p>\t\t\t\t<\/div>\n\t\t\t\t<\/div>\n\t\t\t\t<div class=\"elementor-element elementor-element-3de6488 elementor-widget elementor-widget-text-editor\" data-id=\"3de6488\" data-element_type=\"widget\" data-e-type=\"widget\" data-widget_type=\"text-editor.default\">\n\t\t\t\t<div class=\"elementor-widget-container\">\n\t\t\t\t\t\t\t\t\t<p>Genie\u00dfen Sie ein einzigartiges Maiwochenende im Herzen des Riesengebirges! Das Hotel Villa Wernera ist der ideale Ort f\u00fcr einen Fr\u00fchlingsurlaub fernab des Alltags - umgeben von Bergnatur, mit Entspannung im SPA-Bereich und k\u00f6stlicher K\u00fcche.<\/p>\n<p><strong>Im Aufenthaltspaket<\/strong>:<\/p>\n<ul>\n<li>3 N\u00e4chte in komfortablen Zimmern<\/li>\n<li>3 Fr\u00fchst\u00fccksbuffets<\/li>\n<li>kostenlose Parkpl\u00e4tze vor Ort; unbewachter Parkplatz<\/li>\n<li>Bratwurstfeuer am 6. Juni 2026<\/li>\n<\/ul>\n<p><strong>Angebot zur\u00fccksenden<\/strong><\/p>\n<ul>\n<li>ab 687 PLN\/Person\/f\u00fcr den gesamten Aufenthalt<\/li>\n<\/ul>\n<p><strong>Nicht erstattungsf\u00e4higes Angebot<\/strong><\/p>\n<ul>\n<li>Ab 627 PLN\/Person\/f\u00fcr den gesamten Aufenthalt<\/li>\n<\/ul>\n<p><small>Der angegebene Preis gilt f\u00fcr den Aufenthalt von 1 Person in einem 4-Bett-Zimmer.<\/small><\/p>\t\t\t\t\t\t\t\t<\/div>\n\t\t\t\t<\/div>\n\t\t\t\t<div class=\"elementor-element elementor-element-9625681 elementor-widget elementor-widget-heading\" data-id=\"9625681\" data-element_type=\"widget\" data-e-type=\"widget\" data-widget_type=\"heading.default\">\n\t\t\t\t<div class=\"elementor-widget-container\">\n\t\t\t\t\t<p class=\"elementor-heading-title elementor-size-default\">Zus\u00e4tzliche Aktivit\u00e4ten sind im Preis Ihres Aufenthalts inbegriffen:<\/p>\t\t\t\t<\/div>\n\t\t\t\t<\/div>\n\t\t\t\t<div class=\"elementor-element elementor-element-9a434d9 elementor-widget elementor-widget-text-editor\" data-id=\"9a434d9\" data-element_type=\"widget\" data-e-type=\"widget\" data-widget_type=\"text-editor.default\">\n\t\t\t\t<div class=\"elementor-widget-container\">\n\t\t\t\t\t\t\t\t\t<ul><li>Kostenloses unbewachtes Parken<\/li><li>Zugang zum Wellnessbereich:<ul><li>Schwimmbad mit ozonisiertem Wasser und Whirlpools,<\/li><li>Jacuzzi<\/li><li>Trockensauna, Dampfsauna<\/li><\/ul><\/li><li>Erholungsraum mit Tischtennisplatte und Tischfu\u00dfballtisch<\/li><li>Tennisplatz\/Basketballplatz<\/li><\/ul>\t\t\t\t\t\t\t\t<\/div>\n\t\t\t\t<\/div>\n\t\t\t\t\t<\/div>\n\t\t<\/div>\n\t\t\t\t<div class=\"elementor-column elementor-col-50 elementor-top-column elementor-element elementor-element-3b3cf58 wstazka\" data-id=\"3b3cf58\" data-element_type=\"column\" data-e-type=\"column\" data-settings=\"{&quot;background_background&quot;:&quot;classic&quot;}\">\n\t\t\t<div class=\"elementor-widget-wrap elementor-element-populated\">\n\t\t\t\t\t\t<div class=\"elementor-element elementor-element-eaf7c25 elementor-widget elementor-widget-heading\" data-id=\"eaf7c25\" data-element_type=\"widget\" data-e-type=\"widget\" data-widget_type=\"heading.default\">\n\t\t\t\t<div class=\"elementor-widget-container\">\n\t\t\t\t\t<p class=\"elementor-heading-title elementor-size-default\">Zus\u00e4tzlich zu zahlen<\/p>\t\t\t\t<\/div>\n\t\t\t\t<\/div>\n\t\t\t\t<div class=\"elementor-element elementor-element-366b3ae elementor-widget elementor-widget-text-editor\" data-id=\"366b3ae\" data-element_type=\"widget\" data-e-type=\"widget\" data-widget_type=\"text-editor.default\">\n\t\t\t\t<div class=\"elementor-widget-container\">\n\t\t\t\t\t\t\t\t\t<ul><li>Bademantel (auf Anfrage): \u00a325\/Aufenthalt\/Person<\/li><li>Kurtaxe: 3,40 PLN\/Person<\/li><li>Aufenthalt f\u00fcr Haustiere von 35 bis 80 PLN\/Tag, je nach Gr\u00f6\u00dfe des Tieres<\/li><\/ul>\t\t\t\t\t\t\t\t<\/div>\n\t\t\t\t<\/div>\n\t\t\t\t<div class=\"elementor-element elementor-element-0aa0eb7 elementor-widget elementor-widget-heading\" data-id=\"0aa0eb7\" data-element_type=\"widget\" data-e-type=\"widget\" data-widget_type=\"heading.default\">\n\t\t\t\t<div class=\"elementor-widget-container\">\n\t\t\t\t\t<p class=\"elementor-heading-title elementor-size-default\">Erm\u00e4\u00dfigungen f\u00fcr Kinder:<\/p>\t\t\t\t<\/div>\n\t\t\t\t<\/div>\n\t\t\t\t<div class=\"elementor-element elementor-element-9646568 elementor-widget elementor-widget-text-editor\" data-id=\"9646568\" data-element_type=\"widget\" data-e-type=\"widget\" data-widget_type=\"text-editor.default\">\n\t\t\t\t<div class=\"elementor-widget-container\">\n\t\t\t\t\t\t\t\t\t<ul><li>0-3 Jahre - kostenloser Aufenthalt (schlafen bei den Eltern)<\/li><li>Zusatzbett: 100 PLN\/Tag<\/li><li>3-7 Jahre - 50% Rabatt auf den Erwachsenenpreis<\/li><li>7-12 Jahre - 30% Rabatt vom Erwachsenenpreis<\/li><\/ul>\t\t\t\t\t\t\t\t<\/div>\n\t\t\t\t<\/div>\n\t\t\t\t<div class=\"elementor-element elementor-element-9fc1221 elementor-widget elementor-widget-text-editor\" data-id=\"9fc1221\" data-element_type=\"widget\" data-e-type=\"widget\" data-widget_type=\"text-editor.default\">\n\t\t\t\t<div class=\"elementor-widget-container\">\n\t\t\t\t\t\t\t\t\t<p>Sie k\u00f6nnen gerne eine Reservierung vornehmen. Bitte kontaktieren Sie die Rezeption f\u00fcr eine individuelle Preiskalkulation.<\/p><p>tel. <a style=\"text-decoration: underline;\" href=\"tel:0048757677239\">75 76 77 239<\/a><br \/>E-Mail: <a style=\"text-decoration: underline;\" href=\"\/de\/kontakt@villawernera.pl\/\">kontakt@villawernera.pl<\/a><\/p>\t\t\t\t\t\t\t\t<\/div>\n\t\t\t\t<\/div>\n\t\t\t\t\t<\/div>\n\t\t<\/div>\n\t\t\t\t\t<\/div>\n\t\t<\/section>\n\t\t\t\t<\/div>","protected":false},"excerpt":{"rendered":"<p>Bo\u017ce Cia\u0142o 2026 Termin pobytu: 3\u20136 czerwca 2026 (min. 3 noclegi) Zapraszamy na wyj\u0105tkowy majowy weekend w sercu Karkonoszy! Hotel Villa Wernera to idealne miejsce na wiosenny wypoczynek z dala od codzienno\u015bci \u2013 w otoczeniu g\u00f3rskiej przyrody, z relaksem w strefie SPA i pyszn\u0105 kuchni\u0105. W pakiecie pobytowym: 3 noclegi w komfortowych pokojach 3 \u015bniadania [&hellip;]<\/p>\n","protected":false},"author":1,"featured_media":2958,"parent":0,"menu_order":0,"comment_status":"closed","ping_status":"closed","template":"","meta":{"footnotes":""},"class_list":["post-2956","page","type-page","status-publish","has-post-thumbnail","hentry"],"_links":{"self":[{"href":"https:\/\/villawernera.pl\/de\/wp-json\/wp\/v2\/pages\/2956","targetHints":{"allow":["GET"]}}],"collection":[{"href":"https:\/\/villawernera.pl\/de\/wp-json\/wp\/v2\/pages"}],"about":[{"href":"https:\/\/villawernera.pl\/de\/wp-json\/wp\/v2\/types\/page"}],"author":[{"embeddable":true,"href":"https:\/\/villawernera.pl\/de\/wp-json\/wp\/v2\/users\/1"}],"replies":[{"embeddable":true,"href":"https:\/\/villawernera.pl\/de\/wp-json\/wp\/v2\/comments?post=2956"}],"version-history":[{"count":17,"href":"https:\/\/villawernera.pl\/de\/wp-json\/wp\/v2\/pages\/2956\/revisions"}],"predecessor-version":[{"id":7074,"href":"https:\/\/villawernera.pl\/de\/wp-json\/wp\/v2\/pages\/2956\/revisions\/7074"}],"wp:featuredmedia":[{"embeddable":true,"href":"https:\/\/villawernera.pl\/de\/wp-json\/wp\/v2\/media\/2958"}],"wp:attachment":[{"href":"https:\/\/villawernera.pl\/de\/wp-json\/wp\/v2\/media?parent=2956"}],"curies":[{"name":"wp","href":"https:\/\/api.w.org\/{rel}","templated":true}]}}