{"id":2890,"date":"2019-05-19T17:34:37","date_gmt":"2019-05-19T15:34:37","guid":{"rendered":"https:\/\/www.villawernera.pl\/?page_id=2890"},"modified":"2026-03-21T11:34:17","modified_gmt":"2026-03-21T10:34:17","slug":"mai-wochenende","status":"publish","type":"page","link":"https:\/\/villawernera.pl\/de\/mai-wochenende\/","title":{"rendered":"Mai-Wochenende"},"content":{"rendered":"<div data-elementor-type=\"wp-post\" data-elementor-id=\"2890\" class=\"elementor elementor-2890\" data-elementor-post-type=\"page\">\n\t\t\t\t\t\t<header class=\"elementor-section elementor-top-section elementor-element elementor-element-72f1fc5 elementor-section-height-min-height elementor-section-items-bottom elementor-section-boxed elementor-section-height-default\" data-id=\"72f1fc5\" data-element_type=\"section\" data-e-type=\"section\" data-settings=\"{&quot;background_background&quot;:&quot;classic&quot;}\">\n\t\t\t\t\t\t<div class=\"elementor-container elementor-column-gap-default\">\n\t\t\t\t\t<div class=\"elementor-column elementor-col-100 elementor-top-column elementor-element elementor-element-723583d\" data-id=\"723583d\" data-element_type=\"column\" data-e-type=\"column\">\n\t\t\t<div class=\"elementor-widget-wrap\">\n\t\t\t\t\t\t\t<\/div>\n\t\t<\/div>\n\t\t\t\t\t<\/div>\n\t\t<\/header>\n\t\t\t\t<header class=\"elementor-section elementor-top-section elementor-element elementor-element-d352471 elementor-section-full_width elementor-section-height-default elementor-section-height-default\" data-id=\"d352471\" data-element_type=\"section\" data-e-type=\"section\" data-settings=\"{&quot;background_background&quot;:&quot;classic&quot;}\">\n\t\t\t\t\t\t<div class=\"elementor-container elementor-column-gap-default\">\n\t\t\t\t\t<div class=\"elementor-column elementor-col-100 elementor-top-column elementor-element elementor-element-d27481e\" data-id=\"d27481e\" data-element_type=\"column\" data-e-type=\"column\">\n\t\t\t<div class=\"elementor-widget-wrap elementor-element-populated\">\n\t\t\t\t\t\t<div class=\"elementor-element elementor-element-dcef89b elementor-widget elementor-widget-heading\" data-id=\"dcef89b\" data-element_type=\"widget\" data-e-type=\"widget\" data-widget_type=\"heading.default\">\n\t\t\t\t<div class=\"elementor-widget-container\">\n\t\t\t\t\t<h1 class=\"elementor-heading-title elementor-size-default\">Maifeiertag in Szklarska Por\u0119ba 2026<\/h1>\t\t\t\t<\/div>\n\t\t\t\t<\/div>\n\t\t\t\t<div class=\"elementor-element elementor-element-89372bf animated-slow elementor-invisible elementor-widget elementor-widget-html\" data-id=\"89372bf\" data-element_type=\"widget\" data-e-type=\"widget\" data-settings=\"{&quot;_animation&quot;:&quot;fadeIn&quot;}\" data-widget_type=\"html.default\">\n\t\t\t\t<div class=\"elementor-widget-container\">\n\t\t\t\t\t<style>.elementor-element-89372bf{display:none !important}<\/style>\t\t\t\t<\/div>\n\t\t\t\t<\/div>\n\t\t\t\t<div class=\"elementor-element elementor-element-cf32a63 animated-slow elementor-invisible elementor-widget elementor-widget-html\" data-id=\"cf32a63\" data-element_type=\"widget\" data-e-type=\"widget\" data-settings=\"{&quot;_animation&quot;:&quot;fadeIn&quot;}\" data-widget_type=\"html.default\">\n\t\t\t\t<div class=\"elementor-widget-container\">\n\t\t\t\t\t<style>.elementor-element-cf32a63{display:none !important}<\/style>\t\t\t\t<\/div>\n\t\t\t\t<\/div>\n\t\t\t\t<div class=\"elementor-element elementor-element-acba7a6 animated-slow elementor-invisible elementor-widget elementor-widget-html\" data-id=\"acba7a6\" data-element_type=\"widget\" data-e-type=\"widget\" data-settings=\"{&quot;_animation&quot;:&quot;fadeIn&quot;}\" data-widget_type=\"html.default\">\n\t\t\t\t<div class=\"elementor-widget-container\">\n\t\t\t\t\t<form action=\"https:\/\/panel.hotres.pl\/v4_step1\" target=\"_blank\" class=\"hotresChooser\" id=\"hotresChooser\" method=\"get\"><input type=\"hidden\" name=\"oid\" id=\"hotresOid\" value=\"1832\" \/><input type=\"hidden\" name=\"lang\" id=\"hotresLang\" value=\"\" \/> <input type=\"hidden\" name=\"arrival\" id=\"hotresArrival\" \/><input type=\"hidden\" name=\"departure\" id=\"hotresDeparture\" \/><div class=\"hotresRangeChooser\" id=\"hotresRangeChooser\">    <div id=\"hotresArrivalWrap\"><\/div>    <div id=\"hotresDepartureWrap\"><\/div><\/div><div class=\"hotresAdultsChooser\" id=\"hotresAdultsChooser\"><select name=\"adults\" id=\"hotresAdultsSelect\"><\/select><\/div><div class=\"hotresSubmit\"><button id=\"hotresButtonChooser\"><\/button><\/div><\/form>\r\n\r\n\r\n<script>window.addEventListener('load', (event) => { new hotresChooser({'maxAdults':10,\"lang\":\"de\"});});<\/script>\t\t\t\t<\/div>\n\t\t\t\t<\/div>\n\t\t\t\t<div class=\"elementor-element elementor-element-ced63d4 elementor-hidden-mobile animated-slow elementor-invisible elementor-widget elementor-widget-html\" data-id=\"ced63d4\" data-element_type=\"widget\" data-e-type=\"widget\" data-settings=\"{&quot;_animation&quot;:&quot;fadeIn&quot;}\" data-widget_type=\"html.default\">\n\t\t\t\t<div class=\"elementor-widget-container\">\n\t\t\t\t\t<style>.elementor-element-ced63d4{display:none !important}<\/style>\t\t\t\t<\/div>\n\t\t\t\t<\/div>\n\t\t\t\t\t<\/div>\n\t\t<\/div>\n\t\t\t\t\t<\/div>\n\t\t<\/header>\n\t\t\t\t<section class=\"elementor-section elementor-top-section elementor-element elementor-element-32d86ea elementor-section-content-middle elementor-section-boxed elementor-section-height-default elementor-section-height-default\" data-id=\"32d86ea\" data-element_type=\"section\" data-e-type=\"section\">\n\t\t\t\t\t\t<div class=\"elementor-container elementor-column-gap-wider\">\n\t\t\t\t\t<div class=\"elementor-column elementor-col-50 elementor-top-column elementor-element elementor-element-74dceb7 wstazka\" data-id=\"74dceb7\" data-element_type=\"column\" data-e-type=\"column\" data-settings=\"{&quot;background_background&quot;:&quot;classic&quot;}\">\n\t\t\t<div class=\"elementor-widget-wrap elementor-element-populated\">\n\t\t\t\t\t\t<div class=\"elementor-element elementor-element-dd77373 elementor-widget elementor-widget-heading\" data-id=\"dd77373\" data-element_type=\"widget\" data-e-type=\"widget\" data-widget_type=\"heading.default\">\n\t\t\t\t<div class=\"elementor-widget-container\">\n\t\t\t\t\t<p class=\"elementor-heading-title elementor-size-default\">Angebot g\u00fcltig vom 30. April bis 3. Mai (mindestens 2 N\u00e4chte)<\/p>\t\t\t\t<\/div>\n\t\t\t\t<\/div>\n\t\t\t\t<div class=\"elementor-element elementor-element-e73b809 elementor-widget elementor-widget-text-editor\" data-id=\"e73b809\" data-element_type=\"widget\" data-e-type=\"widget\" data-widget_type=\"text-editor.default\">\n\t\t\t\t<div class=\"elementor-widget-container\">\n\t\t\t\t\t\t\t\t\t<p><strong>Der Preis beinhaltet:<\/strong><\/p><ul><li>Unterkunft mit reichhaltigem Fr\u00fchst\u00fccksbuffet,<\/li><li>Grillen mit Lagerfeuer am 1.05.2026 ab 18 Uhr (W\u00fcrstchen zum Braten am Lagerfeuer, gegrillter Schweinenacken, Gem\u00fcsespie\u00dfe, gegrillte Fl\u00fcgel, Ofenkartoffeln, gemischter Salat (Salat + gr\u00fcnes Gem\u00fcse + Vinaigrette), Knoblauchsauce, Ketchup, Senf, Brot, Saft, Wasser)<\/li><li><strong>ALKOHOL w\u00e4hrend des Barbecues wird ZUS\u00c4TZLICH GEB\u00dcHREN!<\/strong><\/li><\/ul>\t\t\t\t\t\t\t\t<\/div>\n\t\t\t\t<\/div>\n\t\t\t\t<div class=\"elementor-element elementor-element-04476e7 elementor-widget elementor-widget-heading\" data-id=\"04476e7\" data-element_type=\"widget\" data-e-type=\"widget\" data-widget_type=\"heading.default\">\n\t\t\t\t<div class=\"elementor-widget-container\">\n\t\t\t\t\t<p class=\"elementor-heading-title elementor-size-default\">Ebenfalls enthalten:<\/p>\t\t\t\t<\/div>\n\t\t\t\t<\/div>\n\t\t\t\t<div class=\"elementor-element elementor-element-1ef3e9f elementor-widget elementor-widget-text-editor\" data-id=\"1ef3e9f\" data-element_type=\"widget\" data-e-type=\"widget\" data-widget_type=\"text-editor.default\">\n\t\t\t\t<div class=\"elementor-widget-container\">\n\t\t\t\t\t\t\t\t\t<ul><li>Unbegrenzter Zugang zum ozonisierten Wasser und zum Whirlpool (08:00-22:00 Uhr),<\/li><li>Zugang zum Jacuzzi, zur Sauna und zum Dampfbad von 16:00-22:00 Uhr,<\/li><li>einen Mini-Fitnessraum und einen Freizeitraum mit Tischtennisplatte und Tischfu\u00dfball.<\/li><li>Zugang zu einem Tennis-\/Basketballplatz,<\/li><li>Kostenloses Wi-Fi in der gesamten Einrichtung,<\/li><li>Parkplatz auf dem Hotelgel\u00e4nde.<\/li><\/ul>\t\t\t\t\t\t\t\t<\/div>\n\t\t\t\t<\/div>\n\t\t\t\t<div class=\"elementor-element elementor-element-08b3b02 elementor-widget elementor-widget-heading\" data-id=\"08b3b02\" data-element_type=\"widget\" data-e-type=\"widget\" data-widget_type=\"heading.default\">\n\t\t\t\t<div class=\"elementor-widget-container\">\n\t\t\t\t\t<p class=\"elementor-heading-title elementor-size-default\">Zus\u00e4tzlich zu zahlen<\/p>\t\t\t\t<\/div>\n\t\t\t\t<\/div>\n\t\t\t\t<div class=\"elementor-element elementor-element-69c20da elementor-widget elementor-widget-text-editor\" data-id=\"69c20da\" data-element_type=\"widget\" data-e-type=\"widget\" data-widget_type=\"text-editor.default\">\n\t\t\t\t<div class=\"elementor-widget-container\">\n\t\t\t\t\t\t\t\t\t<ul><li>Bademantel (auf Anfrage): 25 z\u0142\/ Aufenthalt\/Person<\/li><li>Kurtaxe: 3,40 PLN pro Person<\/li><li>Aufenthalt f\u00fcr Haustiere von 35 bis 80 PLN\/Tag, je nach Gr\u00f6\u00dfe des Tieres<\/li><\/ul>\t\t\t\t\t\t\t\t<\/div>\n\t\t\t\t<\/div>\n\t\t\t\t<div class=\"elementor-element elementor-element-80fd733 elementor-widget elementor-widget-heading\" data-id=\"80fd733\" data-element_type=\"widget\" data-e-type=\"widget\" data-widget_type=\"heading.default\">\n\t\t\t\t<div class=\"elementor-widget-container\">\n\t\t\t\t\t<p class=\"elementor-heading-title elementor-size-default\">Preis im nicht erstattungsf\u00e4higen Angebot: ab 329 PLN\/Person\/Tag<\/p>\t\t\t\t<\/div>\n\t\t\t\t<\/div>\n\t\t\t\t<div class=\"elementor-element elementor-element-e7b74ef elementor-widget elementor-widget-text-editor\" data-id=\"e7b74ef\" data-element_type=\"widget\" data-e-type=\"widget\" data-widget_type=\"text-editor.default\">\n\t\t\t\t<div class=\"elementor-widget-container\">\n\t\t\t\t\t\t\t\t\t<p>Bei der Buchung ist eine Anzahlung von 40% zu leisten.<\/p><p>Im Falle einer Stornierung wird die Anzahlung nicht zur\u00fcckerstattet. Es ist nicht m\u00f6glich, das Datum des Aufenthalts zu \u00e4ndern.<\/p><p>Im Falle einer Verk\u00fcrzung des Aufenthalts nach Beginn des Aufenthalts erstattet das Hotel kein Geld f\u00fcr nicht genutzte N\u00e4chte.<\/p>\t\t\t\t\t\t\t\t<\/div>\n\t\t\t\t<\/div>\n\t\t\t\t\t<\/div>\n\t\t<\/div>\n\t\t\t\t<div class=\"elementor-column elementor-col-50 elementor-top-column elementor-element elementor-element-be5b13b wstazka\" data-id=\"be5b13b\" data-element_type=\"column\" data-e-type=\"column\" data-settings=\"{&quot;background_background&quot;:&quot;classic&quot;}\">\n\t\t\t<div class=\"elementor-widget-wrap elementor-element-populated\">\n\t\t\t\t\t\t<div class=\"elementor-element elementor-element-1691d5e elementor-widget elementor-widget-heading\" data-id=\"1691d5e\" data-element_type=\"widget\" data-e-type=\"widget\" data-widget_type=\"heading.default\">\n\t\t\t\t<div class=\"elementor-widget-container\">\n\t\t\t\t\t<p class=\"elementor-heading-title elementor-size-default\">Erstattungsf\u00e4higer Angebotspreis: ab 354 PLN\/Person\/Tag<\/p>\t\t\t\t<\/div>\n\t\t\t\t<\/div>\n\t\t\t\t<div class=\"elementor-element elementor-element-9a488da elementor-widget elementor-widget-text-editor\" data-id=\"9a488da\" data-element_type=\"widget\" data-e-type=\"widget\" data-widget_type=\"text-editor.default\">\n\t\t\t\t<div class=\"elementor-widget-container\">\n\t\t\t\t\t\t\t\t\t<p>Eine Anzahlung von 20% ist bei der Buchung obligatorisch.<\/p><p>Eine Stornierung bis zu 5 Tage vor der geplanten Ankunft ist kostenlos. Das Hotel wird 100% der geleisteten Anzahlung zur\u00fcckerstatten. Bei einer Stornierung der Buchung weniger als 5 Tage vor dem Anreisedatum wird die Anzahlung nicht zur\u00fcckerstattet.<\/p><p>Im Falle einer Verk\u00fcrzung des Aufenthalts nach Beginn des Aufenthalts erstattet das Hotel kein Geld f\u00fcr nicht genutzte N\u00e4chte.<\/p><p>*Der angegebene Preis gilt f\u00fcr einen Aufenthalt in einem 4-Bett-Zimmer.<\/p>\t\t\t\t\t\t\t\t<\/div>\n\t\t\t\t<\/div>\n\t\t\t\t<div class=\"elementor-element elementor-element-8e9e591 elementor-widget elementor-widget-heading\" data-id=\"8e9e591\" data-element_type=\"widget\" data-e-type=\"widget\" data-widget_type=\"heading.default\">\n\t\t\t\t<div class=\"elementor-widget-container\">\n\t\t\t\t\t<p class=\"elementor-heading-title elementor-size-default\">Erm\u00e4\u00dfigungen f\u00fcr Kinder:<\/p>\t\t\t\t<\/div>\n\t\t\t\t<\/div>\n\t\t\t\t<div class=\"elementor-element elementor-element-ffb2388 elementor-widget elementor-widget-text-editor\" data-id=\"ffb2388\" data-element_type=\"widget\" data-e-type=\"widget\" data-widget_type=\"text-editor.default\">\n\t\t\t\t<div class=\"elementor-widget-container\">\n\t\t\t\t\t\t\t\t\t<p><strong>Im Angebot nicht erstattungsf\u00e4hig:<\/strong><\/p><ul><li>0-3 Jahre: kostenlos (bei den Eltern schlafend); Zusatzbett: 100 z\u0142\/Tag3-7 Jahre: 170 z\u0142\/Tag<\/li><li>z\u0142.\/Tag<\/li><li>7-12 Jahre alt - 240 z\u0142\/Tag<\/li><\/ul><p><strong>Im Gegenangebot:<\/strong><\/p><ul><li>0-3 Jahre kostenlos (bei den Eltern schlafend); Zusatzbett: 100 zl.\/Tag<\/li><li>3-7 Jahre alt - 187 z\u0142\/Tag<\/li><li>7-12 Jahre alt - 262 z\u0142\/Tag<\/li><\/ul><p>Um Ihren Aufenthalt mit Kindererm\u00e4\u00dfigung zu berechnen, wenden Sie sich bitte direkt an die Rezeption.<\/p>\t\t\t\t\t\t\t\t<\/div>\n\t\t\t\t<\/div>\n\t\t\t\t<div class=\"elementor-element elementor-element-c35b03e elementor-widget elementor-widget-text-editor\" data-id=\"c35b03e\" data-element_type=\"widget\" data-e-type=\"widget\" data-widget_type=\"text-editor.default\">\n\t\t\t\t<div class=\"elementor-widget-container\">\n\t\t\t\t\t\t\t\t\t<p>Sie sind herzlich eingeladen, sich anzumelden. Die Pl\u00e4tze sind begrenzt!<\/p><p>tel. <a style=\"text-decoration: underline;\" href=\"tel:0048757677239\">75 76 77 239<\/a> <br \/>E-Mail: <a style=\"text-decoration: underline;\" href=\"\/de\/kontakt@villawernera.pl\/\">kontakt@villawernera.pl<\/a><\/p>\t\t\t\t\t\t\t\t<\/div>\n\t\t\t\t<\/div>\n\t\t\t\t\t<\/div>\n\t\t<\/div>\n\t\t\t\t\t<\/div>\n\t\t<\/section>\n\t\t\t\t<\/div>","protected":false},"excerpt":{"rendered":"<p>Maj\u00f3wka w Szklarskiej Por\u0119bie 2026 Oferta obowi\u0105zuje od 30 kwietnia do 3 maja (minimum 2 noce) Cena zawiera: noclegi ze \u015bniadaniami w formie bogatego bufetu, grillowanie z ogniskiem 1.05.2026 od godz. 18:00 (kie\u0142baski do pieczenia na ognisku, kark\u00f3wka grillowana, szasz\u0142yki warzywne, skrzyde\u0142ka grillowane, ziemniaki opiekane, sa\u0142atka mix sa\u0142at (sa\u0142aty + warzywa zielone + winegret) sos [&hellip;]<\/p>\n","protected":false},"author":1,"featured_media":2927,"parent":0,"menu_order":0,"comment_status":"closed","ping_status":"closed","template":"","meta":{"footnotes":""},"class_list":["post-2890","page","type-page","status-publish","has-post-thumbnail","hentry"],"_links":{"self":[{"href":"https:\/\/villawernera.pl\/de\/wp-json\/wp\/v2\/pages\/2890","targetHints":{"allow":["GET"]}}],"collection":[{"href":"https:\/\/villawernera.pl\/de\/wp-json\/wp\/v2\/pages"}],"about":[{"href":"https:\/\/villawernera.pl\/de\/wp-json\/wp\/v2\/types\/page"}],"author":[{"embeddable":true,"href":"https:\/\/villawernera.pl\/de\/wp-json\/wp\/v2\/users\/1"}],"replies":[{"embeddable":true,"href":"https:\/\/villawernera.pl\/de\/wp-json\/wp\/v2\/comments?post=2890"}],"version-history":[{"count":57,"href":"https:\/\/villawernera.pl\/de\/wp-json\/wp\/v2\/pages\/2890\/revisions"}],"predecessor-version":[{"id":7145,"href":"https:\/\/villawernera.pl\/de\/wp-json\/wp\/v2\/pages\/2890\/revisions\/7145"}],"wp:featuredmedia":[{"embeddable":true,"href":"https:\/\/villawernera.pl\/de\/wp-json\/wp\/v2\/media\/2927"}],"wp:attachment":[{"href":"https:\/\/villawernera.pl\/de\/wp-json\/wp\/v2\/media?parent=2890"}],"curies":[{"name":"wp","href":"https:\/\/api.w.org\/{rel}","templated":true}]}}