{"id":7001,"date":"2026-02-17T14:33:00","date_gmt":"2026-02-17T13:33:00","guid":{"rendered":"https:\/\/villawernera.pl\/?page_id=7001"},"modified":"2026-02-17T14:42:32","modified_gmt":"2026-02-17T13:42:32","slug":"prijimani-v-hotelu-villa-wernera","status":"publish","type":"page","link":"https:\/\/villawernera.pl\/cz\/prijimani-v-hotelu-villa-wernera\/","title":{"rendered":"Spole\u010denstv\u00ed v hotelu Villa Wernera"},"content":{"rendered":"<div data-elementor-type=\"wp-page\" data-elementor-id=\"7001\" class=\"elementor elementor-7001\" data-elementor-post-type=\"page\">\n\t\t\t\t\t\t<header class=\"elementor-section elementor-top-section elementor-element elementor-element-c703495 elementor-section-height-min-height elementor-section-items-bottom elementor-section-boxed elementor-section-height-default\" data-id=\"c703495\" data-element_type=\"section\" data-e-type=\"section\" data-settings=\"{&quot;background_background&quot;:&quot;classic&quot;}\">\n\t\t\t\t\t\t<div class=\"elementor-container elementor-column-gap-default\">\n\t\t\t\t\t<div class=\"elementor-column elementor-col-100 elementor-top-column elementor-element elementor-element-a97749e\" data-id=\"a97749e\" data-element_type=\"column\" data-e-type=\"column\">\n\t\t\t<div class=\"elementor-widget-wrap\">\n\t\t\t\t\t\t\t<\/div>\n\t\t<\/div>\n\t\t\t\t\t<\/div>\n\t\t<\/header>\n\t\t\t\t<header class=\"elementor-section elementor-top-section elementor-element elementor-element-b714814 elementor-section-full_width elementor-section-height-default elementor-section-height-default\" data-id=\"b714814\" data-element_type=\"section\" data-e-type=\"section\" data-settings=\"{&quot;background_background&quot;:&quot;classic&quot;}\">\n\t\t\t\t\t\t<div class=\"elementor-container elementor-column-gap-default\">\n\t\t\t\t\t<div class=\"elementor-column elementor-col-100 elementor-top-column elementor-element elementor-element-e5e382a\" data-id=\"e5e382a\" data-element_type=\"column\" data-e-type=\"column\">\n\t\t\t<div class=\"elementor-widget-wrap elementor-element-populated\">\n\t\t\t\t\t\t<div class=\"elementor-element elementor-element-c1ec72b elementor-widget elementor-widget-heading\" data-id=\"c1ec72b\" data-element_type=\"widget\" data-e-type=\"widget\" data-widget_type=\"heading.default\">\n\t\t\t\t<div class=\"elementor-widget-container\">\n\t\t\t\t\t<h1 class=\"elementor-heading-title elementor-size-default\">Spole\u010denstv\u00ed v hotelu Villa Wernera<\/h1>\t\t\t\t<\/div>\n\t\t\t\t<\/div>\n\t\t\t\t\t<\/div>\n\t\t<\/div>\n\t\t\t\t\t<\/div>\n\t\t<\/header>\n\t\t\t\t<section class=\"elementor-section elementor-top-section elementor-element elementor-element-a3af5bd elementor-section-content-middle elementor-section-boxed elementor-section-height-default elementor-section-height-default\" data-id=\"a3af5bd\" data-element_type=\"section\" data-e-type=\"section\">\n\t\t\t\t\t\t<div class=\"elementor-container elementor-column-gap-wider\">\n\t\t\t\t\t<div class=\"elementor-column elementor-col-50 elementor-top-column elementor-element elementor-element-28f4f0e wstazka\" data-id=\"28f4f0e\" data-element_type=\"column\" data-e-type=\"column\" data-settings=\"{&quot;background_background&quot;:&quot;classic&quot;}\">\n\t\t\t<div class=\"elementor-widget-wrap elementor-element-populated\">\n\t\t\t\t\t\t<div class=\"elementor-element elementor-element-56a5b64 elementor-widget elementor-widget-text-editor\" data-id=\"56a5b64\" data-element_type=\"widget\" data-e-type=\"widget\" data-widget_type=\"text-editor.default\">\n\t\t\t\t<div class=\"elementor-widget-container\">\n\t\t\t\t\t\t\t\t\t<p>Prvn\u00ed svat\u00e9 p\u0159ij\u00edm\u00e1n\u00ed je v\u00fdjime\u010dn\u00fd den pln\u00fd emoc\u00ed, radosti a rodinn\u00fdch setk\u00e1n\u00ed. V hotelu Villa Wernera ve Szklarsk\u00e9 Poreb\u011b pro v\u00e1s vytvo\u0159\u00edme elegantn\u00ed, v\u0159elou a rodinnou atmosf\u00e9ru, ve kter\u00e9 m\u016f\u017eete tento v\u00fdjime\u010dn\u00fd ob\u0159ad pln\u011b oslavit.<\/p><p>Postar\u00e1me se o ka\u017ed\u00fd detail - od chutn\u00e9ho menu p\u0159es estetick\u00e9 uspo\u0159\u00e1d\u00e1n\u00ed stol\u016f a\u017e po pohodl\u00ed a svobodu v\u0161ech host\u016f.<\/p><p>V\u00edme, jak d\u016fle\u017eit\u00e9 je pohodl\u00ed v den ob\u0159adu. Velk\u00e9 bezplatn\u00e9 parkovi\u0161t\u011b zajist\u00ed pohodl\u00ed v\u0161ech host\u016f a prostorn\u00e1 zahrada kolem hotelu umo\u017en\u00ed d\u011btem voln\u011b si hr\u00e1t a poskytne p\u0159\u00edle\u017eitost po\u0159\u00eddit kr\u00e1sn\u00e9 fotografie na pam\u00e1tku. Mini d\u011btsk\u00e9 h\u0159i\u0161t\u011b zajist\u00ed, \u017ee se nejmlad\u0161\u00ed host\u00e9 nebudou nudit.<\/p>\t\t\t\t\t\t\t\t<\/div>\n\t\t\t\t<\/div>\n\t\t\t\t<div class=\"elementor-element elementor-element-3d7e7a9 elementor-widget elementor-widget-heading\" data-id=\"3d7e7a9\" data-element_type=\"widget\" data-e-type=\"widget\" data-widget_type=\"heading.default\">\n\t\t\t\t<div class=\"elementor-widget-container\">\n\t\t\t\t\t<h3 class=\"elementor-heading-title elementor-size-default\">Poskytujeme:<\/h3>\t\t\t\t<\/div>\n\t\t\t\t<\/div>\n\t\t\t\t<div class=\"elementor-element elementor-element-77b8fee elementor-widget elementor-widget-text-editor\" data-id=\"77b8fee\" data-element_type=\"widget\" data-e-type=\"widget\" data-widget_type=\"text-editor.default\">\n\t\t\t\t<div class=\"elementor-widget-container\">\n\t\t\t\t\t\t\t\t\t<ul><li>Elegantn\u00ed, atmosf\u00e9rick\u00fd s\u00e1l s profesion\u00e1ln\u00ed obsluhou<\/li><li>origin\u00e1ln\u00ed menu p\u0159ipraven\u00e9 z \u010derstv\u00fdch a kvalitn\u00edch produkt\u016f<\/li><li>individu\u00e1ln\u00ed p\u0159\u00edstup ke ka\u017ed\u00e9 rodin\u011b<\/li><li>velk\u00e9 bezplatn\u00e9 parkovi\u0161t\u011b pro v\u0161echny hosty<\/li><li>prostorn\u00e1 zahrada kolem hotelu - ide\u00e1ln\u00ed pro chv\u00edle odpo\u010dinku a rodinn\u00e9 fotografie<\/li><li>mini d\u011btsk\u00e9 h\u0159i\u0161t\u011b - aby se i ti nejmen\u0161\u00ed c\u00edtili v\u00fdjime\u010dn\u011b.<\/li><\/ul><p>D\u00edky sv\u00e9 poloze v srdci Krkono\u0161 lze oslavu spojit s rodinnou proch\u00e1zkou a spole\u010dn\u011b str\u00e1ven\u00fdm \u010dasem v kr\u00e1sn\u00e9 horsk\u00e9 krajin\u011b.<\/p>\t\t\t\t\t\t\t\t<\/div>\n\t\t\t\t<\/div>\n\t\t\t\t<div class=\"elementor-element elementor-element-7ce75fd elementor-widget elementor-widget-heading\" data-id=\"7ce75fd\" data-element_type=\"widget\" data-e-type=\"widget\" data-widget_type=\"heading.default\">\n\t\t\t\t<div class=\"elementor-widget-container\">\n\t\t\t\t\t<p class=\"elementor-heading-title elementor-size-default\">Navrhovan\u00e9 mo\u017enosti p\u0159ij\u00edm\u00e1n\u00ed:<\/p>\t\t\t\t<\/div>\n\t\t\t\t<\/div>\n\t\t\t\t<div class=\"elementor-element elementor-element-ab1b48f text elementor-widget elementor-widget-text-editor\" data-id=\"ab1b48f\" data-element_type=\"widget\" data-e-type=\"widget\" data-widget_type=\"text-editor.default\">\n\t\t\t\t<div class=\"elementor-widget-container\">\n\t\t\t\t\t\t\t\t\t<p>P\u0159ipravili jsme pro v\u00e1s t\u0159i varianty menu, kter\u00e9 se li\u0161\u00ed rozsahem pokrm\u016f a cenou, abyste si mohli vybrat tu, kter\u00e1 nejl\u00e9pe vyhovuje va\u0161im pot\u0159eb\u00e1m.<\/p><p><strong>Mo\u017enost I<\/strong> - Classic: 180 PLN\/dosp\u011bl\u00e1 osoba<br \/><a href=\"https:\/\/villawernera.pl\/wp-content\/uploads\/2026\/02\/komunia-standard.pdf\" target=\"_blank\" rel=\"noopener\">Zobrazit PDF<\/a><\/p><p><strong>Mo\u017enost II<\/strong> - Roz\u0161\u00ed\u0159en\u00e1: \u00a3290\/osoba dosp\u011bl\u00e1<br \/><a href=\"https:\/\/villawernera.pl\/wp-content\/uploads\/2026\/02\/komunia-rozszerzony.pdf\" target=\"_blank\" rel=\"noopener\">Zobrazit PDF<\/a><\/p><p><strong>Mo\u017enost III<\/strong> - Premium: 400 PLN\/osoba dosp\u011bl\u00e1 <br \/><a href=\"https:\/\/villawernera.pl\/wp-content\/uploads\/2026\/02\/komunia-premium.pdf\" target=\"_blank\" rel=\"noopener\">Zobrazit PDF<\/a><\/p>\t\t\t\t\t\t\t\t<\/div>\n\t\t\t\t<\/div>\n\t\t\t\t\t<\/div>\n\t\t<\/div>\n\t\t\t\t<div class=\"elementor-column elementor-col-50 elementor-top-column elementor-element elementor-element-3ff4a81 wstazka\" data-id=\"3ff4a81\" data-element_type=\"column\" data-e-type=\"column\" data-settings=\"{&quot;background_background&quot;:&quot;classic&quot;}\">\n\t\t\t<div class=\"elementor-widget-wrap elementor-element-populated\">\n\t\t\t\t\t\t<div class=\"elementor-element elementor-element-218d902 elementor-widget elementor-widget-heading\" data-id=\"218d902\" data-element_type=\"widget\" data-e-type=\"widget\" data-widget_type=\"heading.default\">\n\t\t\t\t<div class=\"elementor-widget-container\">\n\t\t\t\t\t<h3 class=\"elementor-heading-title elementor-size-default\">V ka\u017ed\u00e9 variant\u011b nab\u00edz\u00edme:\n<\/h3>\t\t\t\t<\/div>\n\t\t\t\t<\/div>\n\t\t\t\t<div class=\"elementor-element elementor-element-f7ed0c7 elementor-widget elementor-widget-text-editor\" data-id=\"f7ed0c7\" data-element_type=\"widget\" data-e-type=\"widget\" data-widget_type=\"text-editor.default\">\n\t\t\t\t<div class=\"elementor-widget-container\">\n\t\t\t\t\t\t\t\t\t<ul><li>dostupnost pokoj\u016f od 12:00 do 20:00 hod.<\/li><li>slevy pro d\u011bti:<ul><li>d\u011bti do 3 let zdarma<\/li><li>d\u011bti od 3 do 7 let - 50% sleva z ceny pro dosp\u011bl\u00e9<\/li><li>D\u011bti od 7 do 12 let - 30 slev % z ceny pro dosp\u011bl\u00e9.<\/li><\/ul><\/li><\/ul><p>V cen\u011b je zahrnut tak\u00e9 d\u00e1rek od hotelu pro prvn\u00ed d\u00edt\u011b.<\/p><p>Pro skupiny v\u00edce ne\u017e 15 plnohodnotn\u00fdch pl\u00e1tc\u016f je mo\u017en\u00e9 stanovit individu\u00e1ln\u00ed ceny.<\/p>\t\t\t\t\t\t\t\t<\/div>\n\t\t\t\t<\/div>\n\t\t\t\t<div class=\"elementor-element elementor-element-d82d2d5 elementor-widget elementor-widget-heading\" data-id=\"d82d2d5\" data-element_type=\"widget\" data-e-type=\"widget\" data-widget_type=\"heading.default\">\n\t\t\t\t<div class=\"elementor-widget-container\">\n\t\t\t\t\t<h3 class=\"elementor-heading-title elementor-size-default\">Dal\u0161\u00ed mo\u017enosti:<\/h3>\t\t\t\t<\/div>\n\t\t\t\t<\/div>\n\t\t\t\t<div class=\"elementor-element elementor-element-8688b74 elementor-widget elementor-widget-text-editor\" data-id=\"8688b74\" data-element_type=\"widget\" data-e-type=\"widget\" data-widget_type=\"text-editor.default\">\n\t\t\t\t<div class=\"elementor-widget-container\">\n\t\t\t\t\t\t\t\t\t<p>Na po\u017e\u00e1d\u00e1n\u00ed v\u00e1m m\u016f\u017eeme pomoci s organizac\u00ed:<\/p><ul><li>dort ke svat\u00e9mu p\u0159ij\u00edm\u00e1n\u00ed<\/li><li>stoln\u00ed dekorace<\/li><li>ubytov\u00e1n\u00ed pro hosty mimo region<\/li><li>individu\u00e1ln\u00ed \u00fapravy j\u00eddeln\u00ed\u010dku (vegetari\u00e1nsk\u00e9 pokrmy, pokrmy pro d\u011bti).<\/li><\/ul>\t\t\t\t\t\t\t\t<\/div>\n\t\t\t\t<\/div>\n\t\t\t\t<div class=\"elementor-element elementor-element-7126cff elementor-widget elementor-widget-text-editor\" data-id=\"7126cff\" data-element_type=\"widget\" data-e-type=\"widget\" data-widget_type=\"text-editor.default\">\n\t\t\t\t<div class=\"elementor-widget-container\">\n\t\t\t\t\t\t\t\t\t<p>Nev\u00e1hejte n\u00e1s kontaktovat!<\/p>\t\t\t\t\t\t\t\t<\/div>\n\t\t\t\t<\/div>\n\t\t\t\t<div class=\"elementor-element elementor-element-8a5fdd9 elementor-widget elementor-widget-text-editor\" data-id=\"8a5fdd9\" data-element_type=\"widget\" data-e-type=\"widget\" data-widget_type=\"text-editor.default\">\n\t\t\t\t<div class=\"elementor-widget-container\">\n\t\t\t\t\t\t\t\t\t<p>R\u00e1di v\u00e1m p\u0159iprav\u00edme individu\u00e1ln\u00ed nab\u00eddku a zodpov\u00edme v\u0161echny va\u0161e dotazy. Po\u010det term\u00edn\u016f p\u0159ij\u00edm\u00e1n\u00ed je omezen - doporu\u010dujeme v\u00e1m, abyste si je rezervovali p\u0159edem.<\/p>\t\t\t\t\t\t\t\t<\/div>\n\t\t\t\t<\/div>\n\t\t\t\t<div class=\"elementor-element elementor-element-48eff33 elementor-widget elementor-widget-text-editor\" data-id=\"48eff33\" data-element_type=\"widget\" data-e-type=\"widget\" data-widget_type=\"text-editor.default\">\n\t\t\t\t<div class=\"elementor-widget-container\">\n\t\t\t\t\t\t\t\t\t<p>Kontakt:tel. <a style=\"text-decoration: underline;\" href=\"tel:0048757677239\">75 76 77 239<\/a> nebo e-mailem: <a style=\"text-decoration: underline;\" href=\"\/cz\/kontakt@villawernera.pl\/\">kontakt@villawernera.pl<\/a><\/p>\t\t\t\t\t\t\t\t<\/div>\n\t\t\t\t<\/div>\n\t\t\t\t<div class=\"elementor-element elementor-element-a3d13d8 elementor-widget elementor-widget-heading\" data-id=\"a3d13d8\" data-element_type=\"widget\" data-e-type=\"widget\" data-widget_type=\"heading.default\">\n\t\t\t\t<div class=\"elementor-widget-container\">\n\t\t\t\t\t<h3 class=\"elementor-heading-title elementor-size-default\">Wernerova vila - jedine\u010dn\u00e9 m\u00edsto pro v\u00fdjime\u010dn\u00e9 chv\u00edle.<\/h3>\t\t\t\t<\/div>\n\t\t\t\t<\/div>\n\t\t\t\t\t<\/div>\n\t\t<\/div>\n\t\t\t\t\t<\/div>\n\t\t<\/section>\n\t\t\t\t<\/div>","protected":false},"excerpt":{"rendered":"<p>Pierwsza Komunia \u015awi\u0119ta to wyj\u0105tkowy dzie\u0144 \u2013 pe\u0142en wzrusze\u0144, rado\u015bci i rodzinnych spotka\u0144. W Hotelu Villa Wernera w Szklarskiej Por\u0119bie stworzymy dla Pa\u0144stwa eleganck\u0105, ciep\u0142\u0105 i rodzinn\u0105 atmosfer\u0119, w kt\u00f3rej b\u0119d\u0105 mogli Pa\u0144stwo w pe\u0142ni celebrowa\u0107 t\u0119 niezwyk\u0142\u0105 uroczysto\u015b\u0107. Zadbamy o ka\u017cdy detal \u2013 od wy\u015bmienitego menu, przez estetyczn\u0105 aran\u017cacj\u0119 sto\u0142\u00f3w, a\u017c po komfort i [&hellip;]<\/p>\n","protected":false},"author":1,"featured_media":0,"parent":0,"menu_order":0,"comment_status":"closed","ping_status":"closed","template":"","meta":{"footnotes":""},"class_list":["post-7001","page","type-page","status-publish","hentry"],"_links":{"self":[{"href":"https:\/\/villawernera.pl\/cz\/wp-json\/wp\/v2\/pages\/7001","targetHints":{"allow":["GET"]}}],"collection":[{"href":"https:\/\/villawernera.pl\/cz\/wp-json\/wp\/v2\/pages"}],"about":[{"href":"https:\/\/villawernera.pl\/cz\/wp-json\/wp\/v2\/types\/page"}],"author":[{"embeddable":true,"href":"https:\/\/villawernera.pl\/cz\/wp-json\/wp\/v2\/users\/1"}],"replies":[{"embeddable":true,"href":"https:\/\/villawernera.pl\/cz\/wp-json\/wp\/v2\/comments?post=7001"}],"version-history":[{"count":7,"href":"https:\/\/villawernera.pl\/cz\/wp-json\/wp\/v2\/pages\/7001\/revisions"}],"predecessor-version":[{"id":7013,"href":"https:\/\/villawernera.pl\/cz\/wp-json\/wp\/v2\/pages\/7001\/revisions\/7013"}],"wp:attachment":[{"href":"https:\/\/villawernera.pl\/cz\/wp-json\/wp\/v2\/media?parent=7001"}],"curies":[{"name":"wp","href":"https:\/\/api.w.org\/{rel}","templated":true}]}}