{"id":5787,"date":"2024-09-30T09:50:39","date_gmt":"2024-09-30T07:50:39","guid":{"rendered":"https:\/\/villawernera.pl\/?page_id=5787"},"modified":"2025-10-13T12:31:22","modified_gmt":"2025-10-13T10:31:22","slug":"weekend-mikojalkowy","status":"publish","type":"page","link":"https:\/\/villawernera.pl\/cz\/weekend-mikojalkowy\/","title":{"rendered":"Weekend miko\u0142ajkowy"},"content":{"rendered":"<div data-elementor-type=\"wp-page\" data-elementor-id=\"5787\" class=\"elementor elementor-5787\" data-elementor-post-type=\"page\">\n\t\t\t\t\t\t<header class=\"elementor-section elementor-top-section elementor-element elementor-element-315b09d elementor-section-height-min-height elementor-section-items-bottom elementor-section-boxed elementor-section-height-default\" data-id=\"315b09d\" data-element_type=\"section\" data-e-type=\"section\" data-settings=\"{&quot;background_background&quot;:&quot;classic&quot;}\">\n\t\t\t\t\t\t<div class=\"elementor-container elementor-column-gap-default\">\n\t\t\t\t\t<div class=\"elementor-column elementor-col-100 elementor-top-column elementor-element elementor-element-41544ca\" data-id=\"41544ca\" data-element_type=\"column\" data-e-type=\"column\">\n\t\t\t<div class=\"elementor-widget-wrap\">\n\t\t\t\t\t\t\t<\/div>\n\t\t<\/div>\n\t\t\t\t\t<\/div>\n\t\t<\/header>\n\t\t\t\t<header class=\"elementor-section elementor-top-section elementor-element elementor-element-37cfcb7 elementor-section-full_width elementor-section-height-default elementor-section-height-default\" data-id=\"37cfcb7\" data-element_type=\"section\" data-e-type=\"section\" data-settings=\"{&quot;background_background&quot;:&quot;classic&quot;}\">\n\t\t\t\t\t\t<div class=\"elementor-container elementor-column-gap-default\">\n\t\t\t\t\t<div class=\"elementor-column elementor-col-100 elementor-top-column elementor-element elementor-element-702989f\" data-id=\"702989f\" data-element_type=\"column\" data-e-type=\"column\">\n\t\t\t<div class=\"elementor-widget-wrap elementor-element-populated\">\n\t\t\t\t\t\t<div class=\"elementor-element elementor-element-a630e9c elementor-widget elementor-widget-heading\" data-id=\"a630e9c\" data-element_type=\"widget\" data-e-type=\"widget\" data-widget_type=\"heading.default\">\n\t\t\t\t<div class=\"elementor-widget-container\">\n\t\t\t\t\t<h1 class=\"elementor-heading-title elementor-size-default\">Weekend miko\u0142ajkowy<\/h1>\t\t\t\t<\/div>\n\t\t\t\t<\/div>\n\t\t\t\t<div class=\"elementor-element elementor-element-7744f74 animated-slow elementor-invisible elementor-widget elementor-widget-html\" data-id=\"7744f74\" data-element_type=\"widget\" data-e-type=\"widget\" data-settings=\"{&quot;_animation&quot;:&quot;fadeIn&quot;}\" data-widget_type=\"html.default\">\n\t\t\t\t<div class=\"elementor-widget-container\">\n\t\t\t\t\t<form action=\"https:\/\/panel.hotres.pl\/v4_step1\" target=\"_blank\" class=\"hotresChooser\" id=\"hotresChooser\" method=\"get\"><input type=\"hidden\" name=\"oid\" id=\"hotresOid\" value=\"1832\" \/><input type=\"hidden\" name=\"lang\" id=\"hotresLang\" value=\"\" \/> <input type=\"hidden\" name=\"arrival\" id=\"hotresArrival\" \/><input type=\"hidden\" name=\"departure\" id=\"hotresDeparture\" \/><div class=\"hotresRangeChooser\" id=\"hotresRangeChooser\">    <div id=\"hotresArrivalWrap\"><\/div>    <div id=\"hotresDepartureWrap\"><\/div><\/div><div class=\"hotresAdultsChooser\" id=\"hotresAdultsChooser\"><select name=\"adults\" id=\"hotresAdultsSelect\"><\/select><\/div><div class=\"hotresSubmit\"><button id=\"hotresButtonChooser\"><\/button><\/div><\/form>\r\n<script>window.addEventListener('load', (event) => { new hotresChooser({'maxAdults':10});});<\/script>\t\t\t\t<\/div>\n\t\t\t\t<\/div>\n\t\t\t\t<div class=\"elementor-element elementor-element-11f7958 animated-slow elementor-invisible elementor-widget elementor-widget-html\" data-id=\"11f7958\" data-element_type=\"widget\" data-e-type=\"widget\" data-settings=\"{&quot;_animation&quot;:&quot;fadeIn&quot;}\" data-widget_type=\"html.default\">\n\t\t\t\t<div class=\"elementor-widget-container\">\n\t\t\t\t\t<form action=\"https:\/\/panel.hotres.pl\/v4_step1\" target=\"_blank\" class=\"hotresChooser\" id=\"hotresChooser\" method=\"get\"><input type=\"hidden\" name=\"oid\" id=\"hotresOid\" value=\"1832\" \/><input type=\"hidden\" name=\"lang\" id=\"hotresLang\" value=\"\" \/> <input type=\"hidden\" name=\"arrival\" id=\"hotresArrival\" \/><input type=\"hidden\" name=\"departure\" id=\"hotresDeparture\" \/><div class=\"hotresRangeChooser\" id=\"hotresRangeChooser\">    <div id=\"hotresArrivalWrap\"><\/div>    <div id=\"hotresDepartureWrap\"><\/div><\/div><div class=\"hotresAdultsChooser\" id=\"hotresAdultsChooser\"><select name=\"adults\" id=\"hotresAdultsSelect\"><\/select><\/div><div class=\"hotresSubmit\"><button id=\"hotresButtonChooser\"><\/button><\/div><\/form>\r\n\r\n\r\n<script>window.addEventListener('load', (event) => { new hotresChooser({'maxAdults':10,\"lang\":\"en\"});});<\/script>\t\t\t\t<\/div>\n\t\t\t\t<\/div>\n\t\t\t\t<div class=\"elementor-element elementor-element-c16cdb4 animated-slow elementor-invisible elementor-widget elementor-widget-html\" data-id=\"c16cdb4\" data-element_type=\"widget\" data-e-type=\"widget\" data-settings=\"{&quot;_animation&quot;:&quot;fadeIn&quot;}\" data-widget_type=\"html.default\">\n\t\t\t\t<div class=\"elementor-widget-container\">\n\t\t\t\t\t<form action=\"https:\/\/panel.hotres.pl\/v4_step1\" target=\"_blank\" class=\"hotresChooser\" id=\"hotresChooser\" method=\"get\"><input type=\"hidden\" name=\"oid\" id=\"hotresOid\" value=\"1832\" \/><input type=\"hidden\" name=\"lang\" id=\"hotresLang\" value=\"\" \/> <input type=\"hidden\" name=\"arrival\" id=\"hotresArrival\" \/><input type=\"hidden\" name=\"departure\" id=\"hotresDeparture\" \/><div class=\"hotresRangeChooser\" id=\"hotresRangeChooser\">    <div id=\"hotresArrivalWrap\"><\/div>    <div id=\"hotresDepartureWrap\"><\/div><\/div><div class=\"hotresAdultsChooser\" id=\"hotresAdultsChooser\"><select name=\"adults\" id=\"hotresAdultsSelect\"><\/select><\/div><div class=\"hotresSubmit\"><button id=\"hotresButtonChooser\"><\/button><\/div><\/form>\r\n\r\n\r\n<script>window.addEventListener('load', (event) => { new hotresChooser({'maxAdults':10,\"lang\":\"de\"});});<\/script>\t\t\t\t<\/div>\n\t\t\t\t<\/div>\n\t\t\t\t\t<\/div>\n\t\t<\/div>\n\t\t\t\t\t<\/div>\n\t\t<\/header>\n\t\t\t\t<section class=\"elementor-section elementor-top-section elementor-element elementor-element-9d2fabf elementor-section-content-middle elementor-section-boxed elementor-section-height-default elementor-section-height-default\" data-id=\"9d2fabf\" data-element_type=\"section\" data-e-type=\"section\">\n\t\t\t\t\t\t<div class=\"elementor-container elementor-column-gap-wider\">\n\t\t\t\t\t<div class=\"elementor-column elementor-col-50 elementor-top-column elementor-element elementor-element-20b4fa6 wstazka\" data-id=\"20b4fa6\" data-element_type=\"column\" data-e-type=\"column\" data-settings=\"{&quot;background_background&quot;:&quot;classic&quot;}\">\n\t\t\t<div class=\"elementor-widget-wrap elementor-element-populated\">\n\t\t\t\t\t\t<div class=\"elementor-element elementor-element-b95bea0 elementor-widget elementor-widget-heading\" data-id=\"b95bea0\" data-element_type=\"widget\" data-e-type=\"widget\" data-widget_type=\"heading.default\">\n\t\t\t\t<div class=\"elementor-widget-container\">\n\t\t\t\t\t<p class=\"elementor-heading-title elementor-size-default\">05.12 \u2013 07.12.2025 (2 noclegi)\n<\/p>\t\t\t\t<\/div>\n\t\t\t\t<\/div>\n\t\t\t\t<div class=\"elementor-element elementor-element-ac91106 elementor-widget elementor-widget-text-editor\" data-id=\"ac91106\" data-element_type=\"widget\" data-e-type=\"widget\" data-widget_type=\"text-editor.default\">\n\t\t\t\t<div class=\"elementor-widget-container\">\n\t\t\t\t\t\t\t\t\t<p><strong>V cen\u011b pobytu je zahrnuto:<\/strong><\/p>\n<ul>\n<li>2 noci<\/li>\n<li>2 sn\u00eddan\u011b formou bufetu<\/li>\n<li>Kolacja w chacie grillowej + ognisko z kie\u0142baskami, grza\u0144cem w<br>dniu 6 grudnia<\/li>\n<\/ul>\n<p><strong>Nab\u00eddka<\/strong>:<\/p>\n<p>zupa kwa\u015bnica, kark\u00f3wka, skrzyde\u0142ka, kaszanka, ziemniaczki opiekane, szasz\u0142yki warzywne, sa\u0142atka grecka, sos czosnkowy, musztarda, ketchup, pieczywo i kie\u0142baska do pieczenia na ognisku, herbata, soki, woda.<\/p>\n<p><strong style=\"color: var( --e-global-color-secondary ); font-family: var( --e-global-typography-text-font-family ), Sans-serif; font-size: var( --e-global-typography-text-font-size ); letter-spacing: var( --e-global-typography-text-letter-spacing ); background-color: var( --e-global-color-16091bb1 );\">Cena pobytu:<\/strong><\/p>\n<ul>\n<li>Pok. 1 os. 550 z\u0142 za ca\u0142y pobyt<\/li>\n<li>Pok. 2\/3\/4 os. 500 z\u0142\/osoba za ca\u0142y pobyt<\/li>\n<\/ul>\n<p><strong>D\u011bti:<\/strong><\/p>\n<ul>\n<li>0 \u2013 3 lat bezp\u0142atnie (\u015bpi\u0105ce z rodzicami)<\/li>\n<li>3 \u2013 7 lat 50% ceny<\/li>\n<li>7 \u2013 12 lat 60% ceny<\/li>\n<\/ul>\t\t\t\t\t\t\t\t<\/div>\n\t\t\t\t<\/div>\n\t\t\t\t\t<\/div>\n\t\t<\/div>\n\t\t\t\t<div class=\"elementor-column elementor-col-50 elementor-top-column elementor-element elementor-element-2101506 wstazka\" data-id=\"2101506\" data-element_type=\"column\" data-e-type=\"column\" data-settings=\"{&quot;background_background&quot;:&quot;classic&quot;}\">\n\t\t\t<div class=\"elementor-widget-wrap elementor-element-populated\">\n\t\t\t\t\t\t<div class=\"elementor-element elementor-element-8181301 elementor-widget elementor-widget-heading\" data-id=\"8181301\" data-element_type=\"widget\" data-e-type=\"widget\" data-widget_type=\"heading.default\">\n\t\t\t\t<div class=\"elementor-widget-container\">\n\t\t\t\t\t<h3 class=\"elementor-heading-title elementor-size-default\">Ponadto w cenie:<\/h3>\t\t\t\t<\/div>\n\t\t\t\t<\/div>\n\t\t\t\t<div class=\"elementor-element elementor-element-9f97c47 elementor-widget elementor-widget-text-editor\" data-id=\"9f97c47\" data-element_type=\"widget\" data-e-type=\"widget\" data-widget_type=\"text-editor.default\">\n\t\t\t\t<div class=\"elementor-widget-container\">\n\t\t\t\t\t\t\t\t\t<ul><li>Parkov\u00e1n\u00ed<\/li><li>Basen z podgrzewan\u0105 woda i hydromasa\u017cami (8:oo \u2013 22:oo)<\/li><li>Jacuzzi (8:oo \u2013 22:oo)<\/li><li>Sauna sucha i parowa (16:oo \u2013 22:oo)<\/li><li>Posilovna<\/li><li>Odpo\u010dinkov\u00e1 m\u00edstnost s ping-pongem a stoln\u00edm fotbalem<\/li><li>K\u0105cik zabaw dla najm\u0142odszych + gry planszowe<\/li><li>SKI ROOM (ze stojakiem na narty i suszark\u0105 do but\u00f3w)<\/li><\/ul>\t\t\t\t\t\t\t\t<\/div>\n\t\t\t\t<\/div>\n\t\t\t\t<div class=\"elementor-element elementor-element-f470d3d elementor-widget elementor-widget-text-editor\" data-id=\"f470d3d\" data-element_type=\"widget\" data-e-type=\"widget\" data-widget_type=\"text-editor.default\">\n\t\t\t\t<div class=\"elementor-widget-container\">\n\t\t\t\t\t\t\t\t\t<p><strong>Dal\u0161\u00ed poplatky:<\/strong><\/p><ul><li>Op\u0142ata miejscowa: 3,30 z\u0142\/osoba\/doba<\/li><li>Szlafroki: 25 z\u0142\/osoba\/pobyt<\/li><li>Pobyt zwierz\u0105t od 35 do 80 z\u0142\/doba w zale\u017cno\u015bci od wielko\u015bci<\/li><\/ul><p><strong>Warunki rezerwacji<\/strong>:<\/p><ul><li>Zru\u0161en\u00ed rezervace do 5 dn\u016f p\u0159ed p\u0159\u00edjezdem - zru\u0161en\u00ed rezervace zdarma; vrac\u00edme 100% z\u00e1lohy.<\/li><li>Anulowanie rezerwacji poni\u017cej 5 dni przed przyjazdem \u2013 pobieramy 100% warto\u015bci wp\u0142aconego zadatku za rezerwacj\u0119<\/li><li>Zadatek 20%<\/li><\/ul>\t\t\t\t\t\t\t\t<\/div>\n\t\t\t\t<\/div>\n\t\t\t\t<div class=\"elementor-element elementor-element-9196fdf elementor-widget elementor-widget-text-editor\" data-id=\"9196fdf\" data-element_type=\"widget\" data-e-type=\"widget\" data-widget_type=\"text-editor.default\">\n\t\t\t\t<div class=\"elementor-widget-container\">\n\t\t\t\t\t\t\t\t\t<p>Zapraszamy do rezerwacji \u2013 ilo\u015b\u0107 miejsc ograniczona!<br \/>tel. <a style=\"text-decoration: underline;\" href=\"tel:0048757677239\">75 76 77 239<\/a> nebo e-mailem: <a style=\"text-decoration: underline;\" href=\"\/cz\/kontakt@villawernera.pl\/\">kontakt@villawernera.pl<\/a><\/p>\t\t\t\t\t\t\t\t<\/div>\n\t\t\t\t<\/div>\n\t\t\t\t\t<\/div>\n\t\t<\/div>\n\t\t\t\t\t<\/div>\n\t\t<\/section>\n\t\t\t\t<\/div>","protected":false},"excerpt":{"rendered":"<p>05.12 \u2013 07.12.2025 (2 noclegi) W cenie pobytu: 2 noclegi 2 \u015bniadania w formie bufetu Kolacja w chacie grillowej + ognisko z kie\u0142baskami, grza\u0144cem wdniu 6 grudnia Menu: zupa kwa\u015bnica, kark\u00f3wka, skrzyde\u0142ka, kaszanka, ziemniaczki opiekane, szasz\u0142yki warzywne, sa\u0142atka grecka, sos czosnkowy, musztarda, ketchup, pieczywo i kie\u0142baska do pieczenia na ognisku, herbata, soki, woda. Cena pobytu: [&hellip;]<\/p>\n","protected":false},"author":1,"featured_media":0,"parent":0,"menu_order":0,"comment_status":"closed","ping_status":"closed","template":"","meta":{"footnotes":""},"class_list":["post-5787","page","type-page","status-publish","hentry"],"_links":{"self":[{"href":"https:\/\/villawernera.pl\/cz\/wp-json\/wp\/v2\/pages\/5787","targetHints":{"allow":["GET"]}}],"collection":[{"href":"https:\/\/villawernera.pl\/cz\/wp-json\/wp\/v2\/pages"}],"about":[{"href":"https:\/\/villawernera.pl\/cz\/wp-json\/wp\/v2\/types\/page"}],"author":[{"embeddable":true,"href":"https:\/\/villawernera.pl\/cz\/wp-json\/wp\/v2\/users\/1"}],"replies":[{"embeddable":true,"href":"https:\/\/villawernera.pl\/cz\/wp-json\/wp\/v2\/comments?post=5787"}],"version-history":[{"count":28,"href":"https:\/\/villawernera.pl\/cz\/wp-json\/wp\/v2\/pages\/5787\/revisions"}],"predecessor-version":[{"id":6741,"href":"https:\/\/villawernera.pl\/cz\/wp-json\/wp\/v2\/pages\/5787\/revisions\/6741"}],"wp:attachment":[{"href":"https:\/\/villawernera.pl\/cz\/wp-json\/wp\/v2\/media?parent=5787"}],"curies":[{"name":"wp","href":"https:\/\/api.w.org\/{rel}","templated":true}]}}