{"id":5563,"date":"2024-07-16T11:19:01","date_gmt":"2024-07-16T09:19:01","guid":{"rendered":"https:\/\/villawernera.pl\/?page_id=5563"},"modified":"2024-07-16T11:31:14","modified_gmt":"2024-07-16T09:31:14","slug":"co-by-melo-byt-v-pohodlnem-hotelovem-pokoji","status":"publish","type":"page","link":"https:\/\/villawernera.pl\/cz\/co-by-melo-byt-v-pohodlnem-hotelovem-pokoji\/","title":{"rendered":"Co by m\u011blo b\u00fdt sou\u010d\u00e1st\u00ed pohodln\u00e9ho hotelov\u00e9ho pokoje?"},"content":{"rendered":"<div data-elementor-type=\"wp-page\" data-elementor-id=\"5563\" class=\"elementor elementor-5563\" data-elementor-post-type=\"page\">\n\t\t\t\t\t\t<header class=\"elementor-section elementor-top-section elementor-element elementor-element-6ff17b9 elementor-section-height-min-height elementor-section-items-bottom elementor-section-boxed elementor-section-height-default\" data-id=\"6ff17b9\" data-element_type=\"section\" data-e-type=\"section\" data-settings=\"{&quot;background_background&quot;:&quot;classic&quot;}\">\n\t\t\t\t\t\t<div class=\"elementor-container elementor-column-gap-narrow\">\n\t\t\t\t\t<div class=\"elementor-column elementor-col-100 elementor-top-column elementor-element elementor-element-719074b\" data-id=\"719074b\" data-element_type=\"column\" data-e-type=\"column\">\n\t\t\t<div class=\"elementor-widget-wrap\">\n\t\t\t\t\t\t\t<\/div>\n\t\t<\/div>\n\t\t\t\t\t<\/div>\n\t\t<\/header>\n\t\t\t\t<header class=\"elementor-section elementor-top-section elementor-element elementor-element-c754365 elementor-section-full_width elementor-section-height-default elementor-section-height-default\" data-id=\"c754365\" data-element_type=\"section\" data-e-type=\"section\" data-settings=\"{&quot;background_background&quot;:&quot;classic&quot;}\">\n\t\t\t\t\t\t<div class=\"elementor-container elementor-column-gap-default\">\n\t\t\t\t\t<div class=\"elementor-column elementor-col-100 elementor-top-column elementor-element elementor-element-a7cf67f\" data-id=\"a7cf67f\" data-element_type=\"column\" data-e-type=\"column\">\n\t\t\t<div class=\"elementor-widget-wrap elementor-element-populated\">\n\t\t\t\t\t\t<div class=\"elementor-element elementor-element-faeaf73 elementor-widget elementor-widget-heading\" data-id=\"faeaf73\" data-element_type=\"widget\" data-e-type=\"widget\" data-widget_type=\"heading.default\">\n\t\t\t\t<div class=\"elementor-widget-container\">\n\t\t\t\t\t<h1 class=\"elementor-heading-title elementor-size-default\">Co by m\u011blo b\u00fdt sou\u010d\u00e1st\u00ed pohodln\u00e9ho hotelov\u00e9ho pokoje?<\/h1>\t\t\t\t<\/div>\n\t\t\t\t<\/div>\n\t\t\t\t\t<\/div>\n\t\t<\/div>\n\t\t\t\t\t<\/div>\n\t\t<\/header>\n\t\t\t\t<section class=\"elementor-section elementor-top-section elementor-element elementor-element-c082d7e elementor-section-boxed elementor-section-height-default elementor-section-height-default\" data-id=\"c082d7e\" data-element_type=\"section\" data-e-type=\"section\">\n\t\t\t\t\t\t<div class=\"elementor-container elementor-column-gap-default\">\n\t\t\t\t\t<div class=\"elementor-column elementor-col-50 elementor-top-column elementor-element elementor-element-786150e wstazka\" data-id=\"786150e\" data-element_type=\"column\" data-e-type=\"column\" data-settings=\"{&quot;background_background&quot;:&quot;classic&quot;}\">\n\t\t\t<div class=\"elementor-widget-wrap elementor-element-populated\">\n\t\t\t\t\t\t<div class=\"elementor-element elementor-element-2934112 elementor-widget elementor-widget-text-editor\" data-id=\"2934112\" data-element_type=\"widget\" data-e-type=\"widget\" data-widget_type=\"text-editor.default\">\n\t\t\t\t<div class=\"elementor-widget-container\">\n\t\t\t\t\t\t\t\t\tP\u0159i rezervaci hotelu, zejm\u00e9na pokud pl\u00e1nujete del\u0161\u00ed pobyt, se vyplat\u00ed v\u011bnovat pozornost vybaven\u00ed pokoje. Komfortn\u00ed pokoj by m\u011bl poskytovat nejen pohodl\u00ed, ale tak\u00e9 spl\u0148ovat ur\u010dit\u00e9 standardy. Zde je seznam v\u011bc\u00ed, kter\u00e9 by m\u011bl obsahovat ide\u00e1ln\u00ed hotelov\u00fd pokoj:\t\t\t\t\t\t\t\t<\/div>\n\t\t\t\t<\/div>\n\t\t\t\t<div class=\"elementor-element elementor-element-ef700b0 elementor-widget elementor-widget-image\" data-id=\"ef700b0\" data-element_type=\"widget\" data-e-type=\"widget\" data-widget_type=\"image.default\">\n\t\t\t\t<div class=\"elementor-widget-container\">\n\t\t\t\t\t\t\t\t\t\t\t\t\t\t\t\t<a href=\"https:\/\/villawernera.pl\/wp-content\/uploads\/2024\/07\/pokoj.jpg\" data-elementor-open-lightbox=\"yes\" data-e-action-hash=\"#elementor-action%3Aaction%3Dlightbox%26settings%3DeyJpZCI6NTU2OCwidXJsIjoiaHR0cHM6XC9cL3ZpbGxhd2VybmVyYS5wbFwvd3AtY29udGVudFwvdXBsb2Fkc1wvMjAyNFwvMDdcL3Bva29qLmpwZyJ9\">\n\t\t\t\t\t\t\t<img fetchpriority=\"high\" decoding=\"async\" width=\"640\" height=\"360\" src=\"https:\/\/villawernera.pl\/wp-content\/uploads\/2024\/07\/pokoj.jpg\" class=\"attachment-large size-large wp-image-5568\" alt=\"pokoj\" srcset=\"https:\/\/villawernera.pl\/wp-content\/uploads\/2024\/07\/pokoj.jpg 1024w, https:\/\/villawernera.pl\/wp-content\/uploads\/2024\/07\/pokoj-300x169.jpg 300w, https:\/\/villawernera.pl\/wp-content\/uploads\/2024\/07\/pokoj-768x432.jpg 768w, https:\/\/villawernera.pl\/wp-content\/uploads\/2024\/07\/pokoj-18x10.jpg 18w\" sizes=\"(max-width: 640px) 100vw, 640px\" \/>\t\t\t\t\t\t\t\t<\/a>\n\t\t\t\t\t\t\t\t\t\t\t\t\t\t\t<\/div>\n\t\t\t\t<\/div>\n\t\t\t\t<div class=\"elementor-element elementor-element-6c53bbd elementor-widget elementor-widget-text-editor\" data-id=\"6c53bbd\" data-element_type=\"widget\" data-e-type=\"widget\" data-widget_type=\"text-editor.default\">\n\t\t\t\t<div class=\"elementor-widget-container\">\n\t\t\t\t\t\t\t\t\t<p><strong class=\"accent-strong\">1. plocha m\u00edstnosti<\/strong><\/p><p>P\u0159ed rezervac\u00ed zkontrolujte <strong>plocha m\u00edstnosti<\/strong>. Pohodln\u00fd pobyt vy\u017eaduje dostatek prostoru, zejm\u00e9na pokud cestujete s rodinou nebo pl\u00e1nujete del\u0161\u00ed pobyt. Ujist\u011bte se, \u017ee pokoj nen\u00ed p\u0159\u00edli\u0161 st\u00edsn\u011bn\u00fd.<\/p>\t\t\t\t\t\t\t\t<\/div>\n\t\t\t\t<\/div>\n\t\t\t\t<div class=\"elementor-element elementor-element-47f9b90 elementor-widget elementor-widget-text-editor\" data-id=\"47f9b90\" data-element_type=\"widget\" data-e-type=\"widget\" data-widget_type=\"text-editor.default\">\n\t\t\t\t<div class=\"elementor-widget-container\">\n\t\t\t\t\t\t\t\t\t<p><strong class=\"accent-strong\">2. pohodln\u00e9 postele<\/strong><\/p><p>Z\u00e1kladem \u00fasp\u011b\u0161n\u00e9 dovolen\u00e9 je <strong>pohodln\u00e9 postele<\/strong>. Kvalitn\u00ed matrace a spr\u00e1vn\u00e9 pol\u0161t\u00e1\u0159e zajist\u00ed klidn\u00fd sp\u00e1nek, kter\u00fd je po n\u00e1ro\u010dn\u00e9m dni velmi d\u016fle\u017eit\u00fd.<\/p><p>D\u016fle\u017eit\u00fdm aspektem je <strong>typ l\u016f\u017eka<\/strong>. D\u00e1v\u00e1te p\u0159ednost man\u017eelsk\u00e9 posteli, jednol\u016f\u017eku nebo t\u0159eba dv\u011bma odd\u011blen\u00fdm postel\u00edm? Ujist\u011bte se, \u017ee pokoj nab\u00edz\u00ed spr\u00e1vn\u00e9 uspo\u0159\u00e1d\u00e1n\u00ed postel\u00ed, kter\u00e9 vyhovuje va\u0161im pot\u0159eb\u00e1m.<\/p>\t\t\t\t\t\t\t\t<\/div>\n\t\t\t\t<\/div>\n\t\t\t\t<div class=\"elementor-element elementor-element-6ace068 elementor-widget elementor-widget-image\" data-id=\"6ace068\" data-element_type=\"widget\" data-e-type=\"widget\" data-widget_type=\"image.default\">\n\t\t\t\t<div class=\"elementor-widget-container\">\n\t\t\t\t\t\t\t\t\t\t\t\t\t\t\t\t<a href=\"https:\/\/villawernera.pl\/wp-content\/uploads\/2024\/07\/lazienka.jpg\" data-elementor-open-lightbox=\"yes\" data-e-action-hash=\"#elementor-action%3Aaction%3Dlightbox%26settings%3DeyJpZCI6NTU2OSwidXJsIjoiaHR0cHM6XC9cL3ZpbGxhd2VybmVyYS5wbFwvd3AtY29udGVudFwvdXBsb2Fkc1wvMjAyNFwvMDdcL2xhemllbmthLmpwZyJ9\">\n\t\t\t\t\t\t\t<img decoding=\"async\" width=\"640\" height=\"480\" src=\"https:\/\/villawernera.pl\/wp-content\/uploads\/2024\/07\/lazienka.jpg\" class=\"attachment-large size-large wp-image-5569\" alt=\"koupelna\" srcset=\"https:\/\/villawernera.pl\/wp-content\/uploads\/2024\/07\/lazienka.jpg 1024w, https:\/\/villawernera.pl\/wp-content\/uploads\/2024\/07\/lazienka-300x225.jpg 300w, https:\/\/villawernera.pl\/wp-content\/uploads\/2024\/07\/lazienka-768x576.jpg 768w, https:\/\/villawernera.pl\/wp-content\/uploads\/2024\/07\/lazienka-16x12.jpg 16w\" sizes=\"(max-width: 640px) 100vw, 640px\" \/>\t\t\t\t\t\t\t\t<\/a>\n\t\t\t\t\t\t\t\t\t\t\t\t\t\t\t<\/div>\n\t\t\t\t<\/div>\n\t\t\t\t<div class=\"elementor-element elementor-element-be58e16 elementor-widget elementor-widget-text-editor\" data-id=\"be58e16\" data-element_type=\"widget\" data-e-type=\"widget\" data-widget_type=\"text-editor.default\">\n\t\t\t\t<div class=\"elementor-widget-container\">\n\t\t\t\t\t\t\t\t\t<p><strong class=\"accent-strong\">3. koupelna s vanou nebo sprchou<\/strong><\/p><p>Pokoj by m\u011bl m\u00edt soukrom\u00ed <strong>koupelna<\/strong> s mo\u017enost\u00ed volby mezi <strong>vana nebo sprcha<\/strong>. A\u0165 u\u017e d\u00e1v\u00e1te p\u0159ednost \u010demukoli, m\u011bla by b\u00fdt k dispozici ob\u011b \u0159e\u0161en\u00ed, aby si host\u00e9 mohli vybrat, co jim vyhovuje nejv\u00edce.<\/p>\t\t\t\t\t\t\t\t<\/div>\n\t\t\t\t<\/div>\n\t\t\t\t<div class=\"elementor-element elementor-element-eafd752 elementor-widget elementor-widget-text-editor\" data-id=\"eafd752\" data-element_type=\"widget\" data-e-type=\"widget\" data-widget_type=\"text-editor.default\">\n\t\t\t\t<div class=\"elementor-widget-container\">\n\t\t\t\t\t\t\t\t\t<p><strong class=\"accent-strong\">4 Balkon<\/strong><\/p><p>Pokoj s <strong>balkon<\/strong> je bonusem, kter\u00fd v\u00e1m umo\u017en\u00ed vychutnat si \u010derstv\u00fd vzduch a v\u00fdhled. Zkontrolujte, zda m\u00e1 v\u00e1mi vybran\u00fd pokoj balkon, zejm\u00e9na pokud chcete m\u00edt m\u00edsto k odpo\u010dinku na \u010derstv\u00e9m vzduchu. Mo\u017enost kochat se v\u00fdhledem nebo str\u00e1vit ve\u010der na balkon\u011b s knihou je cenn\u00fdm vybaven\u00edm.<\/p>\t\t\t\t\t\t\t\t<\/div>\n\t\t\t\t<\/div>\n\t\t\t\t<div class=\"elementor-element elementor-element-ae7b626 elementor-widget elementor-widget-text-editor\" data-id=\"ae7b626\" data-element_type=\"widget\" data-e-type=\"widget\" data-widget_type=\"text-editor.default\">\n\t\t\t\t<div class=\"elementor-widget-container\">\n\t\t\t\t\t\t\t\t\t<p><strong class=\"accent-strong\">5. televize se satelitn\u00edmi programy<\/strong><\/p><p>Pro mnoho host\u016f, zejm\u00e9na po dlouh\u00e9m dni, je d\u016fle\u017eit\u00fdm prvkem <strong>TV se satelitn\u00edmi programy<\/strong>. P\u0159\u00edstup k r\u016fzn\u00fdm program\u016fm zaji\u0161\u0165uje z\u00e1bavu a odpo\u010dinek v kteroukoli dobu.<\/p>\t\t\t\t\t\t\t\t<\/div>\n\t\t\t\t<\/div>\n\t\t\t\t<div class=\"elementor-element elementor-element-cd1c3ba elementor-widget elementor-widget-image\" data-id=\"cd1c3ba\" data-element_type=\"widget\" data-e-type=\"widget\" data-widget_type=\"image.default\">\n\t\t\t\t<div class=\"elementor-widget-container\">\n\t\t\t\t\t\t\t\t\t\t\t\t\t\t\t\t<a href=\"https:\/\/villawernera.pl\/wp-content\/uploads\/2024\/07\/reczniki.jpg\" data-elementor-open-lightbox=\"yes\" data-e-action-hash=\"#elementor-action%3Aaction%3Dlightbox%26settings%3DeyJpZCI6NTU3MCwidXJsIjoiaHR0cHM6XC9cL3ZpbGxhd2VybmVyYS5wbFwvd3AtY29udGVudFwvdXBsb2Fkc1wvMjAyNFwvMDdcL3JlY3puaWtpLmpwZyJ9\">\n\t\t\t\t\t\t\t<img decoding=\"async\" width=\"640\" height=\"800\" src=\"https:\/\/villawernera.pl\/wp-content\/uploads\/2024\/07\/reczniki.jpg\" class=\"attachment-large size-large wp-image-5570\" alt=\"\" srcset=\"https:\/\/villawernera.pl\/wp-content\/uploads\/2024\/07\/reczniki.jpg 768w, https:\/\/villawernera.pl\/wp-content\/uploads\/2024\/07\/reczniki-240x300.jpg 240w, https:\/\/villawernera.pl\/wp-content\/uploads\/2024\/07\/reczniki-10x12.jpg 10w\" sizes=\"(max-width: 640px) 100vw, 640px\" \/>\t\t\t\t\t\t\t\t<\/a>\n\t\t\t\t\t\t\t\t\t\t\t\t\t\t\t<\/div>\n\t\t\t\t<\/div>\n\t\t\t\t<div class=\"elementor-element elementor-element-8ee79c6 elementor-widget elementor-widget-text-editor\" data-id=\"8ee79c6\" data-element_type=\"widget\" data-e-type=\"widget\" data-widget_type=\"text-editor.default\">\n\t\t\t\t<div class=\"elementor-widget-container\">\n\t\t\t\t\t\t\t\t\t<p><strong class=\"accent-strong\">6. ru\u010dn\u00edky<\/strong><\/p><p>Hotel by m\u011bl poskytovat <strong>ru\u010dn\u00edky<\/strong> pro ka\u017ed\u00e9ho hosta. Je dobr\u00e9, kdy\u017e se m\u011bn\u00ed denn\u011b nebo na po\u017e\u00e1d\u00e1n\u00ed, co\u017e zvy\u0161uje \u00farove\u0148 hygieny a pohodl\u00ed.<\/p>\t\t\t\t\t\t\t\t<\/div>\n\t\t\t\t<\/div>\n\t\t\t\t\t<\/div>\n\t\t<\/div>\n\t\t\t\t<div class=\"elementor-column elementor-col-50 elementor-top-column elementor-element elementor-element-2255ca1 wstazka\" data-id=\"2255ca1\" data-element_type=\"column\" data-e-type=\"column\" data-settings=\"{&quot;background_background&quot;:&quot;classic&quot;}\">\n\t\t\t<div class=\"elementor-widget-wrap elementor-element-populated\">\n\t\t\t\t\t\t<div class=\"elementor-element elementor-element-ee559ea elementor-widget elementor-widget-text-editor\" data-id=\"ee559ea\" data-element_type=\"widget\" data-e-type=\"widget\" data-widget_type=\"text-editor.default\">\n\t\t\t\t<div class=\"elementor-widget-container\">\n\t\t\t\t\t\t\t\t\t<p><strong class=\"accent-strong\">7. f\u00e9n na vlasy<\/strong><\/p><p>Ka\u017ed\u00e1 koupelna by m\u011bla m\u00edt <strong>vysou\u0161e\u010d vlas\u016f<\/strong>. Je to mal\u00e1, ale d\u016fle\u017eit\u00e1 vymo\u017eenost, kterou jist\u011b ocen\u00ed mnoho n\u00e1v\u0161t\u011bvn\u00edk\u016f, zejm\u00e9na \u017een.<\/p>\t\t\t\t\t\t\t\t<\/div>\n\t\t\t\t<\/div>\n\t\t\t\t<div class=\"elementor-element elementor-element-890fea8 elementor-widget elementor-widget-text-editor\" data-id=\"890fea8\" data-element_type=\"widget\" data-e-type=\"widget\" data-widget_type=\"text-editor.default\">\n\t\t\t\t<div class=\"elementor-widget-container\">\n\t\t\t\t\t\t\t\t\t<p><strong class=\"accent-strong\">8 Ticho<\/strong><\/p><p>M\u00edstnost by m\u011bla b\u00fdt um\u00edst\u011bna tak, aby umo\u017e\u0148ovala <strong>ticho<\/strong>. Dobr\u00e1 zvukov\u00e1 izolace a poloha mimo hlu\u010dn\u00e9 oblasti zaru\u010duj\u00ed klidnou dovolenou.<\/p>\t\t\t\t\t\t\t\t<\/div>\n\t\t\t\t<\/div>\n\t\t\t\t<div class=\"elementor-element elementor-element-0278ef7 elementor-widget elementor-widget-text-editor\" data-id=\"0278ef7\" data-element_type=\"widget\" data-e-type=\"widget\" data-widget_type=\"text-editor.default\">\n\t\t\t\t<div class=\"elementor-widget-container\">\n\t\t\t\t\t\t\t\t\t<p><strong class=\"accent-strong\">9. vzd\u00e1lenost od m\u00edst, kter\u00e1 jsou pro v\u00e1s d\u016fle\u017eit\u00e1<\/strong><\/p><p>Pod\u00edvejte se na <strong>vzd\u00e1lenost<\/strong> z m\u00edst, kter\u00e1 pl\u00e1nujete nav\u0161t\u00edvit. Pokud se chcete rychle dostat k hlavn\u00edm atrakc\u00edm, vyberte si hotel bl\u00edzko centra. Pokud d\u00e1v\u00e1te p\u0159ednost klidu a tichu, m\u016f\u017eete se rozhodnout pro ubytov\u00e1n\u00ed na okraji m\u011bsta.<\/p>\t\t\t\t\t\t\t\t<\/div>\n\t\t\t\t<\/div>\n\t\t\t\t<div class=\"elementor-element elementor-element-81d4ea4 elementor-widget elementor-widget-text-editor\" data-id=\"81d4ea4\" data-element_type=\"widget\" data-e-type=\"widget\" data-widget_type=\"text-editor.default\">\n\t\t\t\t<div class=\"elementor-widget-container\">\n\t\t\t\t\t\t\t\t\t<p><strong class=\"accent-strong\">10. parkov\u00e1n\u00ed<\/strong><\/p><p>Pokud cestujete autem, ujist\u011bte se, \u017ee hotel nab\u00edz\u00ed <strong>parkovi\u0161t\u011b<\/strong>. V ide\u00e1ln\u00edm p\u0159\u00edpad\u011b by m\u011bla b\u00fdt bezplatn\u00e1 a m\u011bla by se nach\u00e1zet v are\u00e1lu hotelu, aby byla zaji\u0161t\u011bna bezpe\u010dnost va\u0161eho vozidla a pohodl\u00ed p\u0159i cest\u011b.<\/p>\t\t\t\t\t\t\t\t<\/div>\n\t\t\t\t<\/div>\n\t\t\t\t<div class=\"elementor-element elementor-element-c697993 elementor-widget elementor-widget-text-editor\" data-id=\"c697993\" data-element_type=\"widget\" data-e-type=\"widget\" data-widget_type=\"text-editor.default\">\n\t\t\t\t<div class=\"elementor-widget-container\">\n\t\t\t\t\t\t\t\t\t<p><strong class=\"accent-strong\">11. Relaxa\u010dn\u00ed z\u00f3na v hotelu<\/strong><\/p><p>Odpo\u010dinek po dni pln\u00e9m prohl\u00eddek je kl\u00ed\u010dov\u00fd. Zkontrolujte, zda je v hotelu <strong>relaxa\u010dn\u00ed z\u00f3na<\/strong>, kde si m\u016f\u017eete odpo\u010dinout. M\u016f\u017ee to b\u00fdt ob\u00fdvac\u00ed pokoj s pohodln\u00fdmi pohovkami, zahrada nebo knihovna.<\/p>\t\t\t\t\t\t\t\t<\/div>\n\t\t\t\t<\/div>\n\t\t\t\t<div class=\"elementor-element elementor-element-f41cc66 elementor-widget elementor-widget-text-editor\" data-id=\"f41cc66\" data-element_type=\"widget\" data-e-type=\"widget\" data-widget_type=\"text-editor.default\">\n\t\t\t\t<div class=\"elementor-widget-container\">\n\t\t\t\t\t\t\t\t\t<p><strong class=\"accent-strong\">12. baz\u00e9n<\/strong><\/p><p>Pokud se r\u00e1di koupete nebo jen r\u00e1di tr\u00e1v\u00edte \u010das u vody, zvolte si hotel, kter\u00fd m\u00e1 <strong>baz\u00e9n<\/strong>. Zjist\u011bte, zda se jedn\u00e1 o kryt\u00fd nebo venkovn\u00ed baz\u00e9n a jak\u00e1 je jeho otev\u00edrac\u00ed doba.<\/p>\t\t\t\t\t\t\t\t<\/div>\n\t\t\t\t<\/div>\n\t\t\t\t<div class=\"elementor-element elementor-element-6542a82 elementor-widget elementor-widget-text-editor\" data-id=\"6542a82\" data-element_type=\"widget\" data-e-type=\"widget\" data-widget_type=\"text-editor.default\">\n\t\t\t\t<div class=\"elementor-widget-container\">\n\t\t\t\t\t\t\t\t\t<p><strong class=\"accent-strong\">13. L\u00e1zn\u011b<\/strong><\/p><p>Pro mnoho n\u00e1v\u0161t\u011bvn\u00edk\u016f je kl\u00ed\u010dov\u00fdm vybaven\u00edm <strong>l\u00e1zn\u011b<\/strong>. Zjist\u011bte, zda hotel nab\u00edz\u00ed l\u00e1ze\u0148sk\u00e9 slu\u017eby, jako jsou mas\u00e1\u017ee, kosmetika, sauny nebo v\u00ed\u0159ivky. Je to skv\u011bl\u00fd zp\u016fsob relaxace a regenerace.<\/p><p>P\u0159i rezervaci hotelu se vyplat\u00ed pe\u010dliv\u011b zkontrolovat n\u011bkolik kl\u00ed\u010dov\u00fdch aspekt\u016f, aby byl v\u00e1\u0161 pobyt co nejpohodln\u011bj\u0161\u00ed.<\/p><p>Velikost pokoje, balkon, typ l\u016f\u017eka, vzd\u00e1lenost od centra, parkovi\u0161t\u011b, hotelov\u00e1 relaxa\u010dn\u00ed z\u00f3na, baz\u00e9n a l\u00e1zn\u011b jsou prvky, kter\u00e9 mohou v\u00fdznamn\u011b ovlivnit kvalitu va\u0161eho pobytu. Anal\u00fdza t\u011bchto ot\u00e1zek v\u00e1m umo\u017en\u00ed vybrat si hotel, kter\u00fd bude pln\u011b vyhovovat va\u0161im pot\u0159eb\u00e1m a zajist\u00ed v\u00e1m \u00fasp\u011b\u0161nou dovolenou.<\/p>\t\t\t\t\t\t\t\t<\/div>\n\t\t\t\t<\/div>\n\t\t\t\t\t<\/div>\n\t\t<\/div>\n\t\t\t\t\t<\/div>\n\t\t<\/section>\n\t\t\t\t<\/div>","protected":false},"excerpt":{"rendered":"<p>Podczas rezerwacji hotelu, szczeg\u00f3lnie je\u015bli planujesz d\u0142u\u017cszy pobyt, warto zwr\u00f3ci\u0107 uwag\u0119 na wyposa\u017cenie pokoju. Komfortowy pok\u00f3j powinien zapewni\u0107 nie tylko wygod\u0119, ale r\u00f3wnie\u017c spe\u0142nia\u0107 konkretne standardy. Oto lista rzeczy, kt\u00f3re powinny znale\u017a\u0107 si\u0119 w idealnym pokoju hotelowym: 1. Powierzchnia pokoju Przed rezerwacj\u0105 sprawd\u017a powierzchni\u0119 pokoju. Komfortowy pobyt wymaga odpowiedniej przestrzeni, szczeg\u00f3lnie je\u015bli podr\u00f3\u017cujesz z rodzin\u0105 [&hellip;]<\/p>\n","protected":false},"author":1,"featured_media":0,"parent":0,"menu_order":0,"comment_status":"closed","ping_status":"closed","template":"","meta":{"footnotes":""},"class_list":["post-5563","page","type-page","status-publish","hentry"],"_links":{"self":[{"href":"https:\/\/villawernera.pl\/cz\/wp-json\/wp\/v2\/pages\/5563","targetHints":{"allow":["GET"]}}],"collection":[{"href":"https:\/\/villawernera.pl\/cz\/wp-json\/wp\/v2\/pages"}],"about":[{"href":"https:\/\/villawernera.pl\/cz\/wp-json\/wp\/v2\/types\/page"}],"author":[{"embeddable":true,"href":"https:\/\/villawernera.pl\/cz\/wp-json\/wp\/v2\/users\/1"}],"replies":[{"embeddable":true,"href":"https:\/\/villawernera.pl\/cz\/wp-json\/wp\/v2\/comments?post=5563"}],"version-history":[{"count":6,"href":"https:\/\/villawernera.pl\/cz\/wp-json\/wp\/v2\/pages\/5563\/revisions"}],"predecessor-version":[{"id":5580,"href":"https:\/\/villawernera.pl\/cz\/wp-json\/wp\/v2\/pages\/5563\/revisions\/5580"}],"wp:attachment":[{"href":"https:\/\/villawernera.pl\/cz\/wp-json\/wp\/v2\/media?parent=5563"}],"curies":[{"name":"wp","href":"https:\/\/api.w.org\/{rel}","templated":true}]}}