{"id":5538,"date":"2024-07-16T10:54:05","date_gmt":"2024-07-16T08:54:05","guid":{"rendered":"https:\/\/villawernera.pl\/?page_id=5538"},"modified":"2024-07-16T11:15:07","modified_gmt":"2024-07-16T09:15:07","slug":"jak-si-vybrat-idealni-hotel-pro-svou-dovolenou","status":"publish","type":"page","link":"https:\/\/villawernera.pl\/cz\/jak-si-vybrat-idealni-hotel-pro-svou-dovolenou\/","title":{"rendered":"Jak si vybrat ide\u00e1ln\u00ed hotel pro svou dovolenou?"},"content":{"rendered":"<div data-elementor-type=\"wp-page\" data-elementor-id=\"5538\" class=\"elementor elementor-5538\" data-elementor-post-type=\"page\">\n\t\t\t\t\t\t<header class=\"elementor-section elementor-top-section elementor-element elementor-element-1dbe4a2 elementor-section-height-min-height elementor-section-items-bottom elementor-section-boxed elementor-section-height-default\" data-id=\"1dbe4a2\" data-element_type=\"section\" data-e-type=\"section\" data-settings=\"{&quot;background_background&quot;:&quot;classic&quot;}\">\n\t\t\t\t\t\t<div class=\"elementor-container elementor-column-gap-narrow\">\n\t\t\t\t\t<div class=\"elementor-column elementor-col-100 elementor-top-column elementor-element elementor-element-f47440d\" data-id=\"f47440d\" data-element_type=\"column\" data-e-type=\"column\">\n\t\t\t<div class=\"elementor-widget-wrap\">\n\t\t\t\t\t\t\t<\/div>\n\t\t<\/div>\n\t\t\t\t\t<\/div>\n\t\t<\/header>\n\t\t\t\t<header class=\"elementor-section elementor-top-section elementor-element elementor-element-6491859 elementor-section-full_width elementor-section-height-default elementor-section-height-default\" data-id=\"6491859\" data-element_type=\"section\" data-e-type=\"section\" data-settings=\"{&quot;background_background&quot;:&quot;classic&quot;}\">\n\t\t\t\t\t\t<div class=\"elementor-container elementor-column-gap-default\">\n\t\t\t\t\t<div class=\"elementor-column elementor-col-100 elementor-top-column elementor-element elementor-element-86d0937\" data-id=\"86d0937\" data-element_type=\"column\" data-e-type=\"column\">\n\t\t\t<div class=\"elementor-widget-wrap elementor-element-populated\">\n\t\t\t\t\t\t<div class=\"elementor-element elementor-element-4131974 elementor-widget elementor-widget-heading\" data-id=\"4131974\" data-element_type=\"widget\" data-e-type=\"widget\" data-widget_type=\"heading.default\">\n\t\t\t\t<div class=\"elementor-widget-container\">\n\t\t\t\t\t<h1 class=\"elementor-heading-title elementor-size-default\">Jak si vybrat ide\u00e1ln\u00ed hotel pro svou dovolenou?<\/h1>\t\t\t\t<\/div>\n\t\t\t\t<\/div>\n\t\t\t\t\t<\/div>\n\t\t<\/div>\n\t\t\t\t\t<\/div>\n\t\t<\/header>\n\t\t\t\t<section class=\"elementor-section elementor-top-section elementor-element elementor-element-28ea2fb elementor-section-boxed elementor-section-height-default elementor-section-height-default\" data-id=\"28ea2fb\" data-element_type=\"section\" data-e-type=\"section\">\n\t\t\t\t\t\t<div class=\"elementor-container elementor-column-gap-default\">\n\t\t\t\t\t<div class=\"elementor-column elementor-col-50 elementor-top-column elementor-element elementor-element-670079f wstazka\" data-id=\"670079f\" data-element_type=\"column\" data-e-type=\"column\" data-settings=\"{&quot;background_background&quot;:&quot;classic&quot;}\">\n\t\t\t<div class=\"elementor-widget-wrap elementor-element-populated\">\n\t\t\t\t\t\t<div class=\"elementor-element elementor-element-29d24cc elementor-widget elementor-widget-text-editor\" data-id=\"29d24cc\" data-element_type=\"widget\" data-e-type=\"widget\" data-widget_type=\"text-editor.default\">\n\t\t\t\t<div class=\"elementor-widget-container\">\n\t\t\t\t\t\t\t\t\t<p>V\u00fdb\u011br spr\u00e1vn\u00e9ho hotelu je pro pohodl\u00ed a spokojenost na dovolen\u00e9 z\u00e1sadn\u00ed.<\/p><p>Abychom na\u0161li ide\u00e1ln\u00ed m\u00edsto, kter\u00e9 spln\u00ed v\u0161echna na\u0161e o\u010dek\u00e1v\u00e1n\u00ed, je t\u0159eba v\u011bnovat pozornost n\u011bkolika d\u016fle\u017eit\u00fdm aspekt\u016fm.<\/p><p>P\u0159in\u00e1\u0161\u00edme v\u00e1m pr\u016fvodce, na co se zam\u011b\u0159it p\u0159i rezervaci hotelu, se zvl\u00e1\u0161tn\u00edm d\u016frazem na hotely ve Szklarsk\u00e9 Poreb\u011b.<\/p>\t\t\t\t\t\t\t\t<\/div>\n\t\t\t\t<\/div>\n\t\t\t\t<div class=\"elementor-element elementor-element-157ccf3 elementor-widget elementor-widget-heading\" data-id=\"157ccf3\" data-element_type=\"widget\" data-e-type=\"widget\" data-widget_type=\"heading.default\">\n\t\t\t\t<div class=\"elementor-widget-container\">\n\t\t\t\t\t<h2 class=\"elementor-heading-title elementor-size-default\">Co zkontrolovat p\u0159ed rezervac\u00ed?<\/h2>\t\t\t\t<\/div>\n\t\t\t\t<\/div>\n\t\t\t\t<div class=\"elementor-element elementor-element-6c63de6 elementor-widget elementor-widget-text-editor\" data-id=\"6c63de6\" data-element_type=\"widget\" data-e-type=\"widget\" data-widget_type=\"text-editor.default\">\n\t\t\t\t<div class=\"elementor-widget-container\">\n\t\t\t\t\t\t\t\t\t<p><strong class=\"accent-strong\">1. Poloha a okol\u00ed<\/strong><\/p><p>Szklarska Poreba je p\u016fvabn\u00e9 m\u011bste\u010dko v srdci Karkono\u0161, ide\u00e1ln\u00ed pro milovn\u00edky horsk\u00e9 turistiky. D\u016fle\u017eit\u00e9 je, \u017ee hotel je <strong>v bl\u00edzkosti turistick\u00fdch stezek<\/strong>, co\u017e umo\u017e\u0148uje rychl\u00fd p\u0159\u00edstup k nejkr\u00e1sn\u011bj\u0161\u00edm tras\u00e1m bez nutnosti dlouh\u00e9ho doj\u00ed\u017ed\u011bn\u00ed.<\/p>\t\t\t\t\t\t\t\t<\/div>\n\t\t\t\t<\/div>\n\t\t\t\t<div class=\"elementor-element elementor-element-1efa531 elementor-widget elementor-widget-text-editor\" data-id=\"1efa531\" data-element_type=\"widget\" data-e-type=\"widget\" data-widget_type=\"text-editor.default\">\n\t\t\t\t<div class=\"elementor-widget-container\">\n\t\t\t\t\t\t\t\t\t<p><strong class=\"accent-strong\">Parkov\u00e1n\u00ed zdarma<\/strong><\/p><p>P\u0159i cestov\u00e1n\u00ed autem je nesm\u00edrn\u011b d\u016fle\u017eit\u00fdm komfortem <strong>parkov\u00e1n\u00ed zdarma<\/strong>. Ujist\u011bte se, \u017ee v\u00e1\u0161 hotel tuto mo\u017enost nab\u00edz\u00ed, co\u017e v\u00e1m u\u0161et\u0159\u00ed dal\u0161\u00ed n\u00e1klady na parkov\u00e1n\u00ed a zaru\u010d\u00ed bezpe\u010dnost va\u0161eho vozidla.<\/p>\t\t\t\t\t\t\t\t<\/div>\n\t\t\t\t<\/div>\n\t\t\t\t<div class=\"elementor-element elementor-element-9ddac7a elementor-widget elementor-widget-image\" data-id=\"9ddac7a\" data-element_type=\"widget\" data-e-type=\"widget\" data-widget_type=\"image.default\">\n\t\t\t\t<div class=\"elementor-widget-container\">\n\t\t\t\t\t\t\t\t\t\t\t\t\t\t\t\t<a href=\"https:\/\/villawernera.pl\/wp-content\/uploads\/2024\/07\/basen-w-hotelu.jpg\" data-elementor-open-lightbox=\"yes\" data-e-action-hash=\"#elementor-action%3Aaction%3Dlightbox%26settings%3DeyJpZCI6NTU1NSwidXJsIjoiaHR0cHM6XC9cL3ZpbGxhd2VybmVyYS5wbFwvd3AtY29udGVudFwvdXBsb2Fkc1wvMjAyNFwvMDdcL2Jhc2VuLXctaG90ZWx1LmpwZyJ9\">\n\t\t\t\t\t\t\t<img fetchpriority=\"high\" decoding=\"async\" width=\"640\" height=\"480\" src=\"https:\/\/villawernera.pl\/wp-content\/uploads\/2024\/07\/basen-w-hotelu.jpg\" class=\"attachment-large size-large wp-image-5555\" alt=\"hotelov\u00fd baz\u00e9n\" srcset=\"https:\/\/villawernera.pl\/wp-content\/uploads\/2024\/07\/basen-w-hotelu.jpg 1024w, https:\/\/villawernera.pl\/wp-content\/uploads\/2024\/07\/basen-w-hotelu-300x225.jpg 300w, https:\/\/villawernera.pl\/wp-content\/uploads\/2024\/07\/basen-w-hotelu-768x576.jpg 768w, https:\/\/villawernera.pl\/wp-content\/uploads\/2024\/07\/basen-w-hotelu-16x12.jpg 16w\" sizes=\"(max-width: 640px) 100vw, 640px\" \/>\t\t\t\t\t\t\t\t<\/a>\n\t\t\t\t\t\t\t\t\t\t\t\t\t\t\t<\/div>\n\t\t\t\t<\/div>\n\t\t\t\t<div class=\"elementor-element elementor-element-c68f3e4 elementor-widget elementor-widget-text-editor\" data-id=\"c68f3e4\" data-element_type=\"widget\" data-e-type=\"widget\" data-widget_type=\"text-editor.default\">\n\t\t\t\t<div class=\"elementor-widget-container\">\n\t\t\t\t\t\t\t\t\t<p><strong class=\"accent-strong\">3. baz\u00e9n a l\u00e1zn\u011b<\/strong><\/p><p>Pokud sn\u00edte o relaxaci a regeneraci, vyberte si <strong>hotel s baz\u00e9nem<\/strong> a <strong>hotel s l\u00e1zn\u011bmi<\/strong>. V baz\u00e9nu se m\u016f\u017eete zchladit po celodenn\u00ed t\u00fa\u0159e a ve wellness centru si odpo\u010dinout a dop\u0159\u00e1t si chvilku pro sebe.<\/p>\t\t\t\t\t\t\t\t<\/div>\n\t\t\t\t<\/div>\n\t\t\t\t\t<\/div>\n\t\t<\/div>\n\t\t\t\t<div class=\"elementor-column elementor-col-50 elementor-top-column elementor-element elementor-element-6967a84 wstazka\" data-id=\"6967a84\" data-element_type=\"column\" data-e-type=\"column\" data-settings=\"{&quot;background_background&quot;:&quot;classic&quot;}\">\n\t\t\t<div class=\"elementor-widget-wrap elementor-element-populated\">\n\t\t\t\t\t\t<div class=\"elementor-element elementor-element-c44cd20 elementor-widget elementor-widget-image\" data-id=\"c44cd20\" data-element_type=\"widget\" data-e-type=\"widget\" data-widget_type=\"image.default\">\n\t\t\t\t<div class=\"elementor-widget-container\">\n\t\t\t\t\t\t\t\t\t\t\t\t\t\t\t\t<a href=\"https:\/\/villawernera.pl\/wp-content\/uploads\/2024\/07\/bar-w-hotelu.jpg\" data-elementor-open-lightbox=\"yes\" data-e-action-hash=\"#elementor-action%3Aaction%3Dlightbox%26settings%3DeyJpZCI6NTU1NiwidXJsIjoiaHR0cHM6XC9cL3ZpbGxhd2VybmVyYS5wbFwvd3AtY29udGVudFwvdXBsb2Fkc1wvMjAyNFwvMDdcL2Jhci13LWhvdGVsdS5qcGcifQ%3D%3D\">\n\t\t\t\t\t\t\t<img decoding=\"async\" width=\"640\" height=\"480\" src=\"https:\/\/villawernera.pl\/wp-content\/uploads\/2024\/07\/bar-w-hotelu.jpg\" class=\"attachment-large size-large wp-image-5556\" alt=\"\" srcset=\"https:\/\/villawernera.pl\/wp-content\/uploads\/2024\/07\/bar-w-hotelu.jpg 1024w, https:\/\/villawernera.pl\/wp-content\/uploads\/2024\/07\/bar-w-hotelu-300x225.jpg 300w, https:\/\/villawernera.pl\/wp-content\/uploads\/2024\/07\/bar-w-hotelu-768x576.jpg 768w, https:\/\/villawernera.pl\/wp-content\/uploads\/2024\/07\/bar-w-hotelu-16x12.jpg 16w\" sizes=\"(max-width: 640px) 100vw, 640px\" \/>\t\t\t\t\t\t\t\t<\/a>\n\t\t\t\t\t\t\t\t\t\t\t\t\t\t\t<\/div>\n\t\t\t\t<\/div>\n\t\t\t\t<div class=\"elementor-element elementor-element-0dcad8f elementor-widget elementor-widget-text-editor\" data-id=\"0dcad8f\" data-element_type=\"widget\" data-e-type=\"widget\" data-widget_type=\"text-editor.default\">\n\t\t\t\t<div class=\"elementor-widget-container\">\n\t\t\t\t\t\t\t\t\t<p><strong class=\"accent-strong\">4. stravov\u00e1n\u00ed na nejvy\u0161\u0161\u00ed \u00farovni<\/strong><\/p><p>Na dovolen\u00e9 nechceme jen odpo\u010d\u00edvat, ale tak\u00e9 se dob\u0159e naj\u00edst. Zkontrolujte, zda m\u00e1 hotel <strong>restaurace<\/strong> nab\u00edz\u00ed \u0159adu pokrm\u016f, v\u010detn\u011b <strong>chutn\u00e9 sn\u00eddan\u011b<\/strong>, kter\u00e1 v\u00e1m dod\u00e1 energii na cel\u00fd den. Bonusem je hotelov\u00fd bar, kde si m\u016f\u017eete vychutnat osv\u011b\u017euj\u00edc\u00ed n\u00e1poje a str\u00e1vit p\u0159\u00edjemn\u00fd ve\u010der.<\/p>\t\t\t\t\t\t\t\t<\/div>\n\t\t\t\t<\/div>\n\t\t\t\t<div class=\"elementor-element elementor-element-6bac465 elementor-widget elementor-widget-text-editor\" data-id=\"6bac465\" data-element_type=\"widget\" data-e-type=\"widget\" data-widget_type=\"text-editor.default\">\n\t\t\t\t<div class=\"elementor-widget-container\">\n\t\t\t\t\t\t\t\t\t<p><strong class=\"accent-strong\">5. klidn\u00e1 \u010dtvr\u0165<\/strong><\/p><p>Chcete-li si opravdu odpo\u010dinout, vyberte si hotel v <strong>klidn\u00e1 lokalita<\/strong>. Daleko od ruchu velkom\u011bsta, uprost\u0159ed p\u0159\u00edrody, si m\u016f\u017eete pln\u011b odpo\u010dinout a na\u010derpat novou energii.<\/p>\t\t\t\t\t\t\t\t<\/div>\n\t\t\t\t<\/div>\n\t\t\t\t<div class=\"elementor-element elementor-element-c53a7c6 elementor-widget elementor-widget-image\" data-id=\"c53a7c6\" data-element_type=\"widget\" data-e-type=\"widget\" data-widget_type=\"image.default\">\n\t\t\t\t<div class=\"elementor-widget-container\">\n\t\t\t\t\t\t\t\t\t\t\t\t\t\t\t\t<a href=\"https:\/\/villawernera.pl\/wp-content\/uploads\/2024\/07\/ogrod-1.jpg\" data-elementor-open-lightbox=\"yes\" data-e-action-hash=\"#elementor-action%3Aaction%3Dlightbox%26settings%3DeyJpZCI6NTU0MSwidXJsIjoiaHR0cHM6XC9cL3ZpbGxhd2VybmVyYS5wbFwvd3AtY29udGVudFwvdXBsb2Fkc1wvMjAyNFwvMDdcL29ncm9kLTEuanBnIn0%3D\">\n\t\t\t\t\t\t\t<img decoding=\"async\" src=\"https:\/\/villawernera.pl\/wp-content\/uploads\/elementor\/thumbs\/ogrod-1-qr6rz40n22lqya3m92gsnf1sekv1p3rlmitd3dfp28.jpg\" title=\"\" alt=\"zahrada\" loading=\"lazy\" \/>\t\t\t\t\t\t\t\t<\/a>\n\t\t\t\t\t\t\t\t\t\t\t\t\t\t\t<\/div>\n\t\t\t\t<\/div>\n\t\t\t\t<div class=\"elementor-element elementor-element-c7e74c0 elementor-widget elementor-widget-text-editor\" data-id=\"c7e74c0\" data-element_type=\"widget\" data-e-type=\"widget\" data-widget_type=\"text-editor.default\">\n\t\t\t\t<div class=\"elementor-widget-container\">\n\t\t\t\t\t\t\t\t\t<p><strong class=\"accent-strong\">6. dal\u0161\u00ed atrakce a za\u0159\u00edzen\u00ed<\/strong><\/p><p>Velkou v\u00fdhodou je <strong>velk\u00e1 zahrada<\/strong>, kde se m\u016f\u017eete proj\u00edt, p\u0159e\u010d\u00edst si knihu nebo si ud\u011blat piknik. D\u011bti jist\u011b ocen\u00ed venkovn\u00ed h\u0159i\u0161t\u011b.<\/p><p>Souhrnn\u011b \u0159e\u010deno, volbou <strong>hotel v Szklarska Por\u0119ba<\/strong>, stoj\u00ed za to upozornit na n\u011bkolik kl\u00ed\u010dov\u00fdch aspekt\u016f, kter\u00e9 u\u010din\u00ed v\u00e1\u0161 pobyt nezapomenuteln\u00fdm.<br \/>Bezplatn\u00e9 parkov\u00e1n\u00ed, hotel s baz\u00e9nem a l\u00e1zn\u011bmi, restaurace, koktejlov\u00fd bar, velk\u00e1 zahrada, chutn\u00e9 sn\u00eddan\u011b, klidn\u00e9 prost\u0159ed\u00ed a bl\u00edzkost turistick\u00fdch stezek - to v\u0161e jsou prvky, kter\u00e9 v\u00e1m zaru\u010d\u00ed pohodl\u00ed, relaxaci a dokonalou dovolenou.<\/p><p>P\u0159i rezervaci hotelu m\u011bjte na pam\u011bti tyto tipy, aby va\u0161e dovolen\u00e1 byla p\u0159esn\u011b podle va\u0161ich p\u0159edstav.<\/p>\t\t\t\t\t\t\t\t<\/div>\n\t\t\t\t<\/div>\n\t\t\t\t\t<\/div>\n\t\t<\/div>\n\t\t\t\t\t<\/div>\n\t\t<\/section>\n\t\t\t\t<\/div>","protected":false},"excerpt":{"rendered":"<p>Wyb\u00f3r odpowiedniego hotelu jest kluczowy dla komfortu i satysfakcji z wakacji. Aby znale\u017a\u0107 idealne miejsce, kt\u00f3re spe\u0142ni wszystkie nasze oczekiwania, warto zwr\u00f3ci\u0107 uwag\u0119 na kilka istotnych aspekt\u00f3w. Oto przewodnik, na co zwr\u00f3ci\u0107 uwag\u0119 przy rezerwacji hotelu, z szczeg\u00f3lnym uwzgl\u0119dnieniem hoteli w Szklarskiej Por\u0119bie. Co sprawdzi\u0107 przed rezerwacj\u0105? 1. Lokalizacja i otoczenie Szklarska Por\u0119ba to urokliwa [&hellip;]<\/p>\n","protected":false},"author":1,"featured_media":0,"parent":0,"menu_order":0,"comment_status":"closed","ping_status":"closed","template":"","meta":{"footnotes":""},"class_list":["post-5538","page","type-page","status-publish","hentry"],"_links":{"self":[{"href":"https:\/\/villawernera.pl\/cz\/wp-json\/wp\/v2\/pages\/5538","targetHints":{"allow":["GET"]}}],"collection":[{"href":"https:\/\/villawernera.pl\/cz\/wp-json\/wp\/v2\/pages"}],"about":[{"href":"https:\/\/villawernera.pl\/cz\/wp-json\/wp\/v2\/types\/page"}],"author":[{"embeddable":true,"href":"https:\/\/villawernera.pl\/cz\/wp-json\/wp\/v2\/users\/1"}],"replies":[{"embeddable":true,"href":"https:\/\/villawernera.pl\/cz\/wp-json\/wp\/v2\/comments?post=5538"}],"version-history":[{"count":15,"href":"https:\/\/villawernera.pl\/cz\/wp-json\/wp\/v2\/pages\/5538\/revisions"}],"predecessor-version":[{"id":5567,"href":"https:\/\/villawernera.pl\/cz\/wp-json\/wp\/v2\/pages\/5538\/revisions\/5567"}],"wp:attachment":[{"href":"https:\/\/villawernera.pl\/cz\/wp-json\/wp\/v2\/media?parent=5538"}],"curies":[{"name":"wp","href":"https:\/\/api.w.org\/{rel}","templated":true}]}}