{"id":5208,"date":"2023-11-11T15:04:12","date_gmt":"2023-11-11T14:04:12","guid":{"rendered":"https:\/\/villawernera.pl\/?page_id=5208"},"modified":"2023-11-11T15:08:15","modified_gmt":"2023-11-11T14:08:15","slug":"den-nezavislosti-v-karkonosich","status":"publish","type":"page","link":"https:\/\/villawernera.pl\/cz\/sklarska-poroba\/den-nezavislosti-v-karkonosich\/","title":{"rendered":"Den nez\u00e1vislosti v Krkono\u0161\u00edch"},"content":{"rendered":"<div data-elementor-type=\"wp-page\" data-elementor-id=\"5208\" class=\"elementor elementor-5208\" data-elementor-post-type=\"page\">\n\t\t\t\t\t\t<header class=\"elementor-section elementor-top-section elementor-element elementor-element-38b5c52 elementor-section-height-min-height elementor-section-items-bottom elementor-section-boxed elementor-section-height-default\" data-id=\"38b5c52\" data-element_type=\"section\" data-e-type=\"section\" data-settings=\"{&quot;background_background&quot;:&quot;classic&quot;}\">\n\t\t\t\t\t\t<div class=\"elementor-container elementor-column-gap-narrow\">\n\t\t\t\t\t<div class=\"elementor-column elementor-col-100 elementor-top-column elementor-element elementor-element-3324408\" data-id=\"3324408\" data-element_type=\"column\" data-e-type=\"column\">\n\t\t\t<div class=\"elementor-widget-wrap\">\n\t\t\t\t\t\t\t<\/div>\n\t\t<\/div>\n\t\t\t\t\t<\/div>\n\t\t<\/header>\n\t\t\t\t<header class=\"elementor-section elementor-top-section elementor-element elementor-element-a0c04cc elementor-section-full_width elementor-section-height-default elementor-section-height-default\" data-id=\"a0c04cc\" data-element_type=\"section\" data-e-type=\"section\" data-settings=\"{&quot;background_background&quot;:&quot;classic&quot;}\">\n\t\t\t\t\t\t<div class=\"elementor-container elementor-column-gap-default\">\n\t\t\t\t\t<div class=\"elementor-column elementor-col-100 elementor-top-column elementor-element elementor-element-0904deb\" data-id=\"0904deb\" data-element_type=\"column\" data-e-type=\"column\">\n\t\t\t<div class=\"elementor-widget-wrap elementor-element-populated\">\n\t\t\t\t\t\t<div class=\"elementor-element elementor-element-6bbd6f8 elementor-widget elementor-widget-heading\" data-id=\"6bbd6f8\" data-element_type=\"widget\" data-e-type=\"widget\" data-widget_type=\"heading.default\">\n\t\t\t\t<div class=\"elementor-widget-container\">\n\t\t\t\t\t<h1 class=\"elementor-heading-title elementor-size-default\">Den nez\u00e1vislosti v Krkono\u0161\u00edch<\/h1>\t\t\t\t<\/div>\n\t\t\t\t<\/div>\n\t\t\t\t\t<\/div>\n\t\t<\/div>\n\t\t\t\t\t<\/div>\n\t\t<\/header>\n\t\t\t\t<section class=\"elementor-section elementor-top-section elementor-element elementor-element-431f6dc elementor-section-boxed elementor-section-height-default elementor-section-height-default\" data-id=\"431f6dc\" data-element_type=\"section\" data-e-type=\"section\">\n\t\t\t\t\t\t<div class=\"elementor-container elementor-column-gap-default\">\n\t\t\t\t\t<div class=\"elementor-column elementor-col-50 elementor-top-column elementor-element elementor-element-d696594 wstazka\" data-id=\"d696594\" data-element_type=\"column\" data-e-type=\"column\" data-settings=\"{&quot;background_background&quot;:&quot;classic&quot;}\">\n\t\t\t<div class=\"elementor-widget-wrap elementor-element-populated\">\n\t\t\t\t\t\t<div class=\"elementor-element elementor-element-cda4aab elementor-widget elementor-widget-text-editor\" data-id=\"cda4aab\" data-element_type=\"widget\" data-e-type=\"widget\" data-widget_type=\"text-editor.default\">\n\t\t\t\t<div class=\"elementor-widget-container\">\n\t\t\t\t\t\t\t\t\t<p>Po\u010das\u00ed v hor\u00e1ch v listopadu v\u00e1s m\u016f\u017ee pozitivn\u011b p\u0159ekvapit!<br \/>Navzdory v\u0161em p\u0159edpoklad\u016fm m\u016f\u017ee b\u00fdt slune\u010dno, bez mr\u00e1\u010dku a teplo - nap\u0159\u00edklad v listopadu 2020: 20 stup\u0148\u016f tepla, kr\u00e1sn\u00e9 slune\u010dn\u00ed paprsky a obloha bez mr\u00e1\u010dku.<\/p><p>Listopad v Krkono\u0161\u00edch znamen\u00e1 tak\u00e9 \u010dast\u00e9 inverze - na vrcholc\u00edch je tepleji ne\u017e v n\u00ed\u017ein\u00e1ch a mlhy, kter\u00e9 se sn\u00e1\u0161ej\u00ed pod horami, zp\u016fsobuj\u00ed, \u017ee se v hor\u00e1ch c\u00edt\u00edte jako v nebi.<br \/>Zvu v\u00e1s ke vzpom\u00ednce na listopadovou horskou t\u00faru po Karkono\u0161sk\u00e9 stezce na Sn\u011b\u017eku z Wangova chr\u00e1mu v Karpaczi. R\u00e1no 11. listopadu 2020 n\u00e1s p\u0159iv\u00edtalo m\u00edrn\u00fdm chladem, oblohou bez mr\u00e1\u010dku a vych\u00e1zej\u00edc\u00edm sluncem.<\/p><p>Vyr\u00e1\u017e\u00edme z chr\u00e1mu Wang v Karpaczi, jedine\u010dn\u00e9 architektonick\u00e9 stavby v polsk\u00fdch Karkono\u0161\u00edch.<\/p>\t\t\t\t\t\t\t\t<\/div>\n\t\t\t\t<\/div>\n\t\t\t\t\t<\/div>\n\t\t<\/div>\n\t\t\t\t<div class=\"elementor-column elementor-col-50 elementor-top-column elementor-element elementor-element-0bced71 wstazka\" data-id=\"0bced71\" data-element_type=\"column\" data-e-type=\"column\" data-settings=\"{&quot;background_background&quot;:&quot;classic&quot;}\">\n\t\t\t<div class=\"elementor-widget-wrap elementor-element-populated\">\n\t\t\t\t\t\t<div class=\"elementor-element elementor-element-392e876 elementor-widget elementor-widget-text-editor\" data-id=\"392e876\" data-element_type=\"widget\" data-e-type=\"widget\" data-widget_type=\"text-editor.default\">\n\t\t\t\t<div class=\"elementor-widget-container\">\n\t\t\t\t\t\t\t\t\t<p>D\u0159ev\u011bn\u00fd kostel postaven\u00fd ve stylu \u0161v\u00e9dsk\u00e9ho baroka sem byl p\u0159enesen z norsk\u00e9ho Vangu v roce 1842.<br \/>Wang je jednou z nejv\u00fdznamn\u011bj\u0161\u00edch pam\u00e1tek regionu a tak\u00e9 obl\u00edben\u00fdm v\u00fdchoz\u00edm bodem pro horsk\u00e9 t\u00fary, v\u010detn\u011b Sn\u011b\u017eky, nejvy\u0161\u0161\u00edho vrcholu Krkono\u0161.<\/p><p>Od chr\u00e1mu jsme se vydali po zelen\u00e9 zna\u010dce ke skaln\u00edmu \u00fatvaru Slune\u010dnice.<\/p><p>Slune\u010dnice je jedn\u00edm z mnoha \u017eulov\u00fdch skaln\u00edch \u00fatvar\u016f v Krkono\u0161\u00edch. Nach\u00e1z\u00ed se nad\u00a0<strong>Velk\u00fd rybn\u00edk<\/strong>, na \u010derven\u00e9 turistick\u00e9 trase.<\/p><p>Slune\u010dnice se ty\u010d\u00ed do v\u00fd\u0161ky 1423 metr\u016f nad mo\u0159em a samotn\u00e9 sk\u00e1ly jsou vysok\u00e9 12 metr\u016f. Sk\u00e1ly jsou viditeln\u00e9 z m\u011bsta Karpacz G\u00f3rny,\u00a0<strong>Borowic<\/strong>\u00a0a Przesieka. N\u011bmeck\u00fd n\u00e1zev t\u011bchto skal je: Mittagstein, co\u017e znamen\u00e1 Ji\u017en\u00ed k\u00e1men.<\/p><p>Term\u00edn poch\u00e1z\u00ed z toho, \u017ee pr\u00e1v\u011b v poledne je slunce nad skalami p\u0159i pohledu ze sm\u011bru v\u00fd\u0161e zm\u00edn\u011bn\u00fdch vesnic.<br \/>Slune\u010dnici se tak\u00e9 \u0159\u00edk\u00e1 \u010f\u00e1bl\u016fv k\u00e1men, proto\u017ee sv\u00fdm vzhledem p\u0159ipom\u00edn\u00e1 vy\u0159ezanou lidskou nebo \u010f\u00e1belskou postavu.<\/p>\t\t\t\t\t\t\t\t<\/div>\n\t\t\t\t<\/div>\n\t\t\t\t\t<\/div>\n\t\t<\/div>\n\t\t\t\t\t<\/div>\n\t\t<\/section>\n\t\t\t\t<section class=\"elementor-section elementor-top-section elementor-element elementor-element-46f4763 elementor-section-boxed elementor-section-height-default elementor-section-height-default\" data-id=\"46f4763\" data-element_type=\"section\" data-e-type=\"section\">\n\t\t\t\t\t\t<div class=\"elementor-container elementor-column-gap-default\">\n\t\t\t\t\t<div class=\"elementor-column elementor-col-100 elementor-top-column elementor-element elementor-element-37d6b02\" data-id=\"37d6b02\" data-element_type=\"column\" data-e-type=\"column\">\n\t\t\t<div class=\"elementor-widget-wrap elementor-element-populated\">\n\t\t\t\t\t\t<div class=\"elementor-element elementor-element-4ab5407 elementor-widget elementor-widget-gallery\" data-id=\"4ab5407\" data-element_type=\"widget\" data-e-type=\"widget\" data-settings=\"{&quot;columns&quot;:3,&quot;lazyload&quot;:&quot;yes&quot;,&quot;gallery_layout&quot;:&quot;grid&quot;,&quot;columns_tablet&quot;:2,&quot;columns_mobile&quot;:1,&quot;gap&quot;:{&quot;unit&quot;:&quot;px&quot;,&quot;size&quot;:10,&quot;sizes&quot;:[]},&quot;gap_laptop&quot;:{&quot;unit&quot;:&quot;px&quot;,&quot;size&quot;:10,&quot;sizes&quot;:[]},&quot;gap_tablet&quot;:{&quot;unit&quot;:&quot;px&quot;,&quot;size&quot;:10,&quot;sizes&quot;:[]},&quot;gap_mobile&quot;:{&quot;unit&quot;:&quot;px&quot;,&quot;size&quot;:10,&quot;sizes&quot;:[]},&quot;link_to&quot;:&quot;file&quot;,&quot;aspect_ratio&quot;:&quot;3:2&quot;,&quot;overlay_background&quot;:&quot;yes&quot;,&quot;content_hover_animation&quot;:&quot;fade-in&quot;}\" data-widget_type=\"gallery.default\">\n\t\t\t\t<div class=\"elementor-widget-container\">\n\t\t\t\t\t\t\t<div class=\"elementor-gallery__container\">\n\t\t\t\t\t\t\t<a class=\"e-gallery-item elementor-gallery-item elementor-animated-content\" href=\"https:\/\/villawernera.pl\/wp-content\/uploads\/2023\/11\/listopad-0001.jpg\" data-elementor-open-lightbox=\"yes\" data-elementor-lightbox-slideshow=\"4ab5407\" data-e-action-hash=\"#elementor-action%3Aaction%3Dlightbox%26settings%3DeyJpZCI6NTIxMCwidXJsIjoiaHR0cHM6XC9cL3ZpbGxhd2VybmVyYS5wbFwvd3AtY29udGVudFwvdXBsb2Fkc1wvMjAyM1wvMTFcL2xpc3RvcGFkLTAwMDEuanBnIiwic2xpZGVzaG93IjoiNGFiNTQwNyJ9\">\n\t\t\t\t\t<div class=\"e-gallery-image elementor-gallery-item__image\" data-thumbnail=\"https:\/\/villawernera.pl\/wp-content\/uploads\/2023\/11\/listopad-0001.jpg\" data-width=\"640\" data-height=\"853\" aria-label=\"\" role=\"img\" ><\/div>\n\t\t\t\t\t\t\t\t\t\t\t<div class=\"elementor-gallery-item__overlay\"><\/div>\n\t\t\t\t\t\t\t\t\t\t\t\t\t\t<\/a>\n\t\t\t\t\t\t\t<a class=\"e-gallery-item elementor-gallery-item elementor-animated-content\" href=\"https:\/\/villawernera.pl\/wp-content\/uploads\/2023\/11\/listopad-0002.jpg\" data-elementor-open-lightbox=\"yes\" data-elementor-lightbox-slideshow=\"4ab5407\" data-e-action-hash=\"#elementor-action%3Aaction%3Dlightbox%26settings%3DeyJpZCI6NTIxMSwidXJsIjoiaHR0cHM6XC9cL3ZpbGxhd2VybmVyYS5wbFwvd3AtY29udGVudFwvdXBsb2Fkc1wvMjAyM1wvMTFcL2xpc3RvcGFkLTAwMDIuanBnIiwic2xpZGVzaG93IjoiNGFiNTQwNyJ9\">\n\t\t\t\t\t<div class=\"e-gallery-image elementor-gallery-item__image\" data-thumbnail=\"https:\/\/villawernera.pl\/wp-content\/uploads\/2023\/11\/listopad-0002.jpg\" data-width=\"640\" data-height=\"853\" aria-label=\"\" role=\"img\" ><\/div>\n\t\t\t\t\t\t\t\t\t\t\t<div class=\"elementor-gallery-item__overlay\"><\/div>\n\t\t\t\t\t\t\t\t\t\t\t\t\t\t<\/a>\n\t\t\t\t\t\t\t<a class=\"e-gallery-item elementor-gallery-item elementor-animated-content\" href=\"https:\/\/villawernera.pl\/wp-content\/uploads\/2023\/11\/listopad-0003.jpg\" data-elementor-open-lightbox=\"yes\" data-elementor-lightbox-slideshow=\"4ab5407\" data-e-action-hash=\"#elementor-action%3Aaction%3Dlightbox%26settings%3DeyJpZCI6NTIxMiwidXJsIjoiaHR0cHM6XC9cL3ZpbGxhd2VybmVyYS5wbFwvd3AtY29udGVudFwvdXBsb2Fkc1wvMjAyM1wvMTFcL2xpc3RvcGFkLTAwMDMuanBnIiwic2xpZGVzaG93IjoiNGFiNTQwNyJ9\">\n\t\t\t\t\t<div class=\"e-gallery-image elementor-gallery-item__image\" data-thumbnail=\"https:\/\/villawernera.pl\/wp-content\/uploads\/2023\/11\/listopad-0003.jpg\" data-width=\"640\" data-height=\"853\" aria-label=\"\" role=\"img\" ><\/div>\n\t\t\t\t\t\t\t\t\t\t\t<div class=\"elementor-gallery-item__overlay\"><\/div>\n\t\t\t\t\t\t\t\t\t\t\t\t\t\t<\/a>\n\t\t\t\t\t\t\t<a class=\"e-gallery-item elementor-gallery-item elementor-animated-content\" href=\"https:\/\/villawernera.pl\/wp-content\/uploads\/2023\/11\/listopad-0004.jpg\" data-elementor-open-lightbox=\"yes\" data-elementor-lightbox-slideshow=\"4ab5407\" data-e-action-hash=\"#elementor-action%3Aaction%3Dlightbox%26settings%3DeyJpZCI6NTIxMywidXJsIjoiaHR0cHM6XC9cL3ZpbGxhd2VybmVyYS5wbFwvd3AtY29udGVudFwvdXBsb2Fkc1wvMjAyM1wvMTFcL2xpc3RvcGFkLTAwMDQuanBnIiwic2xpZGVzaG93IjoiNGFiNTQwNyJ9\">\n\t\t\t\t\t<div class=\"e-gallery-image elementor-gallery-item__image\" data-thumbnail=\"https:\/\/villawernera.pl\/wp-content\/uploads\/2023\/11\/listopad-0004-768x576.jpg\" data-width=\"640\" data-height=\"480\" aria-label=\"\" role=\"img\" ><\/div>\n\t\t\t\t\t\t\t\t\t\t\t<div class=\"elementor-gallery-item__overlay\"><\/div>\n\t\t\t\t\t\t\t\t\t\t\t\t\t\t<\/a>\n\t\t\t\t\t\t\t<a class=\"e-gallery-item elementor-gallery-item elementor-animated-content\" href=\"https:\/\/villawernera.pl\/wp-content\/uploads\/2023\/11\/listopad-0005.jpg\" data-elementor-open-lightbox=\"yes\" data-elementor-lightbox-slideshow=\"4ab5407\" data-e-action-hash=\"#elementor-action%3Aaction%3Dlightbox%26settings%3DeyJpZCI6NTIxNCwidXJsIjoiaHR0cHM6XC9cL3ZpbGxhd2VybmVyYS5wbFwvd3AtY29udGVudFwvdXBsb2Fkc1wvMjAyM1wvMTFcL2xpc3RvcGFkLTAwMDUuanBnIiwic2xpZGVzaG93IjoiNGFiNTQwNyJ9\">\n\t\t\t\t\t<div class=\"e-gallery-image elementor-gallery-item__image\" data-thumbnail=\"https:\/\/villawernera.pl\/wp-content\/uploads\/2023\/11\/listopad-0005.jpg\" data-width=\"640\" data-height=\"853\" aria-label=\"\" role=\"img\" ><\/div>\n\t\t\t\t\t\t\t\t\t\t\t<div class=\"elementor-gallery-item__overlay\"><\/div>\n\t\t\t\t\t\t\t\t\t\t\t\t\t\t<\/a>\n\t\t\t\t\t\t\t<a class=\"e-gallery-item elementor-gallery-item elementor-animated-content\" href=\"https:\/\/villawernera.pl\/wp-content\/uploads\/2023\/11\/listopad-0006.jpg\" data-elementor-open-lightbox=\"yes\" data-elementor-lightbox-slideshow=\"4ab5407\" data-e-action-hash=\"#elementor-action%3Aaction%3Dlightbox%26settings%3DeyJpZCI6NTIxNSwidXJsIjoiaHR0cHM6XC9cL3ZpbGxhd2VybmVyYS5wbFwvd3AtY29udGVudFwvdXBsb2Fkc1wvMjAyM1wvMTFcL2xpc3RvcGFkLTAwMDYuanBnIiwic2xpZGVzaG93IjoiNGFiNTQwNyJ9\">\n\t\t\t\t\t<div class=\"e-gallery-image elementor-gallery-item__image\" data-thumbnail=\"https:\/\/villawernera.pl\/wp-content\/uploads\/2023\/11\/listopad-0006.jpg\" data-width=\"640\" data-height=\"853\" aria-label=\"\" role=\"img\" ><\/div>\n\t\t\t\t\t\t\t\t\t\t\t<div class=\"elementor-gallery-item__overlay\"><\/div>\n\t\t\t\t\t\t\t\t\t\t\t\t\t\t<\/a>\n\t\t\t\t\t\t\t<a class=\"e-gallery-item elementor-gallery-item elementor-animated-content\" href=\"https:\/\/villawernera.pl\/wp-content\/uploads\/2023\/11\/listopad-0007.jpg\" data-elementor-open-lightbox=\"yes\" data-elementor-lightbox-slideshow=\"4ab5407\" data-e-action-hash=\"#elementor-action%3Aaction%3Dlightbox%26settings%3DeyJpZCI6NTIxNiwidXJsIjoiaHR0cHM6XC9cL3ZpbGxhd2VybmVyYS5wbFwvd3AtY29udGVudFwvdXBsb2Fkc1wvMjAyM1wvMTFcL2xpc3RvcGFkLTAwMDcuanBnIiwic2xpZGVzaG93IjoiNGFiNTQwNyJ9\">\n\t\t\t\t\t<div class=\"e-gallery-image elementor-gallery-item__image\" data-thumbnail=\"https:\/\/villawernera.pl\/wp-content\/uploads\/2023\/11\/listopad-0007.jpg\" data-width=\"640\" data-height=\"853\" aria-label=\"\" role=\"img\" ><\/div>\n\t\t\t\t\t\t\t\t\t\t\t<div class=\"elementor-gallery-item__overlay\"><\/div>\n\t\t\t\t\t\t\t\t\t\t\t\t\t\t<\/a>\n\t\t\t\t\t<\/div>\n\t\t\t\t\t<\/div>\n\t\t\t\t<\/div>\n\t\t\t\t\t<\/div>\n\t\t<\/div>\n\t\t\t\t\t<\/div>\n\t\t<\/section>\n\t\t\t\t<\/div>","protected":false},"excerpt":{"rendered":"<p>Pogoda w g\u00f3rach w listopadzie potrafi zaskoczy\u0107 pozytywnie!Wbrew pozorom mo\u017ce by\u0107 s\u0142onecznie, bezchmurnie i ciep\u0142o \u2013 tak jak na przyk\u0142ad w listopadzie 2020 roku: 20 stopni ciep\u0142a, pi\u0119kne s\u0142o\u0144ce i bezchmurne niebo. Listopad w Karkonoszach to r\u00f3wnie\u017c cz\u0119ste zjawiska inwersji \u2013 na szczytach jest cieplej ni\u017c na nizinach a mg\u0142y \u015bciel\u0105ce si\u0119 poni\u017cej g\u00f3r sprawiaj\u0105, [&hellip;]<\/p>\n","protected":false},"author":1,"featured_media":0,"parent":31,"menu_order":0,"comment_status":"closed","ping_status":"closed","template":"","meta":{"footnotes":""},"class_list":["post-5208","page","type-page","status-publish","hentry"],"_links":{"self":[{"href":"https:\/\/villawernera.pl\/cz\/wp-json\/wp\/v2\/pages\/5208","targetHints":{"allow":["GET"]}}],"collection":[{"href":"https:\/\/villawernera.pl\/cz\/wp-json\/wp\/v2\/pages"}],"about":[{"href":"https:\/\/villawernera.pl\/cz\/wp-json\/wp\/v2\/types\/page"}],"author":[{"embeddable":true,"href":"https:\/\/villawernera.pl\/cz\/wp-json\/wp\/v2\/users\/1"}],"replies":[{"embeddable":true,"href":"https:\/\/villawernera.pl\/cz\/wp-json\/wp\/v2\/comments?post=5208"}],"version-history":[{"count":16,"href":"https:\/\/villawernera.pl\/cz\/wp-json\/wp\/v2\/pages\/5208\/revisions"}],"predecessor-version":[{"id":5240,"href":"https:\/\/villawernera.pl\/cz\/wp-json\/wp\/v2\/pages\/5208\/revisions\/5240"}],"up":[{"embeddable":true,"href":"https:\/\/villawernera.pl\/cz\/wp-json\/wp\/v2\/pages\/31"}],"wp:attachment":[{"href":"https:\/\/villawernera.pl\/cz\/wp-json\/wp\/v2\/media?parent=5208"}],"curies":[{"name":"wp","href":"https:\/\/api.w.org\/{rel}","templated":true}]}}