{"id":5154,"date":"2023-09-26T15:43:51","date_gmt":"2023-09-26T13:43:51","guid":{"rendered":"https:\/\/villawernera.pl\/?page_id=5154"},"modified":"2023-09-26T15:47:01","modified_gmt":"2023-09-26T13:47:01","slug":"lubie-poniedzialki","status":"publish","type":"page","link":"https:\/\/villawernera.pl\/cz\/lubie-poniedzialki\/","title":{"rendered":"Lubi\u0119 poniedzia\u0142ki"},"content":{"rendered":"<div data-elementor-type=\"wp-page\" data-elementor-id=\"5154\" class=\"elementor elementor-5154\" data-elementor-post-type=\"page\">\n\t\t\t\t\t\t<header class=\"elementor-section elementor-top-section elementor-element elementor-element-3aa94fa elementor-section-height-min-height elementor-section-items-bottom elementor-section-boxed elementor-section-height-default\" data-id=\"3aa94fa\" data-element_type=\"section\" data-e-type=\"section\" data-settings=\"{&quot;background_background&quot;:&quot;classic&quot;}\">\n\t\t\t\t\t\t<div class=\"elementor-container elementor-column-gap-default\">\n\t\t\t\t\t<div class=\"elementor-column elementor-col-100 elementor-top-column elementor-element elementor-element-ffc3ddf\" data-id=\"ffc3ddf\" data-element_type=\"column\" data-e-type=\"column\">\n\t\t\t<div class=\"elementor-widget-wrap\">\n\t\t\t\t\t\t\t<\/div>\n\t\t<\/div>\n\t\t\t\t\t<\/div>\n\t\t<\/header>\n\t\t\t\t<header class=\"elementor-section elementor-top-section elementor-element elementor-element-96feb38 elementor-section-full_width elementor-section-height-default elementor-section-height-default\" data-id=\"96feb38\" data-element_type=\"section\" data-e-type=\"section\" data-settings=\"{&quot;background_background&quot;:&quot;classic&quot;}\">\n\t\t\t\t\t\t<div class=\"elementor-container elementor-column-gap-default\">\n\t\t\t\t\t<div class=\"elementor-column elementor-col-100 elementor-top-column elementor-element elementor-element-ca87f1e\" data-id=\"ca87f1e\" data-element_type=\"column\" data-e-type=\"column\">\n\t\t\t<div class=\"elementor-widget-wrap elementor-element-populated\">\n\t\t\t\t\t\t<div class=\"elementor-element elementor-element-a59c53f elementor-widget elementor-widget-heading\" data-id=\"a59c53f\" data-element_type=\"widget\" data-e-type=\"widget\" data-widget_type=\"heading.default\">\n\t\t\t\t<div class=\"elementor-widget-container\">\n\t\t\t\t\t<h1 class=\"elementor-heading-title elementor-size-default\">Lubi\u0119 poniedzia\u0142ki<\/h1>\t\t\t\t<\/div>\n\t\t\t\t<\/div>\n\t\t\t\t\t<\/div>\n\t\t<\/div>\n\t\t\t\t\t<\/div>\n\t\t<\/header>\n\t\t\t\t<section class=\"elementor-section elementor-top-section elementor-element elementor-element-08c9b1d elementor-section-content-middle elementor-section-boxed elementor-section-height-default elementor-section-height-default\" data-id=\"08c9b1d\" data-element_type=\"section\" data-e-type=\"section\">\n\t\t\t\t\t\t<div class=\"elementor-container elementor-column-gap-wider\">\n\t\t\t\t\t<div class=\"elementor-column elementor-col-50 elementor-top-column elementor-element elementor-element-856f259 wstazka\" data-id=\"856f259\" data-element_type=\"column\" data-e-type=\"column\" data-settings=\"{&quot;background_background&quot;:&quot;classic&quot;}\">\n\t\t\t<div class=\"elementor-widget-wrap elementor-element-populated\">\n\t\t\t\t\t\t<div class=\"elementor-element elementor-element-9ce97a2 elementor-widget elementor-widget-heading\" data-id=\"9ce97a2\" data-element_type=\"widget\" data-e-type=\"widget\" data-widget_type=\"heading.default\">\n\t\t\t\t<div class=\"elementor-widget-container\">\n\t\t\t\t\t<p class=\"elementor-heading-title elementor-size-default\">Przyjed\u017a w niedziel\u0119 lub przed\u0142u\u017c sobie weekend a poniedzia\u0142ek minie bezbole\u015bnie<\/p>\t\t\t\t<\/div>\n\t\t\t\t<\/div>\n\t\t\t\t<div class=\"elementor-element elementor-element-d9463f8 elementor-widget elementor-widget-text-editor\" data-id=\"d9463f8\" data-element_type=\"widget\" data-e-type=\"widget\" data-widget_type=\"text-editor.default\">\n\t\t\t\t<div class=\"elementor-widget-container\">\n\t\t\t\t\t\t\t\t\t<p>LUBI\u0118 PONIEDZIA\u0141KI to oferta specjalna wa\u017cna dla noclegu ze \u015bniadaniem z niedzieli na poniedzia\u0142ek.<\/p>\t\t\t\t\t\t\t\t<\/div>\n\t\t\t\t<\/div>\n\t\t\t\t<div class=\"elementor-element elementor-element-6644b44 elementor-widget elementor-widget-heading\" data-id=\"6644b44\" data-element_type=\"widget\" data-e-type=\"widget\" data-widget_type=\"heading.default\">\n\t\t\t\t<div class=\"elementor-widget-container\">\n\t\t\t\t\t<p class=\"elementor-heading-title elementor-size-default\">Nocleg z niedzieli na poniedzia\u0142ek wynosi:<\/p>\t\t\t\t<\/div>\n\t\t\t\t<\/div>\n\t\t\t\t<div class=\"elementor-element elementor-element-eeaf2aa elementor-widget elementor-widget-text-editor\" data-id=\"eeaf2aa\" data-element_type=\"widget\" data-e-type=\"widget\" data-widget_type=\"text-editor.default\">\n\t\t\t\t<div class=\"elementor-widget-container\">\n\t\t\t\t\t\t\t\t\t<ul><li>pok\u00f3j jednoosobowy &#8211; 180 PLN\/noc<\/li><li>pok\u00f3j dwuosobowy &#8211; 280 PLN\/noc<\/li><li>pok\u00f3j trzyosobowy &#8211; 450 PLN\/noc<\/li><\/ul>\t\t\t\t\t\t\t\t<\/div>\n\t\t\t\t<\/div>\n\t\t\t\t<div class=\"elementor-element elementor-element-9de0b34 elementor-widget elementor-widget-heading\" data-id=\"9de0b34\" data-element_type=\"widget\" data-e-type=\"widget\" data-widget_type=\"heading.default\">\n\t\t\t\t<div class=\"elementor-widget-container\">\n\t\t\t\t\t<h3 class=\"elementor-heading-title elementor-size-default\">Cena zahrnuje:<\/h3>\t\t\t\t<\/div>\n\t\t\t\t<\/div>\n\t\t\t\t<div class=\"elementor-element elementor-element-272abed elementor-widget elementor-widget-text-editor\" data-id=\"272abed\" data-element_type=\"widget\" data-e-type=\"widget\" data-widget_type=\"text-editor.default\">\n\t\t\t\t<div class=\"elementor-widget-container\">\n\t\t\t\t\t\t\t\t\t<ul><li>nocleg w komfortowych pokojach<\/li><li>\u015bniadanie w formie bufetu szwedzkiego; bogaty wyb\u00f3r produkt\u00f3w; serwowane w hotelowej restauracji, w ci\u0105gu tygodnia w godzinach 8:00-10:00<\/li><li>nielimitowany wst\u0119p do strefy SPA &amp; Wellness &#8211; basen, jacuzzi, sauna, salka fitness<\/li><li>st\u00f3\u0142 do ping \u2013 ponga<\/li><li>zewn\u0119trzny kort tenisowy<\/li><li>nieograniczony dost\u0119p do szybkiego Wi &#8211; Fi<\/li><li>monitorowany parking<\/li><li>przechowanie rower\u00f3w lub nart<\/li><\/ul>\t\t\t\t\t\t\t\t<\/div>\n\t\t\t\t<\/div>\n\t\t\t\t\t<\/div>\n\t\t<\/div>\n\t\t\t\t<div class=\"elementor-column elementor-col-50 elementor-top-column elementor-element elementor-element-d28d78b wstazka\" data-id=\"d28d78b\" data-element_type=\"column\" data-e-type=\"column\" data-settings=\"{&quot;background_background&quot;:&quot;classic&quot;}\">\n\t\t\t<div class=\"elementor-widget-wrap elementor-element-populated\">\n\t\t\t\t\t\t<div class=\"elementor-element elementor-element-36e8151 elementor-widget elementor-widget-text-editor\" data-id=\"36e8151\" data-element_type=\"widget\" data-e-type=\"widget\" data-widget_type=\"text-editor.default\">\n\t\t\t\t<div class=\"elementor-widget-container\">\n\t\t\t\t\t\t\t\t\t<p><strong>Dodatkowo p\u0142atne w hotelu (got\u00f3wk\u0105 lub kart\u0105):<\/strong><\/p><ul><li>op\u0142ata klimatyczna &#8211; 2,80 PLN za dzie\u0144\/osob\u0119<\/li><li>zabiegi w gabinecie masa\u017cu<\/li><li>restauracja A\u2019la Carte<\/li><li>kawiarnia<\/li><\/ul><p>Oferta wa\u017cna od dnia 1 pa\u017adziernika 2023 do dnia 22 grudnia 2023r.<\/p><p><strong>Dodatkowe informacje:<\/strong><\/p><ul><li>rozpocz\u0119cie doby hotelowej godz. 15:00, zako\u0144czenie godz. 11:00<\/li><li>akceptujemy zwierz\u0119ta, dodatkowa op\u0142ata z tego tytu\u0142u od 30 do 80 PLN\/noc<\/li><li>dzieci do lat 3 \u015bpi\u0105ce z opiekunami w \u0142\u00f3\u017cku nocuj\u0105 bezp\u0142atnie<\/li><\/ul>\t\t\t\t\t\t\t\t<\/div>\n\t\t\t\t<\/div>\n\t\t\t\t\t<\/div>\n\t\t<\/div>\n\t\t\t\t\t<\/div>\n\t\t<\/section>\n\t\t\t\t<\/div>","protected":false},"excerpt":{"rendered":"<p>Lubi\u0119 poniedzia\u0142ki Przyjed\u017a w niedziel\u0119 lub przed\u0142u\u017c sobie weekend a poniedzia\u0142ek minie bezbole\u015bnie LUBI\u0118 PONIEDZIA\u0141KI to oferta specjalna wa\u017cna dla noclegu ze \u015bniadaniem z niedzieli na poniedzia\u0142ek. Nocleg z niedzieli na poniedzia\u0142ek wynosi: pok\u00f3j jednoosobowy &#8211; 180 PLN\/noc pok\u00f3j dwuosobowy &#8211; 280 PLN\/noc pok\u00f3j trzyosobowy &#8211; 450 PLN\/noc Cena zawiera: nocleg w komfortowych pokojach \u015bniadanie [&hellip;]<\/p>\n","protected":false},"author":1,"featured_media":0,"parent":0,"menu_order":0,"comment_status":"closed","ping_status":"closed","template":"","meta":{"footnotes":""},"class_list":["post-5154","page","type-page","status-publish","hentry"],"_links":{"self":[{"href":"https:\/\/villawernera.pl\/cz\/wp-json\/wp\/v2\/pages\/5154","targetHints":{"allow":["GET"]}}],"collection":[{"href":"https:\/\/villawernera.pl\/cz\/wp-json\/wp\/v2\/pages"}],"about":[{"href":"https:\/\/villawernera.pl\/cz\/wp-json\/wp\/v2\/types\/page"}],"author":[{"embeddable":true,"href":"https:\/\/villawernera.pl\/cz\/wp-json\/wp\/v2\/users\/1"}],"replies":[{"embeddable":true,"href":"https:\/\/villawernera.pl\/cz\/wp-json\/wp\/v2\/comments?post=5154"}],"version-history":[{"count":4,"href":"https:\/\/villawernera.pl\/cz\/wp-json\/wp\/v2\/pages\/5154\/revisions"}],"predecessor-version":[{"id":5159,"href":"https:\/\/villawernera.pl\/cz\/wp-json\/wp\/v2\/pages\/5154\/revisions\/5159"}],"wp:attachment":[{"href":"https:\/\/villawernera.pl\/cz\/wp-json\/wp\/v2\/media?parent=5154"}],"curies":[{"name":"wp","href":"https:\/\/api.w.org\/{rel}","templated":true}]}}