{"id":5086,"date":"2023-09-25T13:49:24","date_gmt":"2023-09-25T11:49:24","guid":{"rendered":"https:\/\/villawernera.pl\/?page_id=5086"},"modified":"2025-11-11T19:09:21","modified_gmt":"2025-11-11T18:09:21","slug":"andrzejki-w-szklarskiej-porebie","status":"publish","type":"page","link":"https:\/\/villawernera.pl\/cz\/andrzejki-w-szklarskiej-porebie\/","title":{"rendered":"Andrzejki w Szklarskiej Por\u0119bie"},"content":{"rendered":"<div data-elementor-type=\"wp-page\" data-elementor-id=\"5086\" class=\"elementor elementor-5086\" data-elementor-post-type=\"page\">\n\t\t\t\t\t\t<header class=\"elementor-section elementor-top-section elementor-element elementor-element-4e9529a elementor-section-height-min-height elementor-section-items-bottom elementor-section-boxed elementor-section-height-default\" data-id=\"4e9529a\" data-element_type=\"section\" data-e-type=\"section\" data-settings=\"{&quot;background_background&quot;:&quot;classic&quot;}\">\n\t\t\t\t\t\t<div class=\"elementor-container elementor-column-gap-default\">\n\t\t\t\t\t<div class=\"elementor-column elementor-col-100 elementor-top-column elementor-element elementor-element-7fa7178\" data-id=\"7fa7178\" data-element_type=\"column\" data-e-type=\"column\">\n\t\t\t<div class=\"elementor-widget-wrap\">\n\t\t\t\t\t\t\t<\/div>\n\t\t<\/div>\n\t\t\t\t\t<\/div>\n\t\t<\/header>\n\t\t\t\t<header class=\"elementor-section elementor-top-section elementor-element elementor-element-771e547 elementor-section-full_width elementor-section-height-default elementor-section-height-default\" data-id=\"771e547\" data-element_type=\"section\" data-e-type=\"section\" data-settings=\"{&quot;background_background&quot;:&quot;classic&quot;}\">\n\t\t\t\t\t\t<div class=\"elementor-container elementor-column-gap-default\">\n\t\t\t\t\t<div class=\"elementor-column elementor-col-100 elementor-top-column elementor-element elementor-element-5f49503\" data-id=\"5f49503\" data-element_type=\"column\" data-e-type=\"column\">\n\t\t\t<div class=\"elementor-widget-wrap elementor-element-populated\">\n\t\t\t\t\t\t<div class=\"elementor-element elementor-element-58cc66e elementor-widget elementor-widget-heading\" data-id=\"58cc66e\" data-element_type=\"widget\" data-e-type=\"widget\" data-widget_type=\"heading.default\">\n\t\t\t\t<div class=\"elementor-widget-container\">\n\t\t\t\t\t<h1 class=\"elementor-heading-title elementor-size-default\">Andrzejki w Szklarskiej Por\u0119bie<\/h1>\t\t\t\t<\/div>\n\t\t\t\t<\/div>\n\t\t\t\t<div class=\"elementor-element elementor-element-f71d138 animated-slow elementor-invisible elementor-widget elementor-widget-html\" data-id=\"f71d138\" data-element_type=\"widget\" data-e-type=\"widget\" data-settings=\"{&quot;_animation&quot;:&quot;fadeIn&quot;}\" data-widget_type=\"html.default\">\n\t\t\t\t<div class=\"elementor-widget-container\">\n\t\t\t\t\t<form action=\"https:\/\/panel.hotres.pl\/v4_step1\" target=\"_blank\" class=\"hotresChooser\" id=\"hotresChooser\" method=\"get\"><input type=\"hidden\" name=\"oid\" id=\"hotresOid\" value=\"1832\" \/><input type=\"hidden\" name=\"lang\" id=\"hotresLang\" value=\"\" \/> <input type=\"hidden\" name=\"arrival\" id=\"hotresArrival\" \/><input type=\"hidden\" name=\"departure\" id=\"hotresDeparture\" \/><div class=\"hotresRangeChooser\" id=\"hotresRangeChooser\">    <div id=\"hotresArrivalWrap\"><\/div>    <div id=\"hotresDepartureWrap\"><\/div><\/div><div class=\"hotresAdultsChooser\" id=\"hotresAdultsChooser\"><select name=\"adults\" id=\"hotresAdultsSelect\"><\/select><\/div><div class=\"hotresSubmit\"><button id=\"hotresButtonChooser\"><\/button><\/div><\/form>\r\n<script>window.addEventListener('load', (event) => { new hotresChooser({'maxAdults':10});});<\/script>\t\t\t\t<\/div>\n\t\t\t\t<\/div>\n\t\t\t\t<div class=\"elementor-element elementor-element-f61c7c7 animated-slow elementor-invisible elementor-widget elementor-widget-html\" data-id=\"f61c7c7\" data-element_type=\"widget\" data-e-type=\"widget\" data-settings=\"{&quot;_animation&quot;:&quot;fadeIn&quot;}\" data-widget_type=\"html.default\">\n\t\t\t\t<div class=\"elementor-widget-container\">\n\t\t\t\t\t<form action=\"https:\/\/panel.hotres.pl\/v4_step1\" target=\"_blank\" class=\"hotresChooser\" id=\"hotresChooser\" method=\"get\"><input type=\"hidden\" name=\"oid\" id=\"hotresOid\" value=\"1832\" \/><input type=\"hidden\" name=\"lang\" id=\"hotresLang\" value=\"\" \/> <input type=\"hidden\" name=\"arrival\" id=\"hotresArrival\" \/><input type=\"hidden\" name=\"departure\" id=\"hotresDeparture\" \/><div class=\"hotresRangeChooser\" id=\"hotresRangeChooser\">    <div id=\"hotresArrivalWrap\"><\/div>    <div id=\"hotresDepartureWrap\"><\/div><\/div><div class=\"hotresAdultsChooser\" id=\"hotresAdultsChooser\"><select name=\"adults\" id=\"hotresAdultsSelect\"><\/select><\/div><div class=\"hotresSubmit\"><button id=\"hotresButtonChooser\"><\/button><\/div><\/form>\r\n\r\n\r\n<script>window.addEventListener('load', (event) => { new hotresChooser({'maxAdults':10,\"lang\":\"en\"});});<\/script>\t\t\t\t<\/div>\n\t\t\t\t<\/div>\n\t\t\t\t<div class=\"elementor-element elementor-element-4123e8e animated-slow elementor-invisible elementor-widget elementor-widget-html\" data-id=\"4123e8e\" data-element_type=\"widget\" data-e-type=\"widget\" data-settings=\"{&quot;_animation&quot;:&quot;fadeIn&quot;}\" data-widget_type=\"html.default\">\n\t\t\t\t<div class=\"elementor-widget-container\">\n\t\t\t\t\t<form action=\"https:\/\/panel.hotres.pl\/v4_step1\" target=\"_blank\" class=\"hotresChooser\" id=\"hotresChooser\" method=\"get\"><input type=\"hidden\" name=\"oid\" id=\"hotresOid\" value=\"1832\" \/><input type=\"hidden\" name=\"lang\" id=\"hotresLang\" value=\"\" \/> <input type=\"hidden\" name=\"arrival\" id=\"hotresArrival\" \/><input type=\"hidden\" name=\"departure\" id=\"hotresDeparture\" \/><div class=\"hotresRangeChooser\" id=\"hotresRangeChooser\">    <div id=\"hotresArrivalWrap\"><\/div>    <div id=\"hotresDepartureWrap\"><\/div><\/div><div class=\"hotresAdultsChooser\" id=\"hotresAdultsChooser\"><select name=\"adults\" id=\"hotresAdultsSelect\"><\/select><\/div><div class=\"hotresSubmit\"><button id=\"hotresButtonChooser\"><\/button><\/div><\/form>\r\n\r\n\r\n<script>window.addEventListener('load', (event) => { new hotresChooser({'maxAdults':10,\"lang\":\"de\"});});<\/script>\t\t\t\t<\/div>\n\t\t\t\t<\/div>\n\t\t\t\t\t<\/div>\n\t\t<\/div>\n\t\t\t\t\t<\/div>\n\t\t<\/header>\n\t\t\t\t<section class=\"elementor-section elementor-top-section elementor-element elementor-element-9306fe4 elementor-section-content-middle elementor-section-boxed elementor-section-height-default elementor-section-height-default\" data-id=\"9306fe4\" data-element_type=\"section\" data-e-type=\"section\">\n\t\t\t\t\t\t<div class=\"elementor-container elementor-column-gap-wider\">\n\t\t\t\t\t<div class=\"elementor-column elementor-col-50 elementor-top-column elementor-element elementor-element-ad8c51a wstazka\" data-id=\"ad8c51a\" data-element_type=\"column\" data-e-type=\"column\" data-settings=\"{&quot;background_background&quot;:&quot;classic&quot;}\">\n\t\t\t<div class=\"elementor-widget-wrap elementor-element-populated\">\n\t\t\t\t\t\t<div class=\"elementor-element elementor-element-a965092 elementor-widget elementor-widget-heading\" data-id=\"a965092\" data-element_type=\"widget\" data-e-type=\"widget\" data-widget_type=\"heading.default\">\n\t\t\t\t<div class=\"elementor-widget-container\">\n\t\t\t\t\t<p class=\"elementor-heading-title elementor-size-default\">28.11 \u2013 30.11.2025 (2 noclegi)<\/p>\t\t\t\t<\/div>\n\t\t\t\t<\/div>\n\t\t\t\t<div class=\"elementor-element elementor-element-aa9b04c elementor-widget elementor-widget-text-editor\" data-id=\"aa9b04c\" data-element_type=\"widget\" data-e-type=\"widget\" data-widget_type=\"text-editor.default\">\n\t\t\t\t<div class=\"elementor-widget-container\">\n\t\t\t\t\t\t\t\t\t<ul>\n<li>Pok\u00f3j 1 os. 899 z\u0142\/os\/ca\u0142y pobyt<\/li>\n<li>Pok\u00f3j 2 os. Standard 1598 z\u0142\/ca\u0142y pobyt<\/li>\n<li>Pok\u00f3j 2 os. Comfort (z balkonem) 1798 z\u0142\/ca\u0142y pobyt<\/li>\n<li>Ka\u017cda dodatkowa osoba w pokoju 3 lub 4 osobowym 699 z\u0142\/ca\u0142y pobyt<\/li>\n<\/ul>\t\t\t\t\t\t\t\t<\/div>\n\t\t\t\t<\/div>\n\t\t\t\t<div class=\"elementor-element elementor-element-e3472e5 elementor-widget elementor-widget-heading\" data-id=\"e3472e5\" data-element_type=\"widget\" data-e-type=\"widget\" data-widget_type=\"heading.default\">\n\t\t\t\t<div class=\"elementor-widget-container\">\n\t\t\t\t\t<p class=\"elementor-heading-title elementor-size-default\">V cen\u011b pobytu je zahrnuto:\n<\/p>\t\t\t\t<\/div>\n\t\t\t\t<\/div>\n\t\t\t\t<div class=\"elementor-element elementor-element-19d328f elementor-widget elementor-widget-text-editor\" data-id=\"19d328f\" data-element_type=\"widget\" data-e-type=\"widget\" data-widget_type=\"text-editor.default\">\n\t\t\t\t<div class=\"elementor-widget-container\">\n\t\t\t\t\t\t\t\t\t<ul><li>2 noci<\/li><li>2 sn\u00eddan\u011b formou bufetu<\/li><li>28.11.2025: obiadokolacja w formie bufetu (2 zupy, 2 dania mi\u0119sne, 1 danie wegetaria\u0144skie, dodatki typu ziemniaki\/frytki\/kasza\/ry\u017c, sur\u00f3wki, kompot)<\/li><li>29.11.2025: bufet z zupami<\/li><li>29.11.2025: 19:00 \u2013 2:00 <strong>ZABAWA ANDRZEJKOWA z DJ-em<\/strong>, bufet z gor\u0105cymi daniami, obfity bufet z zimnymi zak\u0105skami, ciasta, owoce, kawa, herbata,<br \/>napoje, soki oraz do wyboru butelka alkoholu na par\u0119 (w\u00f3dka 0,5 l; wino 0,7 l; szampan)<\/li><\/ul>\t\t\t\t\t\t\t\t<\/div>\n\t\t\t\t<\/div>\n\t\t\t\t\t<\/div>\n\t\t<\/div>\n\t\t\t\t<div class=\"elementor-column elementor-col-50 elementor-top-column elementor-element elementor-element-e9a308e wstazka\" data-id=\"e9a308e\" data-element_type=\"column\" data-e-type=\"column\" data-settings=\"{&quot;background_background&quot;:&quot;classic&quot;}\">\n\t\t\t<div class=\"elementor-widget-wrap elementor-element-populated\">\n\t\t\t\t\t\t<div class=\"elementor-element elementor-element-6ca6a73 elementor-widget elementor-widget-heading\" data-id=\"6ca6a73\" data-element_type=\"widget\" data-e-type=\"widget\" data-widget_type=\"heading.default\">\n\t\t\t\t<div class=\"elementor-widget-container\">\n\t\t\t\t\t<h3 class=\"elementor-heading-title elementor-size-default\">Ponadto w cenie:<\/h3>\t\t\t\t<\/div>\n\t\t\t\t<\/div>\n\t\t\t\t<div class=\"elementor-element elementor-element-6758a7c elementor-widget elementor-widget-text-editor\" data-id=\"6758a7c\" data-element_type=\"widget\" data-e-type=\"widget\" data-widget_type=\"text-editor.default\">\n\t\t\t\t<div class=\"elementor-widget-container\">\n\t\t\t\t\t\t\t\t\t<ul><li>parkovi\u0161t\u011b<\/li><li>mini si\u0142ownia<\/li><li>basen z podgrzewan\u0105 ozonowan\u0105 wod\u0105 i hydromasa\u017cami (w godzinach 8.00 &#8211; 22.00)<\/li><li>jacuzzi (w godzinach 8.00 &#8211; 22.00)<\/li><li>sauna sucha i parowa (w godz. 15.00 &#8211; 22.00)<\/li><li>pomieszczenie rekreacyjne ze sto\u0142em do ping-ponga i pi\u0142karzykami<\/li><\/ul>\t\t\t\t\t\t\t\t<\/div>\n\t\t\t\t<\/div>\n\t\t\t\t<div class=\"elementor-element elementor-element-535322b elementor-widget elementor-widget-text-editor\" data-id=\"535322b\" data-element_type=\"widget\" data-e-type=\"widget\" data-widget_type=\"text-editor.default\">\n\t\t\t\t<div class=\"elementor-widget-container\">\n\t\t\t\t\t\t\t\t\t<p><strong>Dal\u0161\u00ed poplatky:<\/strong><\/p>\n<ul>\n<li>Op\u0142ata miejscowa: 3,30 z\u0142\/osoba\/doba<\/li>\n<li>Szlafroki: 25 z\u0142\/osoba\/pobyt<\/li>\n<li>Pobyt zwierz\u0105t od 35 do 80 z\u0142\/doba w zale\u017cno\u015bci od wielko\u015bci<\/li>\n<\/ul>\t\t\t\t\t\t\t\t<\/div>\n\t\t\t\t<\/div>\n\t\t\t\t<div class=\"elementor-element elementor-element-c18b64e elementor-widget elementor-widget-text-editor\" data-id=\"c18b64e\" data-element_type=\"widget\" data-e-type=\"widget\" data-widget_type=\"text-editor.default\">\n\t\t\t\t<div class=\"elementor-widget-container\">\n\t\t\t\t\t\t\t\t\t<p>Pro rezervaci nab\u00eddky kontaktujte pros\u00edm p\u0159\u00edmo recepci na tel. <a style=\"text-decoration: underline;\" href=\"tel:0048757677239\">75 76 77 239<\/a> nebo e-mailem: <a style=\"text-decoration: underline;\" href=\"\/cz\/kontakt@villawernera.pl\/\">kontakt@villawernera.pl<\/a><\/p>\t\t\t\t\t\t\t\t<\/div>\n\t\t\t\t<\/div>\n\t\t\t\t\t<\/div>\n\t\t<\/div>\n\t\t\t\t\t<\/div>\n\t\t<\/section>\n\t\t\t\t<\/div>","protected":false},"excerpt":{"rendered":"<p>Andrzejki w Szklarskiej Por\u0119bie 28.11 \u2013 30.11.2025 (2 noclegi) Pok\u00f3j 1 os. 899 z\u0142\/os\/ca\u0142y pobyt Pok\u00f3j 2 os. Standard 1598 z\u0142\/ca\u0142y pobyt Pok\u00f3j 2 os. Comfort (z balkonem) 1798 z\u0142\/ca\u0142y pobyt Ka\u017cda dodatkowa osoba w pokoju 3 lub 4 osobowym 699 z\u0142\/ca\u0142y pobyt W cenie pobytu: 2 noclegi 2 \u015bniadania w formie bufetu 28.11.2025: obiadokolacja [&hellip;]<\/p>\n","protected":false},"author":1,"featured_media":6766,"parent":0,"menu_order":0,"comment_status":"closed","ping_status":"closed","template":"","meta":{"footnotes":""},"class_list":["post-5086","page","type-page","status-publish","has-post-thumbnail","hentry"],"_links":{"self":[{"href":"https:\/\/villawernera.pl\/cz\/wp-json\/wp\/v2\/pages\/5086","targetHints":{"allow":["GET"]}}],"collection":[{"href":"https:\/\/villawernera.pl\/cz\/wp-json\/wp\/v2\/pages"}],"about":[{"href":"https:\/\/villawernera.pl\/cz\/wp-json\/wp\/v2\/types\/page"}],"author":[{"embeddable":true,"href":"https:\/\/villawernera.pl\/cz\/wp-json\/wp\/v2\/users\/1"}],"replies":[{"embeddable":true,"href":"https:\/\/villawernera.pl\/cz\/wp-json\/wp\/v2\/comments?post=5086"}],"version-history":[{"count":45,"href":"https:\/\/villawernera.pl\/cz\/wp-json\/wp\/v2\/pages\/5086\/revisions"}],"predecessor-version":[{"id":6803,"href":"https:\/\/villawernera.pl\/cz\/wp-json\/wp\/v2\/pages\/5086\/revisions\/6803"}],"wp:featuredmedia":[{"embeddable":true,"href":"https:\/\/villawernera.pl\/cz\/wp-json\/wp\/v2\/media\/6766"}],"wp:attachment":[{"href":"https:\/\/villawernera.pl\/cz\/wp-json\/wp\/v2\/media?parent=5086"}],"curies":[{"name":"wp","href":"https:\/\/api.w.org\/{rel}","templated":true}]}}