{"id":418,"date":"2016-10-09T23:27:14","date_gmt":"2016-10-09T21:27:14","guid":{"rendered":"http:\/\/www.villawernera.pl\/?page_id=418"},"modified":"2023-09-14T06:42:03","modified_gmt":"2023-09-14T04:42:03","slug":"informace","status":"publish","type":"page","link":"https:\/\/villawernera.pl\/cz\/informace\/","title":{"rendered":"Informace"},"content":{"rendered":"<div data-elementor-type=\"wp-post\" data-elementor-id=\"418\" class=\"elementor elementor-418\" data-elementor-post-type=\"page\">\n\t\t\t\t\t\t<header class=\"elementor-section elementor-top-section elementor-element elementor-element-a19df2f elementor-section-full_width elementor-section-height-default elementor-section-height-default\" data-id=\"a19df2f\" data-element_type=\"section\" data-e-type=\"section\" data-settings=\"{&quot;background_background&quot;:&quot;classic&quot;}\">\n\t\t\t\t\t\t<div class=\"elementor-container elementor-column-gap-default\">\n\t\t\t\t\t<div class=\"elementor-column elementor-col-100 elementor-top-column elementor-element elementor-element-7bf6bf4\" data-id=\"7bf6bf4\" data-element_type=\"column\" data-e-type=\"column\">\n\t\t\t<div class=\"elementor-widget-wrap elementor-element-populated\">\n\t\t\t\t\t\t<div class=\"elementor-element elementor-element-3b0805c elementor-widget elementor-widget-heading\" data-id=\"3b0805c\" data-element_type=\"widget\" data-e-type=\"widget\" data-widget_type=\"heading.default\">\n\t\t\t\t<div class=\"elementor-widget-container\">\n\t\t\t\t\t<h1 class=\"elementor-heading-title elementor-size-default\">Informace<\/h1>\t\t\t\t<\/div>\n\t\t\t\t<\/div>\n\t\t\t\t\t<\/div>\n\t\t<\/div>\n\t\t\t\t\t<\/div>\n\t\t<\/header>\n\t\t\t\t<section class=\"elementor-section elementor-top-section elementor-element elementor-element-2c3c05d5 elementor-section-boxed elementor-section-height-default elementor-section-height-default\" data-id=\"2c3c05d5\" data-element_type=\"section\" data-e-type=\"section\">\n\t\t\t\t\t\t<div class=\"elementor-container elementor-column-gap-default\">\n\t\t\t\t\t<div class=\"elementor-column elementor-col-100 elementor-top-column elementor-element elementor-element-788ded45\" data-id=\"788ded45\" data-element_type=\"column\" data-e-type=\"column\">\n\t\t\t<div class=\"elementor-widget-wrap elementor-element-populated\">\n\t\t\t\t\t\t<div class=\"elementor-element elementor-element-16ea27c4 elementor-widget elementor-widget-text-editor\" data-id=\"16ea27c4\" data-element_type=\"widget\" data-e-type=\"widget\" data-widget_type=\"text-editor.default\">\n\t\t\t\t<div class=\"elementor-widget-container\">\n\t\t\t\t\t\t\t\t\t<p style=\"text-align: justify;\">Spole\u010dnost z\u00edskala finan\u010dn\u00ed prost\u0159edky v r\u00e1mci projektu s n\u00e1zvem \u201eP\u0159\u00edstavba s p\u0159estavbou hotelov\u00e9ho objektu \u201eVilla Wernera\u201d ve Szklarsk\u00e9 Poreb\u011b, kter\u00fd realizuje spole\u010dnost \u201eHotel Wernera\u201d Sp. z o.o.\u201d. \"<\/p>\n<p style=\"text-align: justify;\">Projekty spolufinancovan\u00e9 Evropskou uni\u00ed z Evropsk\u00e9ho fondu pro region\u00e1ln\u00ed rozvoj a st\u00e1tn\u00edm rozpo\u010dtem v r\u00e1mci Region\u00e1ln\u00edho opera\u010dn\u00edho programu pro Dolnoslezsk\u00e9 vojvodstv\u00ed na obdob\u00ed 2007-2013<\/p>\n<p style=\"text-align: justify;\"><img fetchpriority=\"high\" decoding=\"async\" class=\"aligncenter wp-image-419 size-large\" src=\"https:\/\/villawernera.pl\/wp-content\/uploads\/2016\/10\/listwa_ikon-1024x209.jpeg\" alt=\"region\u00e1ln\u00ed program\" width=\"640\" height=\"131\" srcset=\"https:\/\/villawernera.pl\/wp-content\/uploads\/2016\/10\/listwa_ikon.jpeg 1024w, https:\/\/villawernera.pl\/wp-content\/uploads\/2016\/10\/listwa_ikon-300x61.jpeg 300w, https:\/\/villawernera.pl\/wp-content\/uploads\/2016\/10\/listwa_ikon-768x157.jpeg 768w\" sizes=\"(max-width: 640px) 100vw, 640px\" \/><\/p>\n<p style=\"text-align: justify;\">OZN\u00c1MEN\u00cd O V\u00ddB\u011aRU NAB\u00cdDKY - Szklarska Poreba 18.03.2015 \u201eP\u0159\u00edstavba s p\u0159estavbou hotelov\u00e9 budovy \u201eVilla Wernera\u201d ve Szklarsk\u00e9 Poreb\u011b, realizovan\u00e1 spole\u010dnost\u00ed \u201eHotel Wernera\u201d Sp. z o.o. \u201d Spolufinancov\u00e1no z Evropsk\u00e9ho fondu pro region\u00e1ln\u00ed rozvoj v r\u00e1mci:Priority 1: \u201eZv\u00fd\u0161en\u00ed konkurenceschopnosti dolnoslezsk\u00fdch podnik\u016f \u201dOpat\u0159en\u00ed 1.1 \u201eInvestice pro podniky \u201dSch\u00e9ma 1.1.D1: \u201dInvesti\u010dn\u00ed dotace pro mal\u00e9 a st\u0159edn\u00ed podniky zvy\u0161uj\u00edc\u00ed turistickou atraktivitu regionu \u201dPodprogram 1.1.D1.a: \u201eInvesti\u010dn\u00ed projekty na zv\u00fd\u0161en\u00ed turistick\u00e9 atraktivity regionu (krom\u011b projekt\u016f na vytvo\u0159en\u00ed ubytovac\u00edch center EURO 2012) \u201dRegion\u00e1ln\u00ed opera\u010dn\u00ed program pro Dolnoslezsk\u00e9 vojvodstv\u00ed na obdob\u00ed 2007-2013<\/p>\n<p style=\"text-align: left;\"><a href=\"https:\/\/villawernera.pl\/wp-content\/uploads\/pliki\/20150318-zaw-wyb-ofer.pdf\" target=\"_blank\" rel=\"noopener noreferrer\">OZN\u00c1MEN\u00cd O V\u00ddB\u011aRU DODAVATELE<\/a><\/p>\n<p style=\"text-align: justify;\">\u00a0\u00a0UPOZORN\u011aN\u00cd O SMLOUV\u011a - Szklarska Poreba 10.03.2015 \u201eP\u0159\u00edstavba s rekonstrukc\u00ed budovy hotelu \u201eVilla Wernera\u201d ve Szklarsk\u00e9 Poreb\u011b, kterou realizuje spole\u010dnost \u201eHotel Wernera\u201d Sp. z o.o. \u201d Spolufinancov\u00e1no z Evropsk\u00e9ho fondu pro region\u00e1ln\u00ed rozvoj v r\u00e1mci:Priority 1: \u201eZv\u00fd\u0161en\u00ed konkurenceschopnosti dolnoslezsk\u00fdch podnik\u016f \u201dOpat\u0159en\u00ed 1.1 \u201eInvestice pro podniky \u201dSch\u00e9ma 1.1.D1: \u201dInvesti\u010dn\u00ed dotace pro mal\u00e9 a st\u0159edn\u00ed podniky zvy\u0161uj\u00edc\u00ed turistickou atraktivitu regionu \u201dPodprogram 1.1.D1.a: \u201eV souvislosti s \u010detn\u00fdmi telefonick\u00fdmi dotazy si V\u00e1s dovolujeme upozornit, \u017ee v Ozn\u00e1men\u00ed o zak\u00e1zce ze dne 06.03.2015 byl chybn\u011b uveden p\u0159edm\u011bt zak\u00e1zky v cenov\u00e9 \u010d\u00e1sti nab\u00eddky ve form\u011b tabulky.V n\u00e1vaznosti na v\u00fd\u0161e uveden\u00e9 V\u00e1m v p\u0159\u00edloze zas\u00edl\u00e1me opravenou p\u0159\u00edlohu.<\/p>\n<p style=\"text-align: left;\"><a href=\"https:\/\/villawernera.pl\/wp-content\/uploads\/pliki\/20150310-ogloszenie-o-zam.pdf\" target=\"_blank\" rel=\"noopener noreferrer\">INFORMACE O SMLOUV\u011a<\/a><\/p>\n<p style=\"text-align: justify;\">Ozn\u00e1men\u00ed o zak\u00e1zce - Szklarska Poreba 06.03.2015 \u201eP\u0159\u00edstavba s rekonstrukc\u00ed hotelov\u00e9 budovy \u201eVilla Wernera\u201d ve Szklarsk\u00e9 Poreb\u011b, kterou realizuje spole\u010dnost \u201eHotel Wernera\u201d Sp. z o.o. \u201d Spolufinancov\u00e1no z Evropsk\u00e9ho fondu pro region\u00e1ln\u00ed rozvoj v r\u00e1mci:Priority 1: \u201eZv\u00fd\u0161en\u00ed konkurenceschopnosti dolnoslezsk\u00fdch podnik\u016f \u201dOpat\u0159en\u00ed 1.1 \u201eInvestice pro podniky \u201dSch\u00e9ma 1.1.D1: \u201dInvesti\u010dn\u00ed dotace pro mal\u00e9 a st\u0159edn\u00ed podniky zvy\u0161uj\u00edc\u00ed turistickou atraktivitu regionu \u201dPodprogramu 1.1.D1.a: \u201eInvesti\u010dn\u00ed projekty na zv\u00fd\u0161en\u00ed turistick\u00e9 atraktivity regionu (krom\u011b projekt\u016f na vytvo\u0159en\u00ed ubytovac\u00edch center EURO 2012) \u201dRegion\u00e1ln\u00ed opera\u010dn\u00ed program pro Dolnoslezsk\u00e9 vojvodstv\u00ed na obdob\u00ed 2007-2013<\/p>\n<p style=\"text-align: left;\"><a href=\"https:\/\/villawernera.pl\/wp-content\/uploads\/pliki\/20150306-ogloszenie-o-zam.pdf\" target=\"_blank\" rel=\"noopener noreferrer\">OZN\u00c1MEN\u00cd O ZAK\u00c1ZCE<\/a><\/p>\n<p style=\"text-align: justify;\">OZN\u00c1MEN\u00cd O V\u00ddB\u011aRU NAB\u00cdDKY - Szklarska Poreba 14.02.2014 \u201eP\u0159\u00edstavba s p\u0159estavbou hotelov\u00e9 budovy \u201eVilla Wernera\u201d ve Szklarsk\u00e9 Poreb\u011b, realizovan\u00e1 spole\u010dnost\u00ed \u201eHotel Wernera\u201d Sp. z o.o. \u201d Spolufinancov\u00e1no z Evropsk\u00e9ho fondu pro region\u00e1ln\u00ed rozvoj v r\u00e1mci:Priority 1: \u201eZv\u00fd\u0161en\u00ed konkurenceschopnosti dolnoslezsk\u00fdch podnik\u016f \u201dOpat\u0159en\u00ed 1.1 \u201eInvestice pro podniky \u201dSch\u00e9ma 1.1.D1: \u201dInvesti\u010dn\u00ed dotace pro mal\u00e9 a st\u0159edn\u00ed podniky zvy\u0161uj\u00edc\u00ed turistickou atraktivitu regionu \u201dPodprogram 1.1.D1.a: \u201eInvesti\u010dn\u00ed projekty na zv\u00fd\u0161en\u00ed turistick\u00e9 atraktivity regionu (krom\u011b projekt\u016f na vytvo\u0159en\u00ed ubytovac\u00edch center EURO 2012) \u201dRegion\u00e1ln\u00ed opera\u010dn\u00ed program pro Dolnoslezsk\u00e9 vojvodstv\u00ed na obdob\u00ed 2007-2013<\/p>\n<p style=\"text-align: left;\"><a href=\"https:\/\/villawernera.pl\/wp-content\/uploads\/pliki\/20140214-zaw-wyb-ofer.pdf\" target=\"_blank\" rel=\"noopener noreferrer\">OZN\u00c1MEN\u00cd O V\u00ddB\u011aRU DODAVATELE<\/a><\/p>\n<p style=\"text-align: justify;\">UPOZORN\u011aN\u00cd O SMLOUV\u011a - Szklarska Poreba 10.01.2014 \u201eP\u0159\u00edstavba s rekonstrukc\u00ed budovy hotelu \u201eVilla Wernera\u201d ve Szklarsk\u00e9 Poreb\u011b, kterou realizuje spole\u010dnost \u201eHotel Wernera\u201d Sp. z o.o. \u201d Spolufinancov\u00e1no z Evropsk\u00e9ho fondu pro region\u00e1ln\u00ed rozvoj v r\u00e1mci:Priority 1: \u201eZv\u00fd\u0161en\u00ed konkurenceschopnosti dolnoslezsk\u00fdch podnik\u016f \u201dOpat\u0159en\u00ed 1.1 \u201eInvestice pro podniky \u201dSch\u00e9ma 1.1.D1: \u201dInvesti\u010dn\u00ed dotace pro mal\u00e9 a st\u0159edn\u00ed podniky zvy\u0161uj\u00edc\u00ed turistickou atraktivitu regionu \u201dPodprogram 1.1.D1.a: \u201eInvesti\u010dn\u00ed projekty na zv\u00fd\u0161en\u00ed turistick\u00e9 atraktivity regionu (krom\u011b projekt\u016f na vytvo\u0159en\u00ed ubytovac\u00edch center EURO 2012) \u201dRegion\u00e1ln\u00ed opera\u010dn\u00ed program pro Dolnoslezsk\u00e9 vojvodstv\u00ed na obdob\u00ed 2007-2013<\/p>\n<p style=\"text-align: left;\"><a href=\"https:\/\/villawernera.pl\/wp-content\/uploads\/pliki\/20140110-ogloszenie-o-zam.pdf\" target=\"_blank\" rel=\"noopener noreferrer\">OZN\u00c1MEN\u00cd O ZAK\u00c1ZCE<\/a><\/p>\n<p style=\"text-align: left;\"><a href=\"https:\/\/villawernera.pl\/wp-content\/uploads\/pliki\/20140110-instrukcja-dla-wyk.pdf\" target=\"_blank\" rel=\"noopener noreferrer\">POKYNY PRO DODAVATELE<\/a><\/p>\n<p style=\"text-align: left;\">P\u0159\u00edloha 1 <a href=\"https:\/\/villawernera.pl\/wp-content\/uploads\/pliki\/20140110-zalacznik-nr-1.pdf\" target=\"_blank\" rel=\"noopener noreferrer\">Vzor formul\u00e1\u0159e nab\u00eddky<\/a><\/p>\n<p style=\"text-align: left;\">P\u0159\u00edloha 2 <a href=\"https:\/\/villawernera.pl\/wp-content\/uploads\/pliki\/20140110-zalacznik-nr-2.pdf\" target=\"_blank\" rel=\"noopener noreferrer\">Vzor prohl\u00e1\u0161en\u00ed hospod\u00e1\u0159sk\u00e9ho subjektu o spln\u011bn\u00ed podm\u00ednek \u00fa\u010dasti v \u0159\u00edzen\u00ed<\/a><\/p>\n<p style=\"text-align: left;\">P\u0159\u00edloha 3 <a href=\"https:\/\/villawernera.pl\/wp-content\/uploads\/pliki\/20140110-zalacznik-nr-3.pdf\" target=\"_blank\" rel=\"noopener noreferrer\">Vzorov\u00fd seznam proveden\u00fdch prac\u00ed<\/a><\/p>\n<p style=\"text-align: left;\">P\u0159\u00edloha 4 <a href=\"https:\/\/villawernera.pl\/wp-content\/uploads\/pliki\/20140110-zalacznik-nr-4.pdf\" target=\"_blank\" rel=\"noopener noreferrer\">Seznam cen za cel\u00fd \u00fakol<\/a><\/p>\n<p style=\"text-align: left;\">P\u0159\u00edloha 5 <a href=\"https:\/\/villawernera.pl\/wp-content\/uploads\/pliki\/20140110-zalacznik-nr-5.pdf\" target=\"_blank\" rel=\"noopener noreferrer\">Seznam osob, kter\u00e9 budou zak\u00e1zku realizovat<\/a>\u00a0\/ <a href=\"https:\/\/villawernera.pl\/wp-content\/uploads\/pliki\/20140110-zalacznik-nr-5a.pdf\" target=\"_blank\" rel=\"noopener noreferrer\">Vzor - smlouva o v\u00fdstavb\u011b<\/a><\/p>\n<p style=\"text-align: left;\">P\u0159\u00edloha 6 <a href=\"https:\/\/villawernera.pl\/wp-content\/uploads\/pliki\/20140110-zalacznik-nr-6.pdf\" target=\"_blank\" rel=\"noopener noreferrer\">Zjednodu\u0161en\u00fd odhad n\u00e1klad\u016f<\/a> \/ <a href=\"https:\/\/villawernera.pl\/wp-content\/uploads\/pliki\/20140111-zalacznik-nr-6-uzup.pdf\" target=\"_blank\" rel=\"noopener noreferrer\">Dopl\u0148kov\u00fd<\/a><\/p>\t\t\t\t\t\t\t\t<\/div>\n\t\t\t\t<\/div>\n\t\t\t\t\t<\/div>\n\t\t<\/div>\n\t\t\t\t\t<\/div>\n\t\t<\/section>\n\t\t\t\t<\/div>","protected":false},"excerpt":{"rendered":"<p>Firma uzyska\u0142a dofinansowanie w ramach realizacji projektu pn. \u201eRozbudowa z przebudow\u0105 budynku hotelowego \u201eVilla Wernera\u201d w Szklarskiej Por\u0119bie, realizowana przez firm\u0119 &#8222;Hotel Wernera&#8221; Sp. z o.o. \u201d Projekty wsp\u00f3\u0142finansowane przez Uni\u0119 Europejsk\u0105 ze \u015brodk\u00f3w Europejskiego Funduszu Rozwoju Regionalnego oraz z bud\u017cetu pa\u0144stwa w ramach Regionalnego Programu Operacyjnego dla Wojew\u00f3dztwa Dolno\u015bl\u0105skiego na lata 2007-2013 OG\u0141OSZENIE O [&hellip;]<\/p>\n","protected":false},"author":1,"featured_media":0,"parent":0,"menu_order":0,"comment_status":"closed","ping_status":"closed","template":"","meta":{"footnotes":""},"class_list":["post-418","page","type-page","status-publish","hentry"],"_links":{"self":[{"href":"https:\/\/villawernera.pl\/cz\/wp-json\/wp\/v2\/pages\/418","targetHints":{"allow":["GET"]}}],"collection":[{"href":"https:\/\/villawernera.pl\/cz\/wp-json\/wp\/v2\/pages"}],"about":[{"href":"https:\/\/villawernera.pl\/cz\/wp-json\/wp\/v2\/types\/page"}],"author":[{"embeddable":true,"href":"https:\/\/villawernera.pl\/cz\/wp-json\/wp\/v2\/users\/1"}],"replies":[{"embeddable":true,"href":"https:\/\/villawernera.pl\/cz\/wp-json\/wp\/v2\/comments?post=418"}],"version-history":[{"count":18,"href":"https:\/\/villawernera.pl\/cz\/wp-json\/wp\/v2\/pages\/418\/revisions"}],"predecessor-version":[{"id":4591,"href":"https:\/\/villawernera.pl\/cz\/wp-json\/wp\/v2\/pages\/418\/revisions\/4591"}],"wp:attachment":[{"href":"https:\/\/villawernera.pl\/cz\/wp-json\/wp\/v2\/media?parent=418"}],"curies":[{"name":"wp","href":"https:\/\/api.w.org\/{rel}","templated":true}]}}