{"id":3005,"date":"2019-10-23T09:08:23","date_gmt":"2019-10-23T07:08:23","guid":{"rendered":"https:\/\/www.villawernera.pl\/?page_id=3005"},"modified":"2026-02-10T07:46:52","modified_gmt":"2026-02-10T06:46:52","slug":"dovolena-v-horach","status":"publish","type":"page","link":"https:\/\/villawernera.pl\/cz\/dovolena-v-horach\/","title":{"rendered":"Ferie w g\u00f3rach"},"content":{"rendered":"<div data-elementor-type=\"wp-page\" data-elementor-id=\"3005\" class=\"elementor elementor-3005\" data-elementor-post-type=\"page\">\n\t\t\t\t\t\t<header class=\"elementor-section elementor-top-section elementor-element elementor-element-4392ed0 elementor-section-height-min-height elementor-section-items-bottom elementor-section-boxed elementor-section-height-default\" data-id=\"4392ed0\" data-element_type=\"section\" data-e-type=\"section\" data-settings=\"{&quot;background_background&quot;:&quot;classic&quot;}\">\n\t\t\t\t\t\t<div class=\"elementor-container elementor-column-gap-default\">\n\t\t\t\t\t<div class=\"elementor-column elementor-col-100 elementor-top-column elementor-element elementor-element-2ad268b\" data-id=\"2ad268b\" data-element_type=\"column\" data-e-type=\"column\">\n\t\t\t<div class=\"elementor-widget-wrap\">\n\t\t\t\t\t\t\t<\/div>\n\t\t<\/div>\n\t\t\t\t\t<\/div>\n\t\t<\/header>\n\t\t\t\t<header class=\"elementor-section elementor-top-section elementor-element elementor-element-a60f53b elementor-section-full_width elementor-section-height-default elementor-section-height-default\" data-id=\"a60f53b\" data-element_type=\"section\" data-e-type=\"section\" data-settings=\"{&quot;background_background&quot;:&quot;classic&quot;}\">\n\t\t\t\t\t\t<div class=\"elementor-container elementor-column-gap-default\">\n\t\t\t\t\t<div class=\"elementor-column elementor-col-100 elementor-top-column elementor-element elementor-element-e1fa202\" data-id=\"e1fa202\" data-element_type=\"column\" data-e-type=\"column\">\n\t\t\t<div class=\"elementor-widget-wrap elementor-element-populated\">\n\t\t\t\t\t\t<div class=\"elementor-element elementor-element-99aecfb elementor-widget elementor-widget-heading\" data-id=\"99aecfb\" data-element_type=\"widget\" data-e-type=\"widget\" data-widget_type=\"heading.default\">\n\t\t\t\t<div class=\"elementor-widget-container\">\n\t\t\t\t\t<h1 class=\"elementor-heading-title elementor-size-default\">Zimn\u00ed dovolen\u00e1 ve szklarsk\u00e9 por\u0119b\u011b<\/h1>\t\t\t\t<\/div>\n\t\t\t\t<\/div>\n\t\t\t\t<div class=\"elementor-element elementor-element-86dd5f1 animated-slow elementor-invisible elementor-widget elementor-widget-html\" data-id=\"86dd5f1\" data-element_type=\"widget\" data-e-type=\"widget\" data-settings=\"{&quot;_animation&quot;:&quot;fadeIn&quot;}\" data-widget_type=\"html.default\">\n\t\t\t\t<div class=\"elementor-widget-container\">\n\t\t\t\t\t<style>.elementor-element-86dd5f1{display:none !important}<\/style>\t\t\t\t<\/div>\n\t\t\t\t<\/div>\n\t\t\t\t<div class=\"elementor-element elementor-element-215ea2c animated-slow elementor-invisible elementor-widget elementor-widget-html\" data-id=\"215ea2c\" data-element_type=\"widget\" data-e-type=\"widget\" data-settings=\"{&quot;_animation&quot;:&quot;fadeIn&quot;}\" data-widget_type=\"html.default\">\n\t\t\t\t<div class=\"elementor-widget-container\">\n\t\t\t\t\t<style>.elementor-element-215ea2c{display:none !important}<\/style>\t\t\t\t<\/div>\n\t\t\t\t<\/div>\n\t\t\t\t<div class=\"elementor-element elementor-element-88caf02 animated-slow elementor-invisible elementor-widget elementor-widget-html\" data-id=\"88caf02\" data-element_type=\"widget\" data-e-type=\"widget\" data-settings=\"{&quot;_animation&quot;:&quot;fadeIn&quot;}\" data-widget_type=\"html.default\">\n\t\t\t\t<div class=\"elementor-widget-container\">\n\t\t\t\t\t<style>.elementor-element-88caf02{display:none !important}<\/style>\t\t\t\t<\/div>\n\t\t\t\t<\/div>\n\t\t\t\t<div class=\"elementor-element elementor-element-68abd00 elementor-hidden-mobile animated-slow elementor-invisible elementor-widget elementor-widget-html\" data-id=\"68abd00\" data-element_type=\"widget\" data-e-type=\"widget\" data-settings=\"{&quot;_animation&quot;:&quot;fadeIn&quot;}\" data-widget_type=\"html.default\">\n\t\t\t\t<div class=\"elementor-widget-container\">\n\t\t\t\t\t<form action=\"https:\/\/panel.hotres.pl\/v4_step1\" target=\"_blank\" class=\"hotresChooser\" id=\"hotresChooser\" method=\"get\"><input type=\"hidden\" name=\"oid\" id=\"hotresOid\" value=\"1832\" \/><input type=\"hidden\" name=\"lang\" id=\"hotresLang\" value=\"\" \/> <input type=\"hidden\" name=\"arrival\" id=\"hotresArrival\" \/><input type=\"hidden\" name=\"departure\" id=\"hotresDeparture\" \/><div class=\"hotresRangeChooser\" id=\"hotresRangeChooser\">    <div id=\"hotresArrivalWrap\"><\/div>    <div id=\"hotresDepartureWrap\"><\/div><\/div><div class=\"hotresAdultsChooser\" id=\"hotresAdultsChooser\"><select name=\"adults\" id=\"hotresAdultsSelect\"><\/select><\/div><div class=\"hotresSubmit\"><button id=\"hotresButtonChooser\"><\/button><\/div><\/form>\r\n\r\n\r\n<script>window.addEventListener('load', (event) => { new hotresChooser({'maxAdults':10,\"lang\":\"cz\"});});<\/script>\t\t\t\t<\/div>\n\t\t\t\t<\/div>\n\t\t\t\t\t<\/div>\n\t\t<\/div>\n\t\t\t\t\t<\/div>\n\t\t<\/header>\n\t\t\t\t<section class=\"elementor-section elementor-top-section elementor-element elementor-element-8f04d6a elementor-section-content-middle elementor-section-boxed elementor-section-height-default elementor-section-height-default\" data-id=\"8f04d6a\" data-element_type=\"section\" data-e-type=\"section\">\n\t\t\t\t\t\t<div class=\"elementor-container elementor-column-gap-wider\">\n\t\t\t\t\t<div class=\"elementor-column elementor-col-50 elementor-top-column elementor-element elementor-element-ab57d0c wstazka\" data-id=\"ab57d0c\" data-element_type=\"column\" data-e-type=\"column\" data-settings=\"{&quot;background_background&quot;:&quot;classic&quot;}\">\n\t\t\t<div class=\"elementor-widget-wrap elementor-element-populated\">\n\t\t\t\t\t\t<div class=\"elementor-element elementor-element-c30f23c elementor-widget elementor-widget-heading\" data-id=\"c30f23c\" data-element_type=\"widget\" data-e-type=\"widget\" data-widget_type=\"heading.default\">\n\t\t\t\t<div class=\"elementor-widget-container\">\n\t\t\t\t\t<p class=\"elementor-heading-title elementor-size-default\">V na\u0161\u00ed zimn\u00ed nab\u00eddce doporu\u010dujeme v\u00fdb\u011br z bal\u00ed\u010dk\u016f na 3, 4, 5 a nevratn\u00fdch dn\u00ed pobytu se sn\u00eddan\u00ed (BB) nebo sn\u00eddan\u00ed a ve\u010de\u0159\u00ed (HP).\n<\/p>\t\t\t\t<\/div>\n\t\t\t\t<\/div>\n\t\t\t\t<div class=\"elementor-element elementor-element-55b5cc3 elementor-widget elementor-widget-text-editor\" data-id=\"55b5cc3\" data-element_type=\"widget\" data-e-type=\"widget\" data-widget_type=\"text-editor.default\">\n\t\t\t\t<div class=\"elementor-widget-container\">\n\t\t\t\t\t\t\t\t\t<p>Bal\u00ed\u010dek si m\u016f\u017eete vybrat a rezervovat p\u0159\u00edmo na webov\u00fdch str\u00e1nk\u00e1ch, kde si zvol\u00edte datum p\u0159\u00edjezdu a po\u010det noc\u00ed.<\/p>\t\t\t\t\t\t\t\t<\/div>\n\t\t\t\t<\/div>\n\t\t\t\t<div class=\"elementor-element elementor-element-1990810 elementor-widget elementor-widget-heading\" data-id=\"1990810\" data-element_type=\"widget\" data-e-type=\"widget\" data-widget_type=\"heading.default\">\n\t\t\t\t<div class=\"elementor-widget-container\">\n\t\t\t\t\t<h3 class=\"elementor-heading-title elementor-size-default\">V cen\u011b pobytu je zahrnuto:<\/h3>\t\t\t\t<\/div>\n\t\t\t\t<\/div>\n\t\t\t\t<div class=\"elementor-element elementor-element-805a7bd elementor-widget elementor-widget-text-editor\" data-id=\"805a7bd\" data-element_type=\"widget\" data-e-type=\"widget\" data-widget_type=\"text-editor.default\">\n\t\t\t\t<div class=\"elementor-widget-container\">\n\t\t\t\t\t\t\t\t\t<ul><li>ubytov\u00e1n\u00ed<\/li><li>sn\u00eddan\u011b formou bufetu<\/li><li>neomezen\u00fd vstup do baz\u00e9nu s ozonizovanou vodou a do v\u00ed\u0159ivky.<\/li><li>neomezen\u00fd p\u0159\u00edstup do such\u00e9 a parn\u00ed sauny<\/li><li>pou\u017eit\u00ed \u00faschovny ly\u017ea\u0159sk\u00e9ho vybaven\u00ed v\u010detn\u011b su\u0161i\u010dky bot<\/li><li>posilovna<\/li><li>pingpongov\u00fd st\u016fl, stoln\u00ed fotbal<\/li><li>d\u011btsk\u00fd koutek a stoln\u00ed hry<\/li><li>parkovi\u0161t\u011b<\/li><\/ul><p><strong>Ka\u017edou pr\u00e1zdninovou sobotu t\u00e1bor\u00e1k s bu\u0159ty + \u010daj.\u00a0<\/strong><\/p><p>\u00a0<\/p>\t\t\t\t\t\t\t\t<\/div>\n\t\t\t\t<\/div>\n\t\t\t\t\t<\/div>\n\t\t<\/div>\n\t\t\t\t<div class=\"elementor-column elementor-col-50 elementor-top-column elementor-element elementor-element-03b0588 wstazka\" data-id=\"03b0588\" data-element_type=\"column\" data-e-type=\"column\" data-settings=\"{&quot;background_background&quot;:&quot;classic&quot;}\">\n\t\t\t<div class=\"elementor-widget-wrap elementor-element-populated\">\n\t\t\t\t\t\t<div class=\"elementor-element elementor-element-af2959d elementor-widget elementor-widget-heading\" data-id=\"af2959d\" data-element_type=\"widget\" data-e-type=\"widget\" data-widget_type=\"heading.default\">\n\t\t\t\t<div class=\"elementor-widget-container\">\n\t\t\t\t\t<h3 class=\"elementor-heading-title elementor-size-default\">D\u011btsk\u00e9 ceny:<\/h3>\t\t\t\t<\/div>\n\t\t\t\t<\/div>\n\t\t\t\t<div class=\"elementor-element elementor-element-fe86bd9 elementor-widget elementor-widget-text-editor\" data-id=\"fe86bd9\" data-element_type=\"widget\" data-e-type=\"widget\" data-widget_type=\"text-editor.default\">\n\t\t\t\t<div class=\"elementor-widget-container\">\n\t\t\t\t\t\t\t\t\t<ul><li>0 - 4 roky ZDARMA span\u00ed s rodi\u010di nebo d\u00edt\u011b na p\u0159ist\u00fdlce 100 z\u0142\/noc<\/li><li>4 - 8 let: 50% sleva ze z\u00e1kladn\u00ed ceny pro dosp\u011bl\u00e9<\/li><li>8 - 15 let: 30% sleva ze z\u00e1kladn\u00ed ceny pro dosp\u011bl\u00e9\u00a0\u00a0\u00a0\u00a0\u00a0\u00a0<\/li><\/ul>\t\t\t\t\t\t\t\t<\/div>\n\t\t\t\t<\/div>\n\t\t\t\t<div class=\"elementor-element elementor-element-3052dd6 elementor-widget elementor-widget-heading\" data-id=\"3052dd6\" data-element_type=\"widget\" data-e-type=\"widget\" data-widget_type=\"heading.default\">\n\t\t\t\t<div class=\"elementor-widget-container\">\n\t\t\t\t\t<h3 class=\"elementor-heading-title elementor-size-default\">Dal\u0161\u00ed poplatky:<\/h3>\t\t\t\t<\/div>\n\t\t\t\t<\/div>\n\t\t\t\t<div class=\"elementor-element elementor-element-ff0a9f9 elementor-widget elementor-widget-text-editor\" data-id=\"ff0a9f9\" data-element_type=\"widget\" data-e-type=\"widget\" data-widget_type=\"text-editor.default\">\n\t\t\t\t<div class=\"elementor-widget-container\">\n\t\t\t\t\t\t\t\t\t<ul><li>zap\u016fj\u010den\u00ed \u017eupanu: 25 z\u0142\/pobyt\/osoba<\/li><li>zv\u00ed\u0159ata (psi, ko\u010dky): v z\u00e1vislosti na velikosti 35 z\u0142 - 80 z\u0142\/noc<\/li><li>m\u00edstn\u00ed da\u0148: 3,40 PLN\/osoba\/den - plat\u00ed se v hotovosti<\/li><li>mas\u00e1\u017ee - splatn\u00e9 v hotovosti<\/li><\/ul>\t\t\t\t\t\t\t\t<\/div>\n\t\t\t\t<\/div>\n\t\t\t\t<div class=\"elementor-element elementor-element-ad401a3 elementor-widget elementor-widget-text-editor\" data-id=\"ad401a3\" data-element_type=\"widget\" data-e-type=\"widget\" data-widget_type=\"text-editor.default\">\n\t\t\t\t<div class=\"elementor-widget-container\">\n\t\t\t\t\t\t\t\t\t<p>Nab\u00eddka je nevratn\u00e1. V p\u0159\u00edpad\u011b zru\u0161en\u00ed rezervace se z\u00e1loha nevrac\u00ed.\u00a0 \u00a0<\/p>\t\t\t\t\t\t\t\t<\/div>\n\t\t\t\t<\/div>\n\t\t\t\t<div class=\"elementor-element elementor-element-2c45af0 elementor-widget elementor-widget-text-editor\" data-id=\"2c45af0\" data-element_type=\"widget\" data-e-type=\"widget\" data-widget_type=\"text-editor.default\">\n\t\t\t\t<div class=\"elementor-widget-container\">\n\t\t\t\t\t\t\t\t\tV\u00edtejte v rezervaci!\t\t\t\t\t\t\t\t<\/div>\n\t\t\t\t<\/div>\n\t\t\t\t<div class=\"elementor-element elementor-element-b3d7372 elementor-widget elementor-widget-text-editor\" data-id=\"b3d7372\" data-element_type=\"widget\" data-e-type=\"widget\" data-widget_type=\"text-editor.default\">\n\t\t\t\t<div class=\"elementor-widget-container\">\n\t\t\t\t\t\t\t\t\t<p>Kontakt:tel. <a style=\"text-decoration: underline;\" href=\"tel:0048757677239\">75 76 77 239<\/a> nebo e-mailem: <a style=\"text-decoration: underline;\" href=\"\/cz\/kontakt@villawernera.pl\/\">kontakt@villawernera.pl<\/a><\/p>\t\t\t\t\t\t\t\t<\/div>\n\t\t\t\t<\/div>\n\t\t\t\t\t<\/div>\n\t\t<\/div>\n\t\t\t\t\t<\/div>\n\t\t<\/section>\n\t\t\t\t<\/div>","protected":false},"excerpt":{"rendered":"<p>Ferie zimowe szklarska por\u0119ba W naszej ofercie zimowej polecamy do wyboru 3,4,5 i dniowe bezzwrotne pakiety pobytowe ze \u015bniadaniami (BB) lub \u015bniadaniami i obiadokolacjami (HP). Wyboru pakietu oraz rezerwacji mog\u0105 Pa\u0144stwo dokona\u0107 bezpo\u015brednio na stronie internetowej, wybieraj\u0105c termin przyjazdu i liczb\u0119 nocleg\u00f3w. W cenie pobytu: noclegi \u015bniadania w formie bufetu nielimitowany wst\u0119p na basen z [&hellip;]<\/p>\n","protected":false},"author":1,"featured_media":3011,"parent":0,"menu_order":0,"comment_status":"closed","ping_status":"closed","template":"","meta":{"footnotes":""},"class_list":["post-3005","page","type-page","status-publish","has-post-thumbnail","hentry"],"_links":{"self":[{"href":"https:\/\/villawernera.pl\/cz\/wp-json\/wp\/v2\/pages\/3005","targetHints":{"allow":["GET"]}}],"collection":[{"href":"https:\/\/villawernera.pl\/cz\/wp-json\/wp\/v2\/pages"}],"about":[{"href":"https:\/\/villawernera.pl\/cz\/wp-json\/wp\/v2\/types\/page"}],"author":[{"embeddable":true,"href":"https:\/\/villawernera.pl\/cz\/wp-json\/wp\/v2\/users\/1"}],"replies":[{"embeddable":true,"href":"https:\/\/villawernera.pl\/cz\/wp-json\/wp\/v2\/comments?post=3005"}],"version-history":[{"count":55,"href":"https:\/\/villawernera.pl\/cz\/wp-json\/wp\/v2\/pages\/3005\/revisions"}],"predecessor-version":[{"id":7003,"href":"https:\/\/villawernera.pl\/cz\/wp-json\/wp\/v2\/pages\/3005\/revisions\/7003"}],"wp:featuredmedia":[{"embeddable":true,"href":"https:\/\/villawernera.pl\/cz\/wp-json\/wp\/v2\/media\/3011"}],"wp:attachment":[{"href":"https:\/\/villawernera.pl\/cz\/wp-json\/wp\/v2\/media?parent=3005"}],"curies":[{"name":"wp","href":"https:\/\/api.w.org\/{rel}","templated":true}]}}