{"id":2956,"date":"2019-05-30T12:54:44","date_gmt":"2019-05-30T10:54:44","guid":{"rendered":"https:\/\/www.villawernera.pl\/?page_id=2956"},"modified":"2026-02-20T16:44:36","modified_gmt":"2026-02-20T15:44:36","slug":"prodlouzeny-cervnovy-vikend","status":"publish","type":"page","link":"https:\/\/villawernera.pl\/cz\/prodlouzeny-cervnovy-vikend\/","title":{"rendered":"Corpus Christi 2026"},"content":{"rendered":"<div data-elementor-type=\"wp-post\" data-elementor-id=\"2956\" class=\"elementor elementor-2956\" data-elementor-post-type=\"page\">\n\t\t\t\t\t\t<header class=\"elementor-section elementor-top-section elementor-element elementor-element-50fa6fe elementor-section-height-min-height elementor-section-items-bottom elementor-section-boxed elementor-section-height-default\" data-id=\"50fa6fe\" data-element_type=\"section\" data-e-type=\"section\" data-settings=\"{&quot;background_background&quot;:&quot;classic&quot;}\">\n\t\t\t\t\t\t<div class=\"elementor-container elementor-column-gap-default\">\n\t\t\t\t\t<div class=\"elementor-column elementor-col-100 elementor-top-column elementor-element elementor-element-1d56fe9\" data-id=\"1d56fe9\" data-element_type=\"column\" data-e-type=\"column\">\n\t\t\t<div class=\"elementor-widget-wrap\">\n\t\t\t\t\t\t\t<\/div>\n\t\t<\/div>\n\t\t\t\t\t<\/div>\n\t\t<\/header>\n\t\t\t\t<header class=\"elementor-section elementor-top-section elementor-element elementor-element-61c28b0 elementor-section-full_width elementor-section-height-default elementor-section-height-default\" data-id=\"61c28b0\" data-element_type=\"section\" data-e-type=\"section\" data-settings=\"{&quot;background_background&quot;:&quot;classic&quot;}\">\n\t\t\t\t\t\t<div class=\"elementor-container elementor-column-gap-default\">\n\t\t\t\t\t<div class=\"elementor-column elementor-col-100 elementor-top-column elementor-element elementor-element-b4cca66\" data-id=\"b4cca66\" data-element_type=\"column\" data-e-type=\"column\">\n\t\t\t<div class=\"elementor-widget-wrap elementor-element-populated\">\n\t\t\t\t\t\t<div class=\"elementor-element elementor-element-0fedf5b elementor-widget elementor-widget-heading\" data-id=\"0fedf5b\" data-element_type=\"widget\" data-e-type=\"widget\" data-widget_type=\"heading.default\">\n\t\t\t\t<div class=\"elementor-widget-container\">\n\t\t\t\t\t<h1 class=\"elementor-heading-title elementor-size-default\">Corpus Christi 2026<\/h1>\t\t\t\t<\/div>\n\t\t\t\t<\/div>\n\t\t\t\t<div class=\"elementor-element elementor-element-cf3a4f1 animated-slow elementor-invisible elementor-widget elementor-widget-html\" data-id=\"cf3a4f1\" data-element_type=\"widget\" data-e-type=\"widget\" data-settings=\"{&quot;_animation&quot;:&quot;fadeIn&quot;}\" data-widget_type=\"html.default\">\n\t\t\t\t<div class=\"elementor-widget-container\">\n\t\t\t\t\t<style>.elementor-element-cf3a4f1{display:none !important}<\/style>\t\t\t\t<\/div>\n\t\t\t\t<\/div>\n\t\t\t\t<div class=\"elementor-element elementor-element-c64d122 animated-slow elementor-invisible elementor-widget elementor-widget-html\" data-id=\"c64d122\" data-element_type=\"widget\" data-e-type=\"widget\" data-settings=\"{&quot;_animation&quot;:&quot;fadeIn&quot;}\" data-widget_type=\"html.default\">\n\t\t\t\t<div class=\"elementor-widget-container\">\n\t\t\t\t\t<style>.elementor-element-c64d122{display:none !important}<\/style>\t\t\t\t<\/div>\n\t\t\t\t<\/div>\n\t\t\t\t<div class=\"elementor-element elementor-element-d108b1a animated-slow elementor-invisible elementor-widget elementor-widget-html\" data-id=\"d108b1a\" data-element_type=\"widget\" data-e-type=\"widget\" data-settings=\"{&quot;_animation&quot;:&quot;fadeIn&quot;}\" data-widget_type=\"html.default\">\n\t\t\t\t<div class=\"elementor-widget-container\">\n\t\t\t\t\t<style>.elementor-element-d108b1a{display:none !important}<\/style>\t\t\t\t<\/div>\n\t\t\t\t<\/div>\n\t\t\t\t<div class=\"elementor-element elementor-element-9085d72 elementor-hidden-mobile animated-slow elementor-invisible elementor-widget elementor-widget-html\" data-id=\"9085d72\" data-element_type=\"widget\" data-e-type=\"widget\" data-settings=\"{&quot;_animation&quot;:&quot;fadeIn&quot;}\" data-widget_type=\"html.default\">\n\t\t\t\t<div class=\"elementor-widget-container\">\n\t\t\t\t\t<form action=\"https:\/\/panel.hotres.pl\/v4_step1\" target=\"_blank\" class=\"hotresChooser\" id=\"hotresChooser\" method=\"get\"><input type=\"hidden\" name=\"oid\" id=\"hotresOid\" value=\"1832\" \/><input type=\"hidden\" name=\"lang\" id=\"hotresLang\" value=\"\" \/> <input type=\"hidden\" name=\"arrival\" id=\"hotresArrival\" \/><input type=\"hidden\" name=\"departure\" id=\"hotresDeparture\" \/><div class=\"hotresRangeChooser\" id=\"hotresRangeChooser\">    <div id=\"hotresArrivalWrap\"><\/div>    <div id=\"hotresDepartureWrap\"><\/div><\/div><div class=\"hotresAdultsChooser\" id=\"hotresAdultsChooser\"><select name=\"adults\" id=\"hotresAdultsSelect\"><\/select><\/div><div class=\"hotresSubmit\"><button id=\"hotresButtonChooser\"><\/button><\/div><\/form>\r\n\r\n\r\n<script>window.addEventListener('load', (event) => { new hotresChooser({'maxAdults':10,\"lang\":\"cz\"});});<\/script>\t\t\t\t<\/div>\n\t\t\t\t<\/div>\n\t\t\t\t\t<\/div>\n\t\t<\/div>\n\t\t\t\t\t<\/div>\n\t\t<\/header>\n\t\t\t\t<section class=\"elementor-section elementor-top-section elementor-element elementor-element-cb945fa elementor-section-content-middle elementor-section-boxed elementor-section-height-default elementor-section-height-default\" data-id=\"cb945fa\" data-element_type=\"section\" data-e-type=\"section\">\n\t\t\t\t\t\t<div class=\"elementor-container elementor-column-gap-wider\">\n\t\t\t\t\t<div class=\"elementor-column elementor-col-50 elementor-top-column elementor-element elementor-element-9c15244 wstazka\" data-id=\"9c15244\" data-element_type=\"column\" data-e-type=\"column\" data-settings=\"{&quot;background_background&quot;:&quot;classic&quot;}\">\n\t\t\t<div class=\"elementor-widget-wrap elementor-element-populated\">\n\t\t\t\t\t\t<div class=\"elementor-element elementor-element-9a80dd5 elementor-widget elementor-widget-heading\" data-id=\"9a80dd5\" data-element_type=\"widget\" data-e-type=\"widget\" data-widget_type=\"heading.default\">\n\t\t\t\t<div class=\"elementor-widget-container\">\n\t\t\t\t\t<p class=\"elementor-heading-title elementor-size-default\">Datum pobytu: 3-6. \u010dervna 2026 (min. 3 noci)<\/p>\t\t\t\t<\/div>\n\t\t\t\t<\/div>\n\t\t\t\t<div class=\"elementor-element elementor-element-3de6488 elementor-widget elementor-widget-text-editor\" data-id=\"3de6488\" data-element_type=\"widget\" data-e-type=\"widget\" data-widget_type=\"text-editor.default\">\n\t\t\t\t<div class=\"elementor-widget-container\">\n\t\t\t\t\t\t\t\t\t<p>U\u017eijte si jedine\u010dn\u00fd kv\u011btnov\u00fd v\u00edkend v srdci Karkono\u0161! Hotel Villa Wernera je ide\u00e1ln\u00edm m\u00edstem pro jarn\u00ed odpo\u010dinek od ka\u017edodenn\u00edho \u017eivota - uprost\u0159ed horsk\u00e9 p\u0159\u00edrody, s relaxac\u00ed v l\u00e1ze\u0148sk\u00e9m centru a vynikaj\u00edc\u00ed kuchyn\u00ed.<\/p>\n<p><strong>V pobytov\u00e9m bal\u00ed\u010dku<\/strong>:<\/p>\n<ul>\n<li>3 noci v komfortn\u00edch pokoj\u00edch<\/li>\n<li>3 sn\u00eddan\u011b formou bufetu<\/li>\n<li>bezplatn\u00e9 parkov\u00e1n\u00ed v are\u00e1lu; nehl\u00eddan\u00e9 parkovi\u0161t\u011b<\/li>\n<li>Op\u00e9k\u00e1n\u00ed bu\u0159t\u016f 6. \u010dervna 2026<\/li>\n<\/ul>\n<p><strong>Nab\u00eddka vr\u00e1cen\u00ed<\/strong><\/p>\n<ul>\n<li>od 687 PLN\/osoba\/za cel\u00fd pobyt<\/li>\n<\/ul>\n<p><strong>Nevratn\u00e1 nab\u00eddka<\/strong><\/p>\n<ul>\n<li>Od 627 PLN\/osoba\/za cel\u00fd pobyt<\/li>\n<\/ul>\n<p><small>Uveden\u00e1 cena plat\u00ed pro pobyt 1 osoby ve 4l\u016f\u017ekov\u00e9m pokoji.<\/small><\/p>\t\t\t\t\t\t\t\t<\/div>\n\t\t\t\t<\/div>\n\t\t\t\t<div class=\"elementor-element elementor-element-9625681 elementor-widget elementor-widget-heading\" data-id=\"9625681\" data-element_type=\"widget\" data-e-type=\"widget\" data-widget_type=\"heading.default\">\n\t\t\t\t<div class=\"elementor-widget-container\">\n\t\t\t\t\t<p class=\"elementor-heading-title elementor-size-default\">Dal\u0161\u00ed aktivity v cen\u011b pobytu:<\/p>\t\t\t\t<\/div>\n\t\t\t\t<\/div>\n\t\t\t\t<div class=\"elementor-element elementor-element-9a434d9 elementor-widget elementor-widget-text-editor\" data-id=\"9a434d9\" data-element_type=\"widget\" data-e-type=\"widget\" data-widget_type=\"text-editor.default\">\n\t\t\t\t<div class=\"elementor-widget-container\">\n\t\t\t\t\t\t\t\t\t<ul><li>Bezplatn\u00e9 nehl\u00eddan\u00e9 parkovi\u0161t\u011b<\/li><li>P\u0159\u00edstup do l\u00e1ze\u0148sk\u00e9 z\u00f3ny:<ul><li>baz\u00e9n s ozonizovanou vodou a v\u00ed\u0159ivkami,<\/li><li>v\u00ed\u0159ivka<\/li><li>such\u00e1 sauna, parn\u00ed sauna<\/li><\/ul><\/li><li>Odpo\u010dinkov\u00e1 m\u00edstnost s ping-pongem a stoln\u00edm fotbalem<\/li><li>Tenisov\u00fd kurt\/basketbalov\u00e9 h\u0159i\u0161t\u011b<\/li><\/ul>\t\t\t\t\t\t\t\t<\/div>\n\t\t\t\t<\/div>\n\t\t\t\t\t<\/div>\n\t\t<\/div>\n\t\t\t\t<div class=\"elementor-column elementor-col-50 elementor-top-column elementor-element elementor-element-3b3cf58 wstazka\" data-id=\"3b3cf58\" data-element_type=\"column\" data-e-type=\"column\" data-settings=\"{&quot;background_background&quot;:&quot;classic&quot;}\">\n\t\t\t<div class=\"elementor-widget-wrap elementor-element-populated\">\n\t\t\t\t\t\t<div class=\"elementor-element elementor-element-eaf7c25 elementor-widget elementor-widget-heading\" data-id=\"eaf7c25\" data-element_type=\"widget\" data-e-type=\"widget\" data-widget_type=\"heading.default\">\n\t\t\t\t<div class=\"elementor-widget-container\">\n\t\t\t\t\t<p class=\"elementor-heading-title elementor-size-default\">Dal\u0161\u00ed poplatky:<\/p>\t\t\t\t<\/div>\n\t\t\t\t<\/div>\n\t\t\t\t<div class=\"elementor-element elementor-element-366b3ae elementor-widget elementor-widget-text-editor\" data-id=\"366b3ae\" data-element_type=\"widget\" data-e-type=\"widget\" data-widget_type=\"text-editor.default\">\n\t\t\t\t<div class=\"elementor-widget-container\">\n\t\t\t\t\t\t\t\t\t<ul><li>\u017dupan (na vy\u017e\u00e1d\u00e1n\u00ed): \u00a325\/pobyt\/osoba<\/li><li>M\u00edstn\u00ed da\u0148: 3,40 PLN\/osoba<\/li><li>Pobyt dom\u00e1c\u00edho mazl\u00ed\u010dka od 35 do 80 PLN\/den v z\u00e1vislosti na velikosti zv\u00ed\u0159ete<\/li><\/ul>\t\t\t\t\t\t\t\t<\/div>\n\t\t\t\t<\/div>\n\t\t\t\t<div class=\"elementor-element elementor-element-0aa0eb7 elementor-widget elementor-widget-heading\" data-id=\"0aa0eb7\" data-element_type=\"widget\" data-e-type=\"widget\" data-widget_type=\"heading.default\">\n\t\t\t\t<div class=\"elementor-widget-container\">\n\t\t\t\t\t<p class=\"elementor-heading-title elementor-size-default\">Slevy pro d\u011bti:<\/p>\t\t\t\t<\/div>\n\t\t\t\t<\/div>\n\t\t\t\t<div class=\"elementor-element elementor-element-9646568 elementor-widget elementor-widget-text-editor\" data-id=\"9646568\" data-element_type=\"widget\" data-e-type=\"widget\" data-widget_type=\"text-editor.default\">\n\t\t\t\t<div class=\"elementor-widget-container\">\n\t\t\t\t\t\t\t\t\t<ul><li>0-3 roky - pobyt zdarma (span\u00ed s rodi\u010di)<\/li><li>p\u0159ist\u00fdlka: 100 PLN\/den<\/li><li>3-7 let - 50% sleva z ceny pro dosp\u011bl\u00e9<\/li><li>7-12 let - 30% sleva z ceny pro dosp\u011bl\u00e9<\/li><\/ul>\t\t\t\t\t\t\t\t<\/div>\n\t\t\t\t<\/div>\n\t\t\t\t<div class=\"elementor-element elementor-element-9fc1221 elementor-widget elementor-widget-text-editor\" data-id=\"9fc1221\" data-element_type=\"widget\" data-e-type=\"widget\" data-widget_type=\"text-editor.default\">\n\t\t\t\t<div class=\"elementor-widget-container\">\n\t\t\t\t\t\t\t\t\t<p>M\u016f\u017eete si ji rezervovat. Pro individu\u00e1ln\u00ed kalkulaci ceny kontaktujte recepci.<\/p><p>tel. <a style=\"text-decoration: underline;\" href=\"tel:0048757677239\">75 76 77 239<\/a><br \/>e-mail: <a style=\"text-decoration: underline;\" href=\"\/cz\/kontakt@villawernera.pl\/\">kontakt@villawernera.pl<\/a><\/p>\t\t\t\t\t\t\t\t<\/div>\n\t\t\t\t<\/div>\n\t\t\t\t\t<\/div>\n\t\t<\/div>\n\t\t\t\t\t<\/div>\n\t\t<\/section>\n\t\t\t\t<\/div>","protected":false},"excerpt":{"rendered":"<p>Bo\u017ce Cia\u0142o 2026 Termin pobytu: 3\u20136 czerwca 2026 (min. 3 noclegi) Zapraszamy na wyj\u0105tkowy majowy weekend w sercu Karkonoszy! Hotel Villa Wernera to idealne miejsce na wiosenny wypoczynek z dala od codzienno\u015bci \u2013 w otoczeniu g\u00f3rskiej przyrody, z relaksem w strefie SPA i pyszn\u0105 kuchni\u0105. W pakiecie pobytowym: 3 noclegi w komfortowych pokojach 3 \u015bniadania [&hellip;]<\/p>\n","protected":false},"author":1,"featured_media":2958,"parent":0,"menu_order":0,"comment_status":"closed","ping_status":"closed","template":"","meta":{"footnotes":""},"class_list":["post-2956","page","type-page","status-publish","has-post-thumbnail","hentry"],"_links":{"self":[{"href":"https:\/\/villawernera.pl\/cz\/wp-json\/wp\/v2\/pages\/2956","targetHints":{"allow":["GET"]}}],"collection":[{"href":"https:\/\/villawernera.pl\/cz\/wp-json\/wp\/v2\/pages"}],"about":[{"href":"https:\/\/villawernera.pl\/cz\/wp-json\/wp\/v2\/types\/page"}],"author":[{"embeddable":true,"href":"https:\/\/villawernera.pl\/cz\/wp-json\/wp\/v2\/users\/1"}],"replies":[{"embeddable":true,"href":"https:\/\/villawernera.pl\/cz\/wp-json\/wp\/v2\/comments?post=2956"}],"version-history":[{"count":17,"href":"https:\/\/villawernera.pl\/cz\/wp-json\/wp\/v2\/pages\/2956\/revisions"}],"predecessor-version":[{"id":7074,"href":"https:\/\/villawernera.pl\/cz\/wp-json\/wp\/v2\/pages\/2956\/revisions\/7074"}],"wp:featuredmedia":[{"embeddable":true,"href":"https:\/\/villawernera.pl\/cz\/wp-json\/wp\/v2\/media\/2958"}],"wp:attachment":[{"href":"https:\/\/villawernera.pl\/cz\/wp-json\/wp\/v2\/media?parent=2956"}],"curies":[{"name":"wp","href":"https:\/\/api.w.org\/{rel}","templated":true}]}}